{"id":5509,"date":"2021-03-23T20:00:18","date_gmt":"2021-03-23T17:00:18","guid":{"rendered":"https:\/\/laspalmas.md\/?page_id=5509"},"modified":"2021-03-23T20:08:48","modified_gmt":"2021-03-23T17:08:48","slug":"atlantis-the-palm-hotel-5","status":"publish","type":"page","link":"https:\/\/laspalmas.md\/ru\/atlantis-the-palm-hotel-5\/","title":{"rendered":"Atlantis The Palm Hotel 5*"},"content":{"rendered":"\n<p><strong>De la\u00a01129 Euro \/ persoana \/ noapte \/ Ocean King Room \/ demipensiune<\/strong><br><br><\/p>\n\n\n\n<h4>Oferta include<\/h4>\n\n\n\n<ul><li>cazare in Ocean King Room<\/li><li>demipensiune<\/li><\/ul>\n\n\n\n<h4>Oferta nu include<\/h4>\n\n\n\n<ul><li>bilet de avion<\/li><li>transferuri<\/li><li>asigurare medicala<\/li><li>excursii optionale si intrari la obiective turistice<\/li><\/ul>\n\n\n\n<h4>Cazare<\/h4>\n\n\n\n<p>Aceast\u0103 proprietate este la 2 minute pe jos fa\u021b\u0103 de plaj\u0103. Situat pe insula Palm Jumeirah din Dubai, hotelul de 5 stele Atlantis se bucur\u0103 de o plaj\u0103 privat\u0103 cu nisip \u015fi are vedere impresionant\u0103 la Golful Arabic. Acesta pune la dispozi\u0163ie un acvariu subacvatic, oportunit\u0103\u0163i de \u00eenot cu delfinii \u015fi acces gratuit la parcul acvatic Aquaventure \u015fi la acvariul Lost Chambers. \u00cen \u00eentreaga proprietate este disponibil acces gratuit la internet WiFi.<\/p>\n\n\n\n<p>Toate camerele au decor de inspira\u0163ie arab\u0103 \u015fi oceanic\u0103 \u015fi ofer\u0103 balcon cu vedere pitoreasc\u0103. Camerele includ TV cu ecran plat cu canale prin satelit, zon\u0103 de relaxare, facilit\u0103\u0163i gratuite pentru prepararea de ceai\/cafea \u015fi minibar. Unele camere includ o cad\u0103 spa foarte mare situat\u0103 \u00een centrul b\u0103ii sau o teras\u0103 mare superb\u0103 cu vedere panoramic\u0103 la Insula Palmier.<\/p>\n\n\n\n<p>Printre op\u0163iunile de luat masa se num\u0103r\u0103 restaurantul Yuan, care serve\u015fte preparate chineze\u015fti din buc\u0103t\u0103ria Sichuan, \u00eentr-un cadru modern. Restaurantul premiat Nobu ofer\u0103 m\u00e2nc\u0103ruri japoneze moderne cu influen\u0163e arabe. Bread Street Kitchen &#038; Bar ofer\u0103 un meniu britanic original, iar oaspe\u0163ii pot savura b\u0103uturi \u00eenc\u00e2nt\u0103toare la Gordon Ramsay. De asemenea, oaspe\u0163ii se pot bucura de vederea uimitoare la Insula Palmier \u015fi la orizontul ora\u015fului Dubai \u00een timp ce savureaz\u0103 preparate din buc\u0103t\u0103ria autentic\u0103 libanez\u0103 al\u0103turi de b\u0103uturi delicioase \u015fi narghilea la Levantine Bar And Terrace.<\/p>\n\n\n\n<p>Oaspe\u0163ii beneficiaz\u0103 de acces gratuit la Aquaventure, cel mai mare parc acvatic din Orientul Mijlociu, care include atrac\u0163iile Turnul lui Neptun \u015fi Turnul lui Poseidon, cu multe tobogane de ap\u0103 palpitante. Oaspe\u0163ii mai tineri au la dispozi\u0163ie un loc de joac\u0103 \u00een ap\u0103. Kids Club ofer\u0103 copiilor dumneavoastr\u0103 cele mai bune activit\u0103\u0163i de divertisment cu programe zilnice \u015fi supraveghere complet\u0103. Club Rush ofer\u0103 adolescen\u0163ilor ocazia de a socializa, de a dansa \u015fi de a se bucura de cele mai noi jocuri video. \u00cen plus, oaspe\u0163ii se pot bucura de tratamente faciale \u015fi corporale la centrul spa ShuiQi. Sala de gimnastic\u0103 asigur\u0103 antrenori de fitness personali.<\/p>\n\n\n\n<p>Proprietatea ofer\u0103 unele dintre cele mai bune boutique-uri \u015fi magazine exclusiviste din lume care pun la dispozi\u0163ie toate articolele necesare pentru vacan\u0163\u0103. Oaspe\u0163ii au posibilitatea de a rezerva un tur de 15 minute cu elicopterul deasupra ora\u015fului Dubai sau transfer la aeroport. Mall of the Emirates este la 20 de minute de mers cu ma\u015fina. Clubul de golf Emirates se afl\u0103 la 3 km. Celebrele Burj Khalifa \u015fi Dubai Mall sunt la 25 de minute de mers cu ma\u015fina de Atlantis<\/p>\n\n\n\n<h4>Conditii oferta<\/h4>\n\n\n\n<p>Tariful afisat este valabil in momentul editarii \/ postarii acestei oferte!<br>Locuri in limita disponibilitatii!<br>Atentie, disponibilitatea se poate schimba in orice moment, motiv pentru care va rugam sa ne contactati pentru reconfirmarea tarifelor si \/ sau a locurilor disponibile!<\/p>\n\n\n\n<p>Oferta speciala: demipensiune GRATUITA!<\/p>\n\n\n\n<h4>Valabilitate oferta<\/h4>\n\n\n\n<p>Sejur in intervalul <strong>07 Iun 2021 &#8211; 14 Sep 2021<\/strong>.<br><br><strong><a href=\"https:\/\/laspalmas.md\/contact-us-1\/\">Suna\u021bi acum pentru o vacanta relaxanta: 060552999 \/ 023 58 40 04<\/a><\/strong><br><\/p>\n\n\n\n<figure class=\"wp-block-image\"><img loading=\"lazy\" width=\"850\" height=\"564\" src=\"https:\/\/laspalmas.md\/wp-content\/uploads\/2021\/03\/54850740-1.jpg\" alt=\"\" class=\"wp-image-5517\" srcset=\"https:\/\/laspalmas.md\/wp-content\/uploads\/2021\/03\/54850740-1.jpg 850w, https:\/\/laspalmas.md\/wp-content\/uploads\/2021\/03\/54850740-1-300x199.jpg 300w, https:\/\/laspalmas.md\/wp-content\/uploads\/2021\/03\/54850740-1-768x510.jpg 768w\" sizes=\"(max-width: 850px) 100vw, 850px\" \/><\/figure>\n\n\n\n<figure class=\"wp-block-image\"><img loading=\"lazy\" width=\"850\" height=\"566\" src=\"https:\/\/laspalmas.md\/wp-content\/uploads\/2021\/03\/84618387.jpg\" alt=\"\" class=\"wp-image-5519\" srcset=\"https:\/\/laspalmas.md\/wp-content\/uploads\/2021\/03\/84618387.jpg 850w, https:\/\/laspalmas.md\/wp-content\/uploads\/2021\/03\/84618387-300x200.jpg 300w, https:\/\/laspalmas.md\/wp-content\/uploads\/2021\/03\/84618387-768x511.jpg 768w\" sizes=\"(max-width: 850px) 100vw, 850px\" \/><\/figure>\n\n\n\n<figure class=\"wp-block-image\"><img loading=\"lazy\" width=\"850\" height=\"566\" src=\"https:\/\/laspalmas.md\/wp-content\/uploads\/2021\/03\/59264221.jpg\" alt=\"\" class=\"wp-image-5520\" srcset=\"https:\/\/laspalmas.md\/wp-content\/uploads\/2021\/03\/59264221.jpg 850w, https:\/\/laspalmas.md\/wp-content\/uploads\/2021\/03\/59264221-300x200.jpg 300w, https:\/\/laspalmas.md\/wp-content\/uploads\/2021\/03\/59264221-768x511.jpg 768w\" sizes=\"(max-width: 850px) 100vw, 850px\" \/><\/figure>\n\n\n\n<figure class=\"wp-block-image\"><img loading=\"lazy\" width=\"850\" height=\"566\" src=\"https:\/\/laspalmas.md\/wp-content\/uploads\/2021\/03\/53695145.jpg\" alt=\"\" class=\"wp-image-5522\" srcset=\"https:\/\/laspalmas.md\/wp-content\/uploads\/2021\/03\/53695145.jpg 850w, https:\/\/laspalmas.md\/wp-content\/uploads\/2021\/03\/53695145-300x200.jpg 300w, https:\/\/laspalmas.md\/wp-content\/uploads\/2021\/03\/53695145-768x511.jpg 768w\" sizes=\"(max-width: 850px) 100vw, 850px\" \/><\/figure>\n","protected":false},"excerpt":{"rendered":"<p>De la\u00a01129 Euro \/ persoana \/ noapte \/ Ocean King Room \/ demipensiune Oferta include cazare in Ocean King Room demipensiune Oferta nu include bilet de avion transferuri asigurare medicala &#8230;<\/p>\n","protected":false},"author":1,"featured_media":5515,"parent":0,"menu_order":0,"comment_status":"closed","ping_status":"closed","template":"","meta":[],"_links":{"self":[{"href":"https:\/\/laspalmas.md\/ru\/wp-json\/wp\/v2\/pages\/5509"}],"collection":[{"href":"https:\/\/laspalmas.md\/ru\/wp-json\/wp\/v2\/pages"}],"about":[{"href":"https:\/\/laspalmas.md\/ru\/wp-json\/wp\/v2\/types\/page"}],"author":[{"embeddable":true,"href":"https:\/\/laspalmas.md\/ru\/wp-json\/wp\/v2\/users\/1"}],"replies":[{"embeddable":true,"href":"https:\/\/laspalmas.md\/ru\/wp-json\/wp\/v2\/comments?post=5509"}],"version-history":[{"count":8,"href":"https:\/\/laspalmas.md\/ru\/wp-json\/wp\/v2\/pages\/5509\/revisions"}],"predecessor-version":[{"id":5524,"href":"https:\/\/laspalmas.md\/ru\/wp-json\/wp\/v2\/pages\/5509\/revisions\/5524"}],"wp:featuredmedia":[{"embeddable":true,"href":"https:\/\/laspalmas.md\/ru\/wp-json\/wp\/v2\/media\/5515"}],"wp:attachment":[{"href":"https:\/\/laspalmas.md\/ru\/wp-json\/wp\/v2\/media?parent=5509"}],"curies":[{"name":"wp","href":"https:\/\/api.w.org\/{rel}","templated":true}]}}