{"id":5460,"date":"2021-03-23T19:24:58","date_gmt":"2021-03-23T16:24:58","guid":{"rendered":"https:\/\/laspalmas.md\/?page_id=5460"},"modified":"2021-03-23T19:27:55","modified_gmt":"2021-03-23T16:27:55","slug":"emiratele-arabe-unite","status":"publish","type":"page","link":"https:\/\/laspalmas.md\/ru\/emiratele-arabe-unite\/","title":{"rendered":"DUBAI"},"content":{"rendered":"\n<p>Una dintre cele mai populare destina\u0163ii de lux este Dubai. Acest lucru nu este \u00eent\u00e2mpl\u0103tor, deoarece Dubai este ora\u015ful superlativelor. Aici putem g\u0103si cel mai mare complex comercial din lume, cel mai \u00eenalt turn din lume, cel mai luxos hotel din lume, cea mai mare insul\u0103 artificial\u0103 din lume, dar \u0219i cel mai bine computerizat metrou din lume.<\/p>\n\n\n\n<p>Primul loc \u00een care orice turist ajuns \u00een Dubai se opre\u0219te este Burj Khalifa. Acest simbol al Dubaiului a b\u0103tut recordul pentru cel mai mare turn din lume \u015fi cea mai \u00eenalt\u0103 cl\u0103dire din lume. Cu o \u00een\u0103l\u0163ime de 828 metri \u0219i 160 de etaje, Burj Khalifa este o reu\u015fit\u0103 din punct de vedere al arhitecturii \u015fi ingineriei. Aici po\u0163i admira peisajele minunate de la \u00een\u0103l\u0163ime peste \u00eentregul ora\u015f, iar apoi po\u0163i s\u0103 te relaxezi \u015fi s\u0103 m\u0103n\u00e2nci la barul special amenajat cu restaurant, pe un etaj superior. Po\u021bi s\u0103-\u021bi rezervi biletele online, dac\u0103 vrei s\u0103 evi\u021bi cozile la intrare.<\/p>\n\n\n\n<p>Cel mai mare centru comercial din lume, Dubai Mall te a\u015fteapt\u0103 cu peste 1.200 de magazine. Tot aici vei mai g\u0103si un acvariu enorm, o sal\u0103 cu jocuri electronice, un parc de distrac\u0163ii, un patinoar de dimensiuni olimpice \u015fi un schelet original de dinozaur. \u00cen Dubai Mall este amenajat\u0103 \u0219i o scen\u0103 cu podium pentru prezent\u0103rile de mod\u0103 lunare.<\/p>\n\n\n\n<p>Acvariul din Dubai Mall este o atrac\u0163ie \u00een sine, cu cele peste 33.000 de specii marine pe care le g\u0103zduie\u015fte. Amenajat sub forma unui tunel, acvariul este casa a peste 400 de rechini \u015fi calcani, de care te desparte doar un panou transparent. \u00cen continuarea plimb\u0103rii cu pe\u015fti urmeaz\u0103 Gr\u0103dina Zoologic\u0103 Subacvatic\u0103, unde po\u021bi vedea vidre, pinguini, crocodili, crabi \u015fi multe alte animale acvatice. Pentru o experien\u0163\u0103 inedit\u0103, la Acvariul Dubaipo\u021bi face scufund\u0103ri \u015fi te po\u021bi plimba cu barca.<\/p>\n\n\n\n<p>Burj Al-Arab este un simbol al ora\u0219ului Dubai, care mai \u00eenainte de toate este hotel de lux. \u00cen Paris, echivalentul s\u0103u ca importan\u0163\u0103 este Turnul Eiffel. Holul acestei cl\u0103diri este at\u00e2t de at\u00e2t de \u00eenc\u0103p\u0103tor \u00eenc\u00e2t ai putea pune Statuia Libert\u0103\u0163ii \u00een\u0103untru. \u00cen afar\u0103 de dimensiunile mari ale cl\u0103dirii, Burj Al-Arab impresioneaz\u0103 \u015fi prin opulen\u0163\u0103. Interiorul este la fel de luxos precum exteriorul \u015fi este dotat cu o pist\u0103 pentru elicoptere, o f\u00e2nt\u00e2n\u0103 artezian\u0103 care \u00ee\u0163i va capta aten\u0163ia garantat \u015fi o \u201eflot\u0103\u201d de Rolls-Royce-uri cu \u015foferi care stau la dispozi\u0163ia musafirilor celor 202 apartamente disponibile \u00een hotel.<\/p>\n\n\n\n<p>Deloc surprinz\u0103tor, plaja Jumeirah se afl\u0103 la mic\u0103 distan\u0163\u0103 de hotelul Burj al-Arab. Accesul pe aceast\u0103 plaj\u0103 este \u00eemp\u0103r\u0163it, put\u00e2nd alege at\u00e2t partea privat\u0103 cu facilit\u0103\u0163i, cum sunt \u015fezlongurile, umbrelele, barurile proprii a plajei, c\u00e2t \u015fi cea gratuit\u0103. Ceea ce este important de \u015ftiut e c\u0103 \u00een Dubai, \u0163inuta de plaj\u0103 este permis\u0103 doar pe plaj\u0103. Pentru a servi pr\u00e2nzul sau o b\u0103utur\u0103 r\u0103coritoare la umbr\u0103 este necesar\u0103 echiparea \u00een haine decente.<\/p>\n","protected":false},"excerpt":{"rendered":"<p>Una dintre cele mai populare destina\u0163ii de lux este Dubai. Acest lucru nu este \u00eent\u00e2mpl\u0103tor, deoarece Dubai este ora\u015ful superlativelor. Aici putem g\u0103si cel mai mare complex comercial din lume, &#8230;<\/p>\n","protected":false},"author":1,"featured_media":5464,"parent":0,"menu_order":0,"comment_status":"closed","ping_status":"closed","template":"","meta":[],"_links":{"self":[{"href":"https:\/\/laspalmas.md\/ru\/wp-json\/wp\/v2\/pages\/5460"}],"collection":[{"href":"https:\/\/laspalmas.md\/ru\/wp-json\/wp\/v2\/pages"}],"about":[{"href":"https:\/\/laspalmas.md\/ru\/wp-json\/wp\/v2\/types\/page"}],"author":[{"embeddable":true,"href":"https:\/\/laspalmas.md\/ru\/wp-json\/wp\/v2\/users\/1"}],"replies":[{"embeddable":true,"href":"https:\/\/laspalmas.md\/ru\/wp-json\/wp\/v2\/comments?post=5460"}],"version-history":[{"count":3,"href":"https:\/\/laspalmas.md\/ru\/wp-json\/wp\/v2\/pages\/5460\/revisions"}],"predecessor-version":[{"id":5463,"href":"https:\/\/laspalmas.md\/ru\/wp-json\/wp\/v2\/pages\/5460\/revisions\/5463"}],"wp:featuredmedia":[{"embeddable":true,"href":"https:\/\/laspalmas.md\/ru\/wp-json\/wp\/v2\/media\/5464"}],"wp:attachment":[{"href":"https:\/\/laspalmas.md\/ru\/wp-json\/wp\/v2\/media?parent=5460"}],"curies":[{"name":"wp","href":"https:\/\/api.w.org\/{rel}","templated":true}]}}