{"id":5446,"date":"2021-03-23T19:14:54","date_gmt":"2021-03-23T16:14:54","guid":{"rendered":"https:\/\/laspalmas.md\/?page_id=5446"},"modified":"2021-03-23T19:24:45","modified_gmt":"2021-03-23T16:24:45","slug":"amandari-resort-6","status":"publish","type":"page","link":"https:\/\/laspalmas.md\/ru\/amandari-resort-6\/","title":{"rendered":"Amandari Resort 6*"},"content":{"rendered":"\n<p><strong>De la\u00a0295 Euro \/ persoana \/ noapte \/ Village Suite \/ mic dejun<\/strong><br><\/p>\n\n\n\n<h4>Oferta include<\/h4>\n\n\n\n<ul><li>cazare in Village Suite<\/li><li>mic dejun<\/li><\/ul>\n\n\n\n<h4>Oferta nu include<\/h4>\n\n\n\n<ul><li>transport<\/li><li>asigurare medicala \/ storno<\/li><\/ul>\n\n\n\n<h4>Cazare<\/h4>\n\n\n\n<p>Acest resort este amplasat la aproximativ 10 minute de Neka Art Museum.<\/p>\n\n\n\n<p>Amandari dispune de multe facilit\u0103\u0163i, printre care o curte interioar\u0103 \u015fi room service. Facilit\u0103\u021bile de fitness sunt disponibile c\u0103l\u0103torilor care doresc s\u0103 se men\u0163in\u0103 \u00een form\u0103 pe durata sejurului.&nbsp;Are 30 de camere tradi\u021bionale \u0219i a fost recent reamenajat.<\/p>\n\n\n\n<p>Pentru oaspe\u021bii care doresc s\u0103 \u00eencerce o cin\u0103 \u00een afara sta\u021biunii, exist\u0103 o diversitate de restaurante \u0219i cafenele \u00een apropiere. La 20 de minute parcurse cu ma\u015fina se afl\u0103 Ubud Monkey Forest.<\/p>\n\n\n\n<h4>Conditii oferta<\/h4>\n\n\n\n<p>Tariful afisat este valabil in momentul editarii \/ postarii acestei oferte!<br>Locuri in limita disponibilitatii!<br>Atentie, disponibilitatea se poate schimba in orice moment, motiv pentru care va rugam sa ne contactati pentru reconfirmarea tarifelor si \/ sau a locurilor disponibile!<\/p>\n\n\n\n<h4>Valabilitate oferta<\/h4>\n\n\n\n<p>Oferta valabila in limita disponibilitatilor la momentul rezervarii.<br><br><strong><a href=\"https:\/\/laspalmas.md\/contact-us-1\/\">Suna\u021bi acum pentru o vacanta relaxanta: 060552999 \/ 023 58 40 04<\/a><\/strong><br><br><\/p>\n\n\n\n<figure class=\"wp-block-image\"><img loading=\"lazy\" width=\"1024\" height=\"682\" src=\"https:\/\/laspalmas.md\/wp-content\/uploads\/2021\/03\/amandari_indonesia_-_main_swimming_pool_mountain_view_high_res_24804-scaled-1024x682.jpg\" alt=\"\" class=\"wp-image-5454\" srcset=\"https:\/\/laspalmas.md\/wp-content\/uploads\/2021\/03\/amandari_indonesia_-_main_swimming_pool_mountain_view_high_res_24804-scaled-1024x682.jpg 1024w, https:\/\/laspalmas.md\/wp-content\/uploads\/2021\/03\/amandari_indonesia_-_main_swimming_pool_mountain_view_high_res_24804-scaled-300x200.jpg 300w, https:\/\/laspalmas.md\/wp-content\/uploads\/2021\/03\/amandari_indonesia_-_main_swimming_pool_mountain_view_high_res_24804-scaled-768x512.jpg 768w\" sizes=\"(max-width: 1024px) 100vw, 1024px\" \/><\/figure>\n\n\n\n<figure class=\"wp-block-image\"><img loading=\"lazy\" width=\"1024\" height=\"684\" src=\"https:\/\/laspalmas.md\/wp-content\/uploads\/2021\/03\/amandari_indonesia_-_gardens_high_res_24771-scaled-1024x684.jpg\" alt=\"\" class=\"wp-image-5455\" srcset=\"https:\/\/laspalmas.md\/wp-content\/uploads\/2021\/03\/amandari_indonesia_-_gardens_high_res_24771-scaled-1024x684.jpg 1024w, https:\/\/laspalmas.md\/wp-content\/uploads\/2021\/03\/amandari_indonesia_-_gardens_high_res_24771-scaled-300x200.jpg 300w, https:\/\/laspalmas.md\/wp-content\/uploads\/2021\/03\/amandari_indonesia_-_gardens_high_res_24771-scaled-768x513.jpg 768w\" sizes=\"(max-width: 1024px) 100vw, 1024px\" \/><\/figure>\n\n\n\n<figure class=\"wp-block-image\"><img loading=\"lazy\" width=\"1024\" height=\"682\" src=\"https:\/\/laspalmas.md\/wp-content\/uploads\/2021\/03\/3-bedroom_villa_office_2993_0-scaled-1024x682.jpg\" alt=\"\" class=\"wp-image-5457\" srcset=\"https:\/\/laspalmas.md\/wp-content\/uploads\/2021\/03\/3-bedroom_villa_office_2993_0-scaled-1024x682.jpg 1024w, https:\/\/laspalmas.md\/wp-content\/uploads\/2021\/03\/3-bedroom_villa_office_2993_0-scaled-300x200.jpg 300w, https:\/\/laspalmas.md\/wp-content\/uploads\/2021\/03\/3-bedroom_villa_office_2993_0-scaled-768x512.jpg 768w\" sizes=\"(max-width: 1024px) 100vw, 1024px\" \/><\/figure>\n\n\n\n<figure class=\"wp-block-image\"><img loading=\"lazy\" width=\"1024\" height=\"683\" src=\"https:\/\/laspalmas.md\/wp-content\/uploads\/2021\/03\/duplex_bedroom_office_11615-scaled-1024x683.jpg\" alt=\"\" class=\"wp-image-5456\" srcset=\"https:\/\/laspalmas.md\/wp-content\/uploads\/2021\/03\/duplex_bedroom_office_11615-scaled-1024x683.jpg 1024w, https:\/\/laspalmas.md\/wp-content\/uploads\/2021\/03\/duplex_bedroom_office_11615-scaled-300x200.jpg 300w, https:\/\/laspalmas.md\/wp-content\/uploads\/2021\/03\/duplex_bedroom_office_11615-scaled-768x512.jpg 768w\" sizes=\"(max-width: 1024px) 100vw, 1024px\" \/><\/figure>\n\n\n\n<figure class=\"wp-block-image\"><img loading=\"lazy\" width=\"1024\" height=\"684\" src=\"https:\/\/laspalmas.md\/wp-content\/uploads\/2021\/03\/suite_bedroom_office_3001_0-scaled-1024x684.jpg\" alt=\"\" class=\"wp-image-5458\" srcset=\"https:\/\/laspalmas.md\/wp-content\/uploads\/2021\/03\/suite_bedroom_office_3001_0-scaled-1024x684.jpg 1024w, https:\/\/laspalmas.md\/wp-content\/uploads\/2021\/03\/suite_bedroom_office_3001_0-scaled-300x200.jpg 300w, https:\/\/laspalmas.md\/wp-content\/uploads\/2021\/03\/suite_bedroom_office_3001_0-scaled-768x513.jpg 768w\" sizes=\"(max-width: 1024px) 100vw, 1024px\" \/><\/figure>\n","protected":false},"excerpt":{"rendered":"<p>De la\u00a0295 Euro \/ persoana \/ noapte \/ Village Suite \/ mic dejun Oferta include cazare in Village Suite mic dejun Oferta nu include transport asigurare medicala \/ storno Cazare &#8230;<\/p>\n","protected":false},"author":1,"featured_media":5452,"parent":0,"menu_order":0,"comment_status":"closed","ping_status":"closed","template":"","meta":[],"_links":{"self":[{"href":"https:\/\/laspalmas.md\/ru\/wp-json\/wp\/v2\/pages\/5446"}],"collection":[{"href":"https:\/\/laspalmas.md\/ru\/wp-json\/wp\/v2\/pages"}],"about":[{"href":"https:\/\/laspalmas.md\/ru\/wp-json\/wp\/v2\/types\/page"}],"author":[{"embeddable":true,"href":"https:\/\/laspalmas.md\/ru\/wp-json\/wp\/v2\/users\/1"}],"replies":[{"embeddable":true,"href":"https:\/\/laspalmas.md\/ru\/wp-json\/wp\/v2\/comments?post=5446"}],"version-history":[{"count":6,"href":"https:\/\/laspalmas.md\/ru\/wp-json\/wp\/v2\/pages\/5446\/revisions"}],"predecessor-version":[{"id":5459,"href":"https:\/\/laspalmas.md\/ru\/wp-json\/wp\/v2\/pages\/5446\/revisions\/5459"}],"wp:featuredmedia":[{"embeddable":true,"href":"https:\/\/laspalmas.md\/ru\/wp-json\/wp\/v2\/media\/5452"}],"wp:attachment":[{"href":"https:\/\/laspalmas.md\/ru\/wp-json\/wp\/v2\/media?parent=5446"}],"curies":[{"name":"wp","href":"https:\/\/api.w.org\/{rel}","templated":true}]}}