{"id":5432,"date":"2021-03-23T19:06:23","date_gmt":"2021-03-23T16:06:23","guid":{"rendered":"https:\/\/laspalmas.md\/?page_id=5432"},"modified":"2021-03-23T19:13:26","modified_gmt":"2021-03-23T16:13:26","slug":"alila-villas-uluwatu-6","status":"publish","type":"page","link":"https:\/\/laspalmas.md\/ru\/alila-villas-uluwatu-6\/","title":{"rendered":"Alila Villas Uluwatu 6*"},"content":{"rendered":"\n<p><strong>De la\u00a0290 Euro \/ persoana \/ noapte \/ One Bedroom Pool Villa \/ mic dejun<\/strong><br><\/p>\n\n\n\n<h4>Oferta include<\/h4>\n\n\n\n<ul><li>cazare in One Bedroom Pool Villa<\/li><li>mic dejun<\/li><\/ul>\n\n\n\n<h4>Oferta nu include<\/h4>\n\n\n\n<ul><li>transport<\/li><li>asigurare medicala \/ storno<br><\/li><\/ul>\n\n\n\n<h4>Cazare<\/h4>\n\n\n\n<p>Oferind o piscin\u0103 \u00een aer liber de 50 de metri cu vedere la Oceanul Indian, Alila Villas Uluwatu se afl\u0103 la 15 minute de mers cu ma\u015fina de zona Jimbaran Bay. Proprietatea pune la dispozi\u0163ie vile cu piscin\u0103, o sal\u0103 de gimnastic\u0103 deschis\u0103 nonstop \u015fi un centru spa.<\/p>\n\n\n\n<p>Alila Villas g\u0103zduie\u015fte o bibliotec\u0103 unde oaspe\u0163ii pot citi \u00een lini\u015fte, precum \u015fi o galerie de art\u0103 unde sunt expuse lucr\u0103ri de art\u0103 modern\u0103 indonezian\u0103. Centrul de fitness include un studio de yoga \u015fi de pilates. Oaspe\u0163ii se pot bucura de servicii personalizate de majordom \u015fi de acces gratuit la internet WiFi.<\/p>\n\n\n\n<p>Aceste vile moderne \u00een stil balinez au un pavilion \u00een aer liber ridicat, cu vedere la ocean. Toate vilele au zon\u0103 de luat masa \u00een aer liber \u015fi baie foarte mare. Dot\u0103rile includ TV cu ecran plat de 32 inch \u015fi aparat espresso.<\/p>\n\n\n\n<p>La buc\u0103t\u0103ria deschis\u0103 a Restaurantului Warung sunt preg\u0103tite specialit\u0103\u0163i balineze \u015fi indoneziene, iar CIRE ofer\u0103 m\u00e2nc\u0103ruri occidentale \u015fi se afl\u0103 la 70 de metri deasupra nivelului m\u0103rii.<\/p>\n\n\n\n<p>Construit pe v\u00e2rful unor st\u00e2nci de-a lungul coastei sudice din Bali, Alila Villas Uluwatu se afl\u0103 la 30 de minute de mers cu ma\u015fina de Aeroportul Interna\u0163ional Ngurah Rai.<\/p>\n\n\n\n<h4>Conditii oferta<\/h4>\n\n\n\n<p>Tariful afisat este valabil in momentul editarii \/ postarii acestei oferte!<br>Locuri in limita disponibilitatii!<br>Atentie, disponibilitatea se poate schimba in orice moment, motiv pentru care va rugam sa ne contactati pentru reconfirmarea tarifelor si \/ sau a locurilor disponibile!<\/p>\n\n\n\n<p><strong>HONEYMOON:&nbsp;<\/strong>baie romantic\u0103 cu lum\u00e2n\u0103ri \u0219i facilit\u0103\u021bi speciale Alila \u00een ziua sosirii la vil\u0103.<\/p>\n\n\n\n<p><strong>EARLY BOOKING:<\/strong><\/p>\n\n\n\n<ul><li>20% reducere la cazare cu mic dejun pentru rezervari cu pana la 90 de zile \u00eenainte de sosire,<\/li><li>15% reducere la cazare cu mic dejun pentru rezervari cu pana la 60 zile \u00eenainte de sosire,<\/li><li>10% reducere la cazare cu mic dejun pentru rezervari cu pana la 45 zile \u00eenainte de sosire.<\/li><\/ul>\n\n\n\n<p><strong>DELUXE GUEST:<\/strong>&nbsp;check-in devreme, check-out t\u00e2rziu (p\u00e2n\u0103 la ora 18:00) \u0219i 24 de ore serviciu de majordom fara nici o tax\u0103.<\/p>\n\n\n\n<p><strong>SPECIAL PENTRU TINE:<\/strong>&nbsp;1 x cin\u0103 privat\u0103 sau op\u021bional tratament spa 1 x 60 de minute de la Spa Alila pentru max. 2 persoane pentru un sejur de minim de 7 nop\u021bi. Cadou suplimentar de bun venit Alila.<\/p>\n\n\n\n<p><strong>SEJURURI COMBINATE:<\/strong>&nbsp;transferuri private&nbsp;la aeroport, transferuri \u00eentre sta\u021biuni inclusiv masa de pr\u00e2nz picnic cu majordom privat, pentru un sejur de 2 nop\u021bi la Alila Soori si 2 nop\u021bi la Alila Villas Uluwatu.<\/p>\n\n\n\n<h4>Valabilitate oferta<\/h4>\n\n\n\n<p>Oferta valabila in limita disponibilitatilor la momentul rezervarii.<br><br><strong><a href=\"https:\/\/laspalmas.md\/contact-us-1\/\">Suna\u021bi acum pentru o vacanta relaxanta: 060552999 \/ 023 58 40 04<\/a><\/strong><br><br><\/p>\n\n\n\n<figure class=\"wp-block-image\"><img loading=\"lazy\" width=\"850\" height=\"478\" src=\"https:\/\/laspalmas.md\/wp-content\/uploads\/2021\/03\/Ultimate-Spa-Pamper.jpg\" alt=\"\" class=\"wp-image-5440\" srcset=\"https:\/\/laspalmas.md\/wp-content\/uploads\/2021\/03\/Ultimate-Spa-Pamper.jpg 850w, https:\/\/laspalmas.md\/wp-content\/uploads\/2021\/03\/Ultimate-Spa-Pamper-300x169.jpg 300w, https:\/\/laspalmas.md\/wp-content\/uploads\/2021\/03\/Ultimate-Spa-Pamper-768x432.jpg 768w, https:\/\/laspalmas.md\/wp-content\/uploads\/2021\/03\/Ultimate-Spa-Pamper-640x360.jpg 640w\" sizes=\"(max-width: 850px) 100vw, 850px\" \/><\/figure>\n\n\n\n<figure class=\"wp-block-image\"><img loading=\"lazy\" width=\"850\" height=\"569\" src=\"https:\/\/laspalmas.md\/wp-content\/uploads\/2021\/03\/INDONESIA-Alila-Villas-Uluwatu-5-.jpg\" alt=\"\" class=\"wp-image-5442\" srcset=\"https:\/\/laspalmas.md\/wp-content\/uploads\/2021\/03\/INDONESIA-Alila-Villas-Uluwatu-5-.jpg 850w, https:\/\/laspalmas.md\/wp-content\/uploads\/2021\/03\/INDONESIA-Alila-Villas-Uluwatu-5--300x201.jpg 300w, https:\/\/laspalmas.md\/wp-content\/uploads\/2021\/03\/INDONESIA-Alila-Villas-Uluwatu-5--768x514.jpg 768w\" sizes=\"(max-width: 850px) 100vw, 850px\" \/><\/figure>\n\n\n\n<figure class=\"wp-block-image\"><img loading=\"lazy\" width=\"850\" height=\"567\" src=\"https:\/\/laspalmas.md\/wp-content\/uploads\/2021\/03\/uluwatu-accolades-full.jpg\" alt=\"\" class=\"wp-image-5443\" srcset=\"https:\/\/laspalmas.md\/wp-content\/uploads\/2021\/03\/uluwatu-accolades-full.jpg 850w, https:\/\/laspalmas.md\/wp-content\/uploads\/2021\/03\/uluwatu-accolades-full-300x200.jpg 300w, https:\/\/laspalmas.md\/wp-content\/uploads\/2021\/03\/uluwatu-accolades-full-768x512.jpg 768w\" sizes=\"(max-width: 850px) 100vw, 850px\" \/><\/figure>\n\n\n\n<figure class=\"wp-block-image\"><img loading=\"lazy\" width=\"850\" height=\"478\" src=\"https:\/\/laspalmas.md\/wp-content\/uploads\/2021\/03\/replaceuluwatu-3bedroom03-full.jpg\" alt=\"\" class=\"wp-image-5444\" srcset=\"https:\/\/laspalmas.md\/wp-content\/uploads\/2021\/03\/replaceuluwatu-3bedroom03-full.jpg 850w, https:\/\/laspalmas.md\/wp-content\/uploads\/2021\/03\/replaceuluwatu-3bedroom03-full-300x169.jpg 300w, https:\/\/laspalmas.md\/wp-content\/uploads\/2021\/03\/replaceuluwatu-3bedroom03-full-768x432.jpg 768w, https:\/\/laspalmas.md\/wp-content\/uploads\/2021\/03\/replaceuluwatu-3bedroom03-full-640x360.jpg 640w\" sizes=\"(max-width: 850px) 100vw, 850px\" \/><\/figure>\n","protected":false},"excerpt":{"rendered":"<p>De la\u00a0290 Euro \/ persoana \/ noapte \/ One Bedroom Pool Villa \/ mic dejun Oferta include cazare in One Bedroom Pool Villa mic dejun Oferta nu include transport asigurare &#8230;<\/p>\n","protected":false},"author":1,"featured_media":5438,"parent":0,"menu_order":0,"comment_status":"closed","ping_status":"closed","template":"","meta":[],"_links":{"self":[{"href":"https:\/\/laspalmas.md\/ru\/wp-json\/wp\/v2\/pages\/5432"}],"collection":[{"href":"https:\/\/laspalmas.md\/ru\/wp-json\/wp\/v2\/pages"}],"about":[{"href":"https:\/\/laspalmas.md\/ru\/wp-json\/wp\/v2\/types\/page"}],"author":[{"embeddable":true,"href":"https:\/\/laspalmas.md\/ru\/wp-json\/wp\/v2\/users\/1"}],"replies":[{"embeddable":true,"href":"https:\/\/laspalmas.md\/ru\/wp-json\/wp\/v2\/comments?post=5432"}],"version-history":[{"count":7,"href":"https:\/\/laspalmas.md\/ru\/wp-json\/wp\/v2\/pages\/5432\/revisions"}],"predecessor-version":[{"id":5445,"href":"https:\/\/laspalmas.md\/ru\/wp-json\/wp\/v2\/pages\/5432\/revisions\/5445"}],"wp:featuredmedia":[{"embeddable":true,"href":"https:\/\/laspalmas.md\/ru\/wp-json\/wp\/v2\/media\/5438"}],"wp:attachment":[{"href":"https:\/\/laspalmas.md\/ru\/wp-json\/wp\/v2\/media?parent=5432"}],"curies":[{"name":"wp","href":"https:\/\/api.w.org\/{rel}","templated":true}]}}