{"id":5416,"date":"2021-03-23T18:54:02","date_gmt":"2021-03-23T15:54:02","guid":{"rendered":"https:\/\/laspalmas.md\/?page_id=5416"},"modified":"2021-03-23T19:04:07","modified_gmt":"2021-03-23T16:04:07","slug":"alaya-dedaun-kuta-5","status":"publish","type":"page","link":"https:\/\/laspalmas.md\/ru\/alaya-dedaun-kuta-5\/","title":{"rendered":"Alaya Dedaun Kuta 5*"},"content":{"rendered":"\n<p><strong>De la\u00a0124 Euro \/ persoana \/ noapte \/ Villa \/ Mic dejun<\/strong><br><\/p>\n\n\n\n<h4>Oferta include<\/h4>\n\n\n\n<p>Cazare in vila, mic dejun inclus<\/p>\n\n\n\n<h4>Oferta nu include<\/h4>\n\n\n\n<p>\u2022 Bilet de avion<br>\u2022 Transferuri<br>\u2022 Excursii optionale si intrarile la obiective;<br>\u2022 Cheltuieli personale, bacsisuri, bauturi si servicii\/facilitati neincluse in pretul pachetului;<\/p>\n\n\n\n<h4>Cazare<\/h4>\n\n\n\n<p>Aceast\u0103 proprietate este la 9 minute pe jos de plaj\u0103. Situat strategic \u00een Kuta, la o scurt\u0103 c\u0103l\u0103torie cu ma\u0219ina de plaja din Kuta, Alaya Dedaun Kuta ofer\u0103 vile spa\u021bioase, cu servicii personale de majordom \u0219i acces gratuit la internet WiFi. Fiecare unitate are o piscin\u0103 privat\u0103 \u00een aer liber unde oaspe\u021bii se pot bucura de micul dejun. Printre alte avantaje gratuite se num\u0103r\u0103 transferul la aeroport, ceaiul de dup\u0103-amiaz\u0103 zilnic \u0219i minibarul zilnic re\u00eenc\u0103rcat.<\/p>\n\n\n\n<p>\u00cenconjurata de o gr\u0103din\u0103, fiecare vil\u0103 are un dormitor cu aer condi\u021bionat, o zon\u0103 de \u0219edere sau zon\u0103 de luat masa semi-deschis\u0103 \u0219i o chicinet\u0103. Este dotat\u0103 cu TV prin cablu, DVD player \u0219i seif personal. Anumite unit\u0103\u021bi au baie semi-\u00een aer liber, \u00een timp ce altele au o baie separat\u0103 \u0219i un du\u0219.<\/p>\n\n\n\n<p>Alaya Dedaun Kuta g\u0103zduie\u0219te DaLa Spa, unde oaspe\u021bii se pot relaxa cu o varietate de tratamente spa. Masaje \u00een camer\u0103 pot fi aranjate la cerere.<\/p>\n\n\n\n<p>Restaurantul De Daun ofer\u0103 o varietate de mancaruri locale \u0219i interna\u021bionale.<\/p>\n\n\n\n<p>Serviciile de \u00eenchiriere auto \u0219i un birou de turism sunt oferite pentru confortul oaspe\u021bilor.<\/p>\n\n\n\n<p>Alaya Dedaun Kuta este la 15 minute de mers cu ma\u0219ina de Aeroportul Interna\u021bional Ngurah Rai din Bali.<\/p>\n\n\n\n<p><br><\/p>\n\n\n\n<h4>Conditii oferta<\/h4>\n\n\n\n<p>Tarifele pot varia in functie de disponibilitate si perioada de calatorie (in limita locurilor disponibile la momentul rezervarii).<\/p>\n\n\n\n<h4>Valabilitate oferta<\/h4>\n\n\n\n<p>Oferta valabila in limita disponibilitatilor la momentul rezervarii.<br><br><strong><a href=\"https:\/\/laspalmas.md\/contact-us-1\/\">Suna\u021bi acum pentru o vacanta relaxanta: 060552999 \/ 023 58 40 04<\/a><\/strong><br><\/p>\n\n\n\n<figure class=\"wp-block-image\"><img loading=\"lazy\" width=\"850\" height=\"567\" src=\"https:\/\/laspalmas.md\/wp-content\/uploads\/2021\/03\/BY9P7230-Edit.jpg\" alt=\"\" class=\"wp-image-5424\" srcset=\"https:\/\/laspalmas.md\/wp-content\/uploads\/2021\/03\/BY9P7230-Edit.jpg 850w, https:\/\/laspalmas.md\/wp-content\/uploads\/2021\/03\/BY9P7230-Edit-300x200.jpg 300w, https:\/\/laspalmas.md\/wp-content\/uploads\/2021\/03\/BY9P7230-Edit-768x512.jpg 768w\" sizes=\"(max-width: 850px) 100vw, 850px\" \/><\/figure>\n\n\n\n<figure class=\"wp-block-image\"><img loading=\"lazy\" width=\"850\" height=\"538\" src=\"https:\/\/laspalmas.md\/wp-content\/uploads\/2021\/03\/2br-Deluxe-pool-villa-living-room.jpg\" alt=\"\" class=\"wp-image-5425\" srcset=\"https:\/\/laspalmas.md\/wp-content\/uploads\/2021\/03\/2br-Deluxe-pool-villa-living-room.jpg 850w, https:\/\/laspalmas.md\/wp-content\/uploads\/2021\/03\/2br-Deluxe-pool-villa-living-room-300x190.jpg 300w, https:\/\/laspalmas.md\/wp-content\/uploads\/2021\/03\/2br-Deluxe-pool-villa-living-room-768x486.jpg 768w\" sizes=\"(max-width: 850px) 100vw, 850px\" \/><\/figure>\n\n\n\n<figure class=\"wp-block-image\"><img loading=\"lazy\" width=\"850\" height=\"567\" src=\"https:\/\/laspalmas.md\/wp-content\/uploads\/2021\/03\/1br-Deluxe-pool-villa-swimming-pool-3.jpg\" alt=\"\" class=\"wp-image-5427\" srcset=\"https:\/\/laspalmas.md\/wp-content\/uploads\/2021\/03\/1br-Deluxe-pool-villa-swimming-pool-3.jpg 850w, https:\/\/laspalmas.md\/wp-content\/uploads\/2021\/03\/1br-Deluxe-pool-villa-swimming-pool-3-300x200.jpg 300w, https:\/\/laspalmas.md\/wp-content\/uploads\/2021\/03\/1br-Deluxe-pool-villa-swimming-pool-3-768x512.jpg 768w\" sizes=\"(max-width: 850px) 100vw, 850px\" \/><\/figure>\n\n\n\n<figure class=\"wp-block-image\"><img loading=\"lazy\" width=\"850\" height=\"566\" src=\"https:\/\/laspalmas.md\/wp-content\/uploads\/2021\/03\/IMG-20171230-WA0012.jpg\" alt=\"\" class=\"wp-image-5428\" srcset=\"https:\/\/laspalmas.md\/wp-content\/uploads\/2021\/03\/IMG-20171230-WA0012.jpg 850w, https:\/\/laspalmas.md\/wp-content\/uploads\/2021\/03\/IMG-20171230-WA0012-300x200.jpg 300w, https:\/\/laspalmas.md\/wp-content\/uploads\/2021\/03\/IMG-20171230-WA0012-768x511.jpg 768w\" sizes=\"(max-width: 850px) 100vw, 850px\" \/><\/figure>\n\n\n\n<figure class=\"wp-block-image\"><img loading=\"lazy\" width=\"850\" height=\"567\" src=\"https:\/\/laspalmas.md\/wp-content\/uploads\/2021\/03\/BY9P7283-Editx.jpg\" alt=\"\" class=\"wp-image-5430\" srcset=\"https:\/\/laspalmas.md\/wp-content\/uploads\/2021\/03\/BY9P7283-Editx.jpg 850w, https:\/\/laspalmas.md\/wp-content\/uploads\/2021\/03\/BY9P7283-Editx-300x200.jpg 300w, https:\/\/laspalmas.md\/wp-content\/uploads\/2021\/03\/BY9P7283-Editx-768x512.jpg 768w\" sizes=\"(max-width: 850px) 100vw, 850px\" \/><\/figure>\n","protected":false},"excerpt":{"rendered":"<p>De la\u00a0124 Euro \/ persoana \/ noapte \/ Villa \/ Mic dejun Oferta include Cazare in vila, mic dejun inclus Oferta nu include \u2022 Bilet de avion\u2022 Transferuri\u2022 Excursii optionale &#8230;<\/p>\n","protected":false},"author":1,"featured_media":5422,"parent":0,"menu_order":0,"comment_status":"closed","ping_status":"closed","template":"","meta":[],"_links":{"self":[{"href":"https:\/\/laspalmas.md\/ru\/wp-json\/wp\/v2\/pages\/5416"}],"collection":[{"href":"https:\/\/laspalmas.md\/ru\/wp-json\/wp\/v2\/pages"}],"about":[{"href":"https:\/\/laspalmas.md\/ru\/wp-json\/wp\/v2\/types\/page"}],"author":[{"embeddable":true,"href":"https:\/\/laspalmas.md\/ru\/wp-json\/wp\/v2\/users\/1"}],"replies":[{"embeddable":true,"href":"https:\/\/laspalmas.md\/ru\/wp-json\/wp\/v2\/comments?post=5416"}],"version-history":[{"count":8,"href":"https:\/\/laspalmas.md\/ru\/wp-json\/wp\/v2\/pages\/5416\/revisions"}],"predecessor-version":[{"id":5431,"href":"https:\/\/laspalmas.md\/ru\/wp-json\/wp\/v2\/pages\/5416\/revisions\/5431"}],"wp:featuredmedia":[{"embeddable":true,"href":"https:\/\/laspalmas.md\/ru\/wp-json\/wp\/v2\/media\/5422"}],"wp:attachment":[{"href":"https:\/\/laspalmas.md\/ru\/wp-json\/wp\/v2\/media?parent=5416"}],"curies":[{"name":"wp","href":"https:\/\/api.w.org\/{rel}","templated":true}]}}