{"id":5411,"date":"2021-03-23T18:50:10","date_gmt":"2021-03-23T15:50:10","guid":{"rendered":"https:\/\/laspalmas.md\/?page_id=5411"},"modified":"2021-03-23T18:53:32","modified_gmt":"2021-03-23T15:53:32","slug":"bali","status":"publish","type":"page","link":"https:\/\/laspalmas.md\/ru\/bali\/","title":{"rendered":"BALI"},"content":{"rendered":"\n<p>Bali este cea mai faimoas\u0103 insul\u0103 din arhipelagul indonezian. De-a lungul coastelor sale, ve\u021bi descoperi superbe lungimi de plaj\u0103, mun\u021bi maiestuo\u0219i, iar interiorul ofer\u0103 temple vechi de sute de ani, festivaluri animate cu art\u0103 local\u0103 unic\u0103, alimentate de o popula\u021bie prietenoas\u0103. Descoperi\u021bi tot ce are Indonezia mai bun de oferit vizit\u00e2nd Bali, \u201eInsula Zeilor\u201d.<\/p>\n\n\n\n<p>Cu o serie impresionant\u0103 de resorturi turistice \u0219i asemenea atrac\u021bii naturale, Bali este considerat\u0103 de mul\u021bi bijuteria turismului indonezian. Enclava hidus\u0103 a recep\u021bionat de foarte mult timp turi\u0219ti str\u0103ini, de la arti\u0219tii \u0219i scriitorii din secolul al XIX-lea, la surferii secolului XX \u0219i \u00een perioada contemporan\u0103, aproape orice tip de turist, de la cei cu un buget limitat la amatorii de lux. Hotelurile de aici, renumite \u00een \u00eentreaga lume, sunt din cele mai primitoare, mul\u021bumit\u0103 c\u0103ldurii culturii balineze. O insul\u0103 a peisajelor fabuloase, a plajelor virgine \u0219i a experien\u021belor culturale incredibile, Bali este rural\u0103 \u0219i tradi\u021bional\u0103 aproape \u00een \u00eentregime, cu excep\u021bia regiunii de sud, unde a avut loc un proces accentuat de urbanizare, cu bazele economice \u00een turism.<\/p>\n\n\n\n<p>S\u0103 \u00eencepem cu plajele. Kuta, o curb\u0103 lung\u0103 de nisip, ce se \u00eentinde spre plajele Legian \u0219i Seminyak, a fost plaja favorit\u0103 pentru surferii ce s-au aventurat pe valurile insulei Bali la \u00eenceputul anilor 1960. Ast\u0103zi, Kuta atrage \u00eenc\u0103 miile de surferi, cu seria de \u0219coli dedicate practic\u0103rii acestui sport. \u00cens\u0103 turi\u0219tii sosesc aici pur \u0219i simplu pentru a se bucura de calitatea plajelor, pentru a \u00eenota \u0219i a petrece. Cei \u00een c\u0103utare de o via\u021b\u0103 de noapte bogat\u0103, tind s\u0103 se concentreze \u00een jurul zonei Kuta \u2013 Legian, unde stilul petrecerilor se transform\u0103 treptat \u00eentr-unul sofisticat \u0219i exclusivist, \u00eens\u0103 se \u00eendreapt\u0103 \u0219i spre Seminyak sau \u00een aria ceva mai lini\u0219tit\u0103 din Canggu. Barurile extrem de animate, restaurantele gourmet \u0219i magazinele de firm\u0103 concureaz\u0103 pentru a atrage aten\u021bia vizitatorilor. Este un loc potrivit pentru familiile \u00eenso\u021bite de copii ceva mai mari, cu atrac\u021bii precum parcul Waterbom \u0219i o mul\u021bime de sporturi acvatice.<\/p>\n\n\n\n<p>Sanur, \u00een partea de r\u0103s\u0103rit a insulei, este o alt\u0103 destina\u021bie tradi\u021bional\u0103 dedicat\u0103 plajelor. Ceea ce lipse\u0219te acestei regiuni \u00een materie de tehnologie \u0219i monderism poate fi considerat de unii un plus \u00een privin\u021ba u\u0219urin\u021bei de adaptare \u0219i tradi\u021bionalism. Plaja este m\u0103rginit\u0103 de forma\u021biuni coraligene, ceea ce o face utilizabil\u0103 de c\u0103tre copii, iar promenada aferent\u0103 permite chiar \u0219i transportul unui c\u0103rucior pentru copii.<\/p>\n\n\n\n<p>Indiferent de latura de coast\u0103 pe care v-a\u021bi afla, merge\u021bi spre nord, printre c\u00e2mpurile de orez, spre colinele mai r\u0103coroase din Ubud, sufletul cultural \u0219i artistic al insulei. Vizita\u021bi p\u0103durea maimu\u021belor, un sanctuar \u00een care primatele sunt tratate rege\u0219te. O alt\u0103 atrac\u021bie este traseul dedicat observ\u0103rii p\u0103s\u0103rilor, ce se \u00eentrep\u0103trunde cu peticele de orez, fondat de excentricul Victor Mason. Posibilit\u0103\u021bile culinare din Ubud sunt absolut delicioase, fie c\u0103 dori\u021bi o mas\u0103 vesel\u0103 \u0219i ieftin\u0103, fie tradi\u021bional\u0103 sau cu preparate interna\u021bionale renumite. \u0218i mai r\u0103coare dec\u00e2t \u00een Ubud nu g\u0103si\u021bi dec\u00e2t \u00een capitala Bedugal. R\u0103t\u0103ci\u021bi c\u00e2teva ore prin aleile Gr\u0103dinii Botanice sau apela\u021bi la serviciile Bali Treetop Adventure pentru a efectua circuitele reputate de observare a liliecilor, p\u0103ianjenilor exotici, iar dac\u0103 dori\u021bi, pute\u021bi juca rolul culeg\u0103torilor de c\u0103p\u0219uni.<\/p>\n\n\n\n<p>De-a lungul nordului \u0219i estului insulei Bali ave\u021bi parte de o multitudine de oportunit\u0103\u021bi pentru scufund\u0103ri sau snorkelling \u2013 Padang Bai, Candidasa \u0219i Amed spre est, chiar dac\u0103 sunt ceva mai adormite, iar Lovina \u0219i Pemuteran spre nord, la fel de \u00eenc\u00e2nt\u0103toare. Vestul prezint\u0103 un relief mai accidentat, \u00eens\u0103 mai spectaculos \u0219i ofer\u0103 c\u00e2teva destina\u021bii meritorii: micu\u021ba localitate Balian este dedicat\u0103 \u00een principal surfingului \u00eens\u0103 ave\u021bi posibilitatea s\u0103 alege\u021bi dintre cele c\u00e2teva unit\u0103\u021bi de cazare, experiment\u00e2nd modul de via\u021b\u0103 tradi\u021bional insular. Spre sudul extrem al insulei se afl\u0103 Tanjung Bukit, gazda enclavei luxoase de hoteluri Nusa Dua, c\u00e2teva dintre ele cuib\u0103rite printre st\u00e2nci, cu priveli\u0219ti uluitoare ale Oceanului Indian.<\/p>\n\n\n\n<p>Nusa Dua a fost conceput\u0103 cu scopul de a furniza exact serviciile de lux pe care le doresc amatorii de lini\u0219te \u0219i relaxare. \u0218i-a atins scopul, chiar dac\u0103 plaja este cu acces public, iar \u00een unele hoteluri pute\u021bi chiar lua masa sau pute\u021bi folosi piscinele. \u0218i alte plaje din jurul Bukit sunt deschise vizitelor publicului, multe dintre ele oferind cele mai frumoase panorame de pe insul\u0103: Padang Padang, Balangan \u0219i Nyang Nyang. Primele dou\u0103 g\u0103zduiesc \u0219i c\u00e2teva \u201ewarungs\u201d tradi\u021bionale \u00een care pute\u021bi servi masa sau o b\u0103utur\u0103 r\u0103coritoare, \u00eens\u0103 pentru Nyang Nyang trebuie mai degrab\u0103 s\u0103 v\u0103 aduce\u021bi propriul co\u0219ule\u021b de picnic, pe o rut\u0103 destul de complicat\u0103. O atrac\u021bie pe care n-o pute\u021bi rata \u00een Bukit este spectacolul din Pura Uluwatu, \u00een care mai mult de 100 de localnici pun \u00een scena poemul hindus Ramayana, cu dansuri \u0219i ritmuri muzicale superbe. Dup\u0103 dans \u0219i distrac\u021bie v\u0103 pute\u021bi \u00eendrepta spre Jimbaran, unde, una dup\u0103 alta, tavernele warung v\u0103 invit\u0103 la mese amenajate cochet, cu lum\u00e2n\u0103ri \u0219i fructe de mare proaspete, pescuite din apele din jur.<\/p>\n\n\n\n<p>Nu uita\u021bi s\u0103 v\u0103 l\u0103sa\u021bi ceva timp pentru unul din renumitele Spa ale insulei Bali \u2013 Ayana, fostul Ritz Carlton, a fost votat ca unul din cele mai bune din lume. Chiar dac\u0103 e ceva mai scump, merit\u0103 tot deranjul. Pentru cei f\u0103r\u0103 acces la un buget consistent, se recomand\u0103 Jari Menari din Seminyak. Dac\u0103 sunte\u021bi aventuro\u0219i din fire, considera\u021bi un sejur indonezian ceva mai lung, pentru a vizita \u0219i celelalte insule din jurul Bali, precum Lombok, Komodo sau Flores. Sunt destina\u021bii pu\u021bin mai dificile, \u00eens\u0103 speciale, \u00een principal datorit\u0103 decorului natural unic \u0219i faunei ce nu o pute\u021bi admira nic\u0103ieri altundeva \u00een lume.<\/p>\n","protected":false},"excerpt":{"rendered":"<p>Bali este cea mai faimoas\u0103 insul\u0103 din arhipelagul indonezian. De-a lungul coastelor sale, ve\u021bi descoperi superbe lungimi de plaj\u0103, mun\u021bi maiestuo\u0219i, iar interiorul ofer\u0103 temple vechi de sute de ani, &#8230;<\/p>\n","protected":false},"author":1,"featured_media":5413,"parent":0,"menu_order":0,"comment_status":"closed","ping_status":"closed","template":"","meta":[],"_links":{"self":[{"href":"https:\/\/laspalmas.md\/ru\/wp-json\/wp\/v2\/pages\/5411"}],"collection":[{"href":"https:\/\/laspalmas.md\/ru\/wp-json\/wp\/v2\/pages"}],"about":[{"href":"https:\/\/laspalmas.md\/ru\/wp-json\/wp\/v2\/types\/page"}],"author":[{"embeddable":true,"href":"https:\/\/laspalmas.md\/ru\/wp-json\/wp\/v2\/users\/1"}],"replies":[{"embeddable":true,"href":"https:\/\/laspalmas.md\/ru\/wp-json\/wp\/v2\/comments?post=5411"}],"version-history":[{"count":2,"href":"https:\/\/laspalmas.md\/ru\/wp-json\/wp\/v2\/pages\/5411\/revisions"}],"predecessor-version":[{"id":5415,"href":"https:\/\/laspalmas.md\/ru\/wp-json\/wp\/v2\/pages\/5411\/revisions\/5415"}],"wp:featuredmedia":[{"embeddable":true,"href":"https:\/\/laspalmas.md\/ru\/wp-json\/wp\/v2\/media\/5413"}],"wp:attachment":[{"href":"https:\/\/laspalmas.md\/ru\/wp-json\/wp\/v2\/media?parent=5411"}],"curies":[{"name":"wp","href":"https:\/\/api.w.org\/{rel}","templated":true}]}}