{"id":5394,"date":"2021-03-23T18:41:51","date_gmt":"2021-03-23T15:41:51","guid":{"rendered":"https:\/\/laspalmas.md\/?page_id=5394"},"modified":"2021-03-23T18:49:47","modified_gmt":"2021-03-23T15:49:47","slug":"secrets-papagayo-costa-rica-resort-spa-5","status":"publish","type":"page","link":"https:\/\/laspalmas.md\/ru\/secrets-papagayo-costa-rica-resort-spa-5\/","title":{"rendered":"Secrets Papagayo Costa Rica Resort &#038; Spa 5*"},"content":{"rendered":"\n<p><strong>De la\u00a0152 Euro \/ persoana \/ noapte \/ Camera dubla \/ All inclusive<\/strong><br><br><\/p>\n\n\n\n<h4>Oferta include<\/h4>\n\n\n\n<p>Cazare in camera dubla \/ All inclusive<\/p>\n\n\n\n<h4>Oferta nu include<\/h4>\n\n\n\n<p>\u2022 Bilet de avion<br>\u2022 Transferuri<br>\u2022 Excursii optionale si intrarile la obiective;<br>\u2022 Cheltuieli personale, bacsisuri, bauturi si servicii\/facilitati neincluse in pretul pachetului;<\/p>\n\n\n\n<h4>Cazare<\/h4>\n\n\n\n<p>Aceast\u0103 proprietate este la 1 minut pe jos fa\u021b\u0103 de plaj\u0103.<\/p>\n\n\n\n<p>Acest complex are 202 de camere \u0219i apartamente spa\u021bioase pentru nefum\u0103tori, fiecare cu balcon sau teras\u0103 privat\u0103, precum \u0219i o experien\u021b\u0103&nbsp; Unlimited-Luxury\u00ae, care \u00eencepe cu room service 24 de ore pe zi, un mini-bar re\u00eennoit zilnic \u0219i multe altele. Preferred Club va oferi un nivel sporit de lux cu 65 de apartamente cu vedere la ocean \u0219i privilegii suplimentare, inclusiv acces la un salon privat, accesorii de baie suplimentare \u0219i mini-bar, serviciu de concierge \u0219i multe altele.<\/p>\n\n\n\n<p>Oaspe\u021bii se vor bucura de un cocktail de bun venit \u0219i de un prosop r\u0103coros, buc\u0103t\u0103rie gourmet nelimitat\u0103, f\u0103r\u0103 rezerv\u0103ri, la patru restaurante \u0219i o cafenea, \u00een plus fa\u021b\u0103 de cinci baruri care vor servi spiritele nelimitate de top. Op\u021biunile de luat masa cu op\u021biuni de 24 de ore permit oaspe\u021bilor s\u0103 se bucure de mu\u0219c\u0103turi de noapte t\u00e2rzii la Market Caf\u00e9. Sau p\u0103stra\u021bi-v\u0103 \u0219i comanda\u021bi room service. Totul este disponibil \u00een orice or\u0103 zi sau noapte.<\/p>\n\n\n\n<p>Zilele \u0219i nop\u021bile sunt pline de activit\u0103\u021bi de teren, de plaj\u0103 \u0219i ap\u0103 \u0219i de divertisment live. Dou\u0103 piscine \u0219i o plaj\u0103 curat\u0103 a\u0219teapt\u0103. Rejuvenarea domne\u0219te suprem\u0103 la Spa Secrets by Pevonia\u00ae, oferind tratamente de masaj, corporal \u0219i facial \u00een 13 s\u0103li de tratament \u0219i un salon de \u00eenfrumuse\u021bare cu servicii complete. Urm\u0103ri\u021bi aceast\u0103 \u00eentinerire la centrul de fitness complet echipat sau lu\u00e2nd parte la una din activit\u0103\u021bile zilnice \u0219i de noapte.<\/p>\n\n\n\n<p>La numai 20 de minute de Aeroportul Liberia \u0219i la doar 15 minute de ora\u0219ul turistic Coco Beach, Secrets Papagayo ofer\u0103 oaspe\u021bilor o loca\u021bie privilegiat\u0103, at\u00e2t \u00een \u200b\u200bsta\u021biune, c\u00e2t \u0219i \u00een \u00eentreaga zon\u0103, pentru o vacan\u021b\u0103 ideal\u0103 Unlimited-Luxury\u00ae pe coasta Pacificului.<\/p>\n\n\n\n<h4>Conditii oferta<\/h4>\n\n\n\n<p>Tarifele pot varia in functie de disponibilitate si perioada de calatorie (in limita locurilor disponibile la momentul rezervarii).<br><br><strong><a href=\"https:\/\/laspalmas.md\/contact-us-1\/\">Suna\u021bi acum pentru o vacanta relaxanta: 060552999 \/ 023 58 40 04<\/a><\/strong><br><br><\/p>\n\n\n\n<figure class=\"wp-block-image\"><img loading=\"lazy\" width=\"750\" height=\"500\" src=\"https:\/\/laspalmas.md\/wp-content\/uploads\/2021\/03\/1-6.jpg\" alt=\"\" class=\"wp-image-5403\" srcset=\"https:\/\/laspalmas.md\/wp-content\/uploads\/2021\/03\/1-6.jpg 750w, https:\/\/laspalmas.md\/wp-content\/uploads\/2021\/03\/1-6-300x200.jpg 300w\" sizes=\"(max-width: 750px) 100vw, 750px\" \/><\/figure>\n\n\n\n<figure class=\"wp-block-image\"><img loading=\"lazy\" width=\"750\" height=\"500\" src=\"https:\/\/laspalmas.md\/wp-content\/uploads\/2021\/03\/1-4-1.jpg\" alt=\"\" class=\"wp-image-5404\" srcset=\"https:\/\/laspalmas.md\/wp-content\/uploads\/2021\/03\/1-4-1.jpg 750w, https:\/\/laspalmas.md\/wp-content\/uploads\/2021\/03\/1-4-1-300x200.jpg 300w\" sizes=\"(max-width: 750px) 100vw, 750px\" \/><\/figure>\n\n\n\n<figure class=\"wp-block-image\"><img loading=\"lazy\" width=\"750\" height=\"500\" src=\"https:\/\/laspalmas.md\/wp-content\/uploads\/2021\/03\/1-5.jpg\" alt=\"\" class=\"wp-image-5405\" srcset=\"https:\/\/laspalmas.md\/wp-content\/uploads\/2021\/03\/1-5.jpg 750w, https:\/\/laspalmas.md\/wp-content\/uploads\/2021\/03\/1-5-300x200.jpg 300w\" sizes=\"(max-width: 750px) 100vw, 750px\" \/><\/figure>\n\n\n\n<figure class=\"wp-block-image\"><img loading=\"lazy\" width=\"750\" height=\"500\" src=\"https:\/\/laspalmas.md\/wp-content\/uploads\/2021\/03\/2-1.jpg\" alt=\"\" class=\"wp-image-5406\" srcset=\"https:\/\/laspalmas.md\/wp-content\/uploads\/2021\/03\/2-1.jpg 750w, https:\/\/laspalmas.md\/wp-content\/uploads\/2021\/03\/2-1-300x200.jpg 300w\" sizes=\"(max-width: 750px) 100vw, 750px\" \/><\/figure>\n\n\n\n<figure class=\"wp-block-image\"><img loading=\"lazy\" width=\"750\" height=\"500\" src=\"https:\/\/laspalmas.md\/wp-content\/uploads\/2021\/03\/2-2.jpg\" alt=\"\" class=\"wp-image-5407\" srcset=\"https:\/\/laspalmas.md\/wp-content\/uploads\/2021\/03\/2-2.jpg 750w, https:\/\/laspalmas.md\/wp-content\/uploads\/2021\/03\/2-2-300x200.jpg 300w\" sizes=\"(max-width: 750px) 100vw, 750px\" \/><\/figure>\n","protected":false},"excerpt":{"rendered":"<p>De la\u00a0152 Euro \/ persoana \/ noapte \/ Camera dubla \/ All inclusive Oferta include Cazare in camera dubla \/ All inclusive Oferta nu include \u2022 Bilet de avion\u2022 Transferuri\u2022 &#8230;<\/p>\n","protected":false},"author":1,"featured_media":5401,"parent":0,"menu_order":0,"comment_status":"closed","ping_status":"closed","template":"","meta":[],"_links":{"self":[{"href":"https:\/\/laspalmas.md\/ru\/wp-json\/wp\/v2\/pages\/5394"}],"collection":[{"href":"https:\/\/laspalmas.md\/ru\/wp-json\/wp\/v2\/pages"}],"about":[{"href":"https:\/\/laspalmas.md\/ru\/wp-json\/wp\/v2\/types\/page"}],"author":[{"embeddable":true,"href":"https:\/\/laspalmas.md\/ru\/wp-json\/wp\/v2\/users\/1"}],"replies":[{"embeddable":true,"href":"https:\/\/laspalmas.md\/ru\/wp-json\/wp\/v2\/comments?post=5394"}],"version-history":[{"count":7,"href":"https:\/\/laspalmas.md\/ru\/wp-json\/wp\/v2\/pages\/5394\/revisions"}],"predecessor-version":[{"id":5410,"href":"https:\/\/laspalmas.md\/ru\/wp-json\/wp\/v2\/pages\/5394\/revisions\/5410"}],"wp:featuredmedia":[{"embeddable":true,"href":"https:\/\/laspalmas.md\/ru\/wp-json\/wp\/v2\/media\/5401"}],"wp:attachment":[{"href":"https:\/\/laspalmas.md\/ru\/wp-json\/wp\/v2\/media?parent=5394"}],"curies":[{"name":"wp","href":"https:\/\/api.w.org\/{rel}","templated":true}]}}