{"id":5356,"date":"2021-03-23T18:18:48","date_gmt":"2021-03-23T15:18:48","guid":{"rendered":"https:\/\/laspalmas.md\/?page_id=5356"},"modified":"2021-03-23T18:29:34","modified_gmt":"2021-03-23T15:29:34","slug":"four-seasons-resort-costa-rica-at-peninsula-papagayo-6","status":"publish","type":"page","link":"https:\/\/laspalmas.md\/ru\/four-seasons-resort-costa-rica-at-peninsula-papagayo-6\/","title":{"rendered":"Four Seasons Resort Costa Rica at Peninsula Papagayo 6*"},"content":{"rendered":"\n<p><strong>De la\u00a0315 Euro \/ persoana \/ noapte \/ Terreza Room \/ mic dejun<\/strong><br><br><\/p>\n\n\n\n<h4>Oferta include<\/h4>\n\n\n\n<ul><li>cazare in&nbsp;Terreza Room<\/li><li>mic dejun<\/li><\/ul>\n\n\n\n<h4>Oferta nu include<\/h4>\n\n\n\n<p>\u2022 Bilet de avion<br>\u2022 Transferuri<br>\u2022 Excursii optionale si intrarile la obiective;<br>\u2022 Cheltuieli personale, bacsisuri, bauturi si servicii\/facilitati neincluse in pretul pachetului;<br><\/p>\n\n\n\n<h4>Cazare<\/h4>\n\n\n\n<p>Oferind 4 piscine, 2 plaje private, terenuri de golf, o sal\u0103 de sport \u0219i un centru de afaceri, acest complex este situat \u00een Golful Papagayo, la 35 de minute de mers cu ma\u0219ina de Aeroportul Interna\u021bional Daniel Oduber. Este disponibil WiFi \u00een \u00eentreaga proprietate.<\/p>\n\n\n\n<p>Camerele ofer\u0103 un decor elegant, cu mobilier din ratan \u0219i bambus, aer condi\u021bionat, zon\u0103 de relaxare, TV cu ecran plat cu canale prin cablu \u0219i zon\u0103 de luat masa. Terasele pot oferi vedere la ocean, iar b\u0103ile includ cad\u0103, du\u0219, usc\u0103tor de p\u0103r \u0219i articole de toalet\u0103 gratuite.<\/p>\n\n\n\n<p>Oaspe\u021bii de la Four Seasons Resort Costa Rica at Peninsula Papagayo au la dispozi\u021bie 4 restaurante care servesc salate, preparate vegetariene, m\u00e2nc\u0103ruri italiene, fructe de mare, fripturi \u0219i m\u00e2nc\u0103ruri locale. La Tico\u2019s Lounge este disponibil un meniu pentru copii \u0219i exist\u0103 un bar de sushi.<\/p>\n\n\n\n<p>\u00cen cadrul complexului se afl\u0103 centrul exclusivist Tuanis Teen Centre, unde adolescen\u021bii vor g\u0103si un TV cu ecran plat, DVD player, jocuri video, computere cu acces gratuit la internet \u0219i mai multe iPod docking station.<\/p>\n\n\n\n<p>La un cost suplimentar, complexul poate organiza activit\u0103\u021bi de snorkelling, caiac pe mare, echita\u021bie \u0219i excursii \u00een Parcul na\u021bional Palo Verde, Parcul Na\u021bional Arenal Volcano \u0219i Nicaragua.<\/p>\n\n\n\n<h4>Conditii oferta<\/h4>\n\n\n\n<p>Tarifele pot varia in functie de disponibilitate si perioada de calatorie (in limita locurilor disponibile la momentul rezervarii).<br><br><strong><a href=\"https:\/\/laspalmas.md\/contact-us-1\/\">Suna\u021bi acum pentru o vacanta relaxanta: 060552999 \/ 023 58 40 04<\/a><\/strong><br><\/p>\n\n\n\n<figure class=\"wp-block-image\"><img loading=\"lazy\" width=\"850\" height=\"478\" src=\"https:\/\/laspalmas.md\/wp-content\/uploads\/2021\/03\/cq5dam.web_.1280.720-9.jpeg\" alt=\"\" class=\"wp-image-5367\" srcset=\"https:\/\/laspalmas.md\/wp-content\/uploads\/2021\/03\/cq5dam.web_.1280.720-9.jpeg 850w, https:\/\/laspalmas.md\/wp-content\/uploads\/2021\/03\/cq5dam.web_.1280.720-9-300x169.jpeg 300w, https:\/\/laspalmas.md\/wp-content\/uploads\/2021\/03\/cq5dam.web_.1280.720-9-768x432.jpeg 768w, https:\/\/laspalmas.md\/wp-content\/uploads\/2021\/03\/cq5dam.web_.1280.720-9-640x360.jpeg 640w\" sizes=\"(max-width: 850px) 100vw, 850px\" \/><\/figure>\n\n\n\n<figure class=\"wp-block-image\"><img loading=\"lazy\" width=\"850\" height=\"478\" src=\"https:\/\/laspalmas.md\/wp-content\/uploads\/2021\/03\/cq5dam.web_.1280.720-8.jpeg\" alt=\"\" class=\"wp-image-5369\" srcset=\"https:\/\/laspalmas.md\/wp-content\/uploads\/2021\/03\/cq5dam.web_.1280.720-8.jpeg 850w, https:\/\/laspalmas.md\/wp-content\/uploads\/2021\/03\/cq5dam.web_.1280.720-8-300x169.jpeg 300w, https:\/\/laspalmas.md\/wp-content\/uploads\/2021\/03\/cq5dam.web_.1280.720-8-768x432.jpeg 768w, https:\/\/laspalmas.md\/wp-content\/uploads\/2021\/03\/cq5dam.web_.1280.720-8-640x360.jpeg 640w\" sizes=\"(max-width: 850px) 100vw, 850px\" \/><\/figure>\n\n\n\n<figure class=\"wp-block-image\"><img loading=\"lazy\" width=\"850\" height=\"478\" src=\"https:\/\/laspalmas.md\/wp-content\/uploads\/2021\/03\/cq5dam.web_.1280.720-12.jpeg\" alt=\"\" class=\"wp-image-5371\" srcset=\"https:\/\/laspalmas.md\/wp-content\/uploads\/2021\/03\/cq5dam.web_.1280.720-12.jpeg 850w, https:\/\/laspalmas.md\/wp-content\/uploads\/2021\/03\/cq5dam.web_.1280.720-12-300x169.jpeg 300w, https:\/\/laspalmas.md\/wp-content\/uploads\/2021\/03\/cq5dam.web_.1280.720-12-768x432.jpeg 768w, https:\/\/laspalmas.md\/wp-content\/uploads\/2021\/03\/cq5dam.web_.1280.720-12-640x360.jpeg 640w\" sizes=\"(max-width: 850px) 100vw, 850px\" \/><\/figure>\n\n\n\n<figure class=\"wp-block-image\"><img loading=\"lazy\" width=\"720\" height=\"405\" src=\"https:\/\/laspalmas.md\/wp-content\/uploads\/2021\/03\/cq5dam.web_.720.405.jpeg\" alt=\"\" class=\"wp-image-5373\" srcset=\"https:\/\/laspalmas.md\/wp-content\/uploads\/2021\/03\/cq5dam.web_.720.405.jpeg 720w, https:\/\/laspalmas.md\/wp-content\/uploads\/2021\/03\/cq5dam.web_.720.405-300x169.jpeg 300w, https:\/\/laspalmas.md\/wp-content\/uploads\/2021\/03\/cq5dam.web_.720.405-640x360.jpeg 640w\" sizes=\"(max-width: 720px) 100vw, 720px\" \/><\/figure>\n\n\n\n<figure class=\"wp-block-image\"><img loading=\"lazy\" width=\"720\" height=\"405\" src=\"https:\/\/laspalmas.md\/wp-content\/uploads\/2021\/03\/cq5dam.web_.720.405-3.jpeg\" alt=\"\" class=\"wp-image-5374\" srcset=\"https:\/\/laspalmas.md\/wp-content\/uploads\/2021\/03\/cq5dam.web_.720.405-3.jpeg 720w, https:\/\/laspalmas.md\/wp-content\/uploads\/2021\/03\/cq5dam.web_.720.405-3-300x169.jpeg 300w, https:\/\/laspalmas.md\/wp-content\/uploads\/2021\/03\/cq5dam.web_.720.405-3-640x360.jpeg 640w\" sizes=\"(max-width: 720px) 100vw, 720px\" \/><\/figure>\n","protected":false},"excerpt":{"rendered":"<p>De la\u00a0315 Euro \/ persoana \/ noapte \/ Terreza Room \/ mic dejun Oferta include cazare in&nbsp;Terreza Room mic dejun Oferta nu include \u2022 Bilet de avion\u2022 Transferuri\u2022 Excursii optionale &#8230;<\/p>\n","protected":false},"author":1,"featured_media":5361,"parent":0,"menu_order":0,"comment_status":"closed","ping_status":"closed","template":"","meta":[],"_links":{"self":[{"href":"https:\/\/laspalmas.md\/ru\/wp-json\/wp\/v2\/pages\/5356"}],"collection":[{"href":"https:\/\/laspalmas.md\/ru\/wp-json\/wp\/v2\/pages"}],"about":[{"href":"https:\/\/laspalmas.md\/ru\/wp-json\/wp\/v2\/types\/page"}],"author":[{"embeddable":true,"href":"https:\/\/laspalmas.md\/ru\/wp-json\/wp\/v2\/users\/1"}],"replies":[{"embeddable":true,"href":"https:\/\/laspalmas.md\/ru\/wp-json\/wp\/v2\/comments?post=5356"}],"version-history":[{"count":11,"href":"https:\/\/laspalmas.md\/ru\/wp-json\/wp\/v2\/pages\/5356\/revisions"}],"predecessor-version":[{"id":5375,"href":"https:\/\/laspalmas.md\/ru\/wp-json\/wp\/v2\/pages\/5356\/revisions\/5375"}],"wp:featuredmedia":[{"embeddable":true,"href":"https:\/\/laspalmas.md\/ru\/wp-json\/wp\/v2\/media\/5361"}],"wp:attachment":[{"href":"https:\/\/laspalmas.md\/ru\/wp-json\/wp\/v2\/media?parent=5356"}],"curies":[{"name":"wp","href":"https:\/\/api.w.org\/{rel}","templated":true}]}}