{"id":5168,"date":"2021-03-22T22:46:48","date_gmt":"2021-03-22T19:46:48","guid":{"rendered":"https:\/\/laspalmas.md\/?page_id=5168"},"modified":"2021-03-22T22:52:00","modified_gmt":"2021-03-22T19:52:00","slug":"vadul-lui-voda-bucuria-sind","status":"publish","type":"page","link":"https:\/\/laspalmas.md\/ru\/vadul-lui-voda-bucuria-sind\/","title":{"rendered":"VADUL LUI VODA. BUCURIA-SIND"},"content":{"rendered":"\n<p>Profilul de baza al sanatoriului \u201eBucuria-Sind\u201d sunt afectiunile sistemului cardio-vascular, dar odata cu deschiderea noilor cabinete de tratament, utilizarea apei minerale, pacientii pot trata afectiuni concomitente ale aparatului digestiv, urinar, locomotor, sistemului nervos central si periferic. Noi ne aflam pe teritoriul parcului nistrean cu o suprafata de 584 de hectare.<br><\/p>\n\n\n\n<p><strong>Tratament<\/strong><br>Profilul de baz\u0103 al sanatoriului este tratamentul afec\u0163iunilor cardiovasculare, dar paralel s\u00eent trata\u0163i pacien\u0163i cu afec\u0163iuni ale aparatului locomotor, sistemului nervos \u015fi endocrin, sistemului gastrointestinal \u015fi urinar.<br>Pentru a clarifica diagnosticul de metode func\u0163ionale sunt utilizate, \u015fi diagnosticul de laborator Ultrasunete.<br>La zona de azil se afl\u0103 sursa de ape minerale de vindecare, care, de parametrii fizici \u015fi chimici legate de bicarbonat de sodiu, sulfat, apele u\u015for mineralizate, f\u0103r\u0103 componente specifice \u015fi propriet\u0103\u0163i.<\/p>\n\n\n\n<p><strong>Metodele de tratament:<\/strong><br>&#8211; Climatoterapia;<br>&#8211; Dietoterapia;<br>&#8211; Tratament cu apa minerala;<br>&#8211; Ampeloterapia;<br>&#8211; Fitoterapia;<br>&#8211; Coctail cu oxigen;<br>&#8211; Balneoterapia (bai curative): bai cu sare de mare, extract de conifer, salvie, ulei de terebentina, cu curenti turbulenti, cu perle. Bai cu ozon;<br>&#8211; Mofeta (baia carbogazoasa uscata);<br>&#8211; Terapia cu ozon;<br>&#8211; Hidropatia;<br>&#8211; Hidrocolonoterapia;<br>&#8211; Parafinoozoceritoterapia;<br>&#8211; Argiloterapie;<br>&#8211; Masaj manual;<br>&#8211; Masaj mecanic;<br>&#8211; Aeroionomuzicoterapia;<br>&#8211; Fizioterapie (inclusiv lazeroterapia);;<br>&#8211; Gimnastica curativa;<br>&#8211; Acupunctura;<br>&#8211; Stomatologia (plata suplimentare);<br><br>Sta\u0163iunea dispune de numere confortabile: numere de o persoan\u0103, numere de dou\u0103 persoane, numere lux. Policlinic\u0103, cantin\u0103, bar, sal\u0103 de trenajoare, internet (WiFi) \u2013 pentru to\u0163i pacien\u0163ii.<br>Amatorii de c\u0103l\u0103torii se vor bucura de excursii turistice prin ora\u015ful Chi\u015fin\u0103u, pelerinaje \u0219i altele.<br><br><strong>Tratament si Relaxare la Sanatoriul Bucuria Sind de la\u00a04650 lei\/persoana<\/strong><\/p>\n\n\n\n<p><strong>Tariful&nbsp;include:<\/strong><br>\u2022&nbsp;10 zile cazare la&nbsp;Sanatoriul&nbsp;Bucuria Sind; (incepind cu data 01-01-2021)<br>\u2022 Masa: 3 mese\/zi (meniu fix, Dieta)<br>\u2022 3 proceduri\/zi (6 zile \/saptamina)<br>\u2022 Tariful include pretul pentru o persoana<br>\u2022 Destinatia:&nbsp;Vadul-lui-Voda, Moldova<\/p>\n\n\n\n<p><strong>Tariful pentru 1 persoana in camera DBL:<\/strong><\/p>\n\n\n\n<p>10&nbsp;zile-&nbsp;4650 lei<br>12 zile- 5450 lei<br>18 zile- 7250 lei<\/p>\n\n\n\n<p><strong>Tariful pentru 1 persoana in camera SGL:<\/strong><br>10&nbsp;zile- 5200 lei<br>12 zile-&nbsp;6100 lei<br>18 zile-&nbsp;8250 lei<\/p>\n\n\n\n<p><strong>ATENTIE !!!<\/strong><\/p>\n\n\n\n<p>Pacien\u021bii nu vor p\u0103r\u0103si teritoriul Sanatoriului pe toat\u0103 perioada tratamentului \u0219i vor fi monitoriza\u021bi zilnic de c\u0103tre medicul curant.<\/p>\n\n\n\n<p>Accesul \u00een Sanatoriu va avea loc doar dup\u0103 fixarea temperaturii corpului.<\/p>\n\n\n\n<p><strong>Pacien\u021bii se prezint\u0103, obligatoriu, cu:<\/strong><\/p>\n\n\n\n<p>&#8211; fi\u0219a balneo-sanatorial\u0103 de la medicul de familie (forma 072),<br>&#8211; certificatul 027 de la medicul de familie,<br>&#8211; buletinul de identitate,<br>&#8211; masc\u0103 de protec\u021bie (\u00een cazul m\u0103\u0219tilor din bumbac \u2013 2 m\u0103\u0219ti \u00een zi cu posibilitatea sp\u0103l\u0103rii \u0219i c\u0103lc\u0103rii; \u00een cazul m\u0103\u0219tilor de unic\u0103 folosin\u021b\u0103 \u2013 o masc\u0103 la fiecare 2 ore).<\/p>\n\n\n\n<p><br><strong>La sosire se completeaz\u0103 o declara\u021bie pe propria r\u0103spundere, pentru prevenirea \u0219i combaterea CORONAVIRUS (COVID \u2013 19).<\/strong><\/p>\n\n\n\n<p><strong>\u00censcrierile au loc doar pentru cet\u0103\u021benii Republicii Moldova cu v\u00e2rsta cuprins\u0103 \u00eentre 18 ani \u0219i 63 ani, pe perioada st\u0103rii de urgen\u021b\u0103 \u00een s\u0103n\u0103tate public\u0103.<\/strong><\/p>\n\n\n\n<p>Copiii p\u00e2n\u0103 la 18 ani, persoanele cu hipertensiune arterial\u0103 de gr. II \u0219i III, diabet zaharat I \u0219i II nu pot beneficia de tratament \u00een Sanatoriu.<\/p>\n\n\n\n<p>Persoanele vor fi cazate a c\u00e2te o persoan\u0103 \u00een camer\u0103, excep\u021bie f\u0103c\u00e2nd doar rudele de gradul I, care, la cerere, vor fi caza\u021bi c\u00e2te dou\u0103 persoane \u00een camer\u0103.<\/p>\n\n\n\n<p>\u00cen cazul \u00een care pacien\u021bii vor \u00eenc\u0103lca Regulamentul \u0219i regulile de aflare \u00een Sanatoriu, elaborate \u00eentru respectarea m\u0103surilor de prevenire \u0219i control a infec\u021biilor, Sanatoriul are dreptul s\u0103 externeze beneficiarul biletului de tratament.<\/p>\n\n\n\n<p>M\u0103surile culturale (concertele, dansurile, etc.) sunt interzise pentru perioada st\u0103rii de urgen\u021b\u0103 \u00een s\u0103n\u0103tate public\u0103.<\/p>\n\n\n\n<p>M\u0103surile sportive (bazinul, fotbalul, baschetul, voleiul, tenisul de mas\u0103, biliard-ul, jocurile de table, \u015fah-ul etc.) sunt interzise pentru perioada st\u0103rii de urgen\u021b\u0103 \u00een s\u0103n\u0103tatea public\u0103.<\/p>\n\n\n\n<p>Plimb\u0103rile \u00een aer liber se permit grupurilor care nu dep\u0103\u0219esc 3 (trei) persoane.<\/p>\n\n\n\n<p><strong>Procedurile cu pericol de infectare prin aerosoli \u0219i aglomer\u0103ri au fost sistate pentru perioada pandemiei.<\/strong><br><br><strong><a href=\"https:\/\/laspalmas.md\/contact-us-1\/\">Suna\u021bi acum pentru o vacanta relaxanta: 060552999 \/ 023 58 40 04<\/a><\/strong><\/p>\n\n\n\n<p><br><\/p>\n","protected":false},"excerpt":{"rendered":"<p>Profilul de baza al sanatoriului \u201eBucuria-Sind\u201d sunt afectiunile sistemului cardio-vascular, dar odata cu deschiderea noilor cabinete de tratament, utilizarea apei minerale, pacientii pot trata afectiuni concomitente ale aparatului digestiv, urinar, &#8230;<\/p>\n","protected":false},"author":1,"featured_media":5176,"parent":0,"menu_order":0,"comment_status":"closed","ping_status":"closed","template":"","meta":[],"_links":{"self":[{"href":"https:\/\/laspalmas.md\/ru\/wp-json\/wp\/v2\/pages\/5168"}],"collection":[{"href":"https:\/\/laspalmas.md\/ru\/wp-json\/wp\/v2\/pages"}],"about":[{"href":"https:\/\/laspalmas.md\/ru\/wp-json\/wp\/v2\/types\/page"}],"author":[{"embeddable":true,"href":"https:\/\/laspalmas.md\/ru\/wp-json\/wp\/v2\/users\/1"}],"replies":[{"embeddable":true,"href":"https:\/\/laspalmas.md\/ru\/wp-json\/wp\/v2\/comments?post=5168"}],"version-history":[{"count":6,"href":"https:\/\/laspalmas.md\/ru\/wp-json\/wp\/v2\/pages\/5168\/revisions"}],"predecessor-version":[{"id":5175,"href":"https:\/\/laspalmas.md\/ru\/wp-json\/wp\/v2\/pages\/5168\/revisions\/5175"}],"wp:featuredmedia":[{"embeddable":true,"href":"https:\/\/laspalmas.md\/ru\/wp-json\/wp\/v2\/media\/5176"}],"wp:attachment":[{"href":"https:\/\/laspalmas.md\/ru\/wp-json\/wp\/v2\/media?parent=5168"}],"curies":[{"name":"wp","href":"https:\/\/api.w.org\/{rel}","templated":true}]}}