{"id":5161,"date":"2021-03-22T22:41:53","date_gmt":"2021-03-22T19:41:53","guid":{"rendered":"https:\/\/laspalmas.md\/?page_id=5161"},"modified":"2021-03-22T22:46:25","modified_gmt":"2021-03-22T19:46:25","slug":"dubasari-struguras","status":"publish","type":"page","link":"https:\/\/laspalmas.md\/ru\/dubasari-struguras\/","title":{"rendered":"DUBASARI. STRUGURAS"},"content":{"rendered":"\n<p>Sta\u0163iunea \u201eStrugura\u015f\u201d este situat\u0103 \u00eentr-un parc pitoresc pe malul st\u00eeng al r\u00eeului Nistru, regiunea bazinului acvatic Dub\u0103sari, \u00een preajma satelor Cocieri \u015fi Molovata Nou\u0103. Distan\u0163a p\u00een\u0103 la ora\u015ful Dub\u0103sari 10km, ora\u015ful Chi\u015fin\u0103u \u2013 50km.<br><\/p>\n\n\n\n<p>Pe teritoriul sta\u0163iunii este o plaj\u0103 amenajat\u0103, o sta\u0163ie de b\u0103rci, terenuri sportive, sal\u0103 pentru jocuri de mas\u0103, un teren de dans, teras\u0103 de var\u0103, bar, magazin.<\/p>\n\n\n\n<p>La dispozi\u0163ia dumneavoastr\u0103 142 od\u0103i pentru 1 \u015fi 2 persoane \u00een dou\u0103 blocuri hoteliere, restaurant, blocul curativ, unite \u00eempreun\u0103 de o galerie, care creaz\u0103 condi\u0163ii de tratament mai comforte pe \u00eentreaga perioad\u0103 a anului.<br>Zona de WiFi Internet gratuit cuprinde tot complexul hotelier.<\/p>\n\n\n\n<p>La dispozi\u0163ia familiilor cu copii s\u00eent 5 cotege (vile) cu dou\u0103 etaje.<\/p>\n\n\n\n<p>Pentru petrecerea unui divertisment mai interesant, sta\u0163iunea \u201eStrugura\u015f\u201d dispune de o sal\u0103 de cinema cu 320 locuri, bibliotec\u0103. Regulat s\u00eent organizate excursii cu autobusul, concerte \u015fi concursuri.<\/p>\n\n\n\n<p><strong>Sta\u0163iunea \u201eStrugura\u015f\u201d<\/strong>\u00a0presteaz\u0103 tratament balneo-sanatorial bolnavilor care sufer\u0103 de maladiile:<br>&#8211; boli endocrine, de nutri\u021bie \u0219i metabolism<br>&#8211; bolile sistemului nervos periferic<br>&#8211; bolile aparatului circular<br>&#8211; bolile aparatului respirator<br>&#8211; bolile aparatului digestiv<br>&#8211; bolile pielii \u0219i \u021besutului celular subcutanat<br>&#8211; bolile sistemului osteo &#8211; articular, ale mu\u0219chilor, \u021besutului conjunctiv<br>&#8211; bolile aparatului genito &#8211; urinar<br>&#8211; sechele ale leziunilor traumatice<br><br><strong>10 Zile De Tratament !!! Sanatoriul Struguras 4800 Lei<\/strong><\/p>\n\n\n\n<p><strong>Tariful include:<\/strong><br>\u2022 10 nopti cazare la Sanatoriul Struguras,<br>\u2022 Masa: 3 ori pe zi (meniu fix, Dieta)<br>\u2022 Tratament: 3 proceduri\/zi (6 zile \/saptamina)<br>\u2022 Tariful este pentru o persoana in camera DBL cu TV, in limita locurilor disponibile<br>(incepind cu data 01-01-2021 este disponibilitate)<br>\u2022\u00a0<strong>Destinatia:<\/strong>\u00a0Dubasari, Moldova<br><br><strong>Tariful pentru 1 persoana in camera DBL:<\/strong><br>10 zile &#8211; 4800 lei<br>12 zile &#8211; 5600 lei<br>18 zile &#8211; 7900 lei<\/p>\n\n\n\n<p><br><strong>Tariful pentru 1 persoana in camera SGL:<\/strong><br>10 zile &#8211; 5100 lei<br>12 zile &#8211; 6000 lei<br>18 zile &#8211; 8450 lei<br><br><strong><a href=\"https:\/\/laspalmas.md\/contact-us-1\/\">Suna\u021bi acum pentru o vacanta relaxanta: 060552999 \/ 023 58 40 04<\/a><\/strong><\/p>\n","protected":false},"excerpt":{"rendered":"<p>Sta\u0163iunea \u201eStrugura\u015f\u201d este situat\u0103 \u00eentr-un parc pitoresc pe malul st\u00eeng al r\u00eeului Nistru, regiunea bazinului acvatic Dub\u0103sari, \u00een preajma satelor Cocieri \u015fi Molovata Nou\u0103. Distan\u0163a p\u00een\u0103 la ora\u015ful Dub\u0103sari 10km, &#8230;<\/p>\n","protected":false},"author":1,"featured_media":5167,"parent":0,"menu_order":0,"comment_status":"closed","ping_status":"closed","template":"","meta":[],"_links":{"self":[{"href":"https:\/\/laspalmas.md\/ru\/wp-json\/wp\/v2\/pages\/5161"}],"collection":[{"href":"https:\/\/laspalmas.md\/ru\/wp-json\/wp\/v2\/pages"}],"about":[{"href":"https:\/\/laspalmas.md\/ru\/wp-json\/wp\/v2\/types\/page"}],"author":[{"embeddable":true,"href":"https:\/\/laspalmas.md\/ru\/wp-json\/wp\/v2\/users\/1"}],"replies":[{"embeddable":true,"href":"https:\/\/laspalmas.md\/ru\/wp-json\/wp\/v2\/comments?post=5161"}],"version-history":[{"count":4,"href":"https:\/\/laspalmas.md\/ru\/wp-json\/wp\/v2\/pages\/5161\/revisions"}],"predecessor-version":[{"id":5166,"href":"https:\/\/laspalmas.md\/ru\/wp-json\/wp\/v2\/pages\/5161\/revisions\/5166"}],"wp:featuredmedia":[{"embeddable":true,"href":"https:\/\/laspalmas.md\/ru\/wp-json\/wp\/v2\/media\/5167"}],"wp:attachment":[{"href":"https:\/\/laspalmas.md\/ru\/wp-json\/wp\/v2\/media?parent=5161"}],"curies":[{"name":"wp","href":"https:\/\/api.w.org\/{rel}","templated":true}]}}