{"id":5154,"date":"2021-03-22T22:36:11","date_gmt":"2021-03-22T19:36:11","guid":{"rendered":"https:\/\/laspalmas.md\/?page_id=5154"},"modified":"2021-03-22T22:41:27","modified_gmt":"2021-03-22T19:41:27","slug":"camenca-nistru","status":"publish","type":"page","link":"https:\/\/laspalmas.md\/ru\/camenca-nistru\/","title":{"rendered":"CAMENCA. NISTRU"},"content":{"rendered":"\n<p>Sanatoriul Nistru este situat \u00een partea central\u0103 a ora\u015fului \u00eentr-un parc frumos de p\u0103dure. \u00cen Camenca condi\u0163iile naturale, factorii climaterici, contribuie la crearea condi\u0163iilor favorabile pentru tratament. Natura a \u00eenzestrat \u0163ara noastr\u0103 cu bogate izvoare de ap\u0103 mineral\u0103. Un astfel de izvor se afl\u0103 \u00een Camenca. Aici condi\u0163iile naturale, factorii climaterici, contribuie la crearea condi\u0163iilor favorabile pentru tratament. Pe teritoriul sanatoriului se g\u0103se\u015fte buveta cu ap\u0103 mineral\u0103 &#8220;Dnestreanka&#8221;. Aici se trateaza organele tractului digestiv, sistemului circulator, bolile de piele, aparatului locomotor, sistemului nervos, bolile ginecologice.<br><\/p>\n\n\n\n<p><strong>Aici se trateaza :<\/strong><br>-organele tractului digestiv,<br>-sistemului circulator,&nbsp;<br>-bolile de piele,<br>-bolile aparatului locomotor,<br>-bolile sistemului nervos,<br>-bolile ginecologice.<\/p>\n\n\n\n<p><strong>Complexul mai include:&nbsp;<\/strong><br>-cabinetul cosmetologului,&nbsp;<br>-cabinetul diagnozei func\u0163ionale,&nbsp;<br>-cabinetul hidroterapiei,&nbsp;<br>-du\u015f \u015farco,<br>-masaj subacvatic,&nbsp;<br>-cabinetul fitoterapiei, inhalatoriu<br>-b\u0103i cu bioxid de natriu,<br>-magneoterapia,<br>-bazin,<br>-bibliotec\u0103,&nbsp;<br>-teren de volei,<br>-bar.<\/p>\n\n\n\n<p>Pentru odihn\u0103 la sanatoriu e nevoie de fi\u015fa sanatoriala de la medicul de familie .Tratamentul maladiilor oportuniste: musculo-scheletice (osteochondrosis, deformant osteoartroze, poliartrita metabolice \u015fi distrofice, artrit\u0103 post-traumatice, bolile metabolice-distrofice ale coloanei vertebrale), sistemul cardiovascular (distonie vegetativ-vascular\u0103, cardioneurosis); tulbur\u0103ri func\u0163ionale ale sistemului nervos, boli inflamatorii cronice ginecologice, sistem cronice bronho-pulmonare(bron\u015fit\u0103,faringit\u0103).<br>Tratament: boli digestive (colecistita cronica, \u015fi gastrit\u0103, ulcer peptic \u015fi ulcer duodenal, boli ale vezicii biliare \u015fi conducte biliare, litiaz\u0103 biliar\u0103, hepatit\u0103 cronic\u0103, pancreatit\u0103, enterocolit\u0103, colit\u0103, tulbur\u0103ri func\u0163ionale ale stomacului \u015fi intestinelor, complica\u0163ii dysbacteriosis dupa operatii pe organe digestive); metabolism (diabet zaharat, diatez\u0103 uric, obezitate), infec\u0163ii ale tractului renale \u015fi ale c\u0103ilor urinare (pielonefrite cronice \u015fi cistite, urolitiaz\u0103, starea dup\u0103 \u00eendep\u0103rtarea de pietre la rinichi \u015fi infec\u0163ii ale tractului urinar, anomalii congenital ale rinichilor).<br>Profilactoriu: o cl\u0103dire de diagnostic \u015fi tratament; cabinete: ecografie, endoscopie, de laborator: clinice, biochimice, imunologice, departamentul de citologic, fizioterapie, b\u0103i minerale si dusuri, namol.<\/p>\n\n\n\n<p><strong>Infrastructur\u0103:<\/strong>\u00a0Palatul Culturii, discoteca, biblioteca, terenuri de sport, terenuri de tenis, sauna, excursii.<br><strong>Numar de locuri<\/strong>: 374.<br><strong>Camere<\/strong>: SNGL, DBL Econom +, cu toate facilit\u0103\u0163ile: un set de mobilier, TV, \u015fi f\u0103r\u0103 repara\u0163ii.<br>SNGL Standard cu facilit\u0103\u0163i: un set de mobilier, televizor, frigider, fier de calcat, ceainic, balcon si reparatie de calitate medie.<br>DBL Superior cu facilit\u0103\u0163i: un set de mobilier, TV, fier, ceainic electric, balcon \u015fi reparatie de calitate bun\u0103 SNGL cu 2 dormitoare, DBL cu 3 dormitoare &#8211; standard de lux cu facilit\u0103\u0163i private (WC, baie \/ dus): Un set de mobilier, televizor, frigider, fier de calcat, ceainic, balcon \u015fi reparatie de calitate bun\u0103. Loc \u00een toate camerele: canapea. Mese: 3 mese pe zi (dietetic).<br><\/p>\n\n\n\n<p><strong>Tratament Balnear la Sanatoriul Nistru, Camenca la doar 4550 lei<\/strong><br><br><strong>Tariful include:<\/strong><br>\u2022 10 nopti cazare la Sanatoriul Nistru<br>\u2022 Masa: 3 ori pe zi (meniu fix, Dieta)<br>\u2022 Tratament: 3 proceduri\/zi (6 zile \/saptamina)<br>\u2022 Tariful este pentru o persoana in camera DBL cu TV, in limita locurilor disponibile<br>\u2022 Destinatia: Camenca, Moldova<\/p>\n\n\n\n<p><br><em><strong>Tariful pentru 1 persoana in camera DBL:<\/strong><\/em><br>10 zile- 4550 lei<br>12 zile- 5300 lei<br>18 zile- 7600 lei<\/p>\n\n\n\n<p><em><strong>Tariful pentru 1 persoana in camera SGL:<\/strong><\/em><br>10 zile- 5450 lei<br>12 zile- 6400 lei<br>18 zile- 9200 lei<br><br><strong><a href=\"https:\/\/laspalmas.md\/contact-us-1\/\">Suna\u021bi acum pentru o vacanta relaxanta: 060552999 \/ 023 58 40 04<\/a><\/strong><\/p>\n","protected":false},"excerpt":{"rendered":"<p>Sanatoriul Nistru este situat \u00een partea central\u0103 a ora\u015fului \u00eentr-un parc frumos de p\u0103dure. \u00cen Camenca condi\u0163iile naturale, factorii climaterici, contribuie la crearea condi\u0163iilor favorabile pentru tratament. Natura a \u00eenzestrat &#8230;<\/p>\n","protected":false},"author":1,"featured_media":5160,"parent":0,"menu_order":0,"comment_status":"closed","ping_status":"closed","template":"","meta":[],"_links":{"self":[{"href":"https:\/\/laspalmas.md\/ru\/wp-json\/wp\/v2\/pages\/5154"}],"collection":[{"href":"https:\/\/laspalmas.md\/ru\/wp-json\/wp\/v2\/pages"}],"about":[{"href":"https:\/\/laspalmas.md\/ru\/wp-json\/wp\/v2\/types\/page"}],"author":[{"embeddable":true,"href":"https:\/\/laspalmas.md\/ru\/wp-json\/wp\/v2\/users\/1"}],"replies":[{"embeddable":true,"href":"https:\/\/laspalmas.md\/ru\/wp-json\/wp\/v2\/comments?post=5154"}],"version-history":[{"count":4,"href":"https:\/\/laspalmas.md\/ru\/wp-json\/wp\/v2\/pages\/5154\/revisions"}],"predecessor-version":[{"id":5159,"href":"https:\/\/laspalmas.md\/ru\/wp-json\/wp\/v2\/pages\/5154\/revisions\/5159"}],"wp:featuredmedia":[{"embeddable":true,"href":"https:\/\/laspalmas.md\/ru\/wp-json\/wp\/v2\/media\/5160"}],"wp:attachment":[{"href":"https:\/\/laspalmas.md\/ru\/wp-json\/wp\/v2\/media?parent=5154"}],"curies":[{"name":"wp","href":"https:\/\/api.w.org\/{rel}","templated":true}]}}