{"id":5134,"date":"2021-03-22T22:23:44","date_gmt":"2021-03-22T19:23:44","guid":{"rendered":"https:\/\/laspalmas.md\/?page_id=5134"},"modified":"2021-03-22T22:29:18","modified_gmt":"2021-03-22T19:29:18","slug":"cahul-nufarul-alb","status":"publish","type":"page","link":"https:\/\/laspalmas.md\/ru\/cahul-nufarul-alb\/","title":{"rendered":"CAHUL.NUFARUL ALB"},"content":{"rendered":"\n<p>Sanatoriul \u201eNuf\u0103rul Alb\u201d, este o sta\u0163iune balnear\u0103 mo\u00addern\u0103 \u00een incinta c\u0103reia, anual, mii de pacien\u0163i sosesc pentru tratament \u015fi reabilitare.\u00a0<br>Principalele afec\u0163iuni care se trateaz\u0103 cu succes sunt urm\u0103toarele: afec\u0163iuni ale aparatului locomotor, sistemului nervos central \u015fi periferic, siste\u00admului cardiovascular, ginecologice, dermale \u015fi ale tractului digestiv.<br><br><br><strong>INDICA\u0162II \u015eI CONTRAINDICA\u0162II PENTRU TRATAMENTUL BALNEAR<br><\/strong><br><strong>Indica\u0163ii de aplicare a apei minerale \u00een afec\u0163iunile aparatului locomotor<br><\/strong><br>&#8211; Osteoartroza deformant\u0103 primar\u0103 \u015fi poliosteoartroza \u00een stadiul I, II \u015fi III. \u00cen faza de remisiune, sau peste 4-6 luni dup\u0103 acutizare.\u00a0<br>&#8211; Osteoartroza deformant\u0103 (secundar\u0103) de genez\u0103 infec\u0163ioas\u0103, posttraumatic\u0103 \u015fi metabolic\u0103 \u00een stadiul de remisiune sau grad minim de activitate peste 4-6 luni dup\u0103 acutizare.<br>&#8211; Artrita reumatoid\u0103 \u00een faz\u0103 de remisiune sau \u00een stadiul I-II de activitate far\u0103 dereglarea func\u0163iei articulare, ori cu dereglarea acesteia cu p\u0103strarea posibilit\u0103\u0163ii de deplasare sinest\u0103t\u0103toare \u015fi autodeservire.<br>&#8211; Poliartrita reumatic\u0103 f\u0103r\u0103 vicii cardiace sau vicii compensate cu grad de insuficien\u0163\u0103 0-I \u00een stadiu de remisi\u00adune sau peste 4-6 luni dup\u0103 acutizare.<br>&#8211; Osteocondroza, spondiloza, boala Behterev.<br>&#8211; Miozita, fibromiozita \u015fi tendovaginita.<br><strong><br>Contraindica\u0163ii<\/strong><br>&#8211; Contraindica\u0163iile generale la tratamentul sanatorial-balnear.<br>&#8211; Osteoartroza deformant\u0103 \u015fi poliosteoartrozele \u00een faz\u0103 de acutizare.<br>&#8211; Artrita reumatoid\u0103 \u00een stadiul de acutizare \u015fi \u00een cazul imposibilit\u0103\u0163ii deplas\u0103rii de sine st\u0103t\u0103toare.<br>&#8211; Poliartrita reumatic\u0103 \u00een faz\u0103 de acutizare \u015fi (sau) prezen\u0163a insuficien\u0163ei cardiace \u00eencep\u00e2nd cu gradul II.<br>&#8211; Osteocondroza \u015fi boala Behterev \u00een stadul de acutizare.<br>&#8211; Starea dup\u0103 fracturi de oase neconsolidate.<br><br><strong>Indica\u0163ii de aplicare a apei minerale de Cahul \u00een afec\u0163iunile aparatului cardiovascular.<br><\/strong><br>Hipertensiunea arterial\u0103 gradul I \u015fi II, categoria de risc mai mic\u0103 de 15% (conform clasific\u0103rii OMS 1999).\u00a0<br>Cardiopatia ischemic\u0103:\u00a0<br>a) Angor pectoral de efort (clasa func\u0163ional\u0103 I \u015fi II), f\u0103r\u0103 schimb\u0103ri patologice a ECG, gradul de insuficien\u0163\u0103 cardiac\u0103 O-I NYHA.\u00a0<br>b) Infarct miocardic vechi (nu mai pu\u0163in de 1 an) cu accese rare de angor pectoral sau f\u0103r\u0103 ele, cu capaci\u00adtatea de munc\u0103 restabilit\u0103, f\u0103r\u0103 hipertensiune arterial\u0103, deregl\u0103ri de ritm \u015fi conductibilitate, cu insuficien\u0163\u0103 cardiac\u0103 de gradul 0-I NYHA.<br>Cardiopatia reumatismal\u0103 cronic\u0103:\u00a0<br>a) Peste 6-8 luni dup\u0103 acutizarea procesului, cu insuficien\u0163\u0103 cardiac\u0103 de gradul 0-I NYHA.<br>b) Poliartralgiile reumatismale.\u00a0<br>Valvulopatie mitral\u0103 \u015fi aortal\u0103 \u00een stadiu de remisiune a procesului reumatic (f\u0103r\u0103 prevalarea stenozei), cu insuficien\u0163\u0103 cardiac\u0103 de gradul 0-I NYHA, (f\u0103r\u0103 deregl\u0103ri de ritm).<br>Ateroscleroza arterelor membrelor inferioare, endarterita obliterant\u0103 \u00een stadiu de remisie stabil\u0103, compen\u00adsat\u0103, sau cu insuficien\u0163a circulatorie a membrelor inferioare de gradul I.<br>Dilatarea varicoas\u0103 a venelor membrelor inferioare cu insuficien\u0163\u0103 venoas\u0103, schimb\u0103ri trofice a tegumente\u00adlor gambei, inclusiv ulcera\u0163ii trofice.\u00a0<br>Flebit\u0103 \u015fi tromboflebit\u0103 cronic\u0103 \u00een stadiu de remisiune sau nu mai \u00eenainte de 2-4 luni dup\u0103 acutizare.<br>Distonia vegeto-vascular\u0103.\u00a0<br><strong><br>Contraindica\u0163ii<\/strong><br>&#8211; Contraindica\u0163iile generale la tratamentul sanatorial-balnear: stadiul acut sau acutizarea maladiilor cronice, maladiile infec\u0163ioase, contagioase, maladiile psihice, maladiile venerice, tumori maligne.<br>&#8211; Hipertensiune arterial\u0103 gradul III.<br>&#8211; Cardiopatie ischemic\u0103 cu accese frecvente de angin\u0103 pectoral\u0103 de efort, angina pectoral\u0103 de repaus, adic\u0103 clasa func\u0163ional\u0103 III \u015fi IV NYHA.<br>&#8211; Tulbur\u0103ri de ritm severe: fibrila\u0163ie atrial\u0103, extrasistolie frecvent\u0103, \u00een grup, R\/T, tahicardii paroxismale cu frec\u00adven\u0163a repet\u0103rii lor mai mare de o dat\u0103 pe lun\u0103, boala nodului sinusal.<br>&#8211; Tulbur\u0103ri de conducere: bloc atrioventricular complet sau incomplet, dar cu grad avansat.\u00a0<br>&#8211; Infarctul miocardic \u00een primele 6 luni dup\u0103 debut.<br>&#8211; Febra reumatismal\u0103 acut\u0103.<br>&#8211; Valvulopatiile cu insuficien\u0163\u0103 cardiac\u0103 cronic\u0103 mai mare de gradul I.<br>&#8211; Endarteriit\u0103 obliterant\u0103 cu tendin\u0163\u0103 spre generalizare.<br>&#8211; Boala varicoas\u0103 cu ulcera\u0163ii recente, gangrena.<br>&#8211; Maladia tromboembolic\u0103.<br><br><strong>Tratament la sanatoriul Nufarul Alb la doar\u00a06850 lei\/pers!<\/strong><\/p>\n\n\n\n<p>Tariful include:<\/p>\n\n\n\n<ul><li>12&nbsp;zile cazare la Sanatoriul Nufarul Alb<\/li><li>Masa: 3 mese\/zi (meniu fix, Dieta)<\/li><li>Tratament: 3 proceduri\/zi (6 zile \/saptamina)<\/li><li>Perioada de cazare: incepind cu 01-01-2021, in limita locurilor disponibile<\/li><li>Tariful este pentru 1 persoana, in camera DBL Standart<\/li><li>Destinatia: Cahul, Moldova<\/li><\/ul>\n\n\n\n<p><strong>Tariful pentru 1 persoana in camera&nbsp;DUBLA STANDART cu TV:<\/strong><\/p>\n\n\n\n<p>12 zile &#8211; 6850 lei<\/p>\n\n\n\n<p>18 zile &#8211;&nbsp;8450 lei<\/p>\n\n\n\n<p><strong>Tariful pentru 1 persoana in camera&nbsp;DUBLA STANDART PLUS cu TV +Frigider:<\/strong><\/p>\n\n\n\n<p>12 zile &#8211;&nbsp;7250 lei<\/p>\n\n\n\n<p>18&nbsp;zile &#8211;&nbsp;8850 lei<\/p>\n\n\n\n<p><strong>Tariful pentru 1 persoana in camera SGL STANDART cu TV:<\/strong><\/p>\n\n\n\n<p>12 zile &#8211; 7450 lei<\/p>\n\n\n\n<p>18 zile &#8211; 9100&nbsp;lei<\/p>\n\n\n\n<p><strong>Tariful pentru 1 persoana in camera SGL STANDART PLUS cu TV +Frigider:<\/strong><\/p>\n\n\n\n<p>12 zile &#8211;&nbsp;7700 lei<\/p>\n\n\n\n<p>18 zile &#8211;&nbsp;9650 lei<\/p>\n\n\n\n<p><strong>!Achitarea se face in lei, conform cursului comercial stabilit de Pro Credit Bank in ziua achitarii.<\/strong><br><br><strong><a href=\"https:\/\/laspalmas.md\/contact-us-1\/\">Suna\u021bi acum pentru o vacanta relaxanta: 060552999 \/ 023 58 40 04<\/a><\/strong><\/p>\n","protected":false},"excerpt":{"rendered":"<p>Sanatoriul \u201eNuf\u0103rul Alb\u201d, este o sta\u0163iune balnear\u0103 mo\u00addern\u0103 \u00een incinta c\u0103reia, anual, mii de pacien\u0163i sosesc pentru tratament \u015fi reabilitare.\u00a0Principalele afec\u0163iuni care se trateaz\u0103 cu succes sunt urm\u0103toarele: afec\u0163iuni ale &#8230;<\/p>\n","protected":false},"author":1,"featured_media":5138,"parent":0,"menu_order":0,"comment_status":"closed","ping_status":"closed","template":"","meta":[],"_links":{"self":[{"href":"https:\/\/laspalmas.md\/ru\/wp-json\/wp\/v2\/pages\/5134"}],"collection":[{"href":"https:\/\/laspalmas.md\/ru\/wp-json\/wp\/v2\/pages"}],"about":[{"href":"https:\/\/laspalmas.md\/ru\/wp-json\/wp\/v2\/types\/page"}],"author":[{"embeddable":true,"href":"https:\/\/laspalmas.md\/ru\/wp-json\/wp\/v2\/users\/1"}],"replies":[{"embeddable":true,"href":"https:\/\/laspalmas.md\/ru\/wp-json\/wp\/v2\/comments?post=5134"}],"version-history":[{"count":6,"href":"https:\/\/laspalmas.md\/ru\/wp-json\/wp\/v2\/pages\/5134\/revisions"}],"predecessor-version":[{"id":5142,"href":"https:\/\/laspalmas.md\/ru\/wp-json\/wp\/v2\/pages\/5134\/revisions\/5142"}],"wp:featuredmedia":[{"embeddable":true,"href":"https:\/\/laspalmas.md\/ru\/wp-json\/wp\/v2\/media\/5138"}],"wp:attachment":[{"href":"https:\/\/laspalmas.md\/ru\/wp-json\/wp\/v2\/media?parent=5134"}],"curies":[{"name":"wp","href":"https:\/\/api.w.org\/{rel}","templated":true}]}}