{"id":5113,"date":"2021-03-22T18:55:28","date_gmt":"2021-03-22T15:55:28","guid":{"rendered":"https:\/\/laspalmas.md\/?page_id=5113"},"modified":"2021-03-22T22:22:58","modified_gmt":"2021-03-22T19:22:58","slug":"rosewood-mayakoba-resort-6","status":"publish","type":"page","link":"https:\/\/laspalmas.md\/ru\/rosewood-mayakoba-resort-6\/","title":{"rendered":"Rosewood Mayakoba Resort 6*"},"content":{"rendered":"\n<p><strong>De la\u00a0309 Euro \/ persoana \/ noapte \/ Lagoon Studio Suite King \/ room only<\/strong><br><br><\/p>\n\n\n\n<h4>Oferta include<\/h4>\n\n\n\n<ul><li>cazare in Lagoon Studio Suite King<\/li><\/ul>\n\n\n\n<h4>Oferta nu include<\/h4>\n\n\n\n<ul><li>transport<\/li><li>masa<\/li><li>asigurare medicala \/ storno<\/li><\/ul>\n\n\n\n<h4>Cazare<\/h4>\n\n\n\n<p>Luxury Rosewood Mayakoba ofer\u0103 3 piscine \u00een aer liber, 3 restaurante, un centru spa \u0219i un club cu activit\u0103\u021bi speciale pentru copii.<\/p>\n\n\n\n<p>Dormitoarele confortabile au o piscin\u0103 privat\u0103 pe teras\u0103, TV LCD cu ecran plat cu canale prin satelit, DVD player \u0219i CD player, sistem audio Bose, iPod docking station, zon\u0103 de relaxare \u0219i minibar. Baia ofer\u0103 halate de baie, papuci, usc\u0103tor de p\u0103r \u0219i articole de toalet\u0103 gratuite.<\/p>\n\n\n\n<p>Oaspe\u021bii pot experimenta 3 buc\u0103t\u0103rii diferite: stil mexican, asiatic \u0219i interna\u021bional. Room service este disponibil 24 de ore pe zi. Complexul are, de asemenea, un bar.<\/p>\n\n\n\n<p>Facilit\u0103\u021bile de la Rosewood Mayakoba includ o sal\u0103 de gimnastic\u0103, o saun\u0103, o baie de aburi \u0219i un centru spa. Clubul de copii are, de asemenea, o piscin\u0103 pentru copii disponibil\u0103. Accesul la terenul de golf Greg Norman, 7.000 de metri cu 18 g\u0103uri, El Camale\u00f3n este valabil pentru oaspe\u021bi.<\/p>\n\n\n\n<p>Oaspe\u021bii care stau la acest complex vor primi o tequila de bun venit, ap\u0103 \u00eembuteliat\u0103 gratuit\u0103, fructe proaspete \u0219i acces Wi-Fi.<\/p>\n\n\n\n<p>Centrul ora\u0219ului Playa del Carmen se afl\u0103 la 10 minute de mers cu ma\u0219ina, \u00een timp ce Parcul Natural Xcaret este la 16 km distan\u021b\u0103. Tulum \u0219i ora\u0219ul arheologic Tulum se afl\u0103 la 60 de minute de mers cu ma\u0219ina.<\/p>\n\n\n\n<h4>Conditii oferta<\/h4>\n\n\n\n<p>Tariful afisat este valabil in momentul editarii \/ postarii acestei oferte!<br>Locuri in limita disponibilitatii!<br>Atentie, disponibilitatea se poate schimba in orice moment, motiv pentru care va rugam sa ne contactati pentru reconfirmarea tarifelor si \/ sau a locurilor disponibile!<\/p>\n\n\n\n<h4>Valabilitate oferta<\/h4>\n\n\n\n<p>Oferta valabila in limita disponibilitatilor la momentul rezervarii.<br><br><strong><a href=\"https:\/\/laspalmas.md\/contact-us-1\/\">Suna\u021bi acum pentru o vacanta relaxanta: 060552999 \/ 023 58 40 04<\/a><\/strong><br><br><\/p>\n\n\n\n<figure class=\"wp-block-image\"><img loading=\"lazy\" width=\"850\" height=\"566\" src=\"https:\/\/laspalmas.md\/wp-content\/uploads\/2021\/03\/78632861-1.jpg\" alt=\"\" class=\"wp-image-5122\" srcset=\"https:\/\/laspalmas.md\/wp-content\/uploads\/2021\/03\/78632861-1.jpg 850w, https:\/\/laspalmas.md\/wp-content\/uploads\/2021\/03\/78632861-1-300x200.jpg 300w, https:\/\/laspalmas.md\/wp-content\/uploads\/2021\/03\/78632861-1-768x511.jpg 768w\" sizes=\"(max-width: 850px) 100vw, 850px\" \/><\/figure>\n\n\n\n<figure class=\"wp-block-image\"><img loading=\"lazy\" width=\"831\" height=\"576\" src=\"https:\/\/laspalmas.md\/wp-content\/uploads\/2021\/03\/21885971.jpg\" alt=\"\" class=\"wp-image-5123\" srcset=\"https:\/\/laspalmas.md\/wp-content\/uploads\/2021\/03\/21885971.jpg 831w, https:\/\/laspalmas.md\/wp-content\/uploads\/2021\/03\/21885971-300x208.jpg 300w, https:\/\/laspalmas.md\/wp-content\/uploads\/2021\/03\/21885971-768x532.jpg 768w\" sizes=\"(max-width: 831px) 100vw, 831px\" \/><\/figure>\n\n\n\n<figure class=\"wp-block-image\"><img loading=\"lazy\" width=\"850\" height=\"566\" src=\"https:\/\/laspalmas.md\/wp-content\/uploads\/2021\/03\/21882622.jpg\" alt=\"\" class=\"wp-image-5124\" srcset=\"https:\/\/laspalmas.md\/wp-content\/uploads\/2021\/03\/21882622.jpg 850w, https:\/\/laspalmas.md\/wp-content\/uploads\/2021\/03\/21882622-300x200.jpg 300w, https:\/\/laspalmas.md\/wp-content\/uploads\/2021\/03\/21882622-768x511.jpg 768w\" sizes=\"(max-width: 850px) 100vw, 850px\" \/><\/figure>\n\n\n\n<figure class=\"wp-block-image\"><img loading=\"lazy\" width=\"850\" height=\"566\" src=\"https:\/\/laspalmas.md\/wp-content\/uploads\/2021\/03\/21886012.jpg\" alt=\"\" class=\"wp-image-5126\" srcset=\"https:\/\/laspalmas.md\/wp-content\/uploads\/2021\/03\/21886012.jpg 850w, https:\/\/laspalmas.md\/wp-content\/uploads\/2021\/03\/21886012-300x200.jpg 300w, https:\/\/laspalmas.md\/wp-content\/uploads\/2021\/03\/21886012-768x511.jpg 768w\" sizes=\"(max-width: 850px) 100vw, 850px\" \/><\/figure>\n\n\n\n<figure class=\"wp-block-image\"><img loading=\"lazy\" width=\"850\" height=\"566\" src=\"https:\/\/laspalmas.md\/wp-content\/uploads\/2021\/03\/21886061.jpg\" alt=\"\" class=\"wp-image-5127\" srcset=\"https:\/\/laspalmas.md\/wp-content\/uploads\/2021\/03\/21886061.jpg 850w, https:\/\/laspalmas.md\/wp-content\/uploads\/2021\/03\/21886061-300x200.jpg 300w, https:\/\/laspalmas.md\/wp-content\/uploads\/2021\/03\/21886061-768x511.jpg 768w\" sizes=\"(max-width: 850px) 100vw, 850px\" \/><\/figure>\n\n\n\n<figure class=\"wp-block-image\"><img loading=\"lazy\" width=\"850\" height=\"565\" src=\"https:\/\/laspalmas.md\/wp-content\/uploads\/2021\/03\/78633140.jpg\" alt=\"\" class=\"wp-image-5129\" srcset=\"https:\/\/laspalmas.md\/wp-content\/uploads\/2021\/03\/78633140.jpg 850w, https:\/\/laspalmas.md\/wp-content\/uploads\/2021\/03\/78633140-300x199.jpg 300w, https:\/\/laspalmas.md\/wp-content\/uploads\/2021\/03\/78633140-768x510.jpg 768w\" sizes=\"(max-width: 850px) 100vw, 850px\" \/><\/figure>\n\n\n\n<figure class=\"wp-block-image\"><img loading=\"lazy\" width=\"850\" height=\"566\" src=\"https:\/\/laspalmas.md\/wp-content\/uploads\/2021\/03\/78633048.jpg\" alt=\"\" class=\"wp-image-5130\" srcset=\"https:\/\/laspalmas.md\/wp-content\/uploads\/2021\/03\/78633048.jpg 850w, https:\/\/laspalmas.md\/wp-content\/uploads\/2021\/03\/78633048-300x200.jpg 300w, https:\/\/laspalmas.md\/wp-content\/uploads\/2021\/03\/78633048-768x511.jpg 768w\" sizes=\"(max-width: 850px) 100vw, 850px\" \/><\/figure>\n\n\n\n<figure class=\"wp-block-image\"><img loading=\"lazy\" width=\"850\" height=\"573\" src=\"https:\/\/laspalmas.md\/wp-content\/uploads\/2021\/03\/113026903.jpg\" alt=\"\" class=\"wp-image-5132\" srcset=\"https:\/\/laspalmas.md\/wp-content\/uploads\/2021\/03\/113026903.jpg 850w, https:\/\/laspalmas.md\/wp-content\/uploads\/2021\/03\/113026903-300x202.jpg 300w, https:\/\/laspalmas.md\/wp-content\/uploads\/2021\/03\/113026903-768x518.jpg 768w, https:\/\/laspalmas.md\/wp-content\/uploads\/2021\/03\/113026903-370x250.jpg 370w\" sizes=\"(max-width: 850px) 100vw, 850px\" \/><\/figure>\n","protected":false},"excerpt":{"rendered":"<p>De la\u00a0309 Euro \/ persoana \/ noapte \/ Lagoon Studio Suite King \/ room only Oferta include cazare in Lagoon Studio Suite King Oferta nu include transport masa asigurare medicala &#8230;<\/p>\n","protected":false},"author":1,"featured_media":5119,"parent":0,"menu_order":0,"comment_status":"closed","ping_status":"closed","template":"","meta":[],"_links":{"self":[{"href":"https:\/\/laspalmas.md\/ru\/wp-json\/wp\/v2\/pages\/5113"}],"collection":[{"href":"https:\/\/laspalmas.md\/ru\/wp-json\/wp\/v2\/pages"}],"about":[{"href":"https:\/\/laspalmas.md\/ru\/wp-json\/wp\/v2\/types\/page"}],"author":[{"embeddable":true,"href":"https:\/\/laspalmas.md\/ru\/wp-json\/wp\/v2\/users\/1"}],"replies":[{"embeddable":true,"href":"https:\/\/laspalmas.md\/ru\/wp-json\/wp\/v2\/comments?post=5113"}],"version-history":[{"count":9,"href":"https:\/\/laspalmas.md\/ru\/wp-json\/wp\/v2\/pages\/5113\/revisions"}],"predecessor-version":[{"id":5133,"href":"https:\/\/laspalmas.md\/ru\/wp-json\/wp\/v2\/pages\/5113\/revisions\/5133"}],"wp:featuredmedia":[{"embeddable":true,"href":"https:\/\/laspalmas.md\/ru\/wp-json\/wp\/v2\/media\/5119"}],"wp:attachment":[{"href":"https:\/\/laspalmas.md\/ru\/wp-json\/wp\/v2\/media?parent=5113"}],"curies":[{"name":"wp","href":"https:\/\/api.w.org\/{rel}","templated":true}]}}