{"id":5092,"date":"2021-03-22T18:45:18","date_gmt":"2021-03-22T15:45:18","guid":{"rendered":"https:\/\/laspalmas.md\/?page_id=5092"},"modified":"2021-03-22T18:53:51","modified_gmt":"2021-03-22T15:53:51","slug":"now-emerald-cancun-resort-5","status":"publish","type":"page","link":"https:\/\/laspalmas.md\/ru\/now-emerald-cancun-resort-5\/","title":{"rendered":"Now Emerald Cancun Resort 5*"},"content":{"rendered":"\n<p><strong>De la\u00a01212 Euro \/ pachet 7 nopti \/ persoana in Deluxe Garden View Roon \/ All Inclusive<\/strong><br><br><\/p>\n\n\n\n<h4>Oferta include<\/h4>\n\n\n\n<p>\u2022 bilet de avion din Madrid<br>\u2022 taxe de aeroport (150 EURO)<br>\u2022 transfer de la si catre aeroport<br>\u2022 7 nopti cazare cu All inclusive<br>\u2022 asigurare medicala<br>\u2022 asistenta turistica<\/p>\n\n\n\n<h4>Oferta nu include<\/h4>\n\n\n\n<p>\u2022 bilet de avion Bucuresti &#8211; Madrid \u2013 Bucuresti<br>\u2022 taxa guvernamentala la intrarea si iesirea din tara<br>\u2022 asigurare storno (recomandata)<br><\/p>\n\n\n\n<h4>Cazare<\/h4>\n\n\n\n<p>Situat \u00een Cancun, la 600 de metri de Playa Delfines, Now Emerald Cancun &#8211; All Inclusive ofer\u0103 cazare cu restaurant, piscin\u0103 \u00een aer liber, centru de fitness \u0219i parcare privat\u0103 gratuit\u0103. Oaspe\u021bii au la dispozi\u021bie un bar, gr\u0103din\u0103 \u0219i o zon\u0103 de plaj\u0103 privat\u0103. De asemenea, exist\u0103 o recep\u021bie deschis\u0103 nonstop, room service \u0219i servicii de schimb valutar.<\/p>\n\n\n\n<p>Complexul serve\u0219te mic dejun continental sau tip bufet.<\/p>\n\n\n\n<p>Now Emerald Cancun &#8211; All Inclusive ofer\u0103 loc de joac\u0103 pentru copii. De asemenea, pute\u021bi juca tenis de mas\u0103 \u015fi biliard \u0219i ave\u021bi la dispozi\u021bie serviciu de \u00eenchirieri ma\u0219ini.<\/p>\n\n\n\n<p>Proprietatea ofer\u0103 salon de coafur\u0103 \u0219i centru de afaceri.<\/p>\n\n\n\n<p>Now Emerald Cancun &#8211; All Inclusive este la 1,4 km de plaja Punta Nizuc, iar plaja San Miguelito se afl\u0103 la 2,1 km de proprietate. Cel mai apropiat aeroport este Aeroportul Interna\u0163ional Canc\u00fan, situat la 15 km de proprietate.<br><\/p>\n\n\n\n<h4>Conditii oferta<\/h4>\n\n\n\n<p>Tariful afisat este valabil in momentul editarii \/ postarii acestei oferte!<br>Locuri in limita disponibilitatii!<br>Atentie, disponibilitatea se poate schimba in orice moment, motiv pentru care va rugam sa ne contactati pentru reconfirmarea tarifelor si \/ sau a locurilor disponibile!<\/p>\n\n\n\n<h4>Valabilitate oferta<\/h4>\n\n\n\n<p>Sejururi in perioada <strong>02 Ian 2021 &#8211; 30 Apr 2021.<\/strong><br><br><strong><a href=\"https:\/\/laspalmas.md\/contact-us-1\/\">Suna\u021bi acum pentru o vacanta relaxanta: 060552999 \/ 023 58 40 04<\/a><\/strong><br><br><\/p>\n\n\n\n<figure class=\"wp-block-image\"><img loading=\"lazy\" width=\"1024\" height=\"683\" src=\"https:\/\/laspalmas.md\/wp-content\/uploads\/2021\/03\/193520757-1-1024x683.jpg\" alt=\"\" class=\"wp-image-5100\" srcset=\"https:\/\/laspalmas.md\/wp-content\/uploads\/2021\/03\/193520757-1-1024x683.jpg 1024w, https:\/\/laspalmas.md\/wp-content\/uploads\/2021\/03\/193520757-1-300x200.jpg 300w, https:\/\/laspalmas.md\/wp-content\/uploads\/2021\/03\/193520757-1-768x512.jpg 768w, https:\/\/laspalmas.md\/wp-content\/uploads\/2021\/03\/193520757-1.jpg 1280w\" sizes=\"(max-width: 1024px) 100vw, 1024px\" \/><\/figure>\n\n\n\n<figure class=\"wp-block-image\"><img loading=\"lazy\" width=\"1024\" height=\"575\" src=\"https:\/\/laspalmas.md\/wp-content\/uploads\/2021\/03\/193520760-1024x575.jpg\" alt=\"\" class=\"wp-image-5102\" srcset=\"https:\/\/laspalmas.md\/wp-content\/uploads\/2021\/03\/193520760-1024x575.jpg 1024w, https:\/\/laspalmas.md\/wp-content\/uploads\/2021\/03\/193520760-300x169.jpg 300w, https:\/\/laspalmas.md\/wp-content\/uploads\/2021\/03\/193520760-768x431.jpg 768w, https:\/\/laspalmas.md\/wp-content\/uploads\/2021\/03\/193520760-640x360.jpg 640w, https:\/\/laspalmas.md\/wp-content\/uploads\/2021\/03\/193520760.jpg 1280w\" sizes=\"(max-width: 1024px) 100vw, 1024px\" \/><\/figure>\n\n\n\n<figure class=\"wp-block-image\"><img loading=\"lazy\" width=\"1024\" height=\"683\" src=\"https:\/\/laspalmas.md\/wp-content\/uploads\/2021\/03\/193520763-1024x683.jpg\" alt=\"\" class=\"wp-image-5105\" srcset=\"https:\/\/laspalmas.md\/wp-content\/uploads\/2021\/03\/193520763-1024x683.jpg 1024w, https:\/\/laspalmas.md\/wp-content\/uploads\/2021\/03\/193520763-300x200.jpg 300w, https:\/\/laspalmas.md\/wp-content\/uploads\/2021\/03\/193520763-768x512.jpg 768w, https:\/\/laspalmas.md\/wp-content\/uploads\/2021\/03\/193520763.jpg 1280w\" sizes=\"(max-width: 1024px) 100vw, 1024px\" \/><\/figure>\n\n\n\n<figure class=\"wp-block-image\"><img loading=\"lazy\" width=\"1024\" height=\"682\" src=\"https:\/\/laspalmas.md\/wp-content\/uploads\/2021\/03\/193520749-1024x682.jpg\" alt=\"\" class=\"wp-image-5106\" srcset=\"https:\/\/laspalmas.md\/wp-content\/uploads\/2021\/03\/193520749-1024x682.jpg 1024w, https:\/\/laspalmas.md\/wp-content\/uploads\/2021\/03\/193520749-300x200.jpg 300w, https:\/\/laspalmas.md\/wp-content\/uploads\/2021\/03\/193520749-768x512.jpg 768w, https:\/\/laspalmas.md\/wp-content\/uploads\/2021\/03\/193520749.jpg 1280w\" sizes=\"(max-width: 1024px) 100vw, 1024px\" \/><\/figure>\n\n\n\n<figure class=\"wp-block-image\"><img loading=\"lazy\" width=\"1024\" height=\"682\" src=\"https:\/\/laspalmas.md\/wp-content\/uploads\/2021\/03\/193520754-1024x682.jpg\" alt=\"\" class=\"wp-image-5107\" srcset=\"https:\/\/laspalmas.md\/wp-content\/uploads\/2021\/03\/193520754-1024x682.jpg 1024w, https:\/\/laspalmas.md\/wp-content\/uploads\/2021\/03\/193520754-300x200.jpg 300w, https:\/\/laspalmas.md\/wp-content\/uploads\/2021\/03\/193520754-768x512.jpg 768w, https:\/\/laspalmas.md\/wp-content\/uploads\/2021\/03\/193520754.jpg 1280w\" sizes=\"(max-width: 1024px) 100vw, 1024px\" \/><\/figure>\n\n\n\n<figure class=\"wp-block-image\"><img loading=\"lazy\" width=\"1024\" height=\"682\" src=\"https:\/\/laspalmas.md\/wp-content\/uploads\/2021\/03\/193520707-1024x682.jpg\" alt=\"\" class=\"wp-image-5109\" srcset=\"https:\/\/laspalmas.md\/wp-content\/uploads\/2021\/03\/193520707-1024x682.jpg 1024w, https:\/\/laspalmas.md\/wp-content\/uploads\/2021\/03\/193520707-300x200.jpg 300w, https:\/\/laspalmas.md\/wp-content\/uploads\/2021\/03\/193520707-768x512.jpg 768w, https:\/\/laspalmas.md\/wp-content\/uploads\/2021\/03\/193520707.jpg 1280w\" sizes=\"(max-width: 1024px) 100vw, 1024px\" \/><\/figure>\n\n\n\n<figure class=\"wp-block-image\"><img loading=\"lazy\" width=\"1024\" height=\"682\" src=\"https:\/\/laspalmas.md\/wp-content\/uploads\/2021\/03\/193520727-1024x682.jpg\" alt=\"\" class=\"wp-image-5110\" srcset=\"https:\/\/laspalmas.md\/wp-content\/uploads\/2021\/03\/193520727-1024x682.jpg 1024w, https:\/\/laspalmas.md\/wp-content\/uploads\/2021\/03\/193520727-300x200.jpg 300w, https:\/\/laspalmas.md\/wp-content\/uploads\/2021\/03\/193520727-768x512.jpg 768w, https:\/\/laspalmas.md\/wp-content\/uploads\/2021\/03\/193520727.jpg 1280w\" sizes=\"(max-width: 1024px) 100vw, 1024px\" \/><\/figure>\n\n\n\n<figure class=\"wp-block-image\"><img loading=\"lazy\" width=\"1024\" height=\"682\" src=\"https:\/\/laspalmas.md\/wp-content\/uploads\/2021\/03\/190847607-1024x682.jpg\" alt=\"\" class=\"wp-image-5111\" srcset=\"https:\/\/laspalmas.md\/wp-content\/uploads\/2021\/03\/190847607-1024x682.jpg 1024w, https:\/\/laspalmas.md\/wp-content\/uploads\/2021\/03\/190847607-300x200.jpg 300w, https:\/\/laspalmas.md\/wp-content\/uploads\/2021\/03\/190847607-768x512.jpg 768w, https:\/\/laspalmas.md\/wp-content\/uploads\/2021\/03\/190847607.jpg 1280w\" sizes=\"(max-width: 1024px) 100vw, 1024px\" \/><\/figure>\n","protected":false},"excerpt":{"rendered":"<p>De la\u00a01212 Euro \/ pachet 7 nopti \/ persoana in Deluxe Garden View Roon \/ All Inclusive Oferta include \u2022 bilet de avion din Madrid\u2022 taxe de aeroport (150 EURO)\u2022 &#8230;<\/p>\n","protected":false},"author":1,"featured_media":5094,"parent":0,"menu_order":0,"comment_status":"closed","ping_status":"closed","template":"","meta":[],"_links":{"self":[{"href":"https:\/\/laspalmas.md\/ru\/wp-json\/wp\/v2\/pages\/5092"}],"collection":[{"href":"https:\/\/laspalmas.md\/ru\/wp-json\/wp\/v2\/pages"}],"about":[{"href":"https:\/\/laspalmas.md\/ru\/wp-json\/wp\/v2\/types\/page"}],"author":[{"embeddable":true,"href":"https:\/\/laspalmas.md\/ru\/wp-json\/wp\/v2\/users\/1"}],"replies":[{"embeddable":true,"href":"https:\/\/laspalmas.md\/ru\/wp-json\/wp\/v2\/comments?post=5092"}],"version-history":[{"count":10,"href":"https:\/\/laspalmas.md\/ru\/wp-json\/wp\/v2\/pages\/5092\/revisions"}],"predecessor-version":[{"id":5112,"href":"https:\/\/laspalmas.md\/ru\/wp-json\/wp\/v2\/pages\/5092\/revisions\/5112"}],"wp:featuredmedia":[{"embeddable":true,"href":"https:\/\/laspalmas.md\/ru\/wp-json\/wp\/v2\/media\/5094"}],"wp:attachment":[{"href":"https:\/\/laspalmas.md\/ru\/wp-json\/wp\/v2\/media?parent=5092"}],"curies":[{"name":"wp","href":"https:\/\/api.w.org\/{rel}","templated":true}]}}