{"id":5073,"date":"2021-03-22T18:35:59","date_gmt":"2021-03-22T15:35:59","guid":{"rendered":"https:\/\/laspalmas.md\/?page_id=5073"},"modified":"2021-03-22T18:45:03","modified_gmt":"2021-03-22T15:45:03","slug":"esencia-resort-5","status":"publish","type":"page","link":"https:\/\/laspalmas.md\/ru\/esencia-resort-5\/","title":{"rendered":"Esencia Resort 5*"},"content":{"rendered":"\n<p><strong>De la\u00a0363 Euro \/ persoana \/ noapte \/ Jungle Room \/ mic dejun<\/strong><br><br><\/p>\n\n\n\n<h4>Oferta include<\/h4>\n\n\n\n<ul><li>cazare in&nbsp;Jungle Room<\/li><li>mic dejun<\/li><\/ul>\n\n\n\n<h4>Oferta nu include<\/h4>\n\n\n\n<ul><li>transport<\/li><li>asigurare medicala si storno<\/li><\/ul>\n\n\n\n<h4>Cazare<\/h4>\n\n\n\n<p>Ve\u021bi fi tratat ca o celebritate cu serviciile de talie interna\u021bional\u0103 de la Hotel Esencia<br>Hotelul Esencia ofer\u0103 acces direct la plaja Xpu-Ha \u0219i are camere \u0219i suite frumoase, cu terase situate printre gr\u0103dini atractive. Ofer\u0103 spa, 2 piscine mari \u00een aer liber \u0219i restaurant \u00e0 la carte.<\/p>\n\n\n\n<p>Toate unit\u0103\u021bile de cazare ofer\u0103 aer condi\u021bionat \u0219i decor luminos \u0219i atractiv. Fiecare suit\u0103 \u0219i camer\u0103 are TV cu ecran plat \u0219i iPod docking station.<\/p>\n\n\n\n<p>Restaurantul Garden serve\u0219te o selec\u021bie de preparate regionale \u0219i interna\u021bionale. De asemenea, hotelul ofer\u0103 cursuri de g\u0103tit preparate mexicane.<\/p>\n\n\n\n<p>Centrul spa de la Esencia are piscin\u0103 mic\u0103 \u0219i ad\u00e2nc\u0103, saun\u0103 \u0219i cad\u0103 cu hidromasaj. Tratamentele includ masaje \u015fi \u00eengrijire facial\u0103.<\/p>\n\n\n\n<p>Litoralul Riviera Maya este ideal pentru scufund\u0103ri \u0219i snorkelling. Oaspe\u021bii pot vizita ruinele maya\u0219e Tulum, precum \u0219i sta\u021biunea Playa del Carmen, la care se poate ajunge \u00een 15 minute cu ma\u0219ina.<\/p>\n\n\n\n<h4>Conditii oferta<\/h4>\n\n\n\n<p>Tariful afisat este valabil in momentul editarii \/ postarii acestei oferte!<br>Locuri in limita disponibilitatii!<br>Atentie, disponibilitatea se poate schimba in orice moment, motiv pentru care va rugam sa ne contactati pentru reconfirmarea tarifelor si \/ sau a locurilor disponibile!<\/p>\n\n\n\n<h4>Valabilitate oferta<\/h4>\n\n\n\n<p>Oferta valabila in limita disponibilitatilor la momentul rezervarii.<br><br><strong><a href=\"https:\/\/laspalmas.md\/contact-us-1\/\">Suna\u021bi acum pentru o vacanta relaxanta: 060552999 \/ 023 58 40 04<\/a><\/strong><br><br><\/p>\n\n\n\n<figure class=\"wp-block-image\"><img loading=\"lazy\" width=\"850\" height=\"563\" src=\"https:\/\/laspalmas.md\/wp-content\/uploads\/2021\/03\/HE_06_beach_digital-944x625.jpg\" alt=\"\" class=\"wp-image-5081\" srcset=\"https:\/\/laspalmas.md\/wp-content\/uploads\/2021\/03\/HE_06_beach_digital-944x625.jpg 850w, https:\/\/laspalmas.md\/wp-content\/uploads\/2021\/03\/HE_06_beach_digital-944x625-300x199.jpg 300w, https:\/\/laspalmas.md\/wp-content\/uploads\/2021\/03\/HE_06_beach_digital-944x625-768x509.jpg 768w\" sizes=\"(max-width: 850px) 100vw, 850px\" \/><\/figure>\n\n\n\n<figure class=\"wp-block-image\"><img loading=\"lazy\" width=\"850\" height=\"563\" src=\"https:\/\/laspalmas.md\/wp-content\/uploads\/2021\/03\/HE_03_property_digital-944x625.jpg\" alt=\"\" class=\"wp-image-5082\" srcset=\"https:\/\/laspalmas.md\/wp-content\/uploads\/2021\/03\/HE_03_property_digital-944x625.jpg 850w, https:\/\/laspalmas.md\/wp-content\/uploads\/2021\/03\/HE_03_property_digital-944x625-300x199.jpg 300w, https:\/\/laspalmas.md\/wp-content\/uploads\/2021\/03\/HE_03_property_digital-944x625-768x509.jpg 768w\" sizes=\"(max-width: 850px) 100vw, 850px\" \/><\/figure>\n\n\n\n<figure class=\"wp-block-image\"><img loading=\"lazy\" width=\"850\" height=\"563\" src=\"https:\/\/laspalmas.md\/wp-content\/uploads\/2021\/03\/HE_04_beach_digital-944x625.jpg\" alt=\"\" class=\"wp-image-5083\" srcset=\"https:\/\/laspalmas.md\/wp-content\/uploads\/2021\/03\/HE_04_beach_digital-944x625.jpg 850w, https:\/\/laspalmas.md\/wp-content\/uploads\/2021\/03\/HE_04_beach_digital-944x625-300x199.jpg 300w, https:\/\/laspalmas.md\/wp-content\/uploads\/2021\/03\/HE_04_beach_digital-944x625-768x509.jpg 768w\" sizes=\"(max-width: 850px) 100vw, 850px\" \/><\/figure>\n\n\n\n<figure class=\"wp-block-image\"><img loading=\"lazy\" width=\"850\" height=\"563\" src=\"https:\/\/laspalmas.md\/wp-content\/uploads\/2021\/03\/HE_04_restaurants_digital-944x625.jpg\" alt=\"\" class=\"wp-image-5085\" srcset=\"https:\/\/laspalmas.md\/wp-content\/uploads\/2021\/03\/HE_04_restaurants_digital-944x625.jpg 850w, https:\/\/laspalmas.md\/wp-content\/uploads\/2021\/03\/HE_04_restaurants_digital-944x625-300x199.jpg 300w, https:\/\/laspalmas.md\/wp-content\/uploads\/2021\/03\/HE_04_restaurants_digital-944x625-768x509.jpg 768w\" sizes=\"(max-width: 850px) 100vw, 850px\" \/><\/figure>\n\n\n\n<figure class=\"wp-block-image\"><img loading=\"lazy\" width=\"850\" height=\"563\" src=\"https:\/\/laspalmas.md\/wp-content\/uploads\/2021\/03\/HE_13_restaurants_digital-944x625.jpg\" alt=\"\" class=\"wp-image-5087\" srcset=\"https:\/\/laspalmas.md\/wp-content\/uploads\/2021\/03\/HE_13_restaurants_digital-944x625.jpg 850w, https:\/\/laspalmas.md\/wp-content\/uploads\/2021\/03\/HE_13_restaurants_digital-944x625-300x199.jpg 300w, https:\/\/laspalmas.md\/wp-content\/uploads\/2021\/03\/HE_13_restaurants_digital-944x625-768x509.jpg 768w\" sizes=\"(max-width: 850px) 100vw, 850px\" \/><\/figure>\n\n\n\n<figure class=\"wp-block-image\"><img loading=\"lazy\" width=\"850\" height=\"563\" src=\"https:\/\/laspalmas.md\/wp-content\/uploads\/2021\/03\/HE_15_property_digital-944x625.jpg\" alt=\"\" class=\"wp-image-5088\" srcset=\"https:\/\/laspalmas.md\/wp-content\/uploads\/2021\/03\/HE_15_property_digital-944x625.jpg 850w, https:\/\/laspalmas.md\/wp-content\/uploads\/2021\/03\/HE_15_property_digital-944x625-300x199.jpg 300w, https:\/\/laspalmas.md\/wp-content\/uploads\/2021\/03\/HE_15_property_digital-944x625-768x509.jpg 768w\" sizes=\"(max-width: 850px) 100vw, 850px\" \/><\/figure>\n\n\n\n<figure class=\"wp-block-image\"><img loading=\"lazy\" width=\"850\" height=\"563\" src=\"https:\/\/laspalmas.md\/wp-content\/uploads\/2021\/03\/HE_22_guest_rooms_digital-944x625.jpg\" alt=\"\" class=\"wp-image-5089\" srcset=\"https:\/\/laspalmas.md\/wp-content\/uploads\/2021\/03\/HE_22_guest_rooms_digital-944x625.jpg 850w, https:\/\/laspalmas.md\/wp-content\/uploads\/2021\/03\/HE_22_guest_rooms_digital-944x625-300x199.jpg 300w, https:\/\/laspalmas.md\/wp-content\/uploads\/2021\/03\/HE_22_guest_rooms_digital-944x625-768x509.jpg 768w\" sizes=\"(max-width: 850px) 100vw, 850px\" \/><\/figure>\n\n\n\n<figure class=\"wp-block-image\"><img loading=\"lazy\" width=\"850\" height=\"563\" src=\"https:\/\/laspalmas.md\/wp-content\/uploads\/2021\/03\/HE_10_guest_rooms_digital-944x625.jpg\" alt=\"\" class=\"wp-image-5090\" srcset=\"https:\/\/laspalmas.md\/wp-content\/uploads\/2021\/03\/HE_10_guest_rooms_digital-944x625.jpg 850w, https:\/\/laspalmas.md\/wp-content\/uploads\/2021\/03\/HE_10_guest_rooms_digital-944x625-300x199.jpg 300w, https:\/\/laspalmas.md\/wp-content\/uploads\/2021\/03\/HE_10_guest_rooms_digital-944x625-768x509.jpg 768w\" sizes=\"(max-width: 850px) 100vw, 850px\" \/><\/figure>\n","protected":false},"excerpt":{"rendered":"<p>De la\u00a0363 Euro \/ persoana \/ noapte \/ Jungle Room \/ mic dejun Oferta include cazare in&nbsp;Jungle Room mic dejun Oferta nu include transport asigurare medicala si storno Cazare Ve\u021bi &#8230;<\/p>\n","protected":false},"author":1,"featured_media":5080,"parent":0,"menu_order":0,"comment_status":"closed","ping_status":"closed","template":"","meta":[],"_links":{"self":[{"href":"https:\/\/laspalmas.md\/ru\/wp-json\/wp\/v2\/pages\/5073"}],"collection":[{"href":"https:\/\/laspalmas.md\/ru\/wp-json\/wp\/v2\/pages"}],"about":[{"href":"https:\/\/laspalmas.md\/ru\/wp-json\/wp\/v2\/types\/page"}],"author":[{"embeddable":true,"href":"https:\/\/laspalmas.md\/ru\/wp-json\/wp\/v2\/users\/1"}],"replies":[{"embeddable":true,"href":"https:\/\/laspalmas.md\/ru\/wp-json\/wp\/v2\/comments?post=5073"}],"version-history":[{"count":8,"href":"https:\/\/laspalmas.md\/ru\/wp-json\/wp\/v2\/pages\/5073\/revisions"}],"predecessor-version":[{"id":5091,"href":"https:\/\/laspalmas.md\/ru\/wp-json\/wp\/v2\/pages\/5073\/revisions\/5091"}],"wp:featuredmedia":[{"embeddable":true,"href":"https:\/\/laspalmas.md\/ru\/wp-json\/wp\/v2\/media\/5080"}],"wp:attachment":[{"href":"https:\/\/laspalmas.md\/ru\/wp-json\/wp\/v2\/media?parent=5073"}],"curies":[{"name":"wp","href":"https:\/\/api.w.org\/{rel}","templated":true}]}}