{"id":5068,"date":"2021-03-22T18:29:54","date_gmt":"2021-03-22T15:29:54","guid":{"rendered":"https:\/\/laspalmas.md\/?page_id=5068"},"modified":"2021-03-22T18:34:34","modified_gmt":"2021-03-22T15:34:34","slug":"cancun","status":"publish","type":"page","link":"https:\/\/laspalmas.md\/ru\/cancun\/","title":{"rendered":"CANCUN"},"content":{"rendered":"\n<p>Fraza \u201eceva pentru fiecare\u201d este prima ce ne vine \u00een minte: pentru iubitorii de natur\u0103 avem balene, migra\u0163ia fluturilor monarh, recifele de corali de-a lungul coastei Yucatanului \u015fi cel mai gros arbore al lumii \u00een Tule, Oaxaca; pentru cei ce apreciaz\u0103 pl\u0103cerile m\u0103runte ale vie\u0163ii exist\u0103 nop\u0163ile nedormite din cluburile de pe plajele celebrului Cancun; pentru fanii arheologiei g\u0103sim sute de r\u0103m\u0103\u015fi\u0163e ale civiliza\u0163iilor antice; pentru gurmanzi o buc\u0103t\u0103rie incredibil de diversificat\u0103, de la gustoasele \u201etacos\u201d la delicioasele \u201emoles\u201d; pentru cei ce apreciaz\u0103 arta descoperim kilometri \u00eentregi de picturi murale; cei \u00eennebuni\u0163i dup\u0103 cump\u0103r\u0103turi pot achizi\u0163iona \u0163es\u0103turi, obiecte din argint sau figurine reprezent\u00e2nd animale fantastice; pentru vacan\u0163ele la mare \u015fi la soare Mexic are 10.000 de kilometri de coast\u0103!<\/p>\n\n\n\n<p>Condimentat precum salsa ro\u015fie ca focul, intoxicant precum un shot de tequila, volatil precum vulcanii din lan\u0163ul montan central, ireal precum picturile artistei Frida Kahlo, monumental precum piramidele din Teotihuac\u00e1n, Mexico ne adap\u0103 sim\u0163urile, ne provoac\u0103 capacit\u0103\u0163ile cognitive \u015fi ne hr\u0103ne\u015fte sufletele.<\/p>\n\n\n\n<p>Dac\u0103 pentru voi vacan\u0163a perfect\u0103 \u00eenseamn\u0103 plajele \u015fi apa cald\u0103 a m\u0103rii, c\u0103ut\u0103rile au luat sf\u00e2r\u015fit \u2013 Cancun este considerat unul din cele mai populare locuri de pe planet\u0103, catalogat prima alegere pentru turi\u015ftii din America de Nord \u015fi unul din cele mai apreciate pentru cei de pe vechiul continent. Cancun \u015fi comorile ce-l \u00eenconjoar\u0103, Holbox, Isla Mujeres, Cozumel, Isla Contoy \u015fi micul sat pesc\u0103resc Puerto Morelos primesc \u00een fiecare an, laolalt\u0103, 3 milioane de vizitatori.<\/p>\n\n\n\n<p><strong>Pentru o vacanta perfecta:<\/strong><\/p>\n\n\n\n<ul><li>nu ratati vizitarea parcului temetic Xcaret, unul dintre cele mai spectaculoase din lume unde veti avea posibilitatea sa interactionati cu cultura mexicana<\/li><li>explorati misterul pesterilor Maya din Aktun Chen, intoarceti-va in timp si descoperiti satul Maya plimbati-va de-a lungul promenadei La Quinta Avenida si bucurati-va de mulltitudinea de baruri, restaurante si magazine<\/li><li>prindeti bronzul perfect pe plajele matasoase Akumal<\/li><li>faceti skorkeling in cel mai mare acvariu natural din lume Xel-Ha<\/li><li>relaxati-va cu tratamente Maya in cadrul multiplelor centre Spa de pe Riviera Maya<\/li><\/ul>\n","protected":false},"excerpt":{"rendered":"<p>Fraza \u201eceva pentru fiecare\u201d este prima ce ne vine \u00een minte: pentru iubitorii de natur\u0103 avem balene, migra\u0163ia fluturilor monarh, recifele de corali de-a lungul coastei Yucatanului \u015fi cel mai &#8230;<\/p>\n","protected":false},"author":1,"featured_media":5071,"parent":0,"menu_order":0,"comment_status":"closed","ping_status":"closed","template":"","meta":[],"_links":{"self":[{"href":"https:\/\/laspalmas.md\/ru\/wp-json\/wp\/v2\/pages\/5068"}],"collection":[{"href":"https:\/\/laspalmas.md\/ru\/wp-json\/wp\/v2\/pages"}],"about":[{"href":"https:\/\/laspalmas.md\/ru\/wp-json\/wp\/v2\/types\/page"}],"author":[{"embeddable":true,"href":"https:\/\/laspalmas.md\/ru\/wp-json\/wp\/v2\/users\/1"}],"replies":[{"embeddable":true,"href":"https:\/\/laspalmas.md\/ru\/wp-json\/wp\/v2\/comments?post=5068"}],"version-history":[{"count":2,"href":"https:\/\/laspalmas.md\/ru\/wp-json\/wp\/v2\/pages\/5068\/revisions"}],"predecessor-version":[{"id":5070,"href":"https:\/\/laspalmas.md\/ru\/wp-json\/wp\/v2\/pages\/5068\/revisions\/5070"}],"wp:featuredmedia":[{"embeddable":true,"href":"https:\/\/laspalmas.md\/ru\/wp-json\/wp\/v2\/media\/5071"}],"wp:attachment":[{"href":"https:\/\/laspalmas.md\/ru\/wp-json\/wp\/v2\/media?parent=5068"}],"curies":[{"name":"wp","href":"https:\/\/api.w.org\/{rel}","templated":true}]}}