{"id":5049,"date":"2021-03-22T18:17:57","date_gmt":"2021-03-22T15:17:57","guid":{"rendered":"https:\/\/laspalmas.md\/?page_id=5049"},"modified":"2021-03-22T18:29:47","modified_gmt":"2021-03-22T15:29:47","slug":"gold-zanzibar-beach-house-spa-5","status":"publish","type":"page","link":"https:\/\/laspalmas.md\/ru\/gold-zanzibar-beach-house-spa-5\/","title":{"rendered":"Gold Zanzibar Beach House &#038; Spa 5*"},"content":{"rendered":"\n<p><strong>De la\u00a0772 Euro \/ 7 nopti \/ persoana in camera dubla \/ demipensiune<\/strong><br><br><\/p>\n\n\n\n<h4>Oferta include<\/h4>\n\n\n\n<ul><li>7 nop\u0163i cazare<\/li><li>demipensiune<\/li><\/ul>\n\n\n\n<h4>Oferta nu include<\/h4>\n\n\n\n<ul><li>transport<\/li><li>asigurare medicala \/ storno<\/li><\/ul>\n\n\n\n<h4>Cazare<\/h4>\n\n\n\n<p>Situat\u0103 pe plaja Kendwa, oaza de lux Gold Zanzibar Beach House &#038; Spa pune la dispozi\u0163ia oaspe\u021bilor unit\u0103\u0163i de cazare elegante, decorate individual, cu o teras\u0103 cu vedere la Oceanul Indian sau gr\u0103din\u0103. Ofer\u0103 un restaurant, un bar \u0219i o piscin\u0103 \u00een aer liber, \u00eenconjurat\u0103 de o gr\u0103din\u0103 tropical\u0103.<\/p>\n\n\n\n<p>Camerele \u0219i suitele au aer condi\u021bionat, mobilier modern, TV, dulap \u0219i baie privat\u0103 cu usc\u0103tor de p\u0103r. Recep\u021bia este deschis\u0103 nonstop, iar room service este, de asemenea, disponibil.<\/p>\n\n\n\n<p>\u00cen fiecare diminea\u0163\u0103 este servit un mic dejun tip bufet. Cele 2 restaurante de la Gold Zanzibar Beach House &#038; Spa servesc o serie de preparate interna\u021bionale \u0219i locale, \u00e0 la carte \u0219i sub form\u0103 de bufet. Cele 2 baruri ofer\u0103 o varietate de cocktailuri \u0219i b\u0103uturi pe tot parcursul zilei.<\/p>\n\n\n\n<p>Oaspe\u021bii pot face plaj\u0103 la piscin\u0103 sau pe terasa la soare, \u00eenconjurat\u0103 de palmieri, cu vedere la plaj\u0103. Ace\u015ftia se pot relaxa cu tratamente spa \u0219i masaje, iar pentru iubitorii de sport exist\u0103 un centru de scufund\u0103ri \u0219i o sal\u0103 de gimnastic\u0103. \u00cen zon\u0103 pot fi practicate activit\u0103\u0163i precum snorkelling, windsurfing \u0219i canotaj.<\/p>\n\n\n\n<p>P\u0103durea Masingini \u0219i Aeroportul Interna\u021bional Zanzibar se afl\u0103 la 1 or\u0103 de mers cu ma\u0219ina.<\/p>\n\n\n\n<h4>Conditii oferta<\/h4>\n\n\n\n<p>Tariful afisat este valabil in momentul editarii \/ postarii acestei oferte!<br>Locuri in limita disponibilitatii!<br>Atentie, disponibilitatea se poate schimba in orice moment, motiv pentru care va rugam sa ne contactati pentru reconfirmarea tarifelor si \/ sau a locurilor disponibile!<\/p>\n\n\n\n<h4>Valabilitate oferta<\/h4>\n\n\n\n<p>Tariful afisat este valabil pentru sejururi in perioada <strong>01 Mai 2021 &#8211; 24 Iun 2021.<\/strong><br><br><strong><a href=\"https:\/\/laspalmas.md\/contact-us-1\/\">Suna\u021bi acum pentru o vacanta relaxanta: 060552999 \/ 023 58 40 04<\/a><\/strong><br><br><\/p>\n\n\n\n<figure class=\"wp-block-image\"><img loading=\"lazy\" width=\"1024\" height=\"767\" src=\"https:\/\/laspalmas.md\/wp-content\/uploads\/2021\/03\/179169610-1-1024x767.jpg\" alt=\"\" class=\"wp-image-5058\" srcset=\"https:\/\/laspalmas.md\/wp-content\/uploads\/2021\/03\/179169610-1-1024x767.jpg 1024w, https:\/\/laspalmas.md\/wp-content\/uploads\/2021\/03\/179169610-1-300x225.jpg 300w, https:\/\/laspalmas.md\/wp-content\/uploads\/2021\/03\/179169610-1-768x575.jpg 768w, https:\/\/laspalmas.md\/wp-content\/uploads\/2021\/03\/179169610-1-640x480.jpg 640w, https:\/\/laspalmas.md\/wp-content\/uploads\/2021\/03\/179169610-1.jpg 1202w\" sizes=\"(max-width: 1024px) 100vw, 1024px\" \/><\/figure>\n\n\n\n<figure class=\"wp-block-image\"><img loading=\"lazy\" width=\"1024\" height=\"767\" src=\"https:\/\/laspalmas.md\/wp-content\/uploads\/2021\/03\/179169854-1024x767.jpg\" alt=\"\" class=\"wp-image-5059\" srcset=\"https:\/\/laspalmas.md\/wp-content\/uploads\/2021\/03\/179169854-1024x767.jpg 1024w, https:\/\/laspalmas.md\/wp-content\/uploads\/2021\/03\/179169854-300x225.jpg 300w, https:\/\/laspalmas.md\/wp-content\/uploads\/2021\/03\/179169854-768x575.jpg 768w, https:\/\/laspalmas.md\/wp-content\/uploads\/2021\/03\/179169854-640x480.jpg 640w, https:\/\/laspalmas.md\/wp-content\/uploads\/2021\/03\/179169854.jpg 1202w\" sizes=\"(max-width: 1024px) 100vw, 1024px\" \/><\/figure>\n\n\n\n<figure class=\"wp-block-image\"><img loading=\"lazy\" width=\"1024\" height=\"682\" src=\"https:\/\/laspalmas.md\/wp-content\/uploads\/2021\/03\/164188734-1024x682.jpg\" alt=\"\" class=\"wp-image-5060\" srcset=\"https:\/\/laspalmas.md\/wp-content\/uploads\/2021\/03\/164188734-1024x682.jpg 1024w, https:\/\/laspalmas.md\/wp-content\/uploads\/2021\/03\/164188734-300x200.jpg 300w, https:\/\/laspalmas.md\/wp-content\/uploads\/2021\/03\/164188734-768x512.jpg 768w, https:\/\/laspalmas.md\/wp-content\/uploads\/2021\/03\/164188734.jpg 1280w\" sizes=\"(max-width: 1024px) 100vw, 1024px\" \/><\/figure>\n\n\n\n<figure class=\"wp-block-image\"><img loading=\"lazy\" width=\"1024\" height=\"682\" src=\"https:\/\/laspalmas.md\/wp-content\/uploads\/2021\/03\/29288312-1024x682.jpg\" alt=\"\" class=\"wp-image-5062\" srcset=\"https:\/\/laspalmas.md\/wp-content\/uploads\/2021\/03\/29288312-1024x682.jpg 1024w, https:\/\/laspalmas.md\/wp-content\/uploads\/2021\/03\/29288312-300x200.jpg 300w, https:\/\/laspalmas.md\/wp-content\/uploads\/2021\/03\/29288312-768x512.jpg 768w, https:\/\/laspalmas.md\/wp-content\/uploads\/2021\/03\/29288312.jpg 1280w\" sizes=\"(max-width: 1024px) 100vw, 1024px\" \/><\/figure>\n\n\n\n<figure class=\"wp-block-image\"><img loading=\"lazy\" width=\"1024\" height=\"576\" src=\"https:\/\/laspalmas.md\/wp-content\/uploads\/2021\/03\/18242569-1024x576.jpg\" alt=\"\" class=\"wp-image-5063\" srcset=\"https:\/\/laspalmas.md\/wp-content\/uploads\/2021\/03\/18242569-1024x576.jpg 1024w, https:\/\/laspalmas.md\/wp-content\/uploads\/2021\/03\/18242569-300x169.jpg 300w, https:\/\/laspalmas.md\/wp-content\/uploads\/2021\/03\/18242569-768x432.jpg 768w, https:\/\/laspalmas.md\/wp-content\/uploads\/2021\/03\/18242569-640x360.jpg 640w, https:\/\/laspalmas.md\/wp-content\/uploads\/2021\/03\/18242569.jpg 1280w\" sizes=\"(max-width: 1024px) 100vw, 1024px\" \/><\/figure>\n\n\n\n<figure class=\"wp-block-image\"><img loading=\"lazy\" width=\"1024\" height=\"576\" src=\"https:\/\/laspalmas.md\/wp-content\/uploads\/2021\/03\/207180711-2-1024x576.jpg\" alt=\"\" class=\"wp-image-5065\" srcset=\"https:\/\/laspalmas.md\/wp-content\/uploads\/2021\/03\/207180711-2-1024x576.jpg 1024w, https:\/\/laspalmas.md\/wp-content\/uploads\/2021\/03\/207180711-2-300x169.jpg 300w, https:\/\/laspalmas.md\/wp-content\/uploads\/2021\/03\/207180711-2-768x432.jpg 768w, https:\/\/laspalmas.md\/wp-content\/uploads\/2021\/03\/207180711-2-640x360.jpg 640w, https:\/\/laspalmas.md\/wp-content\/uploads\/2021\/03\/207180711-2.jpg 1280w\" sizes=\"(max-width: 1024px) 100vw, 1024px\" \/><\/figure>\n\n\n\n<figure class=\"wp-block-image\"><img loading=\"lazy\" width=\"1024\" height=\"682\" src=\"https:\/\/laspalmas.md\/wp-content\/uploads\/2021\/03\/164327871-1024x682.jpg\" alt=\"\" class=\"wp-image-5066\" srcset=\"https:\/\/laspalmas.md\/wp-content\/uploads\/2021\/03\/164327871-1024x682.jpg 1024w, https:\/\/laspalmas.md\/wp-content\/uploads\/2021\/03\/164327871-300x200.jpg 300w, https:\/\/laspalmas.md\/wp-content\/uploads\/2021\/03\/164327871-768x512.jpg 768w, https:\/\/laspalmas.md\/wp-content\/uploads\/2021\/03\/164327871.jpg 1280w\" sizes=\"(max-width: 1024px) 100vw, 1024px\" \/><\/figure>\n","protected":false},"excerpt":{"rendered":"<p>De la\u00a0772 Euro \/ 7 nopti \/ persoana in camera dubla \/ demipensiune Oferta include 7 nop\u0163i cazare demipensiune Oferta nu include transport asigurare medicala \/ storno Cazare Situat\u0103 pe &#8230;<\/p>\n","protected":false},"author":1,"featured_media":5056,"parent":0,"menu_order":0,"comment_status":"closed","ping_status":"closed","template":"","meta":[],"_links":{"self":[{"href":"https:\/\/laspalmas.md\/ru\/wp-json\/wp\/v2\/pages\/5049"}],"collection":[{"href":"https:\/\/laspalmas.md\/ru\/wp-json\/wp\/v2\/pages"}],"about":[{"href":"https:\/\/laspalmas.md\/ru\/wp-json\/wp\/v2\/types\/page"}],"author":[{"embeddable":true,"href":"https:\/\/laspalmas.md\/ru\/wp-json\/wp\/v2\/users\/1"}],"replies":[{"embeddable":true,"href":"https:\/\/laspalmas.md\/ru\/wp-json\/wp\/v2\/comments?post=5049"}],"version-history":[{"count":9,"href":"https:\/\/laspalmas.md\/ru\/wp-json\/wp\/v2\/pages\/5049\/revisions"}],"predecessor-version":[{"id":5067,"href":"https:\/\/laspalmas.md\/ru\/wp-json\/wp\/v2\/pages\/5049\/revisions\/5067"}],"wp:featuredmedia":[{"embeddable":true,"href":"https:\/\/laspalmas.md\/ru\/wp-json\/wp\/v2\/media\/5056"}],"wp:attachment":[{"href":"https:\/\/laspalmas.md\/ru\/wp-json\/wp\/v2\/media?parent=5049"}],"curies":[{"name":"wp","href":"https:\/\/api.w.org\/{rel}","templated":true}]}}