{"id":5021,"date":"2021-03-22T18:05:34","date_gmt":"2021-03-22T15:05:34","guid":{"rendered":"https:\/\/laspalmas.md\/?page_id=5021"},"modified":"2021-03-22T18:17:38","modified_gmt":"2021-03-22T15:17:38","slug":"essque-zalu-zanzibar-5","status":"publish","type":"page","link":"https:\/\/laspalmas.md\/ru\/essque-zalu-zanzibar-5\/","title":{"rendered":"Essque Zalu Zanzibar 5*"},"content":{"rendered":"\n<p><strong>De la\u00a01054 Euro \/ 7 nopti \/ persoana in camera dubla \/ demipensiune<\/strong><br><\/p>\n\n\n\n<h4>Oferta include<\/h4>\n\n\n\n<ul><li>7 nop\u0163i cazare<\/li><li>demipensiune<\/li><\/ul>\n\n\n\n<h4>Oferta nu include<\/h4>\n\n\n\n<ul><li>transport<\/li><li>asigurare medicala \/ storno<\/li><\/ul>\n\n\n\n<h4>Cazare<\/h4>\n\n\n\n<p>Hotelul Essque Zalu Zanzibar 5* este situat l\u00e2ng\u0103 o p\u0103dure luxuriant\u0103, la 63 km de Aeroportul Interna\u021bional Zanzibar \u0219i la 58 km de Stone Town. Hotelul are acces direct la plaja si ofera vedere la Ocaenul Indian.<\/p>\n\n\n\n<p>Oaspetii au la dispozitie 3 restaurante si 3 baruri. Restaurantul Jetty ofera preparate din bucataria moderna araba, iar la restaurantul a la carte The Market Kitchen sunt servite delicioase preparate din gastronomia internationala. Barurile servesc bauturi racoritoare, gustari si cocktailuri.<\/p>\n\n\n\n<p>Maseuri si cosmeticieni ofera masaje si tratamente de infrumusetare.<\/p>\n\n\n\n<p>Hotelul Essque Zalu Zanzibar 5* pune la dispozitia oaspetilor sai: piscin\u0103 \u00een aer liber, gr\u0103din\u0103, teras\u0103, pescuit, scufund\u0103ri, snorkeling, saun\u0103, spa si centru de wellness, masaj, bar, mic dejun \u00een camer\u0103, restaurant (a la carte), snack bar, meniuri cu diete speciale (la cerere), room service, pr\u00e2nz la pachet, transfer de la\/la aeroport (contra cost), recep\u0163ie deschis\u0103 non stop, birou de turism, serviciu de v\u00e2nzare bilete, camer\u0103 de bagaje, babysitting\/servicii pentru copii, sp\u0103l\u0103torie, cur\u0103\u0163\u0103torie chimic\u0103, serviciu de c\u0103lcat, s\u0103li de conferin\u0163e \u015fi petreceri, magazin de suveniruri\/cadouri, facilit\u0103\u0163i VIP \u00een camer\u0103, seif, camere pentru nefum\u0103tori, Aer Condi\u0163ionat, Wi-Fi gratuit in intregul hotel, parcare gratuita fara rezervare.<\/p>\n\n\n\n<p>Toate cele 40 de suite spatioase combina designul contemporan cu stilul local Swahili si sunt amplasate sub un acoperis traditional Makuti. Acestea ofera de la balcoanele sau de pe terasele lor vedere la ocean sau la gradina si sunt prevazute cu Aer Conditionat, mini baruri, livinguri, dormitoare spatioase, bai cu dusuri si bideuri.<\/p>\n\n\n\n<h4>Conditii oferta<\/h4>\n\n\n\n<p>Tariful afisat este valabil in momentul editarii \/ postarii acestei oferte!<br>Locuri in limita disponibilitatii!<br>Atentie, disponibilitatea se poate schimba in orice moment, motiv pentru care va rugam sa ne contactati pentru reconfirmarea tarifelor si \/ sau a locurilor disponibile!<\/p>\n\n\n\n<h4>Valabilitate oferta<\/h4>\n\n\n\n<p>Tariful afisat este valabil pentru sejururi in perioada <strong>01 Apr 2021 &#8211; 24 Iun 2021.<\/strong><br><br><strong><a href=\"https:\/\/laspalmas.md\/contact-us-1\/\">Suna\u021bi acum pentru o vacanta relaxanta: 060552999 \/ 023 58 40 04<\/a><\/strong><br><br><\/p>\n\n\n\n<figure class=\"wp-block-image\"><img loading=\"lazy\" width=\"850\" height=\"478\" src=\"https:\/\/laspalmas.md\/wp-content\/uploads\/2021\/03\/essque-zalu-zanzibar-gallerydji_0041_essque-zalu-zanzibar-1.jpg\" alt=\"\" class=\"wp-image-5031\" srcset=\"https:\/\/laspalmas.md\/wp-content\/uploads\/2021\/03\/essque-zalu-zanzibar-gallerydji_0041_essque-zalu-zanzibar-1.jpg 850w, https:\/\/laspalmas.md\/wp-content\/uploads\/2021\/03\/essque-zalu-zanzibar-gallerydji_0041_essque-zalu-zanzibar-1-300x169.jpg 300w, https:\/\/laspalmas.md\/wp-content\/uploads\/2021\/03\/essque-zalu-zanzibar-gallerydji_0041_essque-zalu-zanzibar-1-768x432.jpg 768w, https:\/\/laspalmas.md\/wp-content\/uploads\/2021\/03\/essque-zalu-zanzibar-gallerydji_0041_essque-zalu-zanzibar-1-640x360.jpg 640w\" sizes=\"(max-width: 850px) 100vw, 850px\" \/><\/figure>\n\n\n\n<figure class=\"wp-block-image\"><img loading=\"lazy\" width=\"850\" height=\"478\" src=\"https:\/\/laspalmas.md\/wp-content\/uploads\/2021\/03\/essque-zalu-zanzibar-gallery51326ef46acb2_2__mg_7492.jpg\" alt=\"\" class=\"wp-image-5032\" srcset=\"https:\/\/laspalmas.md\/wp-content\/uploads\/2021\/03\/essque-zalu-zanzibar-gallery51326ef46acb2_2__mg_7492.jpg 850w, https:\/\/laspalmas.md\/wp-content\/uploads\/2021\/03\/essque-zalu-zanzibar-gallery51326ef46acb2_2__mg_7492-300x169.jpg 300w, https:\/\/laspalmas.md\/wp-content\/uploads\/2021\/03\/essque-zalu-zanzibar-gallery51326ef46acb2_2__mg_7492-768x432.jpg 768w, https:\/\/laspalmas.md\/wp-content\/uploads\/2021\/03\/essque-zalu-zanzibar-gallery51326ef46acb2_2__mg_7492-640x360.jpg 640w\" sizes=\"(max-width: 850px) 100vw, 850px\" \/><\/figure>\n\n\n\n<figure class=\"wp-block-image\"><img loading=\"lazy\" width=\"850\" height=\"478\" src=\"https:\/\/laspalmas.md\/wp-content\/uploads\/2021\/03\/essque-zalu-zanzibar-gallerydsc_9742_essque-zalu-zanzibar.jpg\" alt=\"\" class=\"wp-image-5034\" srcset=\"https:\/\/laspalmas.md\/wp-content\/uploads\/2021\/03\/essque-zalu-zanzibar-gallerydsc_9742_essque-zalu-zanzibar.jpg 850w, https:\/\/laspalmas.md\/wp-content\/uploads\/2021\/03\/essque-zalu-zanzibar-gallerydsc_9742_essque-zalu-zanzibar-300x169.jpg 300w, https:\/\/laspalmas.md\/wp-content\/uploads\/2021\/03\/essque-zalu-zanzibar-gallerydsc_9742_essque-zalu-zanzibar-768x432.jpg 768w, https:\/\/laspalmas.md\/wp-content\/uploads\/2021\/03\/essque-zalu-zanzibar-gallerydsc_9742_essque-zalu-zanzibar-640x360.jpg 640w\" sizes=\"(max-width: 850px) 100vw, 850px\" \/><\/figure>\n\n\n\n<figure class=\"wp-block-image\"><img loading=\"lazy\" width=\"850\" height=\"478\" src=\"https:\/\/laspalmas.md\/wp-content\/uploads\/2021\/03\/essque-zalu-zanzibar-gallerygarden-2_essque-zalu-zanzibar.jpg\" alt=\"\" class=\"wp-image-5036\" srcset=\"https:\/\/laspalmas.md\/wp-content\/uploads\/2021\/03\/essque-zalu-zanzibar-gallerygarden-2_essque-zalu-zanzibar.jpg 850w, https:\/\/laspalmas.md\/wp-content\/uploads\/2021\/03\/essque-zalu-zanzibar-gallerygarden-2_essque-zalu-zanzibar-300x169.jpg 300w, https:\/\/laspalmas.md\/wp-content\/uploads\/2021\/03\/essque-zalu-zanzibar-gallerygarden-2_essque-zalu-zanzibar-768x432.jpg 768w, https:\/\/laspalmas.md\/wp-content\/uploads\/2021\/03\/essque-zalu-zanzibar-gallerygarden-2_essque-zalu-zanzibar-640x360.jpg 640w\" sizes=\"(max-width: 850px) 100vw, 850px\" \/><\/figure>\n\n\n\n<figure class=\"wp-block-image\"><img loading=\"lazy\" width=\"850\" height=\"478\" src=\"https:\/\/laspalmas.md\/wp-content\/uploads\/2021\/03\/essque-zalu-zanzibar-gallerygardens-1_essque-zalu-zanzibar.jpg\" alt=\"\" class=\"wp-image-5038\" srcset=\"https:\/\/laspalmas.md\/wp-content\/uploads\/2021\/03\/essque-zalu-zanzibar-gallerygardens-1_essque-zalu-zanzibar.jpg 850w, https:\/\/laspalmas.md\/wp-content\/uploads\/2021\/03\/essque-zalu-zanzibar-gallerygardens-1_essque-zalu-zanzibar-300x169.jpg 300w, https:\/\/laspalmas.md\/wp-content\/uploads\/2021\/03\/essque-zalu-zanzibar-gallerygardens-1_essque-zalu-zanzibar-768x432.jpg 768w, https:\/\/laspalmas.md\/wp-content\/uploads\/2021\/03\/essque-zalu-zanzibar-gallerygardens-1_essque-zalu-zanzibar-640x360.jpg 640w\" sizes=\"(max-width: 850px) 100vw, 850px\" \/><\/figure>\n\n\n\n<figure class=\"wp-block-image\"><img loading=\"lazy\" width=\"850\" height=\"478\" src=\"https:\/\/laspalmas.md\/wp-content\/uploads\/2021\/03\/essque-zalu-zanzibar-gallerysuites_essque-zalu-zanzibar.jpg\" alt=\"\" class=\"wp-image-5040\" srcset=\"https:\/\/laspalmas.md\/wp-content\/uploads\/2021\/03\/essque-zalu-zanzibar-gallerysuites_essque-zalu-zanzibar.jpg 850w, https:\/\/laspalmas.md\/wp-content\/uploads\/2021\/03\/essque-zalu-zanzibar-gallerysuites_essque-zalu-zanzibar-300x169.jpg 300w, https:\/\/laspalmas.md\/wp-content\/uploads\/2021\/03\/essque-zalu-zanzibar-gallerysuites_essque-zalu-zanzibar-768x432.jpg 768w, https:\/\/laspalmas.md\/wp-content\/uploads\/2021\/03\/essque-zalu-zanzibar-gallerysuites_essque-zalu-zanzibar-640x360.jpg 640w\" sizes=\"(max-width: 850px) 100vw, 850px\" \/><\/figure>\n\n\n\n<figure class=\"wp-block-image\"><img loading=\"lazy\" width=\"850\" height=\"478\" src=\"https:\/\/laspalmas.md\/wp-content\/uploads\/2021\/03\/essque-zalu-zanzibar-galleryreception_essque-zalu-zanzibar.jpg\" alt=\"\" class=\"wp-image-5042\" srcset=\"https:\/\/laspalmas.md\/wp-content\/uploads\/2021\/03\/essque-zalu-zanzibar-galleryreception_essque-zalu-zanzibar.jpg 850w, https:\/\/laspalmas.md\/wp-content\/uploads\/2021\/03\/essque-zalu-zanzibar-galleryreception_essque-zalu-zanzibar-300x169.jpg 300w, https:\/\/laspalmas.md\/wp-content\/uploads\/2021\/03\/essque-zalu-zanzibar-galleryreception_essque-zalu-zanzibar-768x432.jpg 768w, https:\/\/laspalmas.md\/wp-content\/uploads\/2021\/03\/essque-zalu-zanzibar-galleryreception_essque-zalu-zanzibar-640x360.jpg 640w\" sizes=\"(max-width: 850px) 100vw, 850px\" \/><\/figure>\n\n\n\n<figure class=\"wp-block-image\"><img loading=\"lazy\" width=\"850\" height=\"478\" src=\"https:\/\/laspalmas.md\/wp-content\/uploads\/2021\/03\/essque-zalu-zanzibar-gallery_mg_7540.jpg\" alt=\"\" class=\"wp-image-5044\" srcset=\"https:\/\/laspalmas.md\/wp-content\/uploads\/2021\/03\/essque-zalu-zanzibar-gallery_mg_7540.jpg 850w, https:\/\/laspalmas.md\/wp-content\/uploads\/2021\/03\/essque-zalu-zanzibar-gallery_mg_7540-300x169.jpg 300w, https:\/\/laspalmas.md\/wp-content\/uploads\/2021\/03\/essque-zalu-zanzibar-gallery_mg_7540-768x432.jpg 768w, https:\/\/laspalmas.md\/wp-content\/uploads\/2021\/03\/essque-zalu-zanzibar-gallery_mg_7540-640x360.jpg 640w\" sizes=\"(max-width: 850px) 100vw, 850px\" \/><\/figure>\n\n\n\n<figure class=\"wp-block-image\"><img loading=\"lazy\" width=\"850\" height=\"478\" src=\"https:\/\/laspalmas.md\/wp-content\/uploads\/2021\/03\/essque-zalu-zanzibar-galleryvilla-room_essque-zalu-zanzibar.jpg\" alt=\"\" class=\"wp-image-5047\" srcset=\"https:\/\/laspalmas.md\/wp-content\/uploads\/2021\/03\/essque-zalu-zanzibar-galleryvilla-room_essque-zalu-zanzibar.jpg 850w, https:\/\/laspalmas.md\/wp-content\/uploads\/2021\/03\/essque-zalu-zanzibar-galleryvilla-room_essque-zalu-zanzibar-300x169.jpg 300w, https:\/\/laspalmas.md\/wp-content\/uploads\/2021\/03\/essque-zalu-zanzibar-galleryvilla-room_essque-zalu-zanzibar-768x432.jpg 768w, https:\/\/laspalmas.md\/wp-content\/uploads\/2021\/03\/essque-zalu-zanzibar-galleryvilla-room_essque-zalu-zanzibar-640x360.jpg 640w\" sizes=\"(max-width: 850px) 100vw, 850px\" \/><\/figure>\n","protected":false},"excerpt":{"rendered":"<p>De la\u00a01054 Euro \/ 7 nopti \/ persoana in camera dubla \/ demipensiune Oferta include 7 nop\u0163i cazare demipensiune Oferta nu include transport asigurare medicala \/ storno Cazare Hotelul Essque &#8230;<\/p>\n","protected":false},"author":1,"featured_media":5028,"parent":0,"menu_order":0,"comment_status":"closed","ping_status":"closed","template":"","meta":[],"_links":{"self":[{"href":"https:\/\/laspalmas.md\/ru\/wp-json\/wp\/v2\/pages\/5021"}],"collection":[{"href":"https:\/\/laspalmas.md\/ru\/wp-json\/wp\/v2\/pages"}],"about":[{"href":"https:\/\/laspalmas.md\/ru\/wp-json\/wp\/v2\/types\/page"}],"author":[{"embeddable":true,"href":"https:\/\/laspalmas.md\/ru\/wp-json\/wp\/v2\/users\/1"}],"replies":[{"embeddable":true,"href":"https:\/\/laspalmas.md\/ru\/wp-json\/wp\/v2\/comments?post=5021"}],"version-history":[{"count":16,"href":"https:\/\/laspalmas.md\/ru\/wp-json\/wp\/v2\/pages\/5021\/revisions"}],"predecessor-version":[{"id":5048,"href":"https:\/\/laspalmas.md\/ru\/wp-json\/wp\/v2\/pages\/5021\/revisions\/5048"}],"wp:featuredmedia":[{"embeddable":true,"href":"https:\/\/laspalmas.md\/ru\/wp-json\/wp\/v2\/media\/5028"}],"wp:attachment":[{"href":"https:\/\/laspalmas.md\/ru\/wp-json\/wp\/v2\/media?parent=5021"}],"curies":[{"name":"wp","href":"https:\/\/api.w.org\/{rel}","templated":true}]}}