{"id":4980,"date":"2021-03-22T17:42:23","date_gmt":"2021-03-22T14:42:23","guid":{"rendered":"https:\/\/laspalmas.md\/?page_id=4980"},"modified":"2021-03-22T17:52:43","modified_gmt":"2021-03-22T14:52:43","slug":"diamonds-la-gemma-dellest-5","status":"publish","type":"page","link":"https:\/\/laspalmas.md\/ru\/diamonds-la-gemma-dellest-5\/","title":{"rendered":"Diamonds La Gemma dell&#8217;Est 5*"},"content":{"rendered":"\n<p><strong>De la\u00a0157 Euro \/ persoana \/ noapte \/ Villa Club \/ All inclusive<\/strong><\/p>\n\n\n\n<h4>Oferta include<\/h4>\n\n\n\n<ul><li>cazare in Villa Club<\/li><li>All inclusive<\/li><\/ul>\n\n\n\n<h4>Oferta nu include<\/h4>\n\n\n\n<ul><li>ransport<\/li><li>asigurarea medicala \/ storno<\/li><\/ul>\n\n\n\n<h4>Cazare<\/h4>\n\n\n\n<p>Aceast\u0103 proprietate este la 3 minute pe jos fa\u021b\u0103 de plaj\u0103. Diamonds La Gemma dell&#8217;Est este \u00eenconjurat de gr\u0103dinile tropicale \u015fi cascadele de pe \u0163\u0103rmul nord-vestic al Zanzibarului. Pune la dispozi\u0163ie un centru de sporturi acvatice complet utilat, un centru spa \u015fi 4 restaurante.<\/p>\n\n\n\n<p>Fiecare camer\u0103 modern\u0103 are pat cu plase de \u021b\u00e2n\u021bari \u015fi ofer\u0103 TV cu ecran plat \u015fi canale prin satelit, minibar \u015fi facilit\u0103\u0163i de ceai \u015fi cafea. Baia proprie are cabin\u0103 de du\u015f.<\/p>\n\n\n\n<p>Diferitele restaurante de la Diamonds La Gemma servesc preparate dintr-o varietate de buc\u0103t\u0103rii, pe care le pute\u0163i savura at\u00e2t \u00een interior, c\u00e2t \u015fi \u00een aer liber. Toate cele 3 baruri ofer\u0103 coctailuri \u015fi spectacole live.<\/p>\n\n\n\n<p>Oaspe\u021bii se pot relaxa la piscina cu ap\u0103 s\u0103rat\u0103 sau se pot bucura de un masaj relaxant la spa. Pentru oaspe\u0163ii activi sunt disponibile un teren de tenis \u0219i o zon\u0103 de gimnastic\u0103 \u00een aer liber.<\/p>\n\n\n\n<p>Accesul Wi-Fi este gratuit \u00een zonele publice, iar oaspe\u0163ii pot folosi un centru de afaceri \u00een timpul sejurului. Aeroportul Interna\u0163ional Zanzibar se afl\u0103 la 1 or\u0103 de mers cu ma\u015fina.<\/p>\n\n\n\n<ul><li><\/li><\/ul>\n\n\n\n<h4>Conditii oferta<\/h4>\n\n\n\n<p>Tariful afisat este valabil in momentul editarii \/ postarii acestei oferte!<br>Locuri in limita disponibilitatii!<br>Atentie, disponibilitatea se poate schimba in orice moment, motiv pentru care va rugam sa ne contactati pentru reconfirmarea tarifelor si \/ sau a locurilor disponibile!<\/p>\n\n\n\n<p>PACHET LUNA DE MIERE:<\/p>\n\n\n\n<ul><li>Flori in camera la sosire<\/li><li>Cos cu fructe in camera la sosire<\/li><li>1 sticla de vin<\/li><li>20% discount la MVUA SPA<\/li><\/ul>\n\n\n\n<h4>Valabilitate oferta<\/h4>\n\n\n\n<p>Oferta valabila in limita disponibilitatilor la momentul rezervarii.<br><br><strong><a href=\"https:\/\/laspalmas.md\/contact-us-1\/\">Suna\u021bi acum pentru o vacanta relaxanta: 060552999 \/ 023 58 40 04<\/a><\/strong><\/p>\n\n\n\n<figure class=\"wp-block-image\"><img loading=\"lazy\" width=\"850\" height=\"531\" src=\"https:\/\/laspalmas.md\/wp-content\/uploads\/2021\/03\/diamonds_gemma_est_gallery_03.jpg\" alt=\"\" class=\"wp-image-4986\" srcset=\"https:\/\/laspalmas.md\/wp-content\/uploads\/2021\/03\/diamonds_gemma_est_gallery_03.jpg 850w, https:\/\/laspalmas.md\/wp-content\/uploads\/2021\/03\/diamonds_gemma_est_gallery_03-300x187.jpg 300w, https:\/\/laspalmas.md\/wp-content\/uploads\/2021\/03\/diamonds_gemma_est_gallery_03-768x480.jpg 768w\" sizes=\"(max-width: 850px) 100vw, 850px\" \/><\/figure>\n\n\n\n<figure class=\"wp-block-image\"><img loading=\"lazy\" width=\"850\" height=\"531\" src=\"https:\/\/laspalmas.md\/wp-content\/uploads\/2021\/03\/diamonds_gemma_est_gallery_16.jpg\" alt=\"\" class=\"wp-image-4987\" srcset=\"https:\/\/laspalmas.md\/wp-content\/uploads\/2021\/03\/diamonds_gemma_est_gallery_16.jpg 850w, https:\/\/laspalmas.md\/wp-content\/uploads\/2021\/03\/diamonds_gemma_est_gallery_16-300x187.jpg 300w, https:\/\/laspalmas.md\/wp-content\/uploads\/2021\/03\/diamonds_gemma_est_gallery_16-768x480.jpg 768w\" sizes=\"(max-width: 850px) 100vw, 850px\" \/><\/figure>\n\n\n\n<figure class=\"wp-block-image\"><img loading=\"lazy\" width=\"850\" height=\"531\" src=\"https:\/\/laspalmas.md\/wp-content\/uploads\/2021\/03\/diamonds_gemma_est_gallery_31.jpg\" alt=\"\" class=\"wp-image-4988\" srcset=\"https:\/\/laspalmas.md\/wp-content\/uploads\/2021\/03\/diamonds_gemma_est_gallery_31.jpg 850w, https:\/\/laspalmas.md\/wp-content\/uploads\/2021\/03\/diamonds_gemma_est_gallery_31-300x187.jpg 300w, https:\/\/laspalmas.md\/wp-content\/uploads\/2021\/03\/diamonds_gemma_est_gallery_31-768x480.jpg 768w\" sizes=\"(max-width: 850px) 100vw, 850px\" \/><\/figure>\n\n\n\n<figure class=\"wp-block-image\"><img loading=\"lazy\" width=\"850\" height=\"531\" src=\"https:\/\/laspalmas.md\/wp-content\/uploads\/2021\/03\/diamonds_gemma_est_gallery_15.jpg\" alt=\"\" class=\"wp-image-4992\" srcset=\"https:\/\/laspalmas.md\/wp-content\/uploads\/2021\/03\/diamonds_gemma_est_gallery_15.jpg 850w, https:\/\/laspalmas.md\/wp-content\/uploads\/2021\/03\/diamonds_gemma_est_gallery_15-300x187.jpg 300w, https:\/\/laspalmas.md\/wp-content\/uploads\/2021\/03\/diamonds_gemma_est_gallery_15-768x480.jpg 768w\" sizes=\"(max-width: 850px) 100vw, 850px\" \/><\/figure>\n\n\n\n<figure class=\"wp-block-image\"><img loading=\"lazy\" width=\"850\" height=\"531\" src=\"https:\/\/laspalmas.md\/wp-content\/uploads\/2021\/03\/diamonds_gemma_est_gallery_04.jpg\" alt=\"\" class=\"wp-image-4995\" srcset=\"https:\/\/laspalmas.md\/wp-content\/uploads\/2021\/03\/diamonds_gemma_est_gallery_04.jpg 850w, https:\/\/laspalmas.md\/wp-content\/uploads\/2021\/03\/diamonds_gemma_est_gallery_04-300x187.jpg 300w, https:\/\/laspalmas.md\/wp-content\/uploads\/2021\/03\/diamonds_gemma_est_gallery_04-768x480.jpg 768w\" sizes=\"(max-width: 850px) 100vw, 850px\" \/><\/figure>\n\n\n\n<figure class=\"wp-block-image\"><img loading=\"lazy\" width=\"850\" height=\"531\" src=\"https:\/\/laspalmas.md\/wp-content\/uploads\/2021\/03\/diamonds_gemma_est_gallery_39.jpg\" alt=\"\" class=\"wp-image-4996\" srcset=\"https:\/\/laspalmas.md\/wp-content\/uploads\/2021\/03\/diamonds_gemma_est_gallery_39.jpg 850w, https:\/\/laspalmas.md\/wp-content\/uploads\/2021\/03\/diamonds_gemma_est_gallery_39-300x187.jpg 300w, https:\/\/laspalmas.md\/wp-content\/uploads\/2021\/03\/diamonds_gemma_est_gallery_39-768x480.jpg 768w\" sizes=\"(max-width: 850px) 100vw, 850px\" \/><\/figure>\n\n\n\n<figure class=\"wp-block-image\"><img loading=\"lazy\" width=\"823\" height=\"576\" src=\"https:\/\/laspalmas.md\/wp-content\/uploads\/2021\/03\/OceanSuite.jpg\" alt=\"\" class=\"wp-image-4998\" srcset=\"https:\/\/laspalmas.md\/wp-content\/uploads\/2021\/03\/OceanSuite.jpg 823w, https:\/\/laspalmas.md\/wp-content\/uploads\/2021\/03\/OceanSuite-300x210.jpg 300w, https:\/\/laspalmas.md\/wp-content\/uploads\/2021\/03\/OceanSuite-768x538.jpg 768w\" sizes=\"(max-width: 823px) 100vw, 823px\" \/><\/figure>\n\n\n\n<figure class=\"wp-block-image\"><img loading=\"lazy\" width=\"823\" height=\"576\" src=\"https:\/\/laspalmas.md\/wp-content\/uploads\/2021\/03\/OceanSuite2.jpg\" alt=\"\" class=\"wp-image-4999\" srcset=\"https:\/\/laspalmas.md\/wp-content\/uploads\/2021\/03\/OceanSuite2.jpg 823w, https:\/\/laspalmas.md\/wp-content\/uploads\/2021\/03\/OceanSuite2-300x210.jpg 300w, https:\/\/laspalmas.md\/wp-content\/uploads\/2021\/03\/OceanSuite2-768x538.jpg 768w\" sizes=\"(max-width: 823px) 100vw, 823px\" \/><\/figure>\n","protected":false},"excerpt":{"rendered":"<p>De la\u00a0157 Euro \/ persoana \/ noapte \/ Villa Club \/ All inclusive Oferta include cazare in Villa Club All inclusive Oferta nu include ransport asigurarea medicala \/ storno Cazare &#8230;<\/p>\n","protected":false},"author":1,"featured_media":4994,"parent":0,"menu_order":0,"comment_status":"closed","ping_status":"closed","template":"","meta":[],"_links":{"self":[{"href":"https:\/\/laspalmas.md\/ru\/wp-json\/wp\/v2\/pages\/4980"}],"collection":[{"href":"https:\/\/laspalmas.md\/ru\/wp-json\/wp\/v2\/pages"}],"about":[{"href":"https:\/\/laspalmas.md\/ru\/wp-json\/wp\/v2\/types\/page"}],"author":[{"embeddable":true,"href":"https:\/\/laspalmas.md\/ru\/wp-json\/wp\/v2\/users\/1"}],"replies":[{"embeddable":true,"href":"https:\/\/laspalmas.md\/ru\/wp-json\/wp\/v2\/comments?post=4980"}],"version-history":[{"count":10,"href":"https:\/\/laspalmas.md\/ru\/wp-json\/wp\/v2\/pages\/4980\/revisions"}],"predecessor-version":[{"id":5001,"href":"https:\/\/laspalmas.md\/ru\/wp-json\/wp\/v2\/pages\/4980\/revisions\/5001"}],"wp:featuredmedia":[{"embeddable":true,"href":"https:\/\/laspalmas.md\/ru\/wp-json\/wp\/v2\/media\/4994"}],"wp:attachment":[{"href":"https:\/\/laspalmas.md\/ru\/wp-json\/wp\/v2\/media?parent=4980"}],"curies":[{"name":"wp","href":"https:\/\/api.w.org\/{rel}","templated":true}]}}