{"id":4956,"date":"2021-03-22T17:20:32","date_gmt":"2021-03-22T14:20:32","guid":{"rendered":"https:\/\/laspalmas.md\/?page_id=4956"},"modified":"2021-03-22T17:36:50","modified_gmt":"2021-03-22T14:36:50","slug":"six-senses-con-dao-6","status":"publish","type":"page","link":"https:\/\/laspalmas.md\/ru\/six-senses-con-dao-6\/","title":{"rendered":"Six Senses Con Dao 6*"},"content":{"rendered":"\n<p><strong>De la\u00a0597 Euro \/ persoana \/noapte \/ Oceanview Deluxe Poolvilla \/ mic dejun<\/strong><br><\/p>\n\n\n\n<h4>Oferta include<\/h4>\n\n\n\n<ul><li>cazare in&nbsp;Oceanview Deluxe Poolvilla<\/li><li>mic dejun<\/li><\/ul>\n\n\n\n<h4>Oferta nu include<\/h4>\n\n\n\n<p>\u2022 bilet de avion<br>\u2022 transferuri<br>\u2022 asigurare medicala<br>\u2022 excursii optionale si intrari la obiective turistice;<\/p>\n\n\n\n<h4>Cazare<\/h4>\n\n\n\n<p>Aceast\u0103 proprietate este la 2 minute pe jos de plaj\u0103. Situat pe paradisul intact al insulei Con Dao, la aproximativ 230 km de ora\u0219ul Ho Chi Minh, hotelul Six Senses ofer\u0103 vile de lux, cu piscine infinite private \u0219i priveli\u0219ti spectaculoase catre mare. Acesta ofer\u0103 o plaj\u0103 privat\u0103, spa \u0219i facilit\u0103\u021bi de fitness.<\/p>\n\n\n\n<p>Oaspe\u021bii se pot bucura de serviciul de majordom din camere, la dispozi\u021bia lor. \u00cen fiecare dintre vilele Six Senses ve\u021bi g\u0103si o zon\u0103 spa\u021bioas\u0103 de luat masa \u0219i o zon\u0103 de relaxare. Sunt disponibile DVD playere, un TV cu ecran plat \u0219i Wi-Fi gratuit.<\/p>\n\n\n\n<p>Va puteti relaxa \u00een lounge-ul bibliotecii sau \u00een apele inspumate pentru o scufundare. Proprietatea are o sal\u0103 de gimnastic\u0103 \u0219i facilit\u0103\u021bi de sporturi nautice.<\/p>\n\n\n\n<p>Restaurantul Six Senses serve\u0219te m\u00e2nc\u0103ruri g\u0103tite cu ingrediente organice. Oaspe\u021bii au posibilitatea de a m\u00e2nca \u00een restaurant, pe plaja privat\u0103 sau \u00een confortul propriei vile.<\/p>\n\n\n\n<p>Hotelul Con Dao&#8217;s Six Senses se afl\u0103 la 2 km de Parcul Na\u021bional Con Dao \u0219i la 8 km de Aeroportul Con Son. Sta\u021biunea este, de asemenea, accesibil\u0103 printr-un zbor intern de 50 de minute din ora\u0219ul Ho Chi Minh.<\/p>\n\n\n\n<h4>Conditii oferta<\/h4>\n\n\n\n<p>Tariful afisat este valabil in momentul editarii \/ postarii acestei oferte!<br>Locuri in limita disponibilitatii!<br>Atentie, disponibilitatea se poate schimba in orice moment, motiv pentru care va rugam sa ne contactati pentru reconfirmarea tarifelor si \/ sau a locurilor disponibile!<\/p>\n\n\n\n<h4>Valabilitate oferta<\/h4>\n\n\n\n<p>Oferta valabila in limita disponibilitatilor la momentul rezervarii.<br><strong><a href=\"https:\/\/laspalmas.md\/contact-us-1\/\">Suna\u021bi acum pentru o vacanta relaxanta: 060552999 \/ 023 58 40 04<\/a><\/strong><\/p>\n\n\n\n<figure class=\"wp-block-image\"><img loading=\"lazy\" width=\"850\" height=\"576\" src=\"https:\/\/laspalmas.md\/wp-content\/uploads\/2021\/03\/975x660_04_by_the_beach_restaurant.jpg\" alt=\"\" class=\"wp-image-4965\" srcset=\"https:\/\/laspalmas.md\/wp-content\/uploads\/2021\/03\/975x660_04_by_the_beach_restaurant.jpg 850w, https:\/\/laspalmas.md\/wp-content\/uploads\/2021\/03\/975x660_04_by_the_beach_restaurant-300x203.jpg 300w, https:\/\/laspalmas.md\/wp-content\/uploads\/2021\/03\/975x660_04_by_the_beach_restaurant-768x520.jpg 768w, https:\/\/laspalmas.md\/wp-content\/uploads\/2021\/03\/975x660_04_by_the_beach_restaurant-370x250.jpg 370w\" sizes=\"(max-width: 850px) 100vw, 850px\" \/><\/figure>\n\n\n\n<figure class=\"wp-block-image\"><img loading=\"lazy\" width=\"850\" height=\"576\" src=\"https:\/\/laspalmas.md\/wp-content\/uploads\/2021\/03\/975x660_24_ocean_front_3_bedroom_villa.jpg\" alt=\"\" class=\"wp-image-4966\" srcset=\"https:\/\/laspalmas.md\/wp-content\/uploads\/2021\/03\/975x660_24_ocean_front_3_bedroom_villa.jpg 850w, https:\/\/laspalmas.md\/wp-content\/uploads\/2021\/03\/975x660_24_ocean_front_3_bedroom_villa-300x203.jpg 300w, https:\/\/laspalmas.md\/wp-content\/uploads\/2021\/03\/975x660_24_ocean_front_3_bedroom_villa-768x520.jpg 768w, https:\/\/laspalmas.md\/wp-content\/uploads\/2021\/03\/975x660_24_ocean_front_3_bedroom_villa-370x250.jpg 370w\" sizes=\"(max-width: 850px) 100vw, 850px\" \/><\/figure>\n\n\n\n<figure class=\"wp-block-image\"><img loading=\"lazy\" width=\"850\" height=\"576\" src=\"https:\/\/laspalmas.md\/wp-content\/uploads\/2021\/03\/975x660_04_spa.jpg\" alt=\"\" class=\"wp-image-4968\" srcset=\"https:\/\/laspalmas.md\/wp-content\/uploads\/2021\/03\/975x660_04_spa.jpg 850w, https:\/\/laspalmas.md\/wp-content\/uploads\/2021\/03\/975x660_04_spa-300x203.jpg 300w, https:\/\/laspalmas.md\/wp-content\/uploads\/2021\/03\/975x660_04_spa-768x520.jpg 768w, https:\/\/laspalmas.md\/wp-content\/uploads\/2021\/03\/975x660_04_spa-370x250.jpg 370w\" sizes=\"(max-width: 850px) 100vw, 850px\" \/><\/figure>\n\n\n\n<figure class=\"wp-block-image\"><img loading=\"lazy\" width=\"850\" height=\"576\" src=\"https:\/\/laspalmas.md\/wp-content\/uploads\/2021\/03\/975x660_In_Villa_Barbecue_140x87.jpg\" alt=\"\" class=\"wp-image-4971\" srcset=\"https:\/\/laspalmas.md\/wp-content\/uploads\/2021\/03\/975x660_In_Villa_Barbecue_140x87.jpg 850w, https:\/\/laspalmas.md\/wp-content\/uploads\/2021\/03\/975x660_In_Villa_Barbecue_140x87-300x203.jpg 300w, https:\/\/laspalmas.md\/wp-content\/uploads\/2021\/03\/975x660_In_Villa_Barbecue_140x87-768x520.jpg 768w, https:\/\/laspalmas.md\/wp-content\/uploads\/2021\/03\/975x660_In_Villa_Barbecue_140x87-370x250.jpg 370w\" sizes=\"(max-width: 850px) 100vw, 850px\" \/><\/figure>\n\n\n\n<figure class=\"wp-block-image\"><img loading=\"lazy\" width=\"850\" height=\"576\" src=\"https:\/\/laspalmas.md\/wp-content\/uploads\/2021\/03\/975x660_Ocean_Front_Deluxe_Pool_Villa_4_140x87.jpg\" alt=\"\" class=\"wp-image-4972\" srcset=\"https:\/\/laspalmas.md\/wp-content\/uploads\/2021\/03\/975x660_Ocean_Front_Deluxe_Pool_Villa_4_140x87.jpg 850w, https:\/\/laspalmas.md\/wp-content\/uploads\/2021\/03\/975x660_Ocean_Front_Deluxe_Pool_Villa_4_140x87-300x203.jpg 300w, https:\/\/laspalmas.md\/wp-content\/uploads\/2021\/03\/975x660_Ocean_Front_Deluxe_Pool_Villa_4_140x87-768x520.jpg 768w, https:\/\/laspalmas.md\/wp-content\/uploads\/2021\/03\/975x660_Ocean_Front_Deluxe_Pool_Villa_4_140x87-370x250.jpg 370w\" sizes=\"(max-width: 850px) 100vw, 850px\" \/><\/figure>\n","protected":false},"excerpt":{"rendered":"<p>De la\u00a0597 Euro \/ persoana \/noapte \/ Oceanview Deluxe Poolvilla \/ mic dejun Oferta include cazare in&nbsp;Oceanview Deluxe Poolvilla mic dejun Oferta nu include \u2022 bilet de avion\u2022 transferuri\u2022 asigurare &#8230;<\/p>\n","protected":false},"author":1,"featured_media":4960,"parent":0,"menu_order":0,"comment_status":"closed","ping_status":"closed","template":"","meta":[],"_links":{"self":[{"href":"https:\/\/laspalmas.md\/ru\/wp-json\/wp\/v2\/pages\/4956"}],"collection":[{"href":"https:\/\/laspalmas.md\/ru\/wp-json\/wp\/v2\/pages"}],"about":[{"href":"https:\/\/laspalmas.md\/ru\/wp-json\/wp\/v2\/types\/page"}],"author":[{"embeddable":true,"href":"https:\/\/laspalmas.md\/ru\/wp-json\/wp\/v2\/users\/1"}],"replies":[{"embeddable":true,"href":"https:\/\/laspalmas.md\/ru\/wp-json\/wp\/v2\/comments?post=4956"}],"version-history":[{"count":11,"href":"https:\/\/laspalmas.md\/ru\/wp-json\/wp\/v2\/pages\/4956\/revisions"}],"predecessor-version":[{"id":4975,"href":"https:\/\/laspalmas.md\/ru\/wp-json\/wp\/v2\/pages\/4956\/revisions\/4975"}],"wp:featuredmedia":[{"embeddable":true,"href":"https:\/\/laspalmas.md\/ru\/wp-json\/wp\/v2\/media\/4960"}],"wp:attachment":[{"href":"https:\/\/laspalmas.md\/ru\/wp-json\/wp\/v2\/media?parent=4956"}],"curies":[{"name":"wp","href":"https:\/\/api.w.org\/{rel}","templated":true}]}}