{"id":4936,"date":"2021-03-22T17:09:27","date_gmt":"2021-03-22T14:09:27","guid":{"rendered":"https:\/\/laspalmas.md\/?page_id=4936"},"modified":"2021-03-22T17:20:18","modified_gmt":"2021-03-22T14:20:18","slug":"four-seasons-resort-the-nam-hai-hoi-an-6","status":"publish","type":"page","link":"https:\/\/laspalmas.md\/ru\/four-seasons-resort-the-nam-hai-hoi-an-6\/","title":{"rendered":"Four Seasons Resort The Nam Hai, Hoi An 6*"},"content":{"rendered":"\n<p><strong>De la\u00a0317 Euro \/ persoana \/ noapte \/ One Bedroom Villa \/ Mic dejun<\/strong><br><br><\/p>\n\n\n\n<h4>Oferta include<\/h4>\n\n\n\n<p>Cazare in&nbsp;One Bedroom Villa, mic dejun inclus<\/p>\n\n\n\n<h4>Oferta nu include<\/h4>\n\n\n\n<p>\u2022 Bilet de avion<br>\u2022 Transferuri<br>\u2022 Asigurare medicala<br>\u2022 Excursii optionale si intrari la obiective turistice;<\/p>\n\n\n\n<h4>Cazare<\/h4>\n\n\n\n<p>Four Seasons The Nam Hai, Hoi An se afl\u0103 pe \u021b\u0103rmul nealterat ale plajei Hoi An \u015fi ofer\u0103 vile luxoase, cu iPod docking station \u0219i WiFi gratuit. Are spa \u015fi 3 piscine situate pe malul m\u0103rii.<\/p>\n\n\n\n<p>Four Seasons The Nam Hai, Hoi An, Vietnam se afl\u0103 la 30 de minute de mers cu ma\u015fina de Aeroportul Interna\u0163ional Danang. Ora\u015ful Hoi An este la 10 minute de mers cu ma\u015fina.<\/p>\n\n\n\n<p>Vilele spa\u021bioase ofer\u0103 dessing. Acestea includ TV cu ecran plat \u015fi canale prin cablu, precum \u015fi sistem audio Bose. B\u0103ile includ du\u015f cu efect de ploaie. Exist\u0103 aparat de ceai\/cafea \u015fi minibar.<\/p>\n\n\n\n<p>Oaspe\u0163ii pot utiliza unul dintre cele 4 terenuri de tenis sau pot juca badminton sau baschet. Oaspe\u021bii se pot bucura de piscina superioar\u0103, disponibil\u0103 \u015fi pentru copii, sau pot \u00eenota \u00een piscina \u00eengust\u0103 sau \u00een piscina olimpic\u0103 de pe plaj\u0103 &#8211; at\u00e2t pentru adul\u021bi, c\u00e2t \u0219i pentru \u00eenot\u0103tori puternici. Este disponibil\u0103 \u015fi o bibliotec\u0103 pentru cei care doresc s\u0103 citeasc\u0103. Copiii se pot bucura de o varietate de activit\u0103\u0163i la clubul pentru copii.<\/p>\n\n\n\n<p>Restaurantul v\u0103 ofer\u0103 posibilitatea de a lua masa pe malul m\u0103rii \u00een timp ce savura\u021bi cele mai bune preparate vietnameze \u015fi interna\u0163ionale. Barul ofer\u0103 o gam\u0103 larg\u0103 de cocteiluri \u015fi gust\u0103ri. Restaurantul de pe plaj\u0103 ofer\u0103 o selec\u0163ie de fructe de mare \u015fi gr\u0103tare.<\/p>\n\n\n\n<h4>Conditii oferta<\/h4>\n\n\n\n<p>Tarifele pot varia in functie de disponibilitate si perioada de calatorie (in limita locurilor disponibile la momentul rezervarii).<\/p>\n\n\n\n<h4>Valabilitate oferta<\/h4>\n\n\n\n<p>Oferta valabila in limita disponibilitatilor la momentul rezervarii.<br><strong><a href=\"https:\/\/laspalmas.md\/contact-us-1\/\">Suna\u021bi acum pentru o vacanta relaxanta: 060552999 \/ 023 58 40 04<\/a><\/strong><\/p>\n\n\n\n<figure class=\"wp-block-image\"><img loading=\"lazy\" width=\"850\" height=\"478\" src=\"https:\/\/laspalmas.md\/wp-content\/uploads\/2021\/03\/cq5dam.web_.1280.720-9-1.jpeg\" alt=\"\" class=\"wp-image-4945\" srcset=\"https:\/\/laspalmas.md\/wp-content\/uploads\/2021\/03\/cq5dam.web_.1280.720-9-1.jpeg 850w, https:\/\/laspalmas.md\/wp-content\/uploads\/2021\/03\/cq5dam.web_.1280.720-9-1-300x169.jpeg 300w, https:\/\/laspalmas.md\/wp-content\/uploads\/2021\/03\/cq5dam.web_.1280.720-9-1-768x432.jpeg 768w, https:\/\/laspalmas.md\/wp-content\/uploads\/2021\/03\/cq5dam.web_.1280.720-9-1-640x360.jpeg 640w\" sizes=\"(max-width: 850px) 100vw, 850px\" \/><\/figure>\n\n\n\n<figure class=\"wp-block-image\"><img loading=\"lazy\" width=\"850\" height=\"478\" src=\"https:\/\/laspalmas.md\/wp-content\/uploads\/2021\/03\/cq5dam.web_.1280.720-7-1.jpeg\" alt=\"\" class=\"wp-image-4946\" srcset=\"https:\/\/laspalmas.md\/wp-content\/uploads\/2021\/03\/cq5dam.web_.1280.720-7-1.jpeg 850w, https:\/\/laspalmas.md\/wp-content\/uploads\/2021\/03\/cq5dam.web_.1280.720-7-1-300x169.jpeg 300w, https:\/\/laspalmas.md\/wp-content\/uploads\/2021\/03\/cq5dam.web_.1280.720-7-1-768x432.jpeg 768w, https:\/\/laspalmas.md\/wp-content\/uploads\/2021\/03\/cq5dam.web_.1280.720-7-1-640x360.jpeg 640w\" sizes=\"(max-width: 850px) 100vw, 850px\" \/><\/figure>\n\n\n\n<figure class=\"wp-block-image\"><img loading=\"lazy\" width=\"850\" height=\"478\" src=\"https:\/\/laspalmas.md\/wp-content\/uploads\/2021\/03\/cq5dam.web_.1280.720-17-2.jpeg\" alt=\"\" class=\"wp-image-4948\" srcset=\"https:\/\/laspalmas.md\/wp-content\/uploads\/2021\/03\/cq5dam.web_.1280.720-17-2.jpeg 850w, https:\/\/laspalmas.md\/wp-content\/uploads\/2021\/03\/cq5dam.web_.1280.720-17-2-300x169.jpeg 300w, https:\/\/laspalmas.md\/wp-content\/uploads\/2021\/03\/cq5dam.web_.1280.720-17-2-768x432.jpeg 768w, https:\/\/laspalmas.md\/wp-content\/uploads\/2021\/03\/cq5dam.web_.1280.720-17-2-640x360.jpeg 640w\" sizes=\"(max-width: 850px) 100vw, 850px\" \/><\/figure>\n\n\n\n<figure class=\"wp-block-image\"><img loading=\"lazy\" width=\"850\" height=\"478\" src=\"https:\/\/laspalmas.md\/wp-content\/uploads\/2021\/03\/cq5dam.web_.1280.720-20.jpeg\" alt=\"\" class=\"wp-image-4950\" srcset=\"https:\/\/laspalmas.md\/wp-content\/uploads\/2021\/03\/cq5dam.web_.1280.720-20.jpeg 850w, https:\/\/laspalmas.md\/wp-content\/uploads\/2021\/03\/cq5dam.web_.1280.720-20-300x169.jpeg 300w, https:\/\/laspalmas.md\/wp-content\/uploads\/2021\/03\/cq5dam.web_.1280.720-20-768x432.jpeg 768w, https:\/\/laspalmas.md\/wp-content\/uploads\/2021\/03\/cq5dam.web_.1280.720-20-640x360.jpeg 640w\" sizes=\"(max-width: 850px) 100vw, 850px\" \/><\/figure>\n\n\n\n<figure class=\"wp-block-image\"><img loading=\"lazy\" width=\"850\" height=\"478\" src=\"https:\/\/laspalmas.md\/wp-content\/uploads\/2021\/03\/cq5dam.web_.1280.720-3-1.jpeg\" alt=\"\" class=\"wp-image-4952\" srcset=\"https:\/\/laspalmas.md\/wp-content\/uploads\/2021\/03\/cq5dam.web_.1280.720-3-1.jpeg 850w, https:\/\/laspalmas.md\/wp-content\/uploads\/2021\/03\/cq5dam.web_.1280.720-3-1-300x169.jpeg 300w, https:\/\/laspalmas.md\/wp-content\/uploads\/2021\/03\/cq5dam.web_.1280.720-3-1-768x432.jpeg 768w, https:\/\/laspalmas.md\/wp-content\/uploads\/2021\/03\/cq5dam.web_.1280.720-3-1-640x360.jpeg 640w\" sizes=\"(max-width: 850px) 100vw, 850px\" \/><\/figure>\n\n\n\n<figure class=\"wp-block-image\"><img loading=\"lazy\" width=\"850\" height=\"478\" src=\"https:\/\/laspalmas.md\/wp-content\/uploads\/2021\/03\/cq5dam.web_.1280.720-4-1.jpeg\" alt=\"\" class=\"wp-image-4953\" srcset=\"https:\/\/laspalmas.md\/wp-content\/uploads\/2021\/03\/cq5dam.web_.1280.720-4-1.jpeg 850w, https:\/\/laspalmas.md\/wp-content\/uploads\/2021\/03\/cq5dam.web_.1280.720-4-1-300x169.jpeg 300w, https:\/\/laspalmas.md\/wp-content\/uploads\/2021\/03\/cq5dam.web_.1280.720-4-1-768x432.jpeg 768w, https:\/\/laspalmas.md\/wp-content\/uploads\/2021\/03\/cq5dam.web_.1280.720-4-1-640x360.jpeg 640w\" sizes=\"(max-width: 850px) 100vw, 850px\" \/><\/figure>\n\n\n\n<figure class=\"wp-block-image\"><img loading=\"lazy\" width=\"850\" height=\"478\" src=\"https:\/\/laspalmas.md\/wp-content\/uploads\/2021\/03\/cq5dam.web_.1280.720-13-1.jpeg\" alt=\"\" class=\"wp-image-4954\" srcset=\"https:\/\/laspalmas.md\/wp-content\/uploads\/2021\/03\/cq5dam.web_.1280.720-13-1.jpeg 850w, https:\/\/laspalmas.md\/wp-content\/uploads\/2021\/03\/cq5dam.web_.1280.720-13-1-300x169.jpeg 300w, https:\/\/laspalmas.md\/wp-content\/uploads\/2021\/03\/cq5dam.web_.1280.720-13-1-768x432.jpeg 768w, https:\/\/laspalmas.md\/wp-content\/uploads\/2021\/03\/cq5dam.web_.1280.720-13-1-640x360.jpeg 640w\" sizes=\"(max-width: 850px) 100vw, 850px\" \/><\/figure>\n","protected":false},"excerpt":{"rendered":"<p>De la\u00a0317 Euro \/ persoana \/ noapte \/ One Bedroom Villa \/ Mic dejun Oferta include Cazare in&nbsp;One Bedroom Villa, mic dejun inclus Oferta nu include \u2022 Bilet de avion\u2022 &#8230;<\/p>\n","protected":false},"author":1,"featured_media":4942,"parent":0,"menu_order":0,"comment_status":"closed","ping_status":"closed","template":"","meta":[],"_links":{"self":[{"href":"https:\/\/laspalmas.md\/ru\/wp-json\/wp\/v2\/pages\/4936"}],"collection":[{"href":"https:\/\/laspalmas.md\/ru\/wp-json\/wp\/v2\/pages"}],"about":[{"href":"https:\/\/laspalmas.md\/ru\/wp-json\/wp\/v2\/types\/page"}],"author":[{"embeddable":true,"href":"https:\/\/laspalmas.md\/ru\/wp-json\/wp\/v2\/users\/1"}],"replies":[{"embeddable":true,"href":"https:\/\/laspalmas.md\/ru\/wp-json\/wp\/v2\/comments?post=4936"}],"version-history":[{"count":10,"href":"https:\/\/laspalmas.md\/ru\/wp-json\/wp\/v2\/pages\/4936\/revisions"}],"predecessor-version":[{"id":4955,"href":"https:\/\/laspalmas.md\/ru\/wp-json\/wp\/v2\/pages\/4936\/revisions\/4955"}],"wp:featuredmedia":[{"embeddable":true,"href":"https:\/\/laspalmas.md\/ru\/wp-json\/wp\/v2\/media\/4942"}],"wp:attachment":[{"href":"https:\/\/laspalmas.md\/ru\/wp-json\/wp\/v2\/media?parent=4936"}],"curies":[{"name":"wp","href":"https:\/\/api.w.org\/{rel}","templated":true}]}}