{"id":4918,"date":"2021-03-22T17:01:04","date_gmt":"2021-03-22T14:01:04","guid":{"rendered":"https:\/\/laspalmas.md\/?page_id=4918"},"modified":"2021-03-22T17:09:08","modified_gmt":"2021-03-22T14:09:08","slug":"mia-resort-nha-trang-5","status":"publish","type":"page","link":"https:\/\/laspalmas.md\/ru\/mia-resort-nha-trang-5\/","title":{"rendered":"Mia Resort Nha Trang 5*"},"content":{"rendered":"\n<p><strong>De la\u00a0115 Euro \/ persoana \/ noapte \/ Garden Villa \/ mic dejun<\/strong><br><\/p>\n\n\n\n<h4>Oferta include<\/h4>\n\n\n\n<ul><li>cazare cu mic dejun in Garden Villa<\/li><\/ul>\n\n\n\n<h4>Oferta nu include<\/h4>\n\n\n\n<p>\u2022 Bilet de avion<br>\u2022 Transferuri<br>\u2022 Asigurare medicala<br>\u2022 Excursii optionale si intrari la obiective turistice;<br><\/p>\n\n\n\n<h4>Cazare<\/h4>\n\n\n\n<p>Aceast\u0103 proprietate este la 2 minute pe jos fa\u021b\u0103 de plaj\u0103. Mia Resort Nha Trang, de 5 stele, ofer\u0103 sesiuni de yoga pe plaj\u0103 gratuite s\u00e2mb\u0103ta, precum \u0219i servicii de buggy \u00een jurul propriet\u0103\u021bii. O piscin\u0103 \u00een aer liber \u0219i masaj terapeutic de relaxare sunt, de asemenea, disponibile. Oaspe\u021bii pot lua parte la cursuri de g\u0103tit, la excursii de snorkelling \u0219i excursii de o zi.<\/p>\n\n\n\n<p>Spa\u021bioase \u0219i luxoase, toate vilele cu aer condi\u021bionat includ WiFi gratuit, vedere frumoas\u0103 la ocean, hamace \u0219i zone de lounge confortabile. Unele vile au \u0219i o piscin\u0103 privat\u0103. Ave\u021bi la dispozi\u021bie du\u0219uri interioare \u0219i exterioare, precum \u0219i o cad\u0103.<\/p>\n\n\n\n<p>Situat la 3 minute de mers pe jos de plaja Bai Dong, Mia Resort Nha Trang se afl\u0103 la mai pu\u021bin de 5 km de frumosul teren de golf din Diamond Bay, creat de Andy Dye. Acesta se afl\u0103 la 25 de minute de aeroportul Cam Ranh, gara Nha Trang, de pagoda Long Son \u0219i de parcul tematic Vinpearl.<\/p>\n\n\n\n<p>Complexul organizeaz\u0103 zilnic excursii la zona marin\u0103 protejat\u0103 Hon Mun. Oaspe\u021bii pot vizita \u0219i centrul spa Xanh pentru o dup\u0103-amiaz\u0103 de r\u0103sf\u0103\u021b. De asemenea, complexul ofer\u0103 un centru de afaceri, \u00eenchirieri de ma\u0219ini \u0219i servicii de sp\u0103l\u0103torie.<\/p>\n\n\n\n<p>Sandals Restaurant &#038; Bar serve\u0219te preparate din fructe de mare \u0219i preparate din buc\u0103t\u0103ria interna\u021bional\u0103. Mojito&#8217;s Restaurant &#038; Bar este specializat \u00een produse alimentare japoneze. Tartine de mic dejun tip bufet sunt disponibile zilnic \u00een ambele restaurante.<\/p>\n\n\n\n<h4>Conditii oferta<\/h4>\n\n\n\n<p>Tarifele pot varia in functie de disponibilitate si perioada de calatorie (in limita locurilor disponibile la momentul rezervarii).<\/p>\n\n\n\n<h4>Valabilitate oferta<\/h4>\n\n\n\n<p>Oferta valabila in limita disponibilitatilor la momentul rezervarii.<br><\/p>\n\n\n\n<figure class=\"wp-block-image\"><img loading=\"lazy\" width=\"850\" height=\"566\" src=\"https:\/\/laspalmas.md\/wp-content\/uploads\/2021\/03\/112267237.jpg\" alt=\"\" class=\"wp-image-4926\" srcset=\"https:\/\/laspalmas.md\/wp-content\/uploads\/2021\/03\/112267237.jpg 850w, https:\/\/laspalmas.md\/wp-content\/uploads\/2021\/03\/112267237-300x200.jpg 300w, https:\/\/laspalmas.md\/wp-content\/uploads\/2021\/03\/112267237-768x511.jpg 768w\" sizes=\"(max-width: 850px) 100vw, 850px\" \/><\/figure>\n\n\n\n<figure class=\"wp-block-image\"><img loading=\"lazy\" width=\"850\" height=\"568\" src=\"https:\/\/laspalmas.md\/wp-content\/uploads\/2021\/03\/112269685.jpg\" alt=\"\" class=\"wp-image-4928\" srcset=\"https:\/\/laspalmas.md\/wp-content\/uploads\/2021\/03\/112269685.jpg 850w, https:\/\/laspalmas.md\/wp-content\/uploads\/2021\/03\/112269685-300x200.jpg 300w, https:\/\/laspalmas.md\/wp-content\/uploads\/2021\/03\/112269685-768x513.jpg 768w\" sizes=\"(max-width: 850px) 100vw, 850px\" \/><\/figure>\n\n\n\n<figure class=\"wp-block-image\"><img loading=\"lazy\" width=\"850\" height=\"566\" src=\"https:\/\/laspalmas.md\/wp-content\/uploads\/2021\/03\/112267822.jpg\" alt=\"\" class=\"wp-image-4929\" srcset=\"https:\/\/laspalmas.md\/wp-content\/uploads\/2021\/03\/112267822.jpg 850w, https:\/\/laspalmas.md\/wp-content\/uploads\/2021\/03\/112267822-300x200.jpg 300w, https:\/\/laspalmas.md\/wp-content\/uploads\/2021\/03\/112267822-768x511.jpg 768w\" sizes=\"(max-width: 850px) 100vw, 850px\" \/><\/figure>\n\n\n\n<figure class=\"wp-block-image\"><img loading=\"lazy\" width=\"850\" height=\"566\" src=\"https:\/\/laspalmas.md\/wp-content\/uploads\/2021\/03\/112269518.jpg\" alt=\"\" class=\"wp-image-4931\" srcset=\"https:\/\/laspalmas.md\/wp-content\/uploads\/2021\/03\/112269518.jpg 850w, https:\/\/laspalmas.md\/wp-content\/uploads\/2021\/03\/112269518-300x200.jpg 300w, https:\/\/laspalmas.md\/wp-content\/uploads\/2021\/03\/112269518-768x511.jpg 768w\" sizes=\"(max-width: 850px) 100vw, 850px\" \/><\/figure>\n\n\n\n<figure class=\"wp-block-image\"><img loading=\"lazy\" width=\"850\" height=\"566\" src=\"https:\/\/laspalmas.md\/wp-content\/uploads\/2021\/03\/112270212.jpg\" alt=\"\" class=\"wp-image-4933\" srcset=\"https:\/\/laspalmas.md\/wp-content\/uploads\/2021\/03\/112270212.jpg 850w, https:\/\/laspalmas.md\/wp-content\/uploads\/2021\/03\/112270212-300x200.jpg 300w, https:\/\/laspalmas.md\/wp-content\/uploads\/2021\/03\/112270212-768x511.jpg 768w\" sizes=\"(max-width: 850px) 100vw, 850px\" \/><\/figure>\n\n\n\n<figure class=\"wp-block-image\"><img loading=\"lazy\" width=\"850\" height=\"566\" src=\"https:\/\/laspalmas.md\/wp-content\/uploads\/2021\/03\/112273615.jpg\" alt=\"\" class=\"wp-image-4934\" srcset=\"https:\/\/laspalmas.md\/wp-content\/uploads\/2021\/03\/112273615.jpg 850w, https:\/\/laspalmas.md\/wp-content\/uploads\/2021\/03\/112273615-300x200.jpg 300w, https:\/\/laspalmas.md\/wp-content\/uploads\/2021\/03\/112273615-768x511.jpg 768w\" sizes=\"(max-width: 850px) 100vw, 850px\" \/><\/figure>\n","protected":false},"excerpt":{"rendered":"<p>De la\u00a0115 Euro \/ persoana \/ noapte \/ Garden Villa \/ mic dejun Oferta include cazare cu mic dejun in Garden Villa Oferta nu include \u2022 Bilet de avion\u2022 Transferuri\u2022 &#8230;<\/p>\n","protected":false},"author":1,"featured_media":4923,"parent":0,"menu_order":0,"comment_status":"closed","ping_status":"closed","template":"","meta":[],"_links":{"self":[{"href":"https:\/\/laspalmas.md\/ru\/wp-json\/wp\/v2\/pages\/4918"}],"collection":[{"href":"https:\/\/laspalmas.md\/ru\/wp-json\/wp\/v2\/pages"}],"about":[{"href":"https:\/\/laspalmas.md\/ru\/wp-json\/wp\/v2\/types\/page"}],"author":[{"embeddable":true,"href":"https:\/\/laspalmas.md\/ru\/wp-json\/wp\/v2\/users\/1"}],"replies":[{"embeddable":true,"href":"https:\/\/laspalmas.md\/ru\/wp-json\/wp\/v2\/comments?post=4918"}],"version-history":[{"count":9,"href":"https:\/\/laspalmas.md\/ru\/wp-json\/wp\/v2\/pages\/4918\/revisions"}],"predecessor-version":[{"id":4935,"href":"https:\/\/laspalmas.md\/ru\/wp-json\/wp\/v2\/pages\/4918\/revisions\/4935"}],"wp:featuredmedia":[{"embeddable":true,"href":"https:\/\/laspalmas.md\/ru\/wp-json\/wp\/v2\/media\/4923"}],"wp:attachment":[{"href":"https:\/\/laspalmas.md\/ru\/wp-json\/wp\/v2\/media?parent=4918"}],"curies":[{"name":"wp","href":"https:\/\/api.w.org\/{rel}","templated":true}]}}