{"id":4896,"date":"2021-03-18T21:52:24","date_gmt":"2021-03-18T18:52:24","guid":{"rendered":"https:\/\/laspalmas.md\/?page_id=4896"},"modified":"2021-03-22T16:54:47","modified_gmt":"2021-03-22T13:54:47","slug":"uga-bay-by-uga-escapes-5","status":"publish","type":"page","link":"https:\/\/laspalmas.md\/ru\/uga-bay-by-uga-escapes-5\/","title":{"rendered":"Uga Bay by Uga Escapes 5*"},"content":{"rendered":"\n<p><strong>De la\u00a054 Euro \/ persoana \/ noapte \/ Beach Studio \/ mic dejun<\/strong><br><br><a href=\"https:\/\/laspalmas.md\/contact-us-1\/\"><strong>REZERVEAZ\u0102 ACUM<\/strong><\/a><br><\/p>\n\n\n\n<h4>Oferta include<\/h4>\n\n\n\n<ul><li>cazare in&nbsp;Beach Studio<\/li><li>mic dejun<\/li><\/ul>\n\n\n\n<h4>Oferta nu include<\/h4>\n\n\n\n<ul><li>bilet de avion<\/li><li>transferuri aeroport \u2013 hotel \u2013 aeroport<\/li><li>sigurare medicala si storno<br><\/li><\/ul>\n\n\n\n<h4>Conditii oferta<\/h4>\n\n\n\n<p>Tariful afisat este valabil in momentul editarii \/ postarii acestei oferte!<br>Locuri in limita disponibilitatii!<br>Atentie, disponibilitatea se poate schimba in orice moment, motiv pentru care va rugam sa ne contactati pentru reconfirmarea tarifelor si \/ sau a locurilor disponibile!<\/p>\n\n\n\n<p><strong>Luna de miere<\/strong>&nbsp;&#8211;&nbsp;tinerii casatoriti primesc o cin\u0103 cu 5 feluri, inclusiv o sticl\u0103 de vin de cas\u0103 la hotel. Sejur minim 4 nop\u021bi. Valabil p\u00e2n\u0103 la 6 luni de la nunt\u0103.<\/p>\n\n\n\n<h4>Cazare<\/h4>\n\n\n\n<p>Aceast\u0103 proprietate este la 3 minute pe jos fa\u021b\u0103 de plaj\u0103. Situat pe malul m\u0103rii, la doar c\u00e2\u0163iva metri de plajele curate ale Golfului Pasikudha, Uga Bay ofer\u0103 camere bine dotate, o piscin\u0103 spa\u0163ioas\u0103 \u00een aer liber \u015fi acces gratuit la internet WiFi.<\/p>\n\n\n\n<p>Oferind vedere frumoas\u0103 la mare \u015fi la plaja Passekudah, hotelul se afl\u0103 la 36 km de ora\u015f \u015fi la 280 km de Aeroportul Interna\u0163ional Bandaranaike. Pentru un plus de confort, la un cost suplimentar se ofer\u0103 servicii de transfer de la\/la aeroport.<\/p>\n\n\n\n<p>Camerele ofer\u0103 aer condi\u0163ionat \u015fi sunt mobilate elegant, cu TV cu ecran plat de 42 inch, zon\u0103 de relaxare cu canapea, iPod docking station, minibar \u015fi facilit\u0103\u0163i pentru prepararea de ceai\/cafea. Baia privat\u0103 include du\u015f cu ap\u0103 cald\u0103\/rece \u015fi o cad\u0103 spa\u0163ioas\u0103.<\/p>\n\n\n\n<p>Exist\u0103 o recep\u0163ie deschis\u0103 nonstop care poate oferi servicii de sp\u0103l\u0103torie\/cur\u0103\u0163\u0103torie chimic\u0103, \u00eenchirieri de biciclete, servicii de transfer \u015fi room service disponibil nonstop. La cerere sunt disponibile \u015fi s\u0103li de conferin\u0163e.<\/p>\n\n\n\n<p>Uga Bay g\u0103zduie\u015fte \u015fi un restaurant care serve\u015fte preparate locale din Sri Lanka \u015fi m\u00e2nc\u0103ruri continentale.<\/p>\n\n\n\n<h4>Valabilitate oferta<\/h4>\n\n\n\n<p>Oferta valabila in limita disponibilitatilor la momentul rezervarii.<br><br><strong><a href=\"https:\/\/laspalmas.md\/contact-us-1\/\">Suna\u021bi acum pentru o vacanta relaxanta: 060552999 \/ 023 58 40 04<\/a><\/strong><\/p>\n\n\n\n<figure class=\"wp-block-image\"><img loading=\"lazy\" width=\"768\" height=\"576\" src=\"https:\/\/laspalmas.md\/wp-content\/uploads\/2021\/03\/ugaescapes-ugabay-gallery-large-10-1.jpg\" alt=\"\" class=\"wp-image-4910\" srcset=\"https:\/\/laspalmas.md\/wp-content\/uploads\/2021\/03\/ugaescapes-ugabay-gallery-large-10-1.jpg 768w, https:\/\/laspalmas.md\/wp-content\/uploads\/2021\/03\/ugaescapes-ugabay-gallery-large-10-1-300x225.jpg 300w, https:\/\/laspalmas.md\/wp-content\/uploads\/2021\/03\/ugaescapes-ugabay-gallery-large-10-1-640x480.jpg 640w\" sizes=\"(max-width: 768px) 100vw, 768px\" \/><\/figure>\n\n\n\n<figure class=\"wp-block-image\"><img loading=\"lazy\" width=\"768\" height=\"576\" src=\"https:\/\/laspalmas.md\/wp-content\/uploads\/2021\/03\/ugaescapes-ugabay-gallery-large-7.jpg\" alt=\"\" class=\"wp-image-4905\" srcset=\"https:\/\/laspalmas.md\/wp-content\/uploads\/2021\/03\/ugaescapes-ugabay-gallery-large-7.jpg 768w, https:\/\/laspalmas.md\/wp-content\/uploads\/2021\/03\/ugaescapes-ugabay-gallery-large-7-300x225.jpg 300w, https:\/\/laspalmas.md\/wp-content\/uploads\/2021\/03\/ugaescapes-ugabay-gallery-large-7-640x480.jpg 640w\" sizes=\"(max-width: 768px) 100vw, 768px\" \/><\/figure>\n\n\n\n<figure class=\"wp-block-image\"><img loading=\"lazy\" width=\"768\" height=\"576\" src=\"https:\/\/laspalmas.md\/wp-content\/uploads\/2021\/03\/ugaescapes-ugabay-gallery-large-8-1.jpg\" alt=\"\" class=\"wp-image-4906\" srcset=\"https:\/\/laspalmas.md\/wp-content\/uploads\/2021\/03\/ugaescapes-ugabay-gallery-large-8-1.jpg 768w, https:\/\/laspalmas.md\/wp-content\/uploads\/2021\/03\/ugaescapes-ugabay-gallery-large-8-1-300x225.jpg 300w, https:\/\/laspalmas.md\/wp-content\/uploads\/2021\/03\/ugaescapes-ugabay-gallery-large-8-1-640x480.jpg 640w\" sizes=\"(max-width: 768px) 100vw, 768px\" \/><\/figure>\n\n\n\n<figure class=\"wp-block-image\"><img loading=\"lazy\" width=\"768\" height=\"576\" src=\"https:\/\/laspalmas.md\/wp-content\/uploads\/2021\/03\/ugaescapes-ugabay-gallery-large-20.jpg\" alt=\"\" class=\"wp-image-4907\" srcset=\"https:\/\/laspalmas.md\/wp-content\/uploads\/2021\/03\/ugaescapes-ugabay-gallery-large-20.jpg 768w, https:\/\/laspalmas.md\/wp-content\/uploads\/2021\/03\/ugaescapes-ugabay-gallery-large-20-300x225.jpg 300w, https:\/\/laspalmas.md\/wp-content\/uploads\/2021\/03\/ugaescapes-ugabay-gallery-large-20-640x480.jpg 640w\" sizes=\"(max-width: 768px) 100vw, 768px\" \/><\/figure>\n","protected":false},"excerpt":{"rendered":"<p>De la\u00a054 Euro \/ persoana \/ noapte \/ Beach Studio \/ mic dejun REZERVEAZ\u0102 ACUM Oferta include cazare in&nbsp;Beach Studio mic dejun Oferta nu include bilet de avion transferuri aeroport &#8230;<\/p>\n","protected":false},"author":1,"featured_media":4901,"parent":0,"menu_order":0,"comment_status":"closed","ping_status":"closed","template":"","meta":[],"_links":{"self":[{"href":"https:\/\/laspalmas.md\/ru\/wp-json\/wp\/v2\/pages\/4896"}],"collection":[{"href":"https:\/\/laspalmas.md\/ru\/wp-json\/wp\/v2\/pages"}],"about":[{"href":"https:\/\/laspalmas.md\/ru\/wp-json\/wp\/v2\/types\/page"}],"author":[{"embeddable":true,"href":"https:\/\/laspalmas.md\/ru\/wp-json\/wp\/v2\/users\/1"}],"replies":[{"embeddable":true,"href":"https:\/\/laspalmas.md\/ru\/wp-json\/wp\/v2\/comments?post=4896"}],"version-history":[{"count":7,"href":"https:\/\/laspalmas.md\/ru\/wp-json\/wp\/v2\/pages\/4896\/revisions"}],"predecessor-version":[{"id":4911,"href":"https:\/\/laspalmas.md\/ru\/wp-json\/wp\/v2\/pages\/4896\/revisions\/4911"}],"wp:featuredmedia":[{"embeddable":true,"href":"https:\/\/laspalmas.md\/ru\/wp-json\/wp\/v2\/media\/4901"}],"wp:attachment":[{"href":"https:\/\/laspalmas.md\/ru\/wp-json\/wp\/v2\/media?parent=4896"}],"curies":[{"name":"wp","href":"https:\/\/api.w.org\/{rel}","templated":true}]}}