{"id":4883,"date":"2021-03-18T21:43:04","date_gmt":"2021-03-18T18:43:04","guid":{"rendered":"https:\/\/laspalmas.md\/?page_id=4883"},"modified":"2021-03-18T21:51:29","modified_gmt":"2021-03-18T18:51:29","slug":"taj-bentota-resort-spa-5","status":"publish","type":"page","link":"https:\/\/laspalmas.md\/ru\/taj-bentota-resort-spa-5\/","title":{"rendered":"Taj Bentota Resort &#038; Spa 5*"},"content":{"rendered":"\n<p><strong>De la\u00a084 Euro \/ persoana \/ noapte \/ Honeymooner Superior Charm Room \/ mic dejun<\/strong><br><br><a href=\"https:\/\/laspalmas.md\/contact-us-1\/\"><strong>REZERVEAZ\u0102 ACUM<\/strong><\/a><br><\/p>\n\n\n\n<h4>Oferta include<\/h4>\n\n\n\n<ul><li>cazare in Honeymooner Superior Charm Room<\/li><li>mic dejun<\/li><\/ul>\n\n\n\n<h4>Oferta nu include<\/h4>\n\n\n\n<ul><li>transport<\/li><li>asigurare medicala \/ storno<br><\/li><\/ul>\n\n\n\n<h4>Conditii oferta<\/h4>\n\n\n\n<p>Tariful afisat este valabil in momentul editarii \/ postarii acestei oferte!<br>Locuri in limita disponibilitatii!<br>Atentie, disponibilitatea se poate schimba in orice moment, motiv pentru care va rugam sa ne contactati pentru reconfirmarea tarifelor si \/ sau a locurilor disponibile!<\/p>\n\n\n\n<p>Luna de miere: hotelul ofera p\u00e2n\u0103 la 70% reducere la tariful de cazare pentru mireasa, o sticl\u0103 de vin, fructe, flori, o cin\u0103 romantic\u0103 cu lum\u00e2n\u0103ri \u0219i un upgrade la urm\u0103toarea categorie de camer\u0103 mai mare, \u00een func\u021bie de disponibilitate la sosire.<\/p>\n\n\n\n<h4>Cazare<\/h4>\n\n\n\n<p>Vivanta by Taj Bentota se afl\u0103 \u00een districtul Galle din Sri Lanka \u0219i ofer\u0103 vedere superb\u0103 la Oceanul Indian. Proprietatea pune la dispozi\u021bie servicii spa, piscin\u0103 \u00een aer liber \u0219i 5 restaurante.<\/p>\n\n\n\n<p>Camerele bine iluminate de la Vivanta au minibar \u0219i aparat de ceai\/cafea. Acestea sunt dotate cu TV cu canale prin cablu \u0219i cutie de valori. Balcoanele private ofer\u0103 zon\u0103 de relaxare \u00een aer liber \u0219i vedere la ocean.<\/p>\n\n\n\n<p>Vivanta by Taj Bentota se afl\u0103 la 60 km sud de Colombo. Aeroportul Interna\u021bional Bandaranaike este la aproximativ 90 km. Proprietatea are parcare gratuit\u0103.<\/p>\n\n\n\n<p>Pute\u021bi s\u0103 v\u0103 antrena\u021bi la centrul de fitness. Hotelul ofer\u0103 centru de afaceri \u0219i room service.<\/p>\n\n\n\n<p>Restaurantul Palms deschis nonstop serve\u0219te m\u00e2nc\u0103ruri interna\u021bionale. Oriental Pavilion ofer\u0103 m\u00e2nc\u0103ruri chineze\u0219ti autentice. Pute\u021bi s\u0103 savura\u021bi fructe de mare proaspete la restaurantul \u00een aer liber S.H.A.C.K.. Sea View serve\u0219te m\u00e2nc\u0103ruri rafinate. Cele 2 baruri ale hotelului ofer\u0103 cocktail-uri.<\/p>\n\n\n\n<h4>Valabilitate oferta<\/h4>\n\n\n\n<p>Oferta valabila in limita disponibilitatilor la momentul rezervarii.<br><br><strong><a href=\"https:\/\/laspalmas.md\/contact-us-1\/\">Suna\u021bi acum pentru o vacanta relaxanta: 060552999 \/ 023 58 40 04<\/a><\/strong><\/p>\n\n\n\n<figure class=\"wp-block-image\"><img loading=\"lazy\" width=\"850\" height=\"567\" src=\"https:\/\/laspalmas.md\/wp-content\/uploads\/2021\/03\/Deluxe_Delight_Sea_View_3x2-02.jpg\" alt=\"\" class=\"wp-image-4892\" srcset=\"https:\/\/laspalmas.md\/wp-content\/uploads\/2021\/03\/Deluxe_Delight_Sea_View_3x2-02.jpg 850w, https:\/\/laspalmas.md\/wp-content\/uploads\/2021\/03\/Deluxe_Delight_Sea_View_3x2-02-300x200.jpg 300w, https:\/\/laspalmas.md\/wp-content\/uploads\/2021\/03\/Deluxe_Delight_Sea_View_3x2-02-768x512.jpg 768w\" sizes=\"(max-width: 850px) 100vw, 850px\" \/><\/figure>\n\n\n\n<figure class=\"wp-block-image\"><img loading=\"lazy\" width=\"850\" height=\"567\" src=\"https:\/\/laspalmas.md\/wp-content\/uploads\/2021\/03\/vivanta-by-taj-bentota-sri-lanka_2_celsius-the-pool.jpg\" alt=\"\" class=\"wp-image-4893\" srcset=\"https:\/\/laspalmas.md\/wp-content\/uploads\/2021\/03\/vivanta-by-taj-bentota-sri-lanka_2_celsius-the-pool.jpg 850w, https:\/\/laspalmas.md\/wp-content\/uploads\/2021\/03\/vivanta-by-taj-bentota-sri-lanka_2_celsius-the-pool-300x200.jpg 300w, https:\/\/laspalmas.md\/wp-content\/uploads\/2021\/03\/vivanta-by-taj-bentota-sri-lanka_2_celsius-the-pool-768x512.jpg 768w\" sizes=\"(max-width: 850px) 100vw, 850px\" \/><\/figure>\n\n\n\n<figure class=\"wp-block-image\"><img loading=\"lazy\" width=\"768\" height=\"576\" src=\"https:\/\/laspalmas.md\/wp-content\/uploads\/2021\/03\/17327413-1.jpg\" alt=\"\" class=\"wp-image-4894\" srcset=\"https:\/\/laspalmas.md\/wp-content\/uploads\/2021\/03\/17327413-1.jpg 768w, https:\/\/laspalmas.md\/wp-content\/uploads\/2021\/03\/17327413-1-300x225.jpg 300w, https:\/\/laspalmas.md\/wp-content\/uploads\/2021\/03\/17327413-1-640x480.jpg 640w\" sizes=\"(max-width: 768px) 100vw, 768px\" \/><\/figure>\n","protected":false},"excerpt":{"rendered":"<p>De la\u00a084 Euro \/ persoana \/ noapte \/ Honeymooner Superior Charm Room \/ mic dejun REZERVEAZ\u0102 ACUM Oferta include cazare in Honeymooner Superior Charm Room mic dejun Oferta nu include &#8230;<\/p>\n","protected":false},"author":1,"featured_media":4885,"parent":0,"menu_order":0,"comment_status":"closed","ping_status":"closed","template":"","meta":[],"_links":{"self":[{"href":"https:\/\/laspalmas.md\/ru\/wp-json\/wp\/v2\/pages\/4883"}],"collection":[{"href":"https:\/\/laspalmas.md\/ru\/wp-json\/wp\/v2\/pages"}],"about":[{"href":"https:\/\/laspalmas.md\/ru\/wp-json\/wp\/v2\/types\/page"}],"author":[{"embeddable":true,"href":"https:\/\/laspalmas.md\/ru\/wp-json\/wp\/v2\/users\/1"}],"replies":[{"embeddable":true,"href":"https:\/\/laspalmas.md\/ru\/wp-json\/wp\/v2\/comments?post=4883"}],"version-history":[{"count":7,"href":"https:\/\/laspalmas.md\/ru\/wp-json\/wp\/v2\/pages\/4883\/revisions"}],"predecessor-version":[{"id":4895,"href":"https:\/\/laspalmas.md\/ru\/wp-json\/wp\/v2\/pages\/4883\/revisions\/4895"}],"wp:featuredmedia":[{"embeddable":true,"href":"https:\/\/laspalmas.md\/ru\/wp-json\/wp\/v2\/media\/4885"}],"wp:attachment":[{"href":"https:\/\/laspalmas.md\/ru\/wp-json\/wp\/v2\/media?parent=4883"}],"curies":[{"name":"wp","href":"https:\/\/api.w.org\/{rel}","templated":true}]}}