{"id":4867,"date":"2021-03-18T17:28:12","date_gmt":"2021-03-18T14:28:12","guid":{"rendered":"https:\/\/laspalmas.md\/?page_id=4867"},"modified":"2021-03-18T21:40:43","modified_gmt":"2021-03-18T18:40:43","slug":"shinagawa-beach-5","status":"publish","type":"page","link":"https:\/\/laspalmas.md\/ru\/shinagawa-beach-5\/","title":{"rendered":"Shinagawa Beach 5*"},"content":{"rendered":"\n<p><strong>De la\u00a038 Euro \/ persoana \/ noapte \/ Deluxe Room \/ Mic dejun<\/strong><br><br><a href=\"https:\/\/laspalmas.md\/contact-us-1\/\"><strong>REZERVEAZ\u0102 ACUM<\/strong><\/a><br><\/p>\n\n\n\n<h4>Oferta include<\/h4>\n\n\n\n<ul><li>cazare in Deluxe Room<\/li><li>mic dejun<\/li><\/ul>\n\n\n\n<h4>Oferta nu include<\/h4>\n\n\n\n<ul><li>bilet de avion<\/li><li>transferuri aeroport \u2013 hotel \u2013 aeroport<\/li><li>sigurare medicala si storno<br><\/li><\/ul>\n\n\n\n<h4>Cazare<\/h4>\n\n\n\n<p>Shinagawa Beach Hotel se afl\u0103 \u00een Balapitiya \u0219i ofer\u0103 unit\u0103\u021bi de cazare frumoase, ideale pentru un sejur relaxant, precum \u0219i o piscin\u0103 \u00een aer liber \u0219i un centru spa \u0219i de wellness. Hotelul are o zon\u0103 de plaj\u0103 privat\u0103 \u0219i pune la dispozi\u021bie WiFi gratuit.<\/p>\n\n\n\n<p>Camerele sunt decorate elegant \u0219i au balcon privat. Toate beneficiaz\u0103 de vedere la mare. De asemenea, camerele includ paturi confortabile, un TV cu ecran plat, aer condi\u021bionat \u0219i o baie privat\u0103. B\u0103ile sunt dotate cu cad\u0103 \u0219i usc\u0103tor de p\u0103r. Printre facilit\u0103\u021bile suplimentare se num\u0103r\u0103 un minibar, o zon\u0103 de relaxare \u0219i canale TV prin satelit.<\/p>\n\n\n\n<p>La Shinagawa Beach Hotel exist\u0103 un restaurant care ofer\u0103 un meniu interna\u021bional. Oaspe\u0163ii se pot relaxa savur\u00e2nd o b\u0103utur\u0103 la barul Crimson. Hotelul are de asemenea un birou de turism \u0219i asigur\u0103 servicii de sp\u0103l\u0103torie \u0219i cur\u0103\u021b\u0103torie chimic\u0103. Este disponibil\u0103 parcare gratuit\u0103.<\/p>\n\n\n\n<p>Gara \u0219i autogara din Balapitiya se afl\u0103 ambele la mai pu\u021bin de 4 km de hotel. Aeroportul Interna\u021bional Bandaranaike este situat la 140 km, iar r\u00e2ul Madu se g\u0103se\u0219te la aproximativ 4 km. Hotelul este amplasat la 8 km de Muzeul M\u0103\u0219tilor \u0219i la 500 m de Templul Vechi. Ora\u0219ul fortificat Galle se afl\u0103 la doar 77 km.<\/p>\n\n\n\n<figure class=\"wp-block-image\"><img loading=\"lazy\" width=\"900\" height=\"550\" src=\"https:\/\/laspalmas.md\/wp-content\/uploads\/2021\/03\/asialeisure-shinagawa-suite-gall-4.jpg\" alt=\"\" class=\"wp-image-4878\" srcset=\"https:\/\/laspalmas.md\/wp-content\/uploads\/2021\/03\/asialeisure-shinagawa-suite-gall-4.jpg 900w, https:\/\/laspalmas.md\/wp-content\/uploads\/2021\/03\/asialeisure-shinagawa-suite-gall-4-300x183.jpg 300w, https:\/\/laspalmas.md\/wp-content\/uploads\/2021\/03\/asialeisure-shinagawa-suite-gall-4-768x469.jpg 768w\" sizes=\"(max-width: 900px) 100vw, 900px\" \/><\/figure>\n\n\n\n<figure class=\"wp-block-image\"><img loading=\"lazy\" width=\"900\" height=\"550\" src=\"https:\/\/laspalmas.md\/wp-content\/uploads\/2021\/03\/asialeisure-shinagawa-suite-gall-5.jpg\" alt=\"\" class=\"wp-image-4879\" srcset=\"https:\/\/laspalmas.md\/wp-content\/uploads\/2021\/03\/asialeisure-shinagawa-suite-gall-5.jpg 900w, https:\/\/laspalmas.md\/wp-content\/uploads\/2021\/03\/asialeisure-shinagawa-suite-gall-5-300x183.jpg 300w, https:\/\/laspalmas.md\/wp-content\/uploads\/2021\/03\/asialeisure-shinagawa-suite-gall-5-768x469.jpg 768w\" sizes=\"(max-width: 900px) 100vw, 900px\" \/><\/figure>\n\n\n\n<figure class=\"wp-block-image\"><img loading=\"lazy\" width=\"900\" height=\"550\" src=\"https:\/\/laspalmas.md\/wp-content\/uploads\/2021\/03\/asialeisure-shinagawa-pool-gall-2.jpg\" alt=\"\" class=\"wp-image-4880\" srcset=\"https:\/\/laspalmas.md\/wp-content\/uploads\/2021\/03\/asialeisure-shinagawa-pool-gall-2.jpg 900w, https:\/\/laspalmas.md\/wp-content\/uploads\/2021\/03\/asialeisure-shinagawa-pool-gall-2-300x183.jpg 300w, https:\/\/laspalmas.md\/wp-content\/uploads\/2021\/03\/asialeisure-shinagawa-pool-gall-2-768x469.jpg 768w\" sizes=\"(max-width: 900px) 100vw, 900px\" \/><\/figure>\n\n\n\n<figure class=\"wp-block-image\"><img loading=\"lazy\" width=\"900\" height=\"550\" src=\"https:\/\/laspalmas.md\/wp-content\/uploads\/2021\/03\/asialeisure-shinagawa-pool-gall-1.jpg\" alt=\"\" class=\"wp-image-4881\" srcset=\"https:\/\/laspalmas.md\/wp-content\/uploads\/2021\/03\/asialeisure-shinagawa-pool-gall-1.jpg 900w, https:\/\/laspalmas.md\/wp-content\/uploads\/2021\/03\/asialeisure-shinagawa-pool-gall-1-300x183.jpg 300w, https:\/\/laspalmas.md\/wp-content\/uploads\/2021\/03\/asialeisure-shinagawa-pool-gall-1-768x469.jpg 768w\" sizes=\"(max-width: 900px) 100vw, 900px\" \/><\/figure>\n\n\n\n<h4>Conditii oferta<\/h4>\n\n\n\n<p>Tariful afisat este valabil in momentul editarii \/ postarii acestei oferte!<br>Locuri in limita disponibilitatii!<br>Atentie, disponibilitatea se poate schimba in orice moment, motiv pentru care va rugam sa ne contactati pentru reconfirmarea tarifelor si \/ sau a locurilor disponibile!<\/p>\n\n\n\n<p><strong>Luna de miere&nbsp;<\/strong><br>Tinerii casatoriti primesc o cin\u0103 cu 3 feluri la lumina lum\u00e2n\u0103rilor pe plaj\u0103 (f\u0103r\u0103 b\u0103uturi). Pentru un sejur minim de 6 nop\u021bi, vor primi, de asemenea, un masaj de cuplu de 45 de minute. Valabil p\u00e2n\u0103 la 6 luni de la casatorie<\/p>\n\n\n\n<h4>Valabilitate oferta<\/h4>\n\n\n\n<p>Oferta valabila in limita disponibilitatilor la momentul rezervarii.<br><br><strong><a href=\"https:\/\/laspalmas.md\/contact-us-1\/\">Suna\u021bi acum pentru o vacanta relaxanta: 060552999 \/ 023 58 40 04<\/a><\/strong><\/p>\n","protected":false},"excerpt":{"rendered":"<p>De la\u00a038 Euro \/ persoana \/ noapte \/ Deluxe Room \/ Mic dejun REZERVEAZ\u0102 ACUM Oferta include cazare in Deluxe Room mic dejun Oferta nu include bilet de avion transferuri &#8230;<\/p>\n","protected":false},"author":1,"featured_media":4875,"parent":0,"menu_order":0,"comment_status":"closed","ping_status":"closed","template":"","meta":[],"_links":{"self":[{"href":"https:\/\/laspalmas.md\/ru\/wp-json\/wp\/v2\/pages\/4867"}],"collection":[{"href":"https:\/\/laspalmas.md\/ru\/wp-json\/wp\/v2\/pages"}],"about":[{"href":"https:\/\/laspalmas.md\/ru\/wp-json\/wp\/v2\/types\/page"}],"author":[{"embeddable":true,"href":"https:\/\/laspalmas.md\/ru\/wp-json\/wp\/v2\/users\/1"}],"replies":[{"embeddable":true,"href":"https:\/\/laspalmas.md\/ru\/wp-json\/wp\/v2\/comments?post=4867"}],"version-history":[{"count":8,"href":"https:\/\/laspalmas.md\/ru\/wp-json\/wp\/v2\/pages\/4867\/revisions"}],"predecessor-version":[{"id":4882,"href":"https:\/\/laspalmas.md\/ru\/wp-json\/wp\/v2\/pages\/4867\/revisions\/4882"}],"wp:featuredmedia":[{"embeddable":true,"href":"https:\/\/laspalmas.md\/ru\/wp-json\/wp\/v2\/media\/4875"}],"wp:attachment":[{"href":"https:\/\/laspalmas.md\/ru\/wp-json\/wp\/v2\/media?parent=4867"}],"curies":[{"name":"wp","href":"https:\/\/api.w.org\/{rel}","templated":true}]}}