{"id":4854,"date":"2021-03-18T16:12:12","date_gmt":"2021-03-18T13:12:12","guid":{"rendered":"https:\/\/laspalmas.md\/?page_id=4854"},"modified":"2021-03-18T17:27:14","modified_gmt":"2021-03-18T14:27:14","slug":"shangri-las-hambantota-golf-resort-spa-5","status":"publish","type":"page","link":"https:\/\/laspalmas.md\/ru\/shangri-las-hambantota-golf-resort-spa-5\/","title":{"rendered":"Shangri-La&#8217;s Hambantota Golf Resort &#038; Spa 5*"},"content":{"rendered":"\n<p><strong>De la\u00a058 Euro \/ persoana \/ noapte \/ Deluxe room \/ demipensiune<\/strong><br><br><a href=\"https:\/\/laspalmas.md\/contact-us-1\/\"><strong>REZERVEAZ\u0102 ACUM<\/strong><\/a><br><\/p>\n\n\n\n<h4>Oferta include<\/h4>\n\n\n\n<ul><li>cazare in camera dubla Deluxe<\/li><li>mic dejun<\/li><\/ul>\n\n\n\n<h4>Oferta nu include<\/h4>\n\n\n\n<ul><li>transport<\/li><li>asigurare medicala \/ storno<br><\/li><\/ul>\n\n\n\n<h4>Conditii oferta<\/h4>\n\n\n\n<p>Tariful afisat este valabil in momentul editarii \/ postarii acestei oferte!<br>Locuri in limita disponibilitatii!<br>Atentie, disponibilitatea se poate schimba in orice moment, motiv pentru care va rugam sa ne contactati pentru reconfirmarea tarifelor si \/ sau a locurilor disponibile!<\/p>\n\n\n\n<h4>Cazare<\/h4>\n\n\n\n<p>Shangri-La\u2019s Hambantota Golf Resort and Spa se afl\u0103 pe vechiul Drum al Mirodeniilor, \u00eentr-un ora\u0219 cu istorie bogat\u0103 \u0219i are vedere la coasta de sud a statului Sri Lanka. Complexul g\u0103zduie\u0219te un teren de golf cu 18 g\u0103uri, un centru de spa mare \u0219i un sat dedicat artizanilor locali. Acesta ofer\u0103, de asemenea, facilit\u0103\u021bi de fitness de ultim\u0103 genera\u021bie, o piscin\u0103 de 30 de metri \u0219i o piscin\u0103 suplimentar\u0103, cu form\u0103 neregulat\u0103 \u0219i magazine.<\/p>\n\n\n\n<p>Centrul CHI, The Spa de la Shangri-La\u2019s este un loc pentru lini\u0219te \u0219i bun\u0103stare interioar\u0103, care ofer\u0103 tratamente chineze\u0219ti \u0219i ayurvedice excep\u021bionale. Oaspe\u0163ii care doresc mai multe informa\u021bii au la dispozi\u0163ie o recep\u021bie cu program nonstop care ofer\u0103 r\u0103spunsuri pentru toate \u00eentreb\u0103rile.<\/p>\n\n\n\n<p>Mobilierul opulent \u0219i elegant a fost ales cu aten\u021bie pentru a completa frumuse\u021bea natural\u0103 din jur \u0219i cultura local\u0103. Toate camerele au TV cu ecran plat cu canale prin cablu, acces gratuit la internet \u00een band\u0103 larg\u0103 \u0219i acces la conexiunea WiFi. Du\u0219ul cu pere\u021bi de sticl\u0103, cada ad\u00e2nc\u0103, articolele de toalet\u0103 de designer, lenjeria de pat de \u00eenalt\u0103 calitate \u0219i prosoapele foarte mari aduc un plus de confort.<\/p>\n\n\n\n<p>Complexul ofer\u0103 oaspe\u021bilor o varietate de preparate culinare excelente. Include un restaurant srilankez, Bojun Hala, \u0219i localul Sera, inspirat de renumitele standuri din sud-estul Asiei, iar Gimanhala \u0219i Ulpatha ofer\u0103 o selec\u021bie rafinat\u0103 de b\u0103uturi r\u0103coritoare pe tot parcursul zilei.<\/p>\n\n\n\n<h2>Valabilitate oferta<\/h2>\n\n\n\n<p>Sejururi in perioada <strong>01 Mai 2021 &#8211; 19 Iun 2021.<\/strong><br><br><strong><a href=\"https:\/\/laspalmas.md\/contact-us-1\/\">Suna\u021bi acum pentru o vacanta relaxanta: 060552999 \/ 023 58 40 04<\/a><\/strong><\/p>\n\n\n\n<figure class=\"wp-block-image\"><img loading=\"lazy\" width=\"1024\" height=\"781\" src=\"https:\/\/laspalmas.md\/wp-content\/uploads\/2021\/03\/Ocean-view-suite-master-bedroom-1024x781.jpg\" alt=\"\" class=\"wp-image-4862\" srcset=\"https:\/\/laspalmas.md\/wp-content\/uploads\/2021\/03\/Ocean-view-suite-master-bedroom-1024x781.jpg 1024w, https:\/\/laspalmas.md\/wp-content\/uploads\/2021\/03\/Ocean-view-suite-master-bedroom-300x229.jpg 300w, https:\/\/laspalmas.md\/wp-content\/uploads\/2021\/03\/Ocean-view-suite-master-bedroom-768x586.jpg 768w, https:\/\/laspalmas.md\/wp-content\/uploads\/2021\/03\/Ocean-view-suite-master-bedroom.jpg 1245w\" sizes=\"(max-width: 1024px) 100vw, 1024px\" \/><\/figure>\n\n\n\n<figure class=\"wp-block-image\"><img loading=\"lazy\" width=\"1024\" height=\"778\" src=\"https:\/\/laspalmas.md\/wp-content\/uploads\/2021\/03\/Ocean-view-suite-livingroom-1024x778.jpg\" alt=\"\" class=\"wp-image-4863\" srcset=\"https:\/\/laspalmas.md\/wp-content\/uploads\/2021\/03\/Ocean-view-suite-livingroom-1024x778.jpg 1024w, https:\/\/laspalmas.md\/wp-content\/uploads\/2021\/03\/Ocean-view-suite-livingroom-300x228.jpg 300w, https:\/\/laspalmas.md\/wp-content\/uploads\/2021\/03\/Ocean-view-suite-livingroom-768x584.jpg 768w, https:\/\/laspalmas.md\/wp-content\/uploads\/2021\/03\/Ocean-view-suite-livingroom.jpg 1250w\" sizes=\"(max-width: 1024px) 100vw, 1024px\" \/><\/figure>\n\n\n\n<figure class=\"wp-block-image\"><img loading=\"lazy\" width=\"1024\" height=\"748\" src=\"https:\/\/laspalmas.md\/wp-content\/uploads\/2021\/03\/shangri-la-hambantota-sri-lanka-lagoon-pool-1024x748.jpg\" alt=\"\" class=\"wp-image-4864\" srcset=\"https:\/\/laspalmas.md\/wp-content\/uploads\/2021\/03\/shangri-la-hambantota-sri-lanka-lagoon-pool-1024x748.jpg 1024w, https:\/\/laspalmas.md\/wp-content\/uploads\/2021\/03\/shangri-la-hambantota-sri-lanka-lagoon-pool-300x219.jpg 300w, https:\/\/laspalmas.md\/wp-content\/uploads\/2021\/03\/shangri-la-hambantota-sri-lanka-lagoon-pool-768x561.jpg 768w, https:\/\/laspalmas.md\/wp-content\/uploads\/2021\/03\/shangri-la-hambantota-sri-lanka-lagoon-pool.jpg 1300w\" sizes=\"(max-width: 1024px) 100vw, 1024px\" \/><\/figure>\n","protected":false},"excerpt":{"rendered":"<p>De la\u00a058 Euro \/ persoana \/ noapte \/ Deluxe room \/ demipensiune REZERVEAZ\u0102 ACUM Oferta include cazare in camera dubla Deluxe mic dejun Oferta nu include transport asigurare medicala \/ &#8230;<\/p>\n","protected":false},"author":1,"featured_media":4860,"parent":0,"menu_order":0,"comment_status":"closed","ping_status":"closed","template":"","meta":[],"_links":{"self":[{"href":"https:\/\/laspalmas.md\/ru\/wp-json\/wp\/v2\/pages\/4854"}],"collection":[{"href":"https:\/\/laspalmas.md\/ru\/wp-json\/wp\/v2\/pages"}],"about":[{"href":"https:\/\/laspalmas.md\/ru\/wp-json\/wp\/v2\/types\/page"}],"author":[{"embeddable":true,"href":"https:\/\/laspalmas.md\/ru\/wp-json\/wp\/v2\/users\/1"}],"replies":[{"embeddable":true,"href":"https:\/\/laspalmas.md\/ru\/wp-json\/wp\/v2\/comments?post=4854"}],"version-history":[{"count":7,"href":"https:\/\/laspalmas.md\/ru\/wp-json\/wp\/v2\/pages\/4854\/revisions"}],"predecessor-version":[{"id":4866,"href":"https:\/\/laspalmas.md\/ru\/wp-json\/wp\/v2\/pages\/4854\/revisions\/4866"}],"wp:featuredmedia":[{"embeddable":true,"href":"https:\/\/laspalmas.md\/ru\/wp-json\/wp\/v2\/media\/4860"}],"wp:attachment":[{"href":"https:\/\/laspalmas.md\/ru\/wp-json\/wp\/v2\/media?parent=4854"}],"curies":[{"name":"wp","href":"https:\/\/api.w.org\/{rel}","templated":true}]}}