{"id":4840,"date":"2021-03-18T16:00:33","date_gmt":"2021-03-18T13:00:33","guid":{"rendered":"https:\/\/laspalmas.md\/?page_id=4840"},"modified":"2021-03-18T16:11:34","modified_gmt":"2021-03-18T13:11:34","slug":"luna-de-miere-in-sri-lanka-anantara-kalutara-resort-5","status":"publish","type":"page","link":"https:\/\/laspalmas.md\/ru\/luna-de-miere-in-sri-lanka-anantara-kalutara-resort-5\/","title":{"rendered":"Luna de miere in Sri Lanka &#8211; Anantara Kalutara Resort 5*"},"content":{"rendered":"\n<p><strong>De la\u00a089 Euro \/ persoana \/ noapte \/ Premier Garden View Room \/ mic dejun<\/strong><br><br><a href=\"https:\/\/laspalmas.md\/contact-us-1\/\"><strong>REZERVEAZ\u0102 ACUM<\/strong><\/a><\/p>\n\n\n\n<h4>Oferta include<\/h4>\n\n\n\n<ul><li>cazare in Premier Garden View Room<\/li><li>mic dejun<\/li><\/ul>\n\n\n\n<h4>Oferta nu include<\/h4>\n\n\n\n<ul><li>transport<\/li><li>asigurare medicala \/ storno<br><\/li><\/ul>\n\n\n\n<h4>Conditii oferta<\/h4>\n\n\n\n<p>Tariful afisat este valabil in momentul editarii \/ postarii acestei oferte!<br>Locuri in limita disponibilitatii!<br>Atentie, disponibilitatea se poate schimba in orice moment, motiv pentru care va rugam sa ne contactati pentru reconfirmarea tarifelor si \/ sau a locurilor disponibile!<\/p>\n\n\n\n<p><strong>Luna de miere:<\/strong>&nbsp;tinerii casatoriti primesc o sticl\u0103 de vin spumant \u0219i un tort \u00een camer\u0103, precum \u0219i o reducere de 20% la tratamentele spa. Sejur minim 4 nop\u021bi. O copie a certificatului de c\u0103s\u0103torie trebuie prezentat\u0103 la sosirea la hotel (max. 6 luni de la nunt\u0103)<\/p>\n\n\n\n<h4>Cazare<\/h4>\n\n\n\n<p>Situat pe o plaj\u0103 retras\u0103, de-a lungul coastei de sud-vest din Sri Lanka \u0219i la 1 or\u0103 de capital\u0103, Anantara Kalutara Resort este un refugiu superb, care ofer\u0103 unit\u0103\u021bi de cazare de lux \u0219i experien\u021be inspira\u021bionale din natura \u0219i cultura s\u0103lbatic\u0103 a insulei.<\/p>\n\n\n\n<p>Hotelul Anantara Kalutara Resort ofer\u0103 unit\u0103\u021bi de cazare conceptuale, situate \u00een Kalurtara, inspirate de Geoffry Bawa, un arhitect de renume mondial. Proprietatea are vile private, potrivite pentru familii, administrate de gazde primitoare, precum \u0219i 2 piscine \u00een aer liber \u0219i un gr\u0103tar.<\/p>\n\n\n\n<p>Oaspe\u021bii au la dispozi\u021bie 3 restaurante de nivel mondial, cu buc\u0103tari interna\u021bionali, unde pot savura diferite preparate din Sri Lanka, precum \u0219i preparate thailandeze, indiene \u0219i chineze\u0219ti.<\/p>\n\n\n\n<p>Oaspe\u021bii se pot relaxa centrul spa de la Anantara, \u00een camerele cu masaj ayurvedic \u015fi reflexoterapie, sau pot profita de piscina impresionant\u0103 \u00een aer liber \u015fi de clubul pentru copii \u015fi adolescen\u021bi, cu profesioni\u0219ti instrui\u021bi \u00een domeniul \u00eengrijirii copiilor. \u00cen plus, \u00een vil\u0103 se pot aranja ritualuri de 10 minute pentru \u00eengrijirea picioarelor, cu un terapeut spa.<\/p>\n\n\n\n<p>Anantara Kalutara ofer\u0103 vile private de 5 stele, precum \u0219i camere \u0219i suite cu piscin\u0103 mic\u0103 \u015fi ad\u00e2nc\u0103 individual\u0103. Oaspe\u021bii au la dispozi\u021bie serviciu de check-in \u00een camer\u0103 \u0219i un majordom personal, foarte bine preg\u0103tit. Oaspe\u021bii pot opta pentru vile cu vedere uimitoare la plaj\u0103 sau cu gr\u0103din\u0103 privat\u0103. Aceste vile reflect\u0103 frumuse\u021bea cultural\u0103 elegant\u0103 din Sri Lanka \u015fi sunt un loc perfect pentru relaxare. Toate vilele sunt dotate cu humidor de vin, minibar \u0219i aparat de cafea espresso, sistem audio Bose, du\u0219 cu efect de ploaie separat, cad\u0103 \u0219i produse de baie Themae.<\/p>\n\n\n\n<p>Acest complex ofer\u0103 facilit\u0103\u021bi pentru sporturi nautice, biciclete gratuite \u0219i serviciu de \u00eenchirieri auto. La acest complex se poate juca tenis de mas\u0103, biliard \u0219i darts, iar zona este cunoscut\u0103 printre amatorii de windsurfing. Proprietatea are, de asemenea, o sal\u0103 de gimnastic\u0103 bine dotat\u0103.<\/p>\n\n\n\n<h4>Valabilitate oferta<\/h4>\n\n\n\n<p>Oferta valabila in limita disponibilitatilor la momentul rezervarii.<br><br><strong><a href=\"https:\/\/laspalmas.md\/contact-us-1\/\">Suna\u021bi acum pentru o vacanta relaxanta: 060552999 \/ 023 58 40 04<\/a><\/strong><\/p>\n\n\n\n<figure class=\"wp-block-image\"><img loading=\"lazy\" width=\"1024\" height=\"652\" src=\"https:\/\/laspalmas.md\/wp-content\/uploads\/2021\/03\/185022039-1024x652.jpg\" alt=\"\" class=\"wp-image-4849\" srcset=\"https:\/\/laspalmas.md\/wp-content\/uploads\/2021\/03\/185022039-1024x652.jpg 1024w, https:\/\/laspalmas.md\/wp-content\/uploads\/2021\/03\/185022039-300x191.jpg 300w, https:\/\/laspalmas.md\/wp-content\/uploads\/2021\/03\/185022039-768x489.jpg 768w, https:\/\/laspalmas.md\/wp-content\/uploads\/2021\/03\/185022039.jpg 1280w\" sizes=\"(max-width: 1024px) 100vw, 1024px\" \/><\/figure>\n\n\n\n<figure class=\"wp-block-image\"><img loading=\"lazy\" width=\"1024\" height=\"682\" src=\"https:\/\/laspalmas.md\/wp-content\/uploads\/2021\/03\/185047937-1024x682.jpg\" alt=\"\" class=\"wp-image-4851\" srcset=\"https:\/\/laspalmas.md\/wp-content\/uploads\/2021\/03\/185047937-1024x682.jpg 1024w, https:\/\/laspalmas.md\/wp-content\/uploads\/2021\/03\/185047937-300x200.jpg 300w, https:\/\/laspalmas.md\/wp-content\/uploads\/2021\/03\/185047937-768x512.jpg 768w, https:\/\/laspalmas.md\/wp-content\/uploads\/2021\/03\/185047937.jpg 1280w\" sizes=\"(max-width: 1024px) 100vw, 1024px\" \/><\/figure>\n\n\n\n<figure class=\"wp-block-image\"><img loading=\"lazy\" width=\"1024\" height=\"651\" src=\"https:\/\/laspalmas.md\/wp-content\/uploads\/2021\/03\/185358685-1024x651.jpg\" alt=\"\" class=\"wp-image-4852\" srcset=\"https:\/\/laspalmas.md\/wp-content\/uploads\/2021\/03\/185358685-1024x651.jpg 1024w, https:\/\/laspalmas.md\/wp-content\/uploads\/2021\/03\/185358685-300x191.jpg 300w, https:\/\/laspalmas.md\/wp-content\/uploads\/2021\/03\/185358685-768x488.jpg 768w, https:\/\/laspalmas.md\/wp-content\/uploads\/2021\/03\/185358685.jpg 1280w\" sizes=\"(max-width: 1024px) 100vw, 1024px\" \/><\/figure>\n","protected":false},"excerpt":{"rendered":"<p>De la\u00a089 Euro \/ persoana \/ noapte \/ Premier Garden View Room \/ mic dejun REZERVEAZ\u0102 ACUM Oferta include cazare in Premier Garden View Room mic dejun Oferta nu include &#8230;<\/p>\n","protected":false},"author":1,"featured_media":4847,"parent":0,"menu_order":0,"comment_status":"closed","ping_status":"closed","template":"","meta":[],"_links":{"self":[{"href":"https:\/\/laspalmas.md\/ru\/wp-json\/wp\/v2\/pages\/4840"}],"collection":[{"href":"https:\/\/laspalmas.md\/ru\/wp-json\/wp\/v2\/pages"}],"about":[{"href":"https:\/\/laspalmas.md\/ru\/wp-json\/wp\/v2\/types\/page"}],"author":[{"embeddable":true,"href":"https:\/\/laspalmas.md\/ru\/wp-json\/wp\/v2\/users\/1"}],"replies":[{"embeddable":true,"href":"https:\/\/laspalmas.md\/ru\/wp-json\/wp\/v2\/comments?post=4840"}],"version-history":[{"count":7,"href":"https:\/\/laspalmas.md\/ru\/wp-json\/wp\/v2\/pages\/4840\/revisions"}],"predecessor-version":[{"id":4853,"href":"https:\/\/laspalmas.md\/ru\/wp-json\/wp\/v2\/pages\/4840\/revisions\/4853"}],"wp:featuredmedia":[{"embeddable":true,"href":"https:\/\/laspalmas.md\/ru\/wp-json\/wp\/v2\/media\/4847"}],"wp:attachment":[{"href":"https:\/\/laspalmas.md\/ru\/wp-json\/wp\/v2\/media?parent=4840"}],"curies":[{"name":"wp","href":"https:\/\/api.w.org\/{rel}","templated":true}]}}