{"id":4824,"date":"2021-03-18T15:40:06","date_gmt":"2021-03-18T12:40:06","guid":{"rendered":"https:\/\/laspalmas.md\/?page_id=4824"},"modified":"2021-03-18T15:59:54","modified_gmt":"2021-03-18T12:59:54","slug":"luna-de-miere-in-sri-lanka-centara-ceysands-resort-spa-sri-lanka-5","status":"publish","type":"page","link":"https:\/\/laspalmas.md\/ru\/luna-de-miere-in-sri-lanka-centara-ceysands-resort-spa-sri-lanka-5\/","title":{"rendered":"Luna de miere in Sri Lanka &#8211; Centara Ceysands Resort &#038; Spa Sri Lanka 5*"},"content":{"rendered":"\n<p><strong>De la\u00a0253 Euro \/ 7 nopti \/ persoana in camera dubla \/ mic dejun<\/strong><br><br><a href=\"https:\/\/laspalmas.md\/contact-us-1\/\"><strong>REZERVEAZ\u0102 ACUM<\/strong><\/a><br><\/p>\n\n\n\n<h4>Oferta include<\/h4>\n\n\n\n<ul><li>7 nopti cazare in camera dubla<\/li><li>mic dejun<\/li><li>luna de miere: oaspetii vor primi o cin\u0103 la lumina lum\u00e2n\u0103rilor (cu excep\u021bia b\u0103uturilor) sau un tratament de cuplu de 60 de minute la spa (sejur minim 7 nop\u021bi, valabil p\u00e2n\u0103 la 3 luni dup\u0103 nunt\u0103).<\/li><\/ul>\n\n\n\n<h4>Oferta nu include<\/h4>\n\n\n\n<ul><li>transport<\/li><li>asigurare medicala \/ storno<br><\/li><\/ul>\n\n\n\n<h4>Conditii oferta<\/h4>\n\n\n\n<p>Tariful afisat este valabil in momentul editarii \/ postarii acestei oferte!<br>Locuri in limita disponibilitatii!<br>Atentie, disponibilitatea se poate schimba in orice moment, motiv pentru care va rugam sa ne contactati pentru reconfirmarea tarifelor si \/ sau a locurilor disponibile.<\/p>\n\n\n\n<h4>Cazare<\/h4>\n\n\n\n<p>Centara Ceysands Resort &#038; Spa se afl\u0103 la 15 minute cu ma\u0219ina de o cresc\u0103torie popular\u0103 de broa\u0219te \u021bestoase. Complexul ofer\u0103 o piscin\u0103 \u00een aer liber \u0219i un centru de fitness. Accesul la WiFi este gratuit \u00een toate zonele.<\/p>\n\n\n\n<p>Camerele de la Centara Ceysands Resort &#038; Spa sunt decorate \u00een nuan\u021be de verde lime \u0219i au aer condi\u021bionat, birou, TV cu ecran plat \u0219i zon\u0103 de relaxare cu canapea. B\u0103ile sunt private.<\/p>\n\n\n\n<p>Centara Ceysands Resort &#038; Spa Sri Lanka are 4 restaurante, inclusiv Restaurantul 360 Seafood, care serve\u0219te diverse preparate din fructe de mare proaspete. La Ceylon Clubwill se poate savura o cea\u0219c\u0103 de ceai relaxant \u0219i sunt disponibile \u0219i op\u021biuni de room service.<\/p>\n\n\n\n<p>Oaspe\u021bii care locuiesc la acest complex de lux pot s\u0103 beneficieze de tratamente spa la Spa-ul Cenvaree \u0219i s\u0103 utilizeze facilit\u0103\u021bile de gr\u0103tar. Printre alte facilit\u0103\u021bi, se ofer\u0103 \u0219i recep\u021bie cu program nonstop.<\/p>\n\n\n\n<p>Acest complex modern este situat la doar c\u00e2\u021biva pa\u0219i de r\u00e2ul Bentota \u0219i la 60 km de ora\u0219ul Colombo. Aeroportul Interna\u021bional Bandaranaike se afl\u0103 la 100 km, iar serviciile de transfer de la\/la aeroport sunt disponibile la un cost suplimentar.<\/p>\n\n\n\n<h4>Valabilitate oferta<\/h4>\n\n\n\n<p>Tariful afisat este valabil pentru sejur in perioada <strong>01 Mai 2021 &#8211; 09 Iul 2021.<\/strong><br><br><strong><a href=\"https:\/\/laspalmas.md\/contact-us-1\/\">Suna\u021bi acum pentru o vacanta relaxanta: 060552999 \/ 023 58 40 04<\/a><\/strong><br><\/p>\n\n\n\n<figure class=\"wp-block-image\"><img loading=\"lazy\" width=\"640\" height=\"457\" src=\"https:\/\/laspalmas.md\/wp-content\/uploads\/2021\/03\/sri-lanka-superior-ocean-view-2-640x457-1.jpg\" alt=\"\" class=\"wp-image-4838\" srcset=\"https:\/\/laspalmas.md\/wp-content\/uploads\/2021\/03\/sri-lanka-superior-ocean-view-2-640x457-1.jpg 640w, https:\/\/laspalmas.md\/wp-content\/uploads\/2021\/03\/sri-lanka-superior-ocean-view-2-640x457-1-300x214.jpg 300w\" sizes=\"(max-width: 640px) 100vw, 640px\" \/><\/figure>\n\n\n\n<figure class=\"wp-block-image\"><img loading=\"lazy\" width=\"640\" height=\"457\" src=\"https:\/\/laspalmas.md\/wp-content\/uploads\/2021\/03\/sri-lanka-swimming-pool-4-640x457-1.jpg\" alt=\"\" class=\"wp-image-4834\" srcset=\"https:\/\/laspalmas.md\/wp-content\/uploads\/2021\/03\/sri-lanka-swimming-pool-4-640x457-1.jpg 640w, https:\/\/laspalmas.md\/wp-content\/uploads\/2021\/03\/sri-lanka-swimming-pool-4-640x457-1-300x214.jpg 300w\" sizes=\"(max-width: 640px) 100vw, 640px\" \/><\/figure>\n","protected":false},"excerpt":{"rendered":"<p>De la\u00a0253 Euro \/ 7 nopti \/ persoana in camera dubla \/ mic dejun REZERVEAZ\u0102 ACUM Oferta include 7 nopti cazare in camera dubla mic dejun luna de miere: oaspetii &#8230;<\/p>\n","protected":false},"author":1,"featured_media":4836,"parent":0,"menu_order":0,"comment_status":"closed","ping_status":"closed","template":"","meta":[],"_links":{"self":[{"href":"https:\/\/laspalmas.md\/ru\/wp-json\/wp\/v2\/pages\/4824"}],"collection":[{"href":"https:\/\/laspalmas.md\/ru\/wp-json\/wp\/v2\/pages"}],"about":[{"href":"https:\/\/laspalmas.md\/ru\/wp-json\/wp\/v2\/types\/page"}],"author":[{"embeddable":true,"href":"https:\/\/laspalmas.md\/ru\/wp-json\/wp\/v2\/users\/1"}],"replies":[{"embeddable":true,"href":"https:\/\/laspalmas.md\/ru\/wp-json\/wp\/v2\/comments?post=4824"}],"version-history":[{"count":11,"href":"https:\/\/laspalmas.md\/ru\/wp-json\/wp\/v2\/pages\/4824\/revisions"}],"predecessor-version":[{"id":4839,"href":"https:\/\/laspalmas.md\/ru\/wp-json\/wp\/v2\/pages\/4824\/revisions\/4839"}],"wp:featuredmedia":[{"embeddable":true,"href":"https:\/\/laspalmas.md\/ru\/wp-json\/wp\/v2\/media\/4836"}],"wp:attachment":[{"href":"https:\/\/laspalmas.md\/ru\/wp-json\/wp\/v2\/media?parent=4824"}],"curies":[{"name":"wp","href":"https:\/\/api.w.org\/{rel}","templated":true}]}}