{"id":4800,"date":"2021-03-17T13:39:25","date_gmt":"2021-03-17T10:39:25","guid":{"rendered":"https:\/\/laspalmas.md\/?page_id=4800"},"modified":"2021-03-17T15:03:20","modified_gmt":"2021-03-17T12:03:20","slug":"sri-lanka","status":"publish","type":"page","link":"https:\/\/laspalmas.md\/ru\/sri-lanka\/","title":{"rendered":"SRI LANKA"},"content":{"rendered":"\n<p>Numit\u0103 \u00een repetate r\u00e2nduri \u201ePerla Oceanului Indian\u201d, Sri Lanka este o insul\u0103 incredibil de frumoas\u0103, cu un interior acoperit de vaste jungle tropicale \u0219i o coast\u0103 pres\u0103rat\u0103 cu nisip fin \u0219i auriu. Insula \u00een form\u0103 de lacrim\u0103 este alc\u0103tuit\u0103 dintr-o serie de forme montane \u0219i cuprinde mai mult de 100 de cascade pitore\u0219ti, precum \u0219i nenum\u0103rate trasee turistice prin locuri ale c\u0103ror vedere v\u0103 poate t\u0103ia respira\u021bia, precum traseul cunoscut sub numele de \u201eSf\u00e2r\u0219itul Lumii\u201d. Sri Lanka este \u0219i gazda unei faune diverse, incluz\u00e2nd leoparzi, crocodili, maimu\u021be \u0219i multe specii de p\u0103s\u0103ri. Este faimoas\u0103 pentru popula\u021bia sa de elefan\u021bi, v\u0103zu\u021bi cel mai bine \u00een orfelinatul dedicat acestor nobile animale, de la Pinnawala.<\/p>\n\n\n\n<p>Cultura antic\u0103 a Sri Lank\u0103i este la fel de fascinant\u0103 precum atrac\u021biile sale naturale, iar ora\u0219ele sacre budiste, de la Anuradhapura \u0219i Panduwasnuwara, ofer\u0103 turi\u0219tilor posibilitatea de a vizita c\u00e2teva temple \u0219i alte locuri sfinte, dat\u00e2nd de mii de ani. O vacan\u021b\u0103 \u00een Sri Lanka nu este pentru turi\u0219tii \u00een c\u0103utare de centre urbane str\u0103lucitoare \u0219i sofisticate, chiar dac\u0103 Kandy sau Colombo ofer\u0103 c\u00e2teva posibilit\u0103\u021bi de shopping \u0219i restaurante decente. Sri Lanka este pentru v\u00e2n\u0103torii de muzee, pentru cei dedica\u021bi culturii \u0219i istoriei. Cu toate c\u0103 insula este adesea dep\u0103\u0219it\u0103 \u00een popularitate de mai faimoasele Thailanda sau Indonezia, o vacan\u021b\u0103 aici poate fi o experien\u021b\u0103 potrivit\u0103 mai ales pentru cei ce doresc s\u0103 se abat\u0103 de la traseele c\u0103lcate \u00een mod frecvent de turi\u0219ti.<\/p>\n\n\n\n<p>Sezonul uscat din Sri Lanka dureaz\u0103 din noiembrie p\u00e2n\u0103 \u00een aprilie pe coasta vestic\u0103 \u0219i din mai p\u00e2n\u0103 \u00een septembrie pe coasta estic\u0103. A\u0219adar, cea mai bun\u0103 perioad\u0103 de a vizita micu\u021bul stat insular depinde, \u00een primul r\u00e2nd de locul \u00een care dori\u021bi s\u0103 c\u0103l\u0103tori\u021bi. Fie c\u0103 dori\u021bi s\u0103 vede\u021bi r\u0103m\u0103\u0219i\u021bele fort\u0103re\u021bei regale din Sigiriya, s\u0103 explora\u021bi ora\u0219ul sacru Anuradhapura, s\u0103 r\u0103t\u0103ci\u021bi prin pie\u021bele aglomerate din Pettah sau s\u0103 admira\u021bi elefan\u021bii din Pinnawela, Sri Lanka este la fel de primitoare \u0219i de apetisant\u0103. Accesul aici se face prin intermediul zborurilor directe din Europa, de pe aeroporturile majore, precum Londra sau Paris, dar \u0219i prin intermediul Orientului Mijlociu.<\/p>\n\n\n\n<p>Festivalurile, sus\u021binute pe toat\u0103 durata anului, \u00een prima \u021bar\u0103 din lume ce \u0219i-a ales, \u00een mod democratic, o femeie pre\u0219edinte, sunt la fel de colorate, cum sunt de inedite. Festivalul Kites se desf\u0103\u0219oar\u0103 la poalele mun\u021bilor Lavinia, iar arta \u0219i dansul tradi\u021bional se pot vedea cel mai bine \u00een Colombo, de ziua na\u021bional\u0103, Navam Perahera. Primul exportator mondial de ceai se prezint\u0103 ca o alternativ\u0103 turistic\u0103 exotic\u0103 \u00een mijlocul Oceanului Indian, oferind nenum\u0103rate frumuse\u021bi naturale \u0219i o cultur\u0103 antic\u0103 greu de egalat, \u00eentr-un relief variat, prea pu\u021bin cunoscut europenilor.<\/p>\n","protected":false},"excerpt":{"rendered":"<p>Numit\u0103 \u00een repetate r\u00e2nduri \u201ePerla Oceanului Indian\u201d, Sri Lanka este o insul\u0103 incredibil de frumoas\u0103, cu un interior acoperit de vaste jungle tropicale \u0219i o coast\u0103 pres\u0103rat\u0103 cu nisip fin &#8230;<\/p>\n","protected":false},"author":1,"featured_media":4803,"parent":0,"menu_order":0,"comment_status":"closed","ping_status":"closed","template":"","meta":[],"_links":{"self":[{"href":"https:\/\/laspalmas.md\/ru\/wp-json\/wp\/v2\/pages\/4800"}],"collection":[{"href":"https:\/\/laspalmas.md\/ru\/wp-json\/wp\/v2\/pages"}],"about":[{"href":"https:\/\/laspalmas.md\/ru\/wp-json\/wp\/v2\/types\/page"}],"author":[{"embeddable":true,"href":"https:\/\/laspalmas.md\/ru\/wp-json\/wp\/v2\/users\/1"}],"replies":[{"embeddable":true,"href":"https:\/\/laspalmas.md\/ru\/wp-json\/wp\/v2\/comments?post=4800"}],"version-history":[{"count":1,"href":"https:\/\/laspalmas.md\/ru\/wp-json\/wp\/v2\/pages\/4800\/revisions"}],"predecessor-version":[{"id":4801,"href":"https:\/\/laspalmas.md\/ru\/wp-json\/wp\/v2\/pages\/4800\/revisions\/4801"}],"wp:featuredmedia":[{"embeddable":true,"href":"https:\/\/laspalmas.md\/ru\/wp-json\/wp\/v2\/media\/4803"}],"wp:attachment":[{"href":"https:\/\/laspalmas.md\/ru\/wp-json\/wp\/v2\/media?parent=4800"}],"curies":[{"name":"wp","href":"https:\/\/api.w.org\/{rel}","templated":true}]}}