{"id":4790,"date":"2021-03-17T13:34:29","date_gmt":"2021-03-17T10:34:29","guid":{"rendered":"https:\/\/laspalmas.md\/?page_id=4790"},"modified":"2021-03-17T13:39:06","modified_gmt":"2021-03-17T10:39:06","slug":"four-seasons-resort-seychelles-at-desroches-island-6","status":"publish","type":"page","link":"https:\/\/laspalmas.md\/ru\/four-seasons-resort-seychelles-at-desroches-island-6\/","title":{"rendered":"Four Seasons Resort Seychelles at Desroches Island 6*"},"content":{"rendered":"\n<p><strong>De la\u00a0579 Euro \/ persoana \/ noapte \/ Beach Bungalow \/ demipensiune<\/strong><br><br><a href=\"https:\/\/laspalmas.md\/contact-us-1\/\"><strong>REZERVEAZ\u0102 ACUM<\/strong><\/a><br><\/p>\n\n\n\n<h4>Oferta include<\/h4>\n\n\n\n<p>Cazare cu demipensiune in&nbsp;Beach Bungalow<\/p>\n\n\n\n<h4>Oferta nu include<\/h4>\n\n\n\n<p>\u2022 Bilet de avion<br>\u2022 Transferuri<br>\u2022 Asigurare medicala<br>\u2022 Excursii optionale si intrari la obiective turistice;<br><\/p>\n\n\n\n<h4>Conditii oferta<\/h4>\n\n\n\n<p><strong>HONEYMOON SPECIAL:<\/strong>\u00a01 x sampanie la sosire, 1 x tort de nunta, 1 x masaj de cuplu de 60 de minute (rezervare obligatorie) si 1 x ceremonie de baie romantica in vila. Valabil pentru un sejur minim de 5 nop\u021bi. Certificatul de c\u0103s\u0103torie (nu mai mult de 12 luni) trebuie prezentat \u00een momentul rezerv\u0103rii \u0219i la check-in.<br><\/p>\n\n\n\n<h4>Cazare<\/h4>\n\n\n\n<p>Hotelul Four Seasons Resort Seychelles de pe insula Desroches, singurul resort de pe aceast\u0103 insul\u0103 de corali de 6 kilometri, ofer\u0103 cazare modern\u0103, gr\u0103dini tropicale \u0219i plaje cu nisip alb, cu lungimea de 14 km. Wi-Fi gratuit este disponibil \u00een toate camerele.<\/p>\n\n\n\n<p>Caz\u0103rile variaz\u0103 de la apartamente \u0219i de la vile la re\u0219edin\u021be, oferind unit\u0103\u021bi elegant mobilate cu terase acoperite, piscine private \u0219i acces la plaj\u0103. Toate unit\u0103\u021bile sunt dotate cu un televizor cu ecran plat \u0219i DVD player, iar unele au o buc\u0103t\u0103rie modern\u0103, complet utilat\u0103 \u0219i o piscin\u0103 privat\u0103.<\/p>\n\n\n\n<p>Oferind 2 restaurante, un deli \u0219i un lounge bar, Four Seasons Resort Seychelles \u00eei a\u0219teapt\u0103 pe oaspe\u021bi s\u0103 ia masa \u00eentr-un cadru elegant, pe malul m\u0103rii si satisface orice dorin\u021b\u0103 culinar\u0103 prin intermediul meniurilor interna\u021bionale eclectice. De asemenea, este disponibil si serviciul de room service.<\/p>\n\n\n\n<p>Cu o plaj\u0103 privat\u0103 \u0219i apele str\u0103lucitoare ale Oceanului Indian exist\u0103 o serie de activit\u0103\u021bi nautice disponibile la cerere, de la snorkelling \u0219i scufund\u0103ri la pescuit \u0219i stand-up paddle boarding. Oaspe\u021bii se pot relaxa la spa, care ofer\u0103 un program de wellness adaptat, care include si programe de yoga.<\/p>\n\n\n\n<p>Alte facilit\u0103\u021bi includ un centru de fitness, un club de adolescen\u021bi, programul &#8220;Kids for All Seasons&#8221; \u0219i nop\u021bi de film pop-up, plus o \u0219ans\u0103 de a afla despre \u021bestoasa uria\u0219\u0103 Aldabra de pe insula dedicat\u0103 Tortoise Sanctuary. Afla\u021bi despre varietatea vegeta\u021biei \u0219i a vie\u021bii marine la Centrul Discovery Interactive al sta\u021biunii, unde sunt prezentate modele 3D, afi\u0219aje informative \u0219i schelete de animale.<\/p>\n\n\n\n<p>Insula Desroches se afl\u0103 la 230 km de Mah\u00e9, iar accesul la insula Desroches se face printr-un zbor de 35 de minute, disponibil \u00een func\u021bie de disponibilitate, la o tax\u0103 suplimentar\u0103.<\/p>\n\n\n\n<h4>Valabilitate oferta<\/h4>\n\n\n\n<p>Oferta valabila in limita disponibilitatilor la momentul rezervarii.<br><br><strong><a href=\"https:\/\/laspalmas.md\/contact-us-1\/\">Suna\u021bi acum pentru o vacanta relaxanta: 060552999 \/ 023 58 40 04<\/a><\/strong><\/p>\n","protected":false},"excerpt":{"rendered":"<p>De la\u00a0579 Euro \/ persoana \/ noapte \/ Beach Bungalow \/ demipensiune REZERVEAZ\u0102 ACUM Oferta include Cazare cu demipensiune in&nbsp;Beach Bungalow Oferta nu include \u2022 Bilet de avion\u2022 Transferuri\u2022 Asigurare &#8230;<\/p>\n","protected":false},"author":1,"featured_media":4796,"parent":0,"menu_order":0,"comment_status":"closed","ping_status":"closed","template":"","meta":[],"_links":{"self":[{"href":"https:\/\/laspalmas.md\/ru\/wp-json\/wp\/v2\/pages\/4790"}],"collection":[{"href":"https:\/\/laspalmas.md\/ru\/wp-json\/wp\/v2\/pages"}],"about":[{"href":"https:\/\/laspalmas.md\/ru\/wp-json\/wp\/v2\/types\/page"}],"author":[{"embeddable":true,"href":"https:\/\/laspalmas.md\/ru\/wp-json\/wp\/v2\/users\/1"}],"replies":[{"embeddable":true,"href":"https:\/\/laspalmas.md\/ru\/wp-json\/wp\/v2\/comments?post=4790"}],"version-history":[{"count":7,"href":"https:\/\/laspalmas.md\/ru\/wp-json\/wp\/v2\/pages\/4790\/revisions"}],"predecessor-version":[{"id":4799,"href":"https:\/\/laspalmas.md\/ru\/wp-json\/wp\/v2\/pages\/4790\/revisions\/4799"}],"wp:featuredmedia":[{"embeddable":true,"href":"https:\/\/laspalmas.md\/ru\/wp-json\/wp\/v2\/media\/4796"}],"wp:attachment":[{"href":"https:\/\/laspalmas.md\/ru\/wp-json\/wp\/v2\/media?parent=4790"}],"curies":[{"name":"wp","href":"https:\/\/api.w.org\/{rel}","templated":true}]}}