{"id":4781,"date":"2021-03-17T13:22:35","date_gmt":"2021-03-17T10:22:35","guid":{"rendered":"https:\/\/laspalmas.md\/?page_id=4781"},"modified":"2021-03-17T13:34:09","modified_gmt":"2021-03-17T10:34:09","slug":"constance-ephelia-hotel-5","status":"publish","type":"page","link":"https:\/\/laspalmas.md\/ru\/constance-ephelia-hotel-5\/","title":{"rendered":"Constance Ephelia Hotel 5*"},"content":{"rendered":"\n<p><strong>De la&nbsp;304 Euro \/ persoana \/ noapte \/ Tropical Garden Room \/ demipensiune<\/strong><br><br><a href=\"https:\/\/laspalmas.md\/contact-us-1\/\"><strong>REZERVEAZ\u0102 ACUM<\/strong><\/a><br><\/p>\n\n\n\n<h4>Oferta include<\/h4>\n\n\n\n<ul><li>cazare in Junior Suite<\/li><li>demipensiune<\/li><\/ul>\n\n\n\n<h4>Oferta nu include<\/h4>\n\n\n\n<ul><li>bilet de avion<\/li><li>transferuri<\/li><li>asigurare medicala si storno<br><\/li><\/ul>\n\n\n\n<h4>Conditii oferta<\/h4>\n\n\n\n<p><strong>Tariful afisat este pe persoana \/ noapte, in tipul de camera specificat<\/strong>&nbsp;si este valabil in momentul editarii \/ postarii acestei oferte!<br>Locuri in limita disponibilitatii!<br>Atentie, disponibilitatea se poate schimba in orice moment, motiv pentru care va rugam sa ne contactati pentru reconfirmarea tarifelor si \/ sau a locurilor disponibile!<\/p>\n\n\n\n<p><strong>Luna de miere<\/strong><br>Tinerii casatoriti primesc o reducere la cazare pentru mireasa de aproximativ 60% \u00eentre 01.11 \u0219i 26.12. \u0219i 04.01.-13.07, de aproximativ 50% in perioada 14.07 -31.07 \u0219i 24.08 &#8211; 31.10 \u0219i aproximativ 30% in perioada 01.08 &#8211; 23.08. Hotelul ofer\u0103, de asemenea, o sticl\u0103 de vin spumant, biscui\u021bi, o geant\u0103 de plaj\u0103 \u0219i o reducere unic\u0103 de 20% la tratamentele spa selectate \u00een &#8220;USpa&#8221; pentru sejururi in perioada 01.11 &#8211; 31.10. Valabil p\u00e2n\u0103 la 12 luni dup\u0103 nunt\u0103.<br><\/p>\n\n\n\n<h4>Cazare<\/h4>\n\n\n\n<p>Aceast\u0103 proprietate este la 1 minut pe jos fa\u021b\u0103 de plaj\u0103. Situat \u00eentre plajele cu nisip alb \u015fi dealurile insulei Mah\u00e9, Ephelia ofer\u0103 suite \u015fi vile de lux, cu vedere la Oceanul Indian. Are 5 restaurante, 6 baruri, 5 piscine \u015fi buticuri.<\/p>\n\n\n\n<p>Toate unit\u0103\u0163ile de cazare de la Constance Ephelia Resort au zon\u0103 de gr\u0103din\u0103 privat\u0103. Exist\u0103 o zon\u0103 de relaxare interioar\u0103, cu TV cu ecran plat. De asemenea, au baie de lux privat\u0103 cu du\u015f \u015fi cad\u0103, iar unele vile ofer\u0103 vedere la munte sau la ocean.<\/p>\n\n\n\n<p>Oaspe\u0163ii au la dispozi\u0163ie numeroase restaurante, care ofer\u0103 preparate din buc\u0103t\u0103ria local\u0103, mic dejun tip bufet, gust\u0103ri l\u00e2ng\u0103 piscin\u0103 sau cin\u0103 tipic\u0103 din Insula Mah\u00e9. Barurile de la Constance Ephelia Resort ofer\u0103 cocktailuri \u015fi sucuri tropicale locale.<\/p>\n\n\n\n<p>Pentru oaspe\u0163ii amatori de sport, activit\u0103\u0163ile includ tenis, squash, \u00eenot \u015fi snorkeling la plaja privat\u0103. Exist\u0103 o sal\u0103 de gimnastic\u0103 \u015fi un centru de wellness care ofer\u0103 diverse tratamente, spa \u015fi saun\u0103.<\/p>\n\n\n\n<p>Parcul Na\u0163ional Morne Seychelles se afl\u0103 la 5 minute de mers cu ma\u015fina, iar Aeroportul Interna\u0163ional din Seychelles este la 25 de minute de mers cu ma\u015fina. Proprietatea ofer\u0103 parcare gratuit\u0103.<\/p>\n\n\n\n<h4>Valabilitate oferta<\/h4>\n\n\n\n<p>Oferta valabila in limita disponibilitatilor la momentul rezervarii.<br><br><strong><a href=\"https:\/\/laspalmas.md\/contact-us-1\/\">Suna\u021bi acum pentru o vacanta relaxanta: 060552999 \/ 023 58 40 04<\/a><\/strong><\/p>\n","protected":false},"excerpt":{"rendered":"<p>De la&nbsp;304 Euro \/ persoana \/ noapte \/ Tropical Garden Room \/ demipensiune REZERVEAZ\u0102 ACUM Oferta include cazare in Junior Suite demipensiune Oferta nu include bilet de avion transferuri asigurare &#8230;<\/p>\n","protected":false},"author":1,"featured_media":4786,"parent":0,"menu_order":0,"comment_status":"closed","ping_status":"closed","template":"","meta":[],"_links":{"self":[{"href":"https:\/\/laspalmas.md\/ru\/wp-json\/wp\/v2\/pages\/4781"}],"collection":[{"href":"https:\/\/laspalmas.md\/ru\/wp-json\/wp\/v2\/pages"}],"about":[{"href":"https:\/\/laspalmas.md\/ru\/wp-json\/wp\/v2\/types\/page"}],"author":[{"embeddable":true,"href":"https:\/\/laspalmas.md\/ru\/wp-json\/wp\/v2\/users\/1"}],"replies":[{"embeddable":true,"href":"https:\/\/laspalmas.md\/ru\/wp-json\/wp\/v2\/comments?post=4781"}],"version-history":[{"count":6,"href":"https:\/\/laspalmas.md\/ru\/wp-json\/wp\/v2\/pages\/4781\/revisions"}],"predecessor-version":[{"id":4789,"href":"https:\/\/laspalmas.md\/ru\/wp-json\/wp\/v2\/pages\/4781\/revisions\/4789"}],"wp:featuredmedia":[{"embeddable":true,"href":"https:\/\/laspalmas.md\/ru\/wp-json\/wp\/v2\/media\/4786"}],"wp:attachment":[{"href":"https:\/\/laspalmas.md\/ru\/wp-json\/wp\/v2\/media?parent=4781"}],"curies":[{"name":"wp","href":"https:\/\/api.w.org\/{rel}","templated":true}]}}