{"id":4772,"date":"2021-03-17T12:30:35","date_gmt":"2021-03-17T09:30:35","guid":{"rendered":"https:\/\/laspalmas.md\/?page_id=4772"},"modified":"2021-03-17T13:22:04","modified_gmt":"2021-03-17T10:22:04","slug":"coco-de-mer-hotel-black-parrot-suites-4","status":"publish","type":"page","link":"https:\/\/laspalmas.md\/ru\/coco-de-mer-hotel-black-parrot-suites-4\/","title":{"rendered":"Coco de Mer Hotel &#038; Black Parrot Suites 4*"},"content":{"rendered":"\n<p><strong>De la\u00a0181 Euro \/ persoana \/ noapte \/ Superior Room \/ mic dejun<\/strong><br><br><a href=\"https:\/\/laspalmas.md\/contact-us-1\/\"><strong>REZERVEAZ\u0102 ACUM<\/strong><\/a><\/p>\n\n\n\n<h4>Oferta include<\/h4>\n\n\n\n<ul><li>cazare in Superior Room<\/li><li>mic dejun<\/li><\/ul>\n\n\n\n<h4>Oferta nu include<\/h4>\n\n\n\n<ul><li>transport<\/li><li>asigurare medicala \/ storno<\/li><\/ul>\n\n\n\n<h4>Valabilitate oferta<\/h4>\n\n\n\n<p>Oferta valabila in limita disponibilitatilor la momentul rezervarii.<br><\/p>\n\n\n\n<h4>Conditii oferta<\/h4>\n\n\n\n<p>Tariful afisat este valabil in momentul editarii \/ postarii acestei oferte!<br>Locuri in limita disponibilitatii!<br>Atentie, disponibilitatea se poate schimba in orice moment, motiv pentru care va rugam sa ne contactati pentru reconfirmarea tarifelor si \/ sau a locurilor disponibile!<\/p>\n\n\n\n<p><strong>Luna de miere:<\/strong>\u00a0hotelul oferta reducere la tariful de cazare pentru mireas\u0103. Sejur minim 5 nop\u021bi. O copie a certificatului de c\u0103s\u0103torie trebuie prezentat\u0103 la sosirea la hotel.<br><\/p>\n\n\n\n<h4>Cazare<\/h4>\n\n\n\n<p>Coco de Mer Hotel and Black Parrot Suites se afl\u0103 pe o plaj\u0103 privat\u0103 \u00een golful Anse Bois de Rose, oferind piscin\u0103, 2 restaurante \u0219i centru spa. Hotelul este amplasat pe 80 de hectare de gr\u0103dini tropicale.<\/p>\n\n\n\n<p>Camerele \u0219i suitele sunt spa\u021bioase, oferind aer condi\u021bionat, teras\u0103 \u0219i vedere la Oceanul Indian. Includ, de asemenea, zon\u0103 de relaxare, TV prin satelit \u0219i minibar. B\u0103ile proprii sunt dotate cu usc\u0103tor de p\u0103r \u0219i articole de toalet\u0103 gratuite.<\/p>\n\n\n\n<p>Restaurantul The Hibiscus \u0219i bar-restaurantul The Mango Terrace servesc m\u00e2nc\u0103ruri creole \u0219i interna\u021bionale. Barul Coconut ofer\u0103 b\u0103uturi.<\/p>\n\n\n\n<p>Centrul spa The Waterfront ofer\u0103 tratamente \u0219i masaje. Oaspe\u021bii se pot relaxa, de asemenea, la piscin\u0103 sau pe \u0219ezlonguri la plaj\u0103. Hotelul poate organiza excursii pe insul\u0103 \u0219i expedi\u021bii de scufund\u0103ri \u0219i de pescuit \u00een ape ad\u00e2nci.<\/p>\n\n\n\n<p>Coco de Mer se afl\u0103 la numai 1 km de plaja Anse Takamaka \u0219i la 5 km de plaja Grand Anse. Aeroportul din insula Praslin este situat la 8 km de hotel.<br><br><strong><a href=\"https:\/\/laspalmas.md\/contact-us-1\/\">Suna\u021bi acum pentru o vacanta relaxanta: 060552999 \/ 023 58 40 04<\/a><\/strong><\/p>\n","protected":false},"excerpt":{"rendered":"<p>De la\u00a0181 Euro \/ persoana \/ noapte \/ Superior Room \/ mic dejun REZERVEAZ\u0102 ACUM Oferta include cazare in Superior Room mic dejun Oferta nu include transport asigurare medicala \/ &#8230;<\/p>\n","protected":false},"author":1,"featured_media":4780,"parent":0,"menu_order":0,"comment_status":"closed","ping_status":"closed","template":"","meta":[],"_links":{"self":[{"href":"https:\/\/laspalmas.md\/ru\/wp-json\/wp\/v2\/pages\/4772"}],"collection":[{"href":"https:\/\/laspalmas.md\/ru\/wp-json\/wp\/v2\/pages"}],"about":[{"href":"https:\/\/laspalmas.md\/ru\/wp-json\/wp\/v2\/types\/page"}],"author":[{"embeddable":true,"href":"https:\/\/laspalmas.md\/ru\/wp-json\/wp\/v2\/users\/1"}],"replies":[{"embeddable":true,"href":"https:\/\/laspalmas.md\/ru\/wp-json\/wp\/v2\/comments?post=4772"}],"version-history":[{"count":6,"href":"https:\/\/laspalmas.md\/ru\/wp-json\/wp\/v2\/pages\/4772\/revisions"}],"predecessor-version":[{"id":4778,"href":"https:\/\/laspalmas.md\/ru\/wp-json\/wp\/v2\/pages\/4772\/revisions\/4778"}],"wp:featuredmedia":[{"embeddable":true,"href":"https:\/\/laspalmas.md\/ru\/wp-json\/wp\/v2\/media\/4780"}],"wp:attachment":[{"href":"https:\/\/laspalmas.md\/ru\/wp-json\/wp\/v2\/media?parent=4772"}],"curies":[{"name":"wp","href":"https:\/\/api.w.org\/{rel}","templated":true}]}}