{"id":4760,"date":"2021-03-17T11:42:42","date_gmt":"2021-03-17T08:42:42","guid":{"rendered":"https:\/\/laspalmas.md\/?page_id=4760"},"modified":"2021-03-17T11:47:43","modified_gmt":"2021-03-17T08:47:43","slug":"bliss-boutique-hotel-seychelles-4","status":"publish","type":"page","link":"https:\/\/laspalmas.md\/ru\/bliss-boutique-hotel-seychelles-4\/","title":{"rendered":"Bliss Boutique Hotel Seychelles 4*"},"content":{"rendered":"\n<p><strong>De la\u00a0604 Euro \/ 7 nopti \/ persoana in camera dubla \/ mic dejun<\/strong><br><br><a href=\"https:\/\/laspalmas.md\/contact-us-1\/\"><strong>REZERVEAZ\u0102 ACUM<\/strong><\/a><br><\/p>\n\n\n\n<h4>Oferta include<\/h4>\n\n\n\n<ul><li>7 nopti cazare<\/li><li>mic dejun<\/li><\/ul>\n\n\n\n<h4>Oferta nu include<\/h4>\n\n\n\n<ul><li>transport<\/li><li>asigurare medicala si storno<br><\/li><\/ul>\n\n\n\n<h4>Cazare<\/h4>\n\n\n\n<p>Acest hotel de 4 stele ofer\u0103 camere mari, cu vedere la gr\u0103dina tropical\u0103 sau la Oceanul Indian. Hotelul are un centru spa cu o gam\u0103 larg\u0103 de tratamente. Oaspe\u0163ii pot face snorkeling la plaja privat\u0103.<\/p>\n\n\n\n<p>Camerele de la Bliss combin\u0103 stilul modern \u015fi creol cu accente pline de romantism \u015fi senzualitate exotic\u0103. Camerele de pe plaj\u0103 sunt situate de-a lungul plajei cu nisip alb \u015fi au teras\u0103 cu vedere la golf. Camerele Secret Garden sunt \u00eenconjurate de vegeta\u0163ie luxuriant\u0103, tropical\u0103.<\/p>\n\n\n\n<p>Oaspe\u0163ii se pot relaxa pe teras\u0103 sau se pot delecta cu un mesaj la centrul spa Pure-BLISS. Accesul la internet WiFi este disponibil \u00een hol, pe terasa de pe plaj\u0103 \u015fi \u00een jurul piscinei.<\/p>\n\n\n\n<p>Restaurantul Barefoot serve\u015fte m\u00e2nc\u0103ruri creole, iar restaurantul \u00e0 la carte Rockpool \u015fi cocktail-barul servesc preparate din buc\u0103t\u0103ria italian\u0103 \u015fi mediteranean\u0103.<\/p>\n\n\n\n<p>Hotelul Bliss Seychelles se afl\u0103 la doar 8 minute de mers cu ma\u015fina de plaja Beau Vallon \u015fi de centrul ora\u015fului Victoria. Aeroportul Interna\u0163ional Seychelles se afl\u0103 la 25 de minute de mers cu ma\u015fina. Parcarea este gratuit\u0103.<\/p>\n\n\n\n<h4>Valabilitate oferta<\/h4>\n\n\n\n<p>Tariful afisat este valabil pentru sejururi in perioada <strong>09 Apr 2021 &#8211; 16 Apr 2021.<\/strong><br><\/p>\n\n\n\n<h4>Conditii oferta<\/h4>\n\n\n\n<p>Tariful afisat este valabil in momentul editarii \/ postarii acestei oferte!<br>Locuri in limita disponibilitatii!<br>Atentie, disponibilitatea se poate schimba in orice moment, motiv pentru care va rugam sa ne contactati pentru reconfirmarea tarifelor si \/ sau a locurilor disponibile!<\/p>\n\n\n\n<p><br><br><strong><a href=\"https:\/\/laspalmas.md\/contact-us-1\/\">Suna\u021bi acum pentru o vacanta relaxanta: 060552999 \/ 023 58 40 04<\/a><\/strong><\/p>\n","protected":false},"excerpt":{"rendered":"<p>De la\u00a0604 Euro \/ 7 nopti \/ persoana in camera dubla \/ mic dejun REZERVEAZ\u0102 ACUM Oferta include 7 nopti cazare mic dejun Oferta nu include transport asigurare medicala si &#8230;<\/p>\n","protected":false},"author":1,"featured_media":4768,"parent":0,"menu_order":0,"comment_status":"closed","ping_status":"closed","template":"","meta":[],"_links":{"self":[{"href":"https:\/\/laspalmas.md\/ru\/wp-json\/wp\/v2\/pages\/4760"}],"collection":[{"href":"https:\/\/laspalmas.md\/ru\/wp-json\/wp\/v2\/pages"}],"about":[{"href":"https:\/\/laspalmas.md\/ru\/wp-json\/wp\/v2\/types\/page"}],"author":[{"embeddable":true,"href":"https:\/\/laspalmas.md\/ru\/wp-json\/wp\/v2\/users\/1"}],"replies":[{"embeddable":true,"href":"https:\/\/laspalmas.md\/ru\/wp-json\/wp\/v2\/comments?post=4760"}],"version-history":[{"count":6,"href":"https:\/\/laspalmas.md\/ru\/wp-json\/wp\/v2\/pages\/4760\/revisions"}],"predecessor-version":[{"id":4767,"href":"https:\/\/laspalmas.md\/ru\/wp-json\/wp\/v2\/pages\/4760\/revisions\/4767"}],"wp:featuredmedia":[{"embeddable":true,"href":"https:\/\/laspalmas.md\/ru\/wp-json\/wp\/v2\/media\/4768"}],"wp:attachment":[{"href":"https:\/\/laspalmas.md\/ru\/wp-json\/wp\/v2\/media?parent=4760"}],"curies":[{"name":"wp","href":"https:\/\/api.w.org\/{rel}","templated":true}]}}