{"id":4745,"date":"2021-03-15T21:13:41","date_gmt":"2021-03-15T18:13:41","guid":{"rendered":"https:\/\/laspalmas.md\/?page_id=4745"},"modified":"2021-03-17T11:37:36","modified_gmt":"2021-03-17T08:37:36","slug":"grand-sirenis-punta-cana-5","status":"publish","type":"page","link":"https:\/\/laspalmas.md\/ru\/grand-sirenis-punta-cana-5\/","title":{"rendered":"Grand Sirenis Punta Cana 5*"},"content":{"rendered":"\n<p><strong>De la\u00a01479 Euro \/ pachet 7 nopti \/ persoana in camera dubla \/ All inclusive<\/strong><br><br><a href=\"https:\/\/laspalmas.md\/contact-us-1\/\"><strong>REZERVEAZ\u0102 ACUM<\/strong><\/a><br><\/p>\n\n\n\n<h4>Oferta include<\/h4>\n\n\n\n<ul><li>Transport cu avionul pe ruta Bucuresti &#8211; Punta Cana &#8211; Bucuresti<\/li><li>Taxe aeroport<\/li><li>Transfer aeroport &#8211; hotel &#8211; aeroport<\/li><li>Cazare 7 nopti<\/li><li>1 bagaj de cala si 1 bagaj de mana\/ persoana<\/li><\/ul>\n\n\n\n<h4>Oferta nu include<\/h4>\n\n\n\n<ul><li>Asigurare medicala si storno<\/li><li>Taxa de statiune<br><\/li><\/ul>\n\n\n\n<h4>Conditii oferta<\/h4>\n\n\n\n<p>Tariful afisat este valabil in momentul editarii \/ postarii acestei oferte!<br>Locuri in limita disponibilitatii!<br>Atentie, disponibilitatea se poate schimba in orice moment, motiv pentru care va rugam sa ne contactati pentru reconfirmarea tarifelor si \/ sau a locurilor disponibile!<\/p>\n\n\n\n<h4>Cazare<\/h4>\n\n\n\n<p>Aceast\u0103 proprietate este la 11 minute pe jos fa\u021b\u0103 de plaj\u0103. Sirenis Punta Cana Resort Casino &#038; Aquagames este situat pe plaja Uvero Alto \u0219i are piscin\u0103 mare \u00een aer liber, cu vedere uimitoare la ocean. Acesta include un cazinou, un parc acvatic \u015fi 7 restaurante.<\/p>\n\n\n\n<p>Toate camerele de la Sirenis Punta Cana Resort Casino &#038; Aquagames sunt spa\u0163ioase \u015fi au decor modern \u00een culori deschise, precum \u015fi balcon. Ofer\u0103 aer condi\u0163ionat, TV prin satelit, minibar \u015fi aparat de cafea.<\/p>\n\n\n\n<p>Restaurantele din Punta Cana ofer\u0103 op\u021biuni italiene, fripturi, bufet \u0219i gourmet. Exist\u0103, de asemenea, 3 baruri la piscin\u0103.<\/p>\n\n\n\n<p>Amenajat \u00eentr-o livad\u0103 cu cocotieri, complexul reprezint\u0103 cadrul ideal pentru snorkelling, pescuit marin \u015fi volei. Printre alte activit\u0103\u0163i disponibile se num\u0103r\u0103 canotaj, tenis \u015fi tir cu arcul.<\/p>\n\n\n\n<p>Sirenis este la aproximativ 5 km de lacurile Nisibon. La Romana \u015fi aeroportul s\u0103u se afl\u0103 la pu\u021bin mai mult de 1 or\u0103 cu ma\u015fina.<\/p>\n\n\n\n<h4>Valabilitate oferta<\/h4>\n\n\n\n<p>Tariful afisat este valabil pentru sejur in perioada <strong>29 Apr 2021 &#8211; 06 Mai 2021.<\/strong><br>Pentru alte date de plecare, nu ezitati sa ne contactati.<br><br><strong><a href=\"https:\/\/laspalmas.md\/contact-us-1\/\">Suna\u021bi acum pentru o vacanta relaxanta: 060552999 \/ 023 58 40 04<\/a><\/strong><\/p>\n","protected":false},"excerpt":{"rendered":"<p>De la\u00a01479 Euro \/ pachet 7 nopti \/ persoana in camera dubla \/ All inclusive REZERVEAZ\u0102 ACUM Oferta include Transport cu avionul pe ruta Bucuresti &#8211; Punta Cana &#8211; Bucuresti &#8230;<\/p>\n","protected":false},"author":1,"featured_media":4750,"parent":0,"menu_order":0,"comment_status":"closed","ping_status":"closed","template":"","meta":[],"_links":{"self":[{"href":"https:\/\/laspalmas.md\/ru\/wp-json\/wp\/v2\/pages\/4745"}],"collection":[{"href":"https:\/\/laspalmas.md\/ru\/wp-json\/wp\/v2\/pages"}],"about":[{"href":"https:\/\/laspalmas.md\/ru\/wp-json\/wp\/v2\/types\/page"}],"author":[{"embeddable":true,"href":"https:\/\/laspalmas.md\/ru\/wp-json\/wp\/v2\/users\/1"}],"replies":[{"embeddable":true,"href":"https:\/\/laspalmas.md\/ru\/wp-json\/wp\/v2\/comments?post=4745"}],"version-history":[{"count":6,"href":"https:\/\/laspalmas.md\/ru\/wp-json\/wp\/v2\/pages\/4745\/revisions"}],"predecessor-version":[{"id":4752,"href":"https:\/\/laspalmas.md\/ru\/wp-json\/wp\/v2\/pages\/4745\/revisions\/4752"}],"wp:featuredmedia":[{"embeddable":true,"href":"https:\/\/laspalmas.md\/ru\/wp-json\/wp\/v2\/media\/4750"}],"wp:attachment":[{"href":"https:\/\/laspalmas.md\/ru\/wp-json\/wp\/v2\/media?parent=4745"}],"curies":[{"name":"wp","href":"https:\/\/api.w.org\/{rel}","templated":true}]}}