{"id":4737,"date":"2021-03-15T21:08:35","date_gmt":"2021-03-15T18:08:35","guid":{"rendered":"https:\/\/laspalmas.md\/?page_id=4737"},"modified":"2021-03-15T21:13:28","modified_gmt":"2021-03-15T18:13:28","slug":"catalonia-royal-bavaro-resort-5-adults-only","status":"publish","type":"page","link":"https:\/\/laspalmas.md\/ru\/catalonia-royal-bavaro-resort-5-adults-only\/","title":{"rendered":"Catalonia Royal Bavaro Resort 5* (adults only)"},"content":{"rendered":"\n<p><strong>De la\u00a01349 Euro \/ pachet 7 nopti \/ persoana in camera dubla \/ All inclusive<\/strong><br><br><a href=\"https:\/\/laspalmas.md\/contact-us-1\/\"><strong>REZERVEAZ\u0102 ACUM<\/strong><\/a><\/p>\n\n\n\n<h4>Oferta include<\/h4>\n\n\n\n<ul><li>Transport cu avionul pe ruta Bucuresti &#8211; Punta Cana &#8211; Bucuresti<\/li><li>Taxe aeroport<\/li><li>Transfer aeroport &#8211; hotel &#8211; aeroport<\/li><li>Cazare 7 nopti<\/li><li>1 bagaj de cala si 1 bagaj de mana\/ persoana<\/li><\/ul>\n\n\n\n<h4>Oferta nu include<\/h4>\n\n\n\n<p>\u2022 asigurare medicala si storno<br>\u2022 taxe guvernamentale la iesirea din tara<\/p>\n\n\n\n<h4>Valabilitate oferta<\/h4>\n\n\n\n<p>Tariful afisat este valabil pentru sejur in perioada <strong>15 Apr 2021 &#8211; 22 Apr 2021.<\/strong><br>Pentru alte date de plecare, nu ezitati sa ne contactati.<\/p>\n\n\n\n<h4>Conditii oferta<\/h4>\n\n\n\n<p>Tariful afisat este valabil in momentul editarii \/ postarii acestei oferte!<br>Locuri in limita disponibilitatii!<br>Atentie, disponibilitatea se poate schimba in orice moment, motiv pentru care va rugam sa ne contactati pentru reconfirmarea tarifelor si \/ sau a locurilor disponibile!<\/p>\n\n\n\n<h4>Cazare<\/h4>\n\n\n\n<p>Acest complex destinat exclusiv adul\u0163ilor se afl\u0103 \u00een ora\u015ful Punta Cana din Republica Dominican\u0103. Exist\u0103 WiFi gratuit \u015fi plaj\u0103 privat\u0103. Ofer\u0103 mai multe piscine \u00een aer liber \u015fi facilit\u0103\u021bi de sporturi nautice precum caiac \u015fi windsurfing.<\/p>\n\n\n\n<p>Suitele elegante au TV cu ecran plat \u015fi balcon cu hamac. De asemenea, toate camerele includ halate, papuci, meniu de perne \u015fi cutie de valori gratuit\u0103.<\/p>\n\n\n\n<p>\u00cen timpul zilei, oaspe\u0163ii caza\u0163i la Catalonia Royal Bavaro &#8211; All Inclusive &#8211; Adults Only pot juca o partid\u0103 de golf pe unul dintre cele 2 terenuri ale complexului. Seara, oaspe\u0163ii au la dispozi\u0163ie un cazinou \u015fi un club de noapte. Proprietatea are \u015fi 6 baruri, inclusiv un bar pe plaj\u0103 cu sushi \u015fi un bar cu sucuri de fructe proaspete.<\/p>\n\n\n\n<p>Acest complex are 6 restaurante \u00e0 la carte: Thalassa, care ofer\u0103 preparate mediteraneene \u015fi un bufet complet pentru mic dejun, pr\u00e2nz \u015fi cin\u0103; Cata Tapa, cu decor romantic; Sea Blue Deli &#038; Snack, ideal pentru a savura gust\u0103ri delicioase l\u00e2ng\u0103 piscin\u0103 \u00een timp ce admira\u0163i vederea la plaj\u0103; Pizzeria Sorremto, care ofer\u0103 pizza la cuptor cu lemne l\u00e2ng\u0103 piscin\u0103; Tao &#8211; Cat, care asigur\u0103 delicii rafinate din sud-estul Asiei. De asemenea, Catalonia Punta Cana are un restaurant nou unde pute\u0163i \u00eencerca preparate vegetariene sofisticate, un restaurant special pentru oaspe\u0163ii cu privilegii, precum \u015fi alte 9 op\u0163iuni de luat masa.<\/p>\n\n\n\n<p>\u00cen plus, oaspe\u0163ii au acces la toate facilit\u0103\u0163ile, restaurantele \u015fi activit\u0103\u0163ile oferite de proprietatea partener\u0103 Catalonia Punta Cana. Juc\u0103torii de golf se pot bucura de acces la cluburile de golf Cabeza de Toro \u015fi Caribbean.<br><br><strong><a href=\"https:\/\/laspalmas.md\/contact-us-1\/\">Suna\u021bi acum pentru o vacanta relaxanta: 060552999 \/ 023 58 40 04<\/a><\/strong><\/p>\n","protected":false},"excerpt":{"rendered":"<p>De la\u00a01349 Euro \/ pachet 7 nopti \/ persoana in camera dubla \/ All inclusive REZERVEAZ\u0102 ACUM Oferta include Transport cu avionul pe ruta Bucuresti &#8211; Punta Cana &#8211; Bucuresti &#8230;<\/p>\n","protected":false},"author":1,"featured_media":4741,"parent":0,"menu_order":0,"comment_status":"closed","ping_status":"closed","template":"","meta":[],"_links":{"self":[{"href":"https:\/\/laspalmas.md\/ru\/wp-json\/wp\/v2\/pages\/4737"}],"collection":[{"href":"https:\/\/laspalmas.md\/ru\/wp-json\/wp\/v2\/pages"}],"about":[{"href":"https:\/\/laspalmas.md\/ru\/wp-json\/wp\/v2\/types\/page"}],"author":[{"embeddable":true,"href":"https:\/\/laspalmas.md\/ru\/wp-json\/wp\/v2\/users\/1"}],"replies":[{"embeddable":true,"href":"https:\/\/laspalmas.md\/ru\/wp-json\/wp\/v2\/comments?post=4737"}],"version-history":[{"count":5,"href":"https:\/\/laspalmas.md\/ru\/wp-json\/wp\/v2\/pages\/4737\/revisions"}],"predecessor-version":[{"id":4743,"href":"https:\/\/laspalmas.md\/ru\/wp-json\/wp\/v2\/pages\/4737\/revisions\/4743"}],"wp:featuredmedia":[{"embeddable":true,"href":"https:\/\/laspalmas.md\/ru\/wp-json\/wp\/v2\/media\/4741"}],"wp:attachment":[{"href":"https:\/\/laspalmas.md\/ru\/wp-json\/wp\/v2\/media?parent=4737"}],"curies":[{"name":"wp","href":"https:\/\/api.w.org\/{rel}","templated":true}]}}