{"id":4718,"date":"2021-03-15T20:56:40","date_gmt":"2021-03-15T17:56:40","guid":{"rendered":"https:\/\/laspalmas.md\/?page_id=4718"},"modified":"2021-03-15T21:00:18","modified_gmt":"2021-03-15T18:00:18","slug":"banyan-tree-phuket-resort-5","status":"publish","type":"page","link":"https:\/\/laspalmas.md\/ru\/banyan-tree-phuket-resort-5\/","title":{"rendered":"Banyan Tree Phuket Resort 5*"},"content":{"rendered":"\n<p><strong>De la\u00a0708 Euro \/ 7 nopti \/ persoana in Banyan Pool Villa \/ mic dejun<\/strong><br><br><a href=\"https:\/\/laspalmas.md\/contact-us-1\/\"><strong>REZERVEAZ\u0102 ACUM<\/strong><\/a><br><\/p>\n\n\n\n<h4>Oferta include<\/h4>\n\n\n\n<ul><li>7 nopti cazare in Banyan Pool Villa<\/li><li>mic dejun<\/li><\/ul>\n\n\n\n<h4>Oferta nu include<\/h4>\n\n\n\n<ul><li>transport<\/li><li>asigurare medicala \/ storno <\/li><\/ul>\n\n\n\n<h4> Conditii oferta<\/h4>\n\n\n\n<p>Tariful afisat este valabil in momentul editarii \/ postarii acestei oferte!<br>Locuri in limita disponibilitatii!<br>Atentie, disponibilitatea se poate schimba in orice moment, motiv pentru care va rugam sa ne contactati pentru reconfirmarea tarifelor si \/ sau a locurilor disponibile.<\/p>\n\n\n\n<h4>Cazare<\/h4>\n\n\n\n<p>M\u0103rginit de Marea Andaman, Banyan Tree Phuket ofer\u0103 o escapad\u0103 tropical\u0103 de lux cu gama sa de rafinate restaurante premiate \u015fi serviciile complete de spa. Vilele spa\u0163ioase au piscin\u0103 cu hidromasaj \u00een aer liber amplasat\u0103 \u00een gr\u0103dini amenajate.<\/p>\n\n\n\n<p>Decorate cu art\u0103 thailandez\u0103 \u015fi frumoase obiecte din lemn, vilele au zone ample de relaxare ce dau spre piscin\u0103. Vilele sunt prev\u0103zute cu facilit\u0103\u0163i precum TV cu ecran plat, DVD player \u015fi Wi-Fi gratuit.<\/p>\n\n\n\n<p>Oaspe\u0163ii pot profita de masajele de relaxare, precum \u015fi terenurile de tenis \u015fi facilit\u0103\u0163ile de fitness oferite. Sunt furnizate servicii de concierge, iar personalul este preg\u0103tit s\u0103 r\u0103spund\u0103 oric\u0103ror solicit\u0103ri legate de afaceri \u015fi de voiaje.<\/p>\n\n\n\n<p>Specialit\u0103\u0163i thailandeze sunt servite \u00een ambian\u0163a elegant\u0103 oferit\u0103 de Saffron, \u00een vreme ce Watercourt propune bufete consistente. Oaspe\u0163ii au la dispozi\u0163ie 2 baruri, o cafenea \u015fi beneficiaz\u0103 permanent de room service.<\/p>\n\n\n\n<p>Situat \u00een sta\u0163iunea Laguna Phuket, Banyan Tree Phuket este situat la 20 de minute cu ma\u015fina de Aeroportul Interna\u0163ional Phuket \u015fi la 30 de minute cu ma\u015fina de plaja Patong. Oaspe\u0163ii beneficiaz\u0103 de parcare gratuit\u0103.<\/p>\n\n\n\n<h4>Valabilitate oferta<\/h4>\n\n\n\n<p>Tariful afisat este valabil pentru sejur in perioada <strong>11 Apr 2021 &#8211; 26 Apr 2021<\/strong><br>Pentru alte date de plecare, nu ezitati sa ne contactati.<br><br><strong><a href=\"https:\/\/laspalmas.md\/contact-us-1\/\">Suna\u021bi acum pentru o vacanta relaxanta: 060552999 \/ 023 58 40 04<\/a><\/strong><\/p>\n","protected":false},"excerpt":{"rendered":"<p>De la\u00a0708 Euro \/ 7 nopti \/ persoana in Banyan Pool Villa \/ mic dejun REZERVEAZ\u0102 ACUM Oferta include 7 nopti cazare in Banyan Pool Villa mic dejun Oferta nu &#8230;<\/p>\n","protected":false},"author":1,"featured_media":4720,"parent":0,"menu_order":0,"comment_status":"closed","ping_status":"closed","template":"","meta":[],"_links":{"self":[{"href":"https:\/\/laspalmas.md\/ru\/wp-json\/wp\/v2\/pages\/4718"}],"collection":[{"href":"https:\/\/laspalmas.md\/ru\/wp-json\/wp\/v2\/pages"}],"about":[{"href":"https:\/\/laspalmas.md\/ru\/wp-json\/wp\/v2\/types\/page"}],"author":[{"embeddable":true,"href":"https:\/\/laspalmas.md\/ru\/wp-json\/wp\/v2\/users\/1"}],"replies":[{"embeddable":true,"href":"https:\/\/laspalmas.md\/ru\/wp-json\/wp\/v2\/comments?post=4718"}],"version-history":[{"count":5,"href":"https:\/\/laspalmas.md\/ru\/wp-json\/wp\/v2\/pages\/4718\/revisions"}],"predecessor-version":[{"id":4724,"href":"https:\/\/laspalmas.md\/ru\/wp-json\/wp\/v2\/pages\/4718\/revisions\/4724"}],"wp:featuredmedia":[{"embeddable":true,"href":"https:\/\/laspalmas.md\/ru\/wp-json\/wp\/v2\/media\/4720"}],"wp:attachment":[{"href":"https:\/\/laspalmas.md\/ru\/wp-json\/wp\/v2\/media?parent=4718"}],"curies":[{"name":"wp","href":"https:\/\/api.w.org\/{rel}","templated":true}]}}