{"id":4710,"date":"2021-03-15T20:51:43","date_gmt":"2021-03-15T17:51:43","guid":{"rendered":"https:\/\/laspalmas.md\/?page_id=4710"},"modified":"2021-03-15T20:55:15","modified_gmt":"2021-03-15T17:55:15","slug":"amanpuri-resort-6","status":"publish","type":"page","link":"https:\/\/laspalmas.md\/ru\/amanpuri-resort-6\/","title":{"rendered":"Amanpuri Resort 6*"},"content":{"rendered":"\n<p><strong>De la\u00a0652 Euro \/ 2 nopti \/ persoana \/ Pavilion \/ mic dejun<\/strong><br><br><a href=\"https:\/\/laspalmas.md\/contact-us-1\/\"><strong>REZERVEAZ\u0102 ACUM<\/strong><\/a><br><\/p>\n\n\n\n<h4>Oferta include<\/h4>\n\n\n\n<ul><li>2 nopti cazare in Pavilion<\/li><li>mic dejun<\/li><\/ul>\n\n\n\n<h4>Oferta nu include<\/h4>\n\n\n\n<ul><li>bilet de avion<\/li><li>transferuri<\/li><li>asigurare medicala<\/li><li>excursii optionale si intrari la obiective turistice;<\/li><\/ul>\n\n\n\n<h4>Valabilitate oferta<\/h4>\n\n\n\n<p>Oferta valabila in limita disponibilitatilor la momentul rezervarii.<\/p>\n\n\n\n<h4>Conditii oferta<\/h4>\n\n\n\n<p>Tariful afisat este valabil in momentul editarii \/ postarii acestei oferte!<br>Locuri in limita disponibilitatii!<br>Atentie, disponibilitatea se poate schimba in orice moment, motiv pentru care va rugam sa ne contactati pentru reconfirmarea tarifelor si \/ sau a locurilor disponibile!<\/p>\n\n\n\n<h4>Cazare<\/h4>\n\n\n\n<p>Amanpuri este proprietatea emblematic\u0103 a lantului hotelier Aman si inseamn\u0103 &#8220;loc de pace&#8221; \u00een sanscrit\u0103.&nbsp; Resortul de lux este situat in Phuket,&nbsp; pe o planta\u021bie de nuc\u0103 de cocos cu vedere la Marea Andaman, \u0219i include o por\u021biune de Pansea Beach.<\/p>\n\n\n\n<p>Resortul dispune de 40 de pavilioane \u0219i 44 de vile pe o suprafa\u021b\u0103 de 24 de hectare, pe un teren din partea de nord a plajei Pansea.<\/p>\n\n\n\n<p>Fiecare vil\u0103 are o piscin\u0103, sufragerie \u0219i buc\u0103t\u0103rie separate\u0219i p\u00e2n\u0103 la 9 dormitoare.<\/p>\n\n\n\n<p>Facilit\u0103\u021bile includ patru restaurante: restaurantul thailandez, Arva (italian), un salon sud-american \u0219i Nama (japonez), care se concentreaz\u0103 pe buc\u0103t\u0103ria de patrimoniu recunoscut\u0103 de UNESCO, Washoku, introdus\u0103 \u00een sta\u021biune \u00een 2017.<\/p>\n\n\n\n<p>Aman Spa ofer\u0103 \u0219ase s\u0103li de tratament \u0219i wellness. Conde Nast Traveler a premiat &#8220;Best Retreats Bespoke&#8221; Amanpuri \u00een The Spa Awards 2017.<\/p>\n\n\n\n<p>Piscina principal\u0103 de 27 de metri, cu ap\u0103 dulce, este \u00eembr\u0103cat\u0103 \u00een gresie albastr\u0103 iar o piscin\u0103 secundar\u0103 de 20 de metri poate fi g\u0103sit\u0103 la Beach Club. O a treia piscin\u0103 de 10 metri pentru copii se afl\u0103 l\u00e2ng\u0103 Nama.<\/p>\n\n\n\n<p>De pe plaj\u0103 sunt disponibile paddleboards, biciclete Schiller, echipament pentru snorkelling \u0219i caiac, \u00eempreun\u0103 cu Hobie Cats. Amanpuri ofer\u0103, de asemenea, o mare selec\u021bie de nave pentru croaziere, pentru excursii de o zi sau chartere nocturne.<\/p>\n\n\n\n<p>Alte facilit\u0103\u021bi includ un Club Beach, o bibliotec\u0103, 6 terenuri de tenis, o sal\u0103 de gimnastic\u0103, un studio Pilates, o sal\u0103 de \u00eent\u00e2lniri echipat\u0103 \u0219i o galerie cu o selec\u021bie de articole pentru cump\u0103rare.<br><br><strong><a href=\"https:\/\/laspalmas.md\/contact-us-1\/\">Suna\u021bi acum pentru o vacanta relaxanta: 060552999 \/ 023 58 40 04<\/a><\/strong><\/p>\n","protected":false},"excerpt":{"rendered":"<p>De la\u00a0652 Euro \/ 2 nopti \/ persoana \/ Pavilion \/ mic dejun REZERVEAZ\u0102 ACUM Oferta include 2 nopti cazare in Pavilion mic dejun Oferta nu include bilet de avion &#8230;<\/p>\n","protected":false},"author":1,"featured_media":4711,"parent":0,"menu_order":0,"comment_status":"closed","ping_status":"closed","template":"","meta":[],"_links":{"self":[{"href":"https:\/\/laspalmas.md\/ru\/wp-json\/wp\/v2\/pages\/4710"}],"collection":[{"href":"https:\/\/laspalmas.md\/ru\/wp-json\/wp\/v2\/pages"}],"about":[{"href":"https:\/\/laspalmas.md\/ru\/wp-json\/wp\/v2\/types\/page"}],"author":[{"embeddable":true,"href":"https:\/\/laspalmas.md\/ru\/wp-json\/wp\/v2\/users\/1"}],"replies":[{"embeddable":true,"href":"https:\/\/laspalmas.md\/ru\/wp-json\/wp\/v2\/comments?post=4710"}],"version-history":[{"count":5,"href":"https:\/\/laspalmas.md\/ru\/wp-json\/wp\/v2\/pages\/4710\/revisions"}],"predecessor-version":[{"id":4716,"href":"https:\/\/laspalmas.md\/ru\/wp-json\/wp\/v2\/pages\/4710\/revisions\/4716"}],"wp:featuredmedia":[{"embeddable":true,"href":"https:\/\/laspalmas.md\/ru\/wp-json\/wp\/v2\/media\/4711"}],"wp:attachment":[{"href":"https:\/\/laspalmas.md\/ru\/wp-json\/wp\/v2\/media?parent=4710"}],"curies":[{"name":"wp","href":"https:\/\/api.w.org\/{rel}","templated":true}]}}