{"id":4702,"date":"2021-03-15T20:41:49","date_gmt":"2021-03-15T17:41:49","guid":{"rendered":"https:\/\/laspalmas.md\/?page_id=4702"},"modified":"2021-03-15T20:50:23","modified_gmt":"2021-03-15T17:50:23","slug":"aleenta-phuket-resort-spa-5","status":"publish","type":"page","link":"https:\/\/laspalmas.md\/ru\/aleenta-phuket-resort-spa-5\/","title":{"rendered":"Aleenta Phuket Resort &#038; Spa 5*"},"content":{"rendered":"\n<p><strong>De la\u00a0141 Euro \/ persoana \/ noapte \/ Pool Suite \/ mic dejun<\/strong><br><br><a href=\"https:\/\/laspalmas.md\/contact-us-1\/\"><strong>REZERVEAZ\u0102 ACUM<\/strong><\/a><\/p>\n\n\n\n<h4>Oferta include<\/h4>\n\n\n\n<ul><li>cazare cu mic dejun in&nbsp;Pool Suite<\/li><\/ul>\n\n\n\n<h4>Oferta nu include<\/h4>\n\n\n\n<p>\u2022 Bilet de avion<br>\u2022 Transferuri<br>\u2022 Asigurare medicala<br>\u2022 Excursii optionale si intrari la obiective turistice;<\/p>\n\n\n\n<h4>Valabilitate oferta<\/h4>\n\n\n\n<p>Oferta valabila in limita disponibilitatilor la momentul rezervarii.<\/p>\n\n\n\n<h4>Conditii oferta<\/h4>\n\n\n\n<p>Tarifele pot varia in functie de disponibilitate si perioada de calatorie (in limita locurilor disponibile la momentul rezervarii).<\/p>\n\n\n\n<p>Oferta speciala: 2 = 1, valabil pentru o noapte \/ mic dejun.<\/p>\n\n\n\n<p>Long Stay: 1 x 60 minute de masaj thailandez pentru max. 2 persoane de la minim 8 nop\u021bi. \u00cen plus, o cin\u0103 cu 3 feluri de m\u00e2ncare, o sticl\u0103 de vin Aleenta, un curs de g\u0103tit Thai \u0219i o excursie la Parcul Na\u021bional Aleenta cu program de protec\u021bie pentru broa\u0219te \u021bestoase marine pentru max. 2 persoane de la 10 nop\u021bi minim\u0103 de sejur.<\/p>\n\n\n\n<p>SPECIAL PENTRU TINE: b\u0103utur\u0103 de bun venit, o sticl\u0103 de ap\u0103 \u0219i mic dejun \u00e0 la carte \u00een vila f\u0103r\u0103 tax\u0103 suplimentar\u0103.<\/p>\n\n\n\n<p>HONEYMOON SPECIAL: 1 sticl\u0103 de vin spumant Aleenta, pentru un sejur de minim 3 nop\u021bi. \u00cen plus, &#8220;Aleenta&#8217;s Magical Moment Experience&#8221; cu aranjament floral, lumanari \u0219i parfum, o sticl\u0103 de vin, co\u0219 de fructe tropicale \u0219i 1 x cocktail la The Edge \u0219i 2 felinare pentru o \u0219ederea minim\u0103 de 6 nop\u021bi.<\/p>\n\n\n\n<h4>Cazare<\/h4>\n\n\n\n<p>Aleenta Resort and Spa Phuket, Phangnga se afl\u0103 la doar c\u00e2\u021biva pa\u0219i de Marea Andaman \u0219i ofer\u0103 unit\u0103\u021bi de cazare de lux, cu piscin\u0103 privat\u0103, acces gratuit la internet wireless \u0219i centru spa de revitalizare.<\/p>\n\n\n\n<p>Situat l\u00e2ng\u0103 plaja Natai cu nisip alb, Aleenta Resort se afl\u0103 la doar 20 de minute de mers cu ma\u0219ina de Aeroportul Interna\u021bional Phuket.<\/p>\n\n\n\n<p>Vilele decorate \u00een stil modern au vedere la ocean. Vilele selecte includ piscin\u0103 infinit\u0103 privat\u0103, iar cele mai multe vile au acces direct la piscin\u0103 comun\u0103. Toate vilele ofer\u0103 teras\u0103 la soare \u0219i un TV cu ecran plat, precum \u0219i iPod cu bibliotec\u0103 mare de muzic\u0103 \u0219i iPod docking station.<\/p>\n\n\n\n<p>Pute\u021bi s\u0103 admira\u021bi vederea \u00een timp ce \u00eenota\u021bi sau savura\u021bi un cocktail la barul \u00een aer liber. De asemenea, pute\u021bi s\u0103 v\u0103 relaxa\u021bi cu un masaj \u0219i o gam\u0103 de tratamente corporale, disponibile la centrul spa de la Aleenta. Facilit\u0103\u021bile includ zon\u0103 de yoga \u0219i restaurant care serve\u0219te m\u00e2nc\u0103ruri thailandeze \u0219i din buc\u0103t\u0103ria de fuziune, inclusiv op\u021biuni vegetariene.<br><br><strong><a href=\"https:\/\/laspalmas.md\/contact-us-1\/\">Suna\u021bi acum pentru o vacanta relaxanta: 060552999 \/ 023 58 40 04<\/a><\/strong><\/p>\n","protected":false},"excerpt":{"rendered":"<p>De la\u00a0141 Euro \/ persoana \/ noapte \/ Pool Suite \/ mic dejun REZERVEAZ\u0102 ACUM Oferta include cazare cu mic dejun in&nbsp;Pool Suite Oferta nu include \u2022 Bilet de avion\u2022 &#8230;<\/p>\n","protected":false},"author":1,"featured_media":4705,"parent":0,"menu_order":0,"comment_status":"closed","ping_status":"closed","template":"","meta":[],"_links":{"self":[{"href":"https:\/\/laspalmas.md\/ru\/wp-json\/wp\/v2\/pages\/4702"}],"collection":[{"href":"https:\/\/laspalmas.md\/ru\/wp-json\/wp\/v2\/pages"}],"about":[{"href":"https:\/\/laspalmas.md\/ru\/wp-json\/wp\/v2\/types\/page"}],"author":[{"embeddable":true,"href":"https:\/\/laspalmas.md\/ru\/wp-json\/wp\/v2\/users\/1"}],"replies":[{"embeddable":true,"href":"https:\/\/laspalmas.md\/ru\/wp-json\/wp\/v2\/comments?post=4702"}],"version-history":[{"count":5,"href":"https:\/\/laspalmas.md\/ru\/wp-json\/wp\/v2\/pages\/4702\/revisions"}],"predecessor-version":[{"id":4708,"href":"https:\/\/laspalmas.md\/ru\/wp-json\/wp\/v2\/pages\/4702\/revisions\/4708"}],"wp:featuredmedia":[{"embeddable":true,"href":"https:\/\/laspalmas.md\/ru\/wp-json\/wp\/v2\/media\/4705"}],"wp:attachment":[{"href":"https:\/\/laspalmas.md\/ru\/wp-json\/wp\/v2\/media?parent=4702"}],"curies":[{"name":"wp","href":"https:\/\/api.w.org\/{rel}","templated":true}]}}