{"id":4688,"date":"2021-03-15T20:30:30","date_gmt":"2021-03-15T17:30:30","guid":{"rendered":"https:\/\/laspalmas.md\/?page_id=4688"},"modified":"2021-03-15T20:33:44","modified_gmt":"2021-03-15T17:33:44","slug":"thailanda","status":"publish","type":"page","link":"https:\/\/laspalmas.md\/ru\/thailanda\/","title":{"rendered":"THAILANDA"},"content":{"rendered":"\n<h2>Phuket<\/h2>\n\n\n\n<p>Exponentul cel mai elocvent al combina\u021biei dintre succes \u0219i probleme \u00een turism se poate vedea \u00een Phuket, cea mai vast\u0103 insul\u0103 thailandez\u0103. Marketingul agresiv, dezvoltat de agen\u021bia na\u021bional\u0103 de turism \u00een anii 1980, a avut ca scop atragerea unui num\u0103r mare de turi\u0219ti pe insul\u0103, un succes cuantificat ast\u0103zi \u00een milioane, totaliz\u00e2nd o treime din totalul vizitatorilor Thailandei. \u00cens\u0103, laolalt\u0103 cu ei, \u0219i-a f\u0103cut apari\u021bie \u0219i dezvoltarea infrastructural\u0103 haotic\u0103, o degradare vizibil\u0103 a mediului natural, crima organizat\u0103 \u0219i multe alte discrepan\u021be nepl\u0103cute.<\/p>\n\n\n\n<p>Perla Sudului, a\u0219a cum a fost supranumit\u0103 insula, \u0219i-a pierdut rapid str\u0103lucirea \u00een ultimele decade. Pe m\u0103sur\u0103 ce terenurile s-au scumpit, mul\u021bi dintre localnici \u0219i-au v\u00e2ndut propriet\u0103\u021bile pentru a-\u0219i ceda locurile hotelurilor interna\u021bionale, iar multe dintre plajele odinioar\u0103 virgine sunt ast\u0103zi \u00een\u021besate de ele, laolalt\u0103 cu restaurantele costisitoare, agen\u021biile de turism, stabilimentele de masaj \u0219i restul de factori poluan\u021bi ai tradi\u021bionalismului insular. Pentru al\u021bii, totu\u0219i, plajele modernizate ce se deruleaz\u0103 de-a lungul coastei vestice ale insulei Phuket sunt exact facilit\u0103\u021bile de care aveau nevoie. Cu peste o duzin\u0103 de plaje \u0219i golfuri de unde pot alege \u2013 Patong, Kata, Kamala, Surin sau Karon, pute\u021bi opta pentru aglomera\u021bia \u0219i nebunia unui litoral clasic \u00eentr-o zi, pentru a v\u0103 c\u0103uta lini\u0219tea \u0219i propriul col\u021b ascuns de paradis \u00een ziua imediat urm\u0103toare.<\/p>\n\n\n\n<p>Pentru turi\u0219tii cu un buget limitat, zilele de cazare modest\u0103 \u00eentr-una din cabanele cu acoperi\u0219 din iarb\u0103 uscat\u0103 s-au \u00eencheiat, iar m\u00e2ncarea tradi\u021bional\u0103, preparat\u0103 din fructe de mare \u0219i pe\u0219te, at\u00e2t de apreciat\u0103 de cei neobi\u0219nui\u021bi cu un asemenea regim alimentar, dar, cel mai important, extrem de ieftin\u0103, a fost \u00eenlocuit\u0103 de localurile corporatiste ale KFC, Starbucks sau Pizza Hut. Phuket s-a transformat \u00eentr-o destina\u021bie scump\u0103, cu unit\u0103\u021bi de cazare, m\u00e2ncare \u0219i transport mai scumpe dec\u00e2t oriunde altundeva \u00een Thailanda. Se poate totu\u0219i cheltui mai pu\u021bin, dac\u0103 nu v\u0103 displace s\u0103 m\u00e2nca\u021bi preparate stradale sau dac\u0103 pute\u021bi rezista tenta\u021biei de a bea mai multe cocktailuri, \u00eens\u0103, dac\u0103 vre\u021bi cu adev\u0103rat s\u0103 petrece\u021bi, ave\u021bi nevoie s\u0103 v\u0103 ajusta\u021bi bugetul, pentru a v\u0103 conforma.<\/p>\n\n\n\n<p>Preparatele de tip \u201epad thai\u201d (\u00een mod obi\u0219nuit, t\u0103i\u021bei cu diverse legume \u0219i arome marine) la pre\u021bul de 100 de bah\u021bi por\u021bia (pu\u021bin peste 2 euro) se pot \u00eenc\u0103 g\u0103si \u00een anumite zone, chiar dac\u0103 nu pute\u021bi evita nepl\u0103cerile transportului public, alimentate \u0219i de pasivitatea autorit\u0103\u021bilor fa\u021b\u0103 de mafia tuk tuk (faimoasele ric\u0219e auto). Consecin\u021ba este c\u0103 autobuzele publice nu ruleaz\u0103 dec\u00e2t \u00eentre ora\u0219ul Phuket, cel mai important centru urban al insulei, \u0219i plaje, \u00eens\u0103 nu \u0219i \u00eentre plaje. O alternativ\u0103 la care a\u021bi putea s\u0103 v\u0103 g\u00e2ndi\u021bi, dac\u0103 ave\u021bi de g\u00e2nd s\u0103 vede\u021bi mai multe, este \u00eenchirierea unui scooter, motociclet\u0103 sau autoturism.<\/p>\n\n\n\n<p>Totu\u0219i, pentru turi\u0219tii de clas\u0103 \u0219i c\u0103l\u0103torii poten\u021bi financiar, Phuket ofer\u0103 o gam\u0103 uluitoare de hoteluri \u0219i resorturi luxoase, at\u00e2t pe plajele populare, c\u00e2t \u0219i \u00een loca\u021bii mai izolate, \u00een partea de nord a insulei. Chiar dac\u0103 insula a fost puternic lovit\u0103 de evenimentul de pe 26 decembrie 2004, un tsunami ce a afectat \u00een special Patong, Kamala, Bang Tao \u0219i Ya Nui, marea majoritate a facilit\u0103\u021bilor turistice sunt ast\u0103zi deschise din nou publicului larg. Pentru a \u00eenlocui cumva pierderile \u00een pia\u021ba turistic\u0103 suferite \u00een urma dezastrului, Phuket se dezvolt\u0103 ca o destina\u021bie imobiliar\u0103 ofertant\u0103 pentru cei ce-\u0219i doresc o cas\u0103 de vacan\u021b\u0103 permanent\u0103 sau cei ce \u0219i-ar vedea \u00eencununat\u0103 munca de o via\u021b\u0103 cu o retragere la pensie aici.<\/p>\n\n\n\n<p>Infrastructura se dezvolt\u0103 \u00een continuare \u00eentr-un ritm alert, un proces ce cuprinde toat\u0103 insula \u0219i nu vine deloc f\u0103r\u0103 costuri pentru turistul ocazional. Cu un aeroport interna\u021bional bine pus la punct, unit\u0103\u021bi medicale dup\u0103 standarde occidentale (Phuket este liderul opera\u021biilor de schimbare de sex \u00een Thailanda) \u0219i toate comodit\u0103\u021bile pe care ar putea s\u0103 le imagineze un european sau un nord-american, este lesne de \u00een\u021beles de ce, pentru unii, Phuket este cu adev\u0103rat Perla Sudului.<\/p>\n","protected":false},"excerpt":{"rendered":"<p>Phuket Exponentul cel mai elocvent al combina\u021biei dintre succes \u0219i probleme \u00een turism se poate vedea \u00een Phuket, cea mai vast\u0103 insul\u0103 thailandez\u0103. Marketingul agresiv, dezvoltat de agen\u021bia na\u021bional\u0103 de &#8230;<\/p>\n","protected":false},"author":1,"featured_media":4691,"parent":0,"menu_order":0,"comment_status":"closed","ping_status":"closed","template":"","meta":[],"_links":{"self":[{"href":"https:\/\/laspalmas.md\/ru\/wp-json\/wp\/v2\/pages\/4688"}],"collection":[{"href":"https:\/\/laspalmas.md\/ru\/wp-json\/wp\/v2\/pages"}],"about":[{"href":"https:\/\/laspalmas.md\/ru\/wp-json\/wp\/v2\/types\/page"}],"author":[{"embeddable":true,"href":"https:\/\/laspalmas.md\/ru\/wp-json\/wp\/v2\/users\/1"}],"replies":[{"embeddable":true,"href":"https:\/\/laspalmas.md\/ru\/wp-json\/wp\/v2\/comments?post=4688"}],"version-history":[{"count":2,"href":"https:\/\/laspalmas.md\/ru\/wp-json\/wp\/v2\/pages\/4688\/revisions"}],"predecessor-version":[{"id":4690,"href":"https:\/\/laspalmas.md\/ru\/wp-json\/wp\/v2\/pages\/4688\/revisions\/4690"}],"wp:featuredmedia":[{"embeddable":true,"href":"https:\/\/laspalmas.md\/ru\/wp-json\/wp\/v2\/media\/4691"}],"wp:attachment":[{"href":"https:\/\/laspalmas.md\/ru\/wp-json\/wp\/v2\/media?parent=4688"}],"curies":[{"name":"wp","href":"https:\/\/api.w.org\/{rel}","templated":true}]}}