{"id":4680,"date":"2021-03-15T20:26:15","date_gmt":"2021-03-15T17:26:15","guid":{"rendered":"https:\/\/laspalmas.md\/?page_id=4680"},"modified":"2021-03-15T20:30:18","modified_gmt":"2021-03-15T17:30:18","slug":"recif-attitude-resort-3-adults-only","status":"publish","type":"page","link":"https:\/\/laspalmas.md\/ru\/recif-attitude-resort-3-adults-only\/","title":{"rendered":"Recif Attitude Resort 3* (adults only)"},"content":{"rendered":"\n<p><strong>De la\u00a0462 Euro \/ 7 nopti \/ persoana in camera dubla \/ demipensiune<\/strong><br><a href=\"https:\/\/laspalmas.md\/contact-us-1\/\"><strong>REZERVEAZ\u0102 ACUM<\/strong><\/a><\/p>\n\n\n\n<h3>Oferta include<\/h3>\n\n\n\n<ul><li>7 nopti cazare<\/li><li>demipensiune<\/li><li>luna de miere: oaspetii aflati \u00een luna de miere primesc flori \u00een camer\u0103, o sticl\u0103 de rom, o geant\u0103 de plaj\u0103 pentru femeie, o p\u0103l\u0103rie pentru b\u0103rbat, reducere de 25% la tratamentele spa pentru femei \u0219i cin\u0103. Sejur minim 5 nop\u021bi. O copie a certificatului de c\u0103s\u0103torie trebuie prezentat\u0103 la sosire la hotel. Valabil p\u00e2n\u0103 la 12 luni dup\u0103 nunt\u0103.<\/li><\/ul>\n\n\n\n<h3>Oferta nu include<\/h3>\n\n\n\n<ul><li>transport<\/li><li>asigurare medicala si storno<\/li><\/ul>\n\n\n\n<h3>Conditii oferta<\/h3>\n\n\n\n<p>Tariful afisat este valabil in momentul editarii \/ postarii acestei oferte!<br>Locuri in limita disponibilitatii!<br>Atentie, disponibilitatea se poate schimba in orice moment, motiv pentru care va rugam sa ne contactati pentru reconfirmarea tarifelor si \/ sau a locurilor disponibile!<\/p>\n\n\n\n<h3>Cazare<\/h3>\n\n\n\n<p>R\u00e9cif Attitude se afl\u0103 pe plaja cu nisip alb din Pointe aux Piments \u015fi ofer\u0103 vedere la o rezerva\u0163ie marin\u0103. Piscinele \u00een aer liber, restaurantele \u0219i unele dintre camere au vedere la Oceanul Indian. Centrul spa ofer\u0103 masaje.<\/p>\n\n\n\n<p>Fiecare camer\u0103 decorat\u0103 \u00een culori deschise este prev\u0103zut\u0103 cu aer condi\u021bionat \u0219i teras\u0103 mobilat\u0103. Toate camerele includ TV prin satelit, minibar \u0219i baie privat\u0103. Camerele care nu au vedere la mare ofer\u0103 vedere la gr\u0103dina tropical\u0103.<\/p>\n\n\n\n<p>Restaurantul La Pointe aux Piments serve\u0219te un bufet de mic dejun \u0219i o varietate de preparate interna\u021bionale. Restaurantul L&#8217;Ocean situat pe plaj\u0103 ofer\u0103 specialit\u0103\u0163i din fructe de mare, iar barul La Sir\u00e8ne serve\u015fte gust\u0103ri \u0219i b\u0103uturi pe terasa sa cu vedere la ocean.<\/p>\n\n\n\n<p>Centrul spa ofer\u0103 o gam\u0103 larg\u0103 de tratamente, iar oaspe\u021bii au acces gratuit la hamam. \u00cen plus, oaspe\u021bii pot practica scufund\u0103ri \u0219i snorkelling, iar proprietatea pune la dispozi\u021bie un centru de fitness. De asemenea, se organizeaz\u0103 seri cu muzic\u0103 live de c\u00e2teva ori pe s\u0103pt\u0103m\u00e2n\u0103.<\/p>\n\n\n\n<p>Hotelul R\u00e9cif Attitude este situat \u00een nord-vestul insulei Mauritius, la 12 minute de mers cu ma\u0219ina de satul Grand-Baie \u0219i la 20 de minute de Port Louis.<\/p>\n\n\n\n<h3>Valabilitate oferta<\/h3>\n\n\n\n<p>Tariful afisat este valabil pentru sejururi in perioada <strong>23 Apr 2021 &#8211; 30 Apr 2021.<\/strong><br><br><strong><a href=\"https:\/\/laspalmas.md\/contact-us-1\/\">Suna\u021bi acum pentru o vacanta relaxanta: 060552999 \/ 023 58 40 04<\/a><\/strong><\/p>\n","protected":false},"excerpt":{"rendered":"<p>De la\u00a0462 Euro \/ 7 nopti \/ persoana in camera dubla \/ demipensiuneREZERVEAZ\u0102 ACUM Oferta include 7 nopti cazare demipensiune luna de miere: oaspetii aflati \u00een luna de miere primesc &#8230;<\/p>\n","protected":false},"author":1,"featured_media":4681,"parent":0,"menu_order":0,"comment_status":"closed","ping_status":"closed","template":"","meta":[],"_links":{"self":[{"href":"https:\/\/laspalmas.md\/ru\/wp-json\/wp\/v2\/pages\/4680"}],"collection":[{"href":"https:\/\/laspalmas.md\/ru\/wp-json\/wp\/v2\/pages"}],"about":[{"href":"https:\/\/laspalmas.md\/ru\/wp-json\/wp\/v2\/types\/page"}],"author":[{"embeddable":true,"href":"https:\/\/laspalmas.md\/ru\/wp-json\/wp\/v2\/users\/1"}],"replies":[{"embeddable":true,"href":"https:\/\/laspalmas.md\/ru\/wp-json\/wp\/v2\/comments?post=4680"}],"version-history":[{"count":5,"href":"https:\/\/laspalmas.md\/ru\/wp-json\/wp\/v2\/pages\/4680\/revisions"}],"predecessor-version":[{"id":4687,"href":"https:\/\/laspalmas.md\/ru\/wp-json\/wp\/v2\/pages\/4680\/revisions\/4687"}],"wp:featuredmedia":[{"embeddable":true,"href":"https:\/\/laspalmas.md\/ru\/wp-json\/wp\/v2\/media\/4681"}],"wp:attachment":[{"href":"https:\/\/laspalmas.md\/ru\/wp-json\/wp\/v2\/media?parent=4680"}],"curies":[{"name":"wp","href":"https:\/\/api.w.org\/{rel}","templated":true}]}}