{"id":4673,"date":"2021-03-15T20:20:30","date_gmt":"2021-03-15T17:20:30","guid":{"rendered":"https:\/\/laspalmas.md\/?page_id=4673"},"modified":"2021-03-15T20:24:59","modified_gmt":"2021-03-15T17:24:59","slug":"dinarobin-beachcomber-golf-resort-spa-6","status":"publish","type":"page","link":"https:\/\/laspalmas.md\/ru\/dinarobin-beachcomber-golf-resort-spa-6\/","title":{"rendered":"Dinarobin Beachcomber Golf Resort &#038; Spa 6*"},"content":{"rendered":"\n<p><strong>De la\u00a0163 Euro \/ persoana \/ noapte \/ Junior Suite \/ demipensiune<\/strong><br><br><a href=\"https:\/\/laspalmas.md\/contact-us-1\/\"><strong>REZERVEAZ\u0102 ACUM<\/strong><\/a><\/p>\n\n\n\n<h3>Oferta include<\/h3>\n\n\n\n<ul><li>cazare in Junior Suite<\/li><li>demipensiune<\/li><li>pachet luna de miere: o sticl\u0103 de vin spumant, o \u201eexperien\u021b\u0103 Beachcomber\u201d \u0219i un pr\u00e2nz (2 feluri) de persoan\u0103. Sejur minim 4 nop\u021bi. O copie a certificatului de c\u0103s\u0103torie este necesar\u0103 la sosirea la hotel.<\/li><\/ul>\n\n\n\n<h3>Oferta nu include<\/h3>\n\n\n\n<p>\u2022 bilet de avion<br>\u2022 transferuri<br>\u2022 asigurare medicala<br>\u2022 excursii optionale si intrari la obiective turistice;<\/p>\n\n\n\n<h3>Valabilitate oferta<\/h3>\n\n\n\n<p>Oferta valabila in limita disponibilitatilor la momentul rezervarii.<\/p>\n\n\n\n<h3>Conditii oferta<\/h3>\n\n\n\n<p>Tariful afisat este valabil in momentul editarii \/ postarii acestei oferte!<br>Locuri in limita disponibilitatii!<br>Atentie, disponibilitatea se poate schimba in orice moment, motiv pentru care va rugam sa ne contactati pentru reconfirmarea tarifelor si \/ sau a locurilor disponibile!<\/p>\n\n\n\n<h3>Cazare<\/h3>\n\n\n\n<p>Aceast\u0103 proprietate este la 3 minute pe jos fa\u021b\u0103 de plaj\u0103. Acest complex av\u00e2nd \u00een fundal muntele Le Morne ofer\u0103 suite elegante cu aer condi\u021bionat, \u00eenconjurate de gr\u0103dini tropicale luxuriante. Oaspe\u021bii au acces la terenul de golf Paradis, situat la numai 2 minute de mers cu ma\u0219ina.<\/p>\n\n\n\n<p>Suitele spa\u021bioase ale complexului Beachcomber Dinarobin includ Wi-Fi gratuit \u0219i zon\u0103 de relaxare cu TV cu ecran plat. Toate unit\u0103\u0163ile de cazare au balcon, iar unele ofer\u0103 vedere la Oceanul Indian. Fiecare suit\u0103 include o baie modern\u0103 dotat\u0103 cu articole de toalet\u0103 gratuite.<\/p>\n\n\n\n<p>Centrul spa ofer\u0103 tratamente de masaj relaxante \u015fi include o saun\u0103 \u0219i o sal\u0103 de gimnastic\u0103. La cerere, ave\u0163i la dispozi\u0163ie antrenor personal. Personalul disponibil nonstop organizeaz\u0103 plimb\u0103ri cu barca cu fundul de sticl\u0103 \u0219i excursii de snorkeling.<\/p>\n\n\n\n<p>Dinarobin Hotel Golf &#038; Spa pune la dispozi\u0163ie 4 restaurante, inclusiv un restaurant pe malul m\u0103rii. De asemenea, oaspe\u021bii au acces la restaurantul \u0219i facilit\u0103\u021bile de la Beachcomber Paradis.<br><strong><a href=\"https:\/\/laspalmas.md\/contact-us-1\/\">Suna\u021bi acum pentru o vacanta relaxanta: 060552999 \/ 023 58 40 04<\/a><\/strong><\/p>\n","protected":false},"excerpt":{"rendered":"<p>De la\u00a0163 Euro \/ persoana \/ noapte \/ Junior Suite \/ demipensiune REZERVEAZ\u0102 ACUM Oferta include cazare in Junior Suite demipensiune pachet luna de miere: o sticl\u0103 de vin spumant, &#8230;<\/p>\n","protected":false},"author":1,"featured_media":4674,"parent":0,"menu_order":0,"comment_status":"closed","ping_status":"closed","template":"","meta":[],"_links":{"self":[{"href":"https:\/\/laspalmas.md\/ru\/wp-json\/wp\/v2\/pages\/4673"}],"collection":[{"href":"https:\/\/laspalmas.md\/ru\/wp-json\/wp\/v2\/pages"}],"about":[{"href":"https:\/\/laspalmas.md\/ru\/wp-json\/wp\/v2\/types\/page"}],"author":[{"embeddable":true,"href":"https:\/\/laspalmas.md\/ru\/wp-json\/wp\/v2\/users\/1"}],"replies":[{"embeddable":true,"href":"https:\/\/laspalmas.md\/ru\/wp-json\/wp\/v2\/comments?post=4673"}],"version-history":[{"count":4,"href":"https:\/\/laspalmas.md\/ru\/wp-json\/wp\/v2\/pages\/4673\/revisions"}],"predecessor-version":[{"id":4679,"href":"https:\/\/laspalmas.md\/ru\/wp-json\/wp\/v2\/pages\/4673\/revisions\/4679"}],"wp:featuredmedia":[{"embeddable":true,"href":"https:\/\/laspalmas.md\/ru\/wp-json\/wp\/v2\/media\/4674"}],"wp:attachment":[{"href":"https:\/\/laspalmas.md\/ru\/wp-json\/wp\/v2\/media?parent=4673"}],"curies":[{"name":"wp","href":"https:\/\/api.w.org\/{rel}","templated":true}]}}