{"id":4656,"date":"2021-03-15T14:02:13","date_gmt":"2021-03-15T11:02:13","guid":{"rendered":"https:\/\/laspalmas.md\/?page_id=4656"},"modified":"2021-03-15T14:07:42","modified_gmt":"2021-03-15T11:07:42","slug":"constance-prince-maurice-6","status":"publish","type":"page","link":"https:\/\/laspalmas.md\/ru\/constance-prince-maurice-6\/","title":{"rendered":"Constance Prince Maurice 6*"},"content":{"rendered":"\n<p><strong>De la\u00a0214 Euro \/ persoana \/ noapte \/ Junior Suite \/ mic dejun<\/strong><br><br><a href=\"https:\/\/laspalmas.md\/contact-us-1\/\"><strong>REZERVEAZ\u0102 ACUM<\/strong><\/a><\/p>\n\n\n\n<h3>Oferta include<\/h3>\n\n\n\n<ul><li>cazare in Junior Suite<\/li><li>mic dejun<\/li><\/ul>\n\n\n\n<h3>Oferta nu include<\/h3>\n\n\n\n<ul><li>bilet de avion<\/li><li>transferuri aeroport \u2013 hotel \u2013 aeroport<\/li><li>asigurare medicala si storno<br><\/li><\/ul>\n\n\n\n<h3>Conditii oferta<\/h3>\n\n\n\n<p>Tariful afisat este valabil in momentul editarii \/ postarii acestei oferte!<br>Locuri in limita disponibilitatii!<br>Atentie, disponibilitatea se poate schimba in orice moment, motiv pentru care va rugam sa ne contactati pentru reconfirmarea tarifelor si \/ sau a locurilor disponibile!<br><strong><br>Luna de miere<\/strong><br>Tinerii casatoriti primescun voucher pentru 100 \u20ac pe unitate de cazare \u0219i noapte, care poate fi compensat cu m\u00e2ncare \u0219i b\u0103uturi \u0219i \/ sau tratamente spa. De asemenea, vor primi o sticl\u0103 de vin, o selec\u021bie de canap\u00e9s \u0219i o pung\u0103 de plaj\u0103 la sosire, precum \u0219i o cin\u0103 cu lum\u00e2n\u0103ri o dat\u0103 \u00een timpul \u0219ederii.<br><\/p>\n\n\n\n<h3>Cazare<\/h3>\n\n\n\n<p>Acest refugiu tropical din Poste de Flacq ofer\u0103 suite \u0219i vile luxoase, cu aer condi\u021bionat \u0219i vedere la Oceanul Indian. Are plaje izolate, iar oaspe\u021bii pot lua masa la exclusivistul restaurant plutitor Le Barachois. De asemenea, exist\u0103 un centru spa \u0219i de wellness.<\/p>\n\n\n\n<p>Spa\u021biile de cazare cu aer condi\u021bionat oferite de Maurice includ o teras\u0103 mobilat\u0103, cu vedere la ocean, \u0219i o zon\u0103 de living cu TV prin satelit. Acestea includ o baie privat\u0103, complet utilat\u0103, cu oglind\u0103 dubl\u0103. Unele suite sunt amplasate pe promontorii, deasupra apei.<\/p>\n\n\n\n<p>Constance Le Prince Maurice are 2 restaurante, care servesc gr\u0103tar, fructe de mare proaspete \u0219i delicatese specifice Insulei Mauritius. Laguna Bar serve\u0219te b\u0103uturi \u0219i diferite cocktailuri, oferind, ca \u0219i restaurantele, vedere la piscin\u0103 \u0219i la Oceanul Indian.<\/p>\n\n\n\n<p>Oaspe\u021bii pot practica windsurfing \u0219i snorkeling pe plaja privat\u0103. Biroul de turism poate organiza gratuit o excursie \u00eentr-o barc\u0103 cu fund de sticl\u0103, drume\u021bii sau o plimbare pitoreasc\u0103 deasupra insulei, cu elicopterul. De asemenea, exist\u0103 un serviciu de transfer gratuit c\u0103tre terenul de golf cu 18 g\u0103uri, amplasat pe malul m\u0103rii, aflat la 5 minute de mers cu ma\u0219ina.<\/p>\n\n\n\n<p>Aeroportul Interna\u021bional Sir Seewoosagur Ramgoolam \u0219i Port Louis se afl\u0103 la 1 or\u0103 de mers cu ma\u0219ina. Biroul de turism cu program nonstop v\u0103 poate oferi servicii de \u00eenchiriere de ma\u0219ini. De asemenea, este disponibil\u0103 o parcare gr<\/p>\n\n\n\n<h3>Valabilitate oferta<\/h3>\n\n\n\n<p>Sejururi in perioada <strong>11 Apr 2021 &#8211; 29 Apr 2021.<\/strong><br><br><strong><a href=\"https:\/\/laspalmas.md\/contact-us-1\/\">Suna\u021bi acum pentru o vacanta relaxanta: 060552999 \/ 023 58 40 04<\/a><\/strong><\/p>\n","protected":false},"excerpt":{"rendered":"<p>De la\u00a0214 Euro \/ persoana \/ noapte \/ Junior Suite \/ mic dejun REZERVEAZ\u0102 ACUM Oferta include cazare in Junior Suite mic dejun Oferta nu include bilet de avion transferuri &#8230;<\/p>\n","protected":false},"author":1,"featured_media":4660,"parent":0,"menu_order":0,"comment_status":"closed","ping_status":"closed","template":"","meta":[],"_links":{"self":[{"href":"https:\/\/laspalmas.md\/ru\/wp-json\/wp\/v2\/pages\/4656"}],"collection":[{"href":"https:\/\/laspalmas.md\/ru\/wp-json\/wp\/v2\/pages"}],"about":[{"href":"https:\/\/laspalmas.md\/ru\/wp-json\/wp\/v2\/types\/page"}],"author":[{"embeddable":true,"href":"https:\/\/laspalmas.md\/ru\/wp-json\/wp\/v2\/users\/1"}],"replies":[{"embeddable":true,"href":"https:\/\/laspalmas.md\/ru\/wp-json\/wp\/v2\/comments?post=4656"}],"version-history":[{"count":5,"href":"https:\/\/laspalmas.md\/ru\/wp-json\/wp\/v2\/pages\/4656\/revisions"}],"predecessor-version":[{"id":4663,"href":"https:\/\/laspalmas.md\/ru\/wp-json\/wp\/v2\/pages\/4656\/revisions\/4663"}],"wp:featuredmedia":[{"embeddable":true,"href":"https:\/\/laspalmas.md\/ru\/wp-json\/wp\/v2\/media\/4660"}],"wp:attachment":[{"href":"https:\/\/laspalmas.md\/ru\/wp-json\/wp\/v2\/media?parent=4656"}],"curies":[{"name":"wp","href":"https:\/\/api.w.org\/{rel}","templated":true}]}}