{"id":4652,"date":"2021-03-15T14:00:26","date_gmt":"2021-03-15T11:00:26","guid":{"rendered":"https:\/\/laspalmas.md\/?page_id=4652"},"modified":"2021-03-15T14:01:30","modified_gmt":"2021-03-15T11:01:30","slug":"mauritius","status":"publish","type":"page","link":"https:\/\/laspalmas.md\/ru\/mauritius\/","title":{"rendered":"MAURITIUS"},"content":{"rendered":"\n<p>Se pare c\u0103 Mark Twain ar fi spus odat\u0103: \u201emai \u00eent\u00e2i a fost f\u0103cut Mauritius, apoi paradisul a fost creat dup\u0103 forma \u015fi asem\u0103narea sa\u201d. \u015ei atunci c\u00e2nd te g\u00e2nde\u015fti la frumuse\u0163ea natural\u0103 a acestei insule vulcanice, cu p\u0103duri \u00eence\u0163o\u015fate \u015fi izvoare clipocitoare, plaje umbrite de palmieri \u015fi recife de corali ce mi\u015fun\u0103 de via\u0163\u0103, este u\u015for s\u0103 \u00een\u0163elegi ce a vrut s\u0103 zic\u0103.<\/p>\n\n\n\n<p>Majoritatea turi\u015ftilor cu destina\u021bia Mauritius aleg vacan\u0163ele la pachet oferite de operatorii turistici reputa\u0163i, pentru a se caza \u00eentr-unul din resorturile turistice exclusiviste. Capitala Port Louis este principalul centru turistic al \u0163\u0103rii, \u00eens\u0103 exist\u0103 sute de plaje excep\u0163ionale \u015fi resorturile adiacente, r\u0103sp\u00e2ndite pe toat\u0103 lungimea liniei de coast\u0103. Resortul suprem, Royal Palm Hotel, a fost numit de c\u0103tre Forbes unul din cele mai bune resorturi litorale ale lumii. Multe dintre aceste complexe turistice ofer\u0103 facilit\u0103\u0163i de lux, precum terenuri de golf, spa-uri \u015fi premise pentru practicarea sporturilor acvatice, precum snorkelling, scufund\u0103ri, windsurfing sau pescuit.<\/p>\n\n\n\n<p>Principalul neajuns al vacan\u0163elor \u00een Mauritius este distan\u0163a mare \u015fi timpul lung de zbor dinspre Europa. Este p\u0103cat, pentru c\u0103 cei ce se \u00eencumet\u0103 s\u0103 se \u00eembarce \u00een aceast\u0103 c\u0103l\u0103torie istovitoare vor fi r\u0103spl\u0103ti\u021bi cu una dintre cele mai frumoase insule ale lumii, un loc care reu\u015fe\u015fte cumva s\u0103 fie \u015fi confortabil \u015fi exotic sau luxos, oferind c\u00e2teva activit\u0103\u0163i \u015fi trasee turistice neconven\u0163ionale, apreciate tocmai pentru noutatea adus\u0103.<\/p>\n\n\n\n<p>Clima \u00een Mauritius este tropical\u0103, temperat\u0103 de brizele dinspre ocean. Iernile sunt calde \u015fi uscate, iar verile sunt fierbin\u021bi \u015fi umede, \u00eens\u0103 brizele r\u0103coroase dinspre mare \u00eempiedic\u0103 nu las\u0103 ambientul climatic s\u0103 devin\u0103 de nesuportat. Mauritius poate fi vizitat pe toat\u0103 durata anului, \u00eens\u0103 trebuie re\u0163inut c\u0103 plou\u0103 frecvent din ianuarie p\u00e2n\u0103 \u00een martie, sezonul cicloanelor, cel pe care ar fi mai bine dac\u0103 l-a\u0163i evita. Apogeul sezonului turistic este din octombrie p\u00e2n\u0103 \u00een aprilie \u2013 prin urmare, dac\u0103 dori\u0163i s\u0103 vizita\u0163i insula \u00een aceast\u0103 perioad\u0103, asigura\u0163i-v\u0103 c\u0103 v-a\u0163i procurat cazare mai devreme cu c\u00e2teva luni.<\/p>\n\n\n\n<p>O destina\u0163ie considerat\u0103 \u00een egal\u0103 m\u0103sur\u0103 atr\u0103g\u0103toare \u015fi exotic\u0103, Mauritius este o alegere potrivit\u0103 pentru o escapad\u0103 pe plaj\u0103, la mare \u015fi la soare, \u00een condi\u0163iile unui lux total.<\/p>\n","protected":false},"excerpt":{"rendered":"<p>Se pare c\u0103 Mark Twain ar fi spus odat\u0103: \u201emai \u00eent\u00e2i a fost f\u0103cut Mauritius, apoi paradisul a fost creat dup\u0103 forma \u015fi asem\u0103narea sa\u201d. \u015ei atunci c\u00e2nd te g\u00e2nde\u015fti &#8230;<\/p>\n","protected":false},"author":1,"featured_media":4653,"parent":0,"menu_order":0,"comment_status":"closed","ping_status":"closed","template":"","meta":[],"_links":{"self":[{"href":"https:\/\/laspalmas.md\/ru\/wp-json\/wp\/v2\/pages\/4652"}],"collection":[{"href":"https:\/\/laspalmas.md\/ru\/wp-json\/wp\/v2\/pages"}],"about":[{"href":"https:\/\/laspalmas.md\/ru\/wp-json\/wp\/v2\/types\/page"}],"author":[{"embeddable":true,"href":"https:\/\/laspalmas.md\/ru\/wp-json\/wp\/v2\/users\/1"}],"replies":[{"embeddable":true,"href":"https:\/\/laspalmas.md\/ru\/wp-json\/wp\/v2\/comments?post=4652"}],"version-history":[{"count":1,"href":"https:\/\/laspalmas.md\/ru\/wp-json\/wp\/v2\/pages\/4652\/revisions"}],"predecessor-version":[{"id":4654,"href":"https:\/\/laspalmas.md\/ru\/wp-json\/wp\/v2\/pages\/4652\/revisions\/4654"}],"wp:featuredmedia":[{"embeddable":true,"href":"https:\/\/laspalmas.md\/ru\/wp-json\/wp\/v2\/media\/4653"}],"wp:attachment":[{"href":"https:\/\/laspalmas.md\/ru\/wp-json\/wp\/v2\/media?parent=4652"}],"curies":[{"name":"wp","href":"https:\/\/api.w.org\/{rel}","templated":true}]}}