{"id":4643,"date":"2021-03-15T13:55:31","date_gmt":"2021-03-15T10:55:31","guid":{"rendered":"https:\/\/laspalmas.md\/?page_id=4643"},"modified":"2021-03-15T13:59:44","modified_gmt":"2021-03-15T10:59:44","slug":"baros-maldives-resort-5","status":"publish","type":"page","link":"https:\/\/laspalmas.md\/ru\/baros-maldives-resort-5\/","title":{"rendered":"Baros Maldives Resort 5*"},"content":{"rendered":"\n<p><strong>De la\u00a0440 Euro \/ persoana \/ noapte \/ Deluxe Best Price Villa \/ mic dejun<\/strong><br><br><a href=\"https:\/\/laspalmas.md\/contact-us-1\/\"><strong>REZERVEAZ\u0102 ACUM<\/strong><\/a><\/p>\n\n\n\n<h3>Oferta include<\/h3>\n\n\n\n<ul><li>cazare in Deluxe Best Price Villa<\/li><li>mic dejun<\/li><li>transfer cu barca rapida<\/li><\/ul>\n\n\n\n<h3>Oferta nu include<\/h3>\n\n\n\n<ul><li>bilet de avion<\/li><li>asigurare medicala \/ storno<\/li><\/ul>\n\n\n\n<h3>Conditii oferta<\/h3>\n\n\n\n<p>Tariful afisat este valabil in momentul editarii \/ postarii acestei oferte!<br>Locuri in limita disponibilitatii!<br>Atentie, disponibilitatea se poate schimba in orice moment, motiv pentru care va rugam sa ne contactati pentru reconfirmarea tarifelor si \/ sau a locurilor disponibile!<\/p>\n\n\n\n<p><strong>Luna de miere special\u0103<\/strong><br>Tinerii casatoriti primesc o sticla mica de sampanie, ciocolata, o fotografie cu rama si o cina la la hotel. Sejur minim 4 nop\u021bi. Valabil p\u00e2n\u0103 la 6 luni de la nunt\u0103. Certificatul de casatorie se prezinta la hotel.<\/p>\n\n\n\n<h3>Cazare<\/h3>\n\n\n\n<p>Baros Maldives se afl\u0103 pe o insul\u0103 mic\u0103 aproape de ora\u0219ul Male, \u00eentr-o lagun\u0103 cu ap\u0103 turcoaz, \u015fi ofer\u0103 vile retrase, la umbra palmierilor, l\u00e2ng\u0103 o plaj\u0103 cu nisip alb, sau amplasate deasupra apei, cu teras\u0103 privat\u0103 la soare. Multe dintre vilele elegante, cu gresie, lemn \u0219i acoperi\u0219 din palmieri au propria piscin\u0103 mic\u0103 \u0219i ad\u00e2nc\u0103, iar unele au \u0219i cad\u0103 spa.<\/p>\n\n\n\n<p>Toate vilele sunt private \u015fi au espressor, minibar cu vin, TV cu ecran plat \u0219i iPod docking station. Oaspe\u021bii se pot r\u0103sf\u0103\u021ba la spa sau pot face o baie \u00een piscina infinit\u0103, situat\u0103 deasupra apei. \u00cen plus, ace\u015ftia pot practica sporturi de ap\u0103 \u0219i yoga. Complexul ofer\u0103 un lounge cu bibliotec\u0103 \u0219i acces gratuit la internet WiFi \u00een camere.<\/p>\n\n\n\n<p>Majordomul disponibil nonstop ofer\u0103 un serviciu discret \u015fi personalizat, asigur\u00e2nd un sejur f\u0103r\u0103 probleme. Complexul are un centru EcoDive \u0219i un centru marin.<\/p>\n\n\n\n<p>Cele 3 restaurante servesc mese rafinate, fructe de mare \u015fi delicatese din Asia, iar oaspe\u0163ii se pot bucura de mese private \u00een vil\u0103, pe un banc de nisip sau pe o punte deasupra lagunei. Barul Sails serve\u0219te b\u0103uturi pe toat\u0103 durata zilei, sub palmieri. Seara, oaspe\u0163ii pot savura cocktailuri admir\u00e2nd marea \u0219i au la dispozi\u0163ie un lounge de trabucuri.<br>Complexul ofer\u0103 room service nonstop.<\/p>\n\n\n\n<p>Baros Maldives se afl\u0103 la 25 de minute de mers cu barca rapid\u0103 de aeroportul interna\u0163ional Male. Serviciile de transfer de la\/la aeroport sunt disponibile la un cost suplimentar.<\/p>\n\n\n\n<h3>Valabilitate oferta<\/h3>\n\n\n\n<p>Oferta valabila in limita disponibilitatilor la momentul rezervarii.<br><br><strong><a href=\"https:\/\/laspalmas.md\/contact-us-1\/\">Suna\u021bi acum pentru o vacanta relaxanta: 060552999 \/ 023 58 40 04<\/a><\/strong><\/p>\n","protected":false},"excerpt":{"rendered":"<p>De la\u00a0440 Euro \/ persoana \/ noapte \/ Deluxe Best Price Villa \/ mic dejun REZERVEAZ\u0102 ACUM Oferta include cazare in Deluxe Best Price Villa mic dejun transfer cu barca &#8230;<\/p>\n","protected":false},"author":1,"featured_media":4644,"parent":0,"menu_order":0,"comment_status":"closed","ping_status":"closed","template":"","meta":[],"_links":{"self":[{"href":"https:\/\/laspalmas.md\/ru\/wp-json\/wp\/v2\/pages\/4643"}],"collection":[{"href":"https:\/\/laspalmas.md\/ru\/wp-json\/wp\/v2\/pages"}],"about":[{"href":"https:\/\/laspalmas.md\/ru\/wp-json\/wp\/v2\/types\/page"}],"author":[{"embeddable":true,"href":"https:\/\/laspalmas.md\/ru\/wp-json\/wp\/v2\/users\/1"}],"replies":[{"embeddable":true,"href":"https:\/\/laspalmas.md\/ru\/wp-json\/wp\/v2\/comments?post=4643"}],"version-history":[{"count":6,"href":"https:\/\/laspalmas.md\/ru\/wp-json\/wp\/v2\/pages\/4643\/revisions"}],"predecessor-version":[{"id":4651,"href":"https:\/\/laspalmas.md\/ru\/wp-json\/wp\/v2\/pages\/4643\/revisions\/4651"}],"wp:featuredmedia":[{"embeddable":true,"href":"https:\/\/laspalmas.md\/ru\/wp-json\/wp\/v2\/media\/4644"}],"wp:attachment":[{"href":"https:\/\/laspalmas.md\/ru\/wp-json\/wp\/v2\/media?parent=4643"}],"curies":[{"name":"wp","href":"https:\/\/api.w.org\/{rel}","templated":true}]}}