{"id":4635,"date":"2021-03-15T13:50:30","date_gmt":"2021-03-15T10:50:30","guid":{"rendered":"https:\/\/laspalmas.md\/?page_id=4635"},"modified":"2021-03-15T13:54:21","modified_gmt":"2021-03-15T10:54:21","slug":"bandos-maldives-resort-4","status":"publish","type":"page","link":"https:\/\/laspalmas.md\/ru\/bandos-maldives-resort-4\/","title":{"rendered":"Bandos Maldives Resort 4*"},"content":{"rendered":"\n<p><strong>De la\u00a0657 Euro \/ 7 nopti \/ persoana in camera dubla \/ demipensiune<\/strong><br><br><a href=\"https:\/\/laspalmas.md\/contact-us-1\/\"><strong>REZERVEAZ\u0102 ACUM<\/strong><\/a><br><\/p>\n\n\n\n<h3>Oferta include<\/h3>\n\n\n\n<ul><li>7 nopti cazare<\/li><li>demipensiune<\/li><li>transfer cu barca rapida<\/li><li>luna de miere: oaspe\u021bii aflati in luna de miere primi la hotel o sticl\u0103 de vin \u0219i un co\u0219 cu fructe (valabil p\u00e2n\u0103 la 6 luni dup\u0103 nunt\u0103).<\/li><\/ul>\n\n\n\n<h3>Oferta nu include<\/h3>\n\n\n\n<ul><li>transport<\/li><li>asigurare medicala si storno<br><br><\/li><\/ul>\n\n\n\n<h3>Conditii oferta<\/h3>\n\n\n\n<p>Tariful afisat este valabil in momentul editarii \/ postarii acestei oferte!<br>Locuri in limita disponibilitatii!<br>Atentie, disponibilitatea se poate schimba in orice moment, motiv pentru care va rugam sa ne contactati pentru reconfirmarea tarifelor si \/ sau a locurilor disponibile!<\/p>\n\n\n\n<h3>Cazare<\/h3>\n\n\n\n<p>Complexul Bandos este o insul\u0103 privat\u0103 situat\u0103 la 8 km de Male. Bandos Maldives ofer\u0103 camere spa\u021bioase, cu balcon cu vedere la gr\u0103din\u0103 sau plaj\u0103. Proprietatea pune la dispozi\u021bie centru de sporturi acvatice \u0219i \u0219coal\u0103 de scufund\u0103ri. Hotelul are mai multe restaurante. Oaspe\u021bii beneficiaz\u0103 de WiFi gratuit.<\/p>\n\n\n\n<p>Complexul Bandos este situat excelent \u00een Atolul Male de Nord, la doar 10 minute de mers cu barca cu motor de Aeroportul Interna\u021bional Male, aflat la 7 km de hotel.<\/p>\n\n\n\n<p>Camerele \u0219i vilele de la Bandos sunt \u00eenconjurate de vegeta\u021bie. Unele unit\u0103\u021bi de cazare au acoperi\u0219 \u00eenalt, din stuf sau decor din lemn. Acestea ofer\u0103 TV cu ecran plat cu canale prin cablu. Unit\u0103\u021bile de cazare sunt dotate cu minibar \u0219i aparat de ceai\/cafea. Unele unit\u0103\u021bi de cazare includ living separat sau cad\u0103 cu hidromasaj, \u00een aer liber.<\/p>\n\n\n\n<p>Hotelul are piscin\u0103 cu bar. Centrul spa al complexului ofer\u0103 tratamente prin masaj \u0219i de \u00eenfrumuse\u021bare. Club House pune la dispozi\u021bie o gam\u0103 de facilit\u0103\u021bi de fitness, cum ar fi sal\u0103 de sport, aerobic, badminton, terenuri de tenis, squash \u0219i tenis de mas\u0103. Kokko Club ofer\u0103 servicii de baby-sitting \u0219i o gam\u0103 de programe pentru copii. Proprietatea accept\u0103 plata cu card UnionPay.<\/p>\n\n\n\n<p>Restaurantul Koon Thai serve\u0219te m\u00e2nc\u0103ruri thailandeze, iar cafeneaua Sea Breeze situat\u0103 la malul m\u0103rii ofer\u0103 m\u00e2nc\u0103ruri occidentale \u0219i interna\u021bionale. Pute\u021bi s\u0103 savura\u021bi o gam\u0103 larg\u0103 de m\u00e2nc\u0103ruri tip bufet la restaurantul Gallery. Huvan \u0219i barul Sand au atmosfer\u0103 tropical\u0103 \u0219i ofer\u0103 cocktail-uri \u0219i program live de divertisment. La micul dejun sunt disponibile m\u00e2nc\u0103ruri chineze\u0219ti. Restaurantul Umi Yaki serve\u0219te m\u00e2nc\u0103ruri japoneze teppanyaki.<\/p>\n\n\n\n<h3>Valabilitate oferta<\/h3>\n\n\n\n<p>Tariful afisat este valabil pentru sejururi in perioada <strong>17 Apr 2021 &#8211; 24 Apr 2021.<\/strong><br><br><strong><a href=\"https:\/\/laspalmas.md\/contact-us-1\/\">Suna\u021bi acum pentru o vacanta relaxanta: 060552999 \/ 023 58 40 04<\/a><\/strong><\/p>\n","protected":false},"excerpt":{"rendered":"<p>De la\u00a0657 Euro \/ 7 nopti \/ persoana in camera dubla \/ demipensiune REZERVEAZ\u0102 ACUM Oferta include 7 nopti cazare demipensiune transfer cu barca rapida luna de miere: oaspe\u021bii aflati &#8230;<\/p>\n","protected":false},"author":1,"featured_media":4636,"parent":0,"menu_order":0,"comment_status":"closed","ping_status":"closed","template":"","meta":[],"_links":{"self":[{"href":"https:\/\/laspalmas.md\/ru\/wp-json\/wp\/v2\/pages\/4635"}],"collection":[{"href":"https:\/\/laspalmas.md\/ru\/wp-json\/wp\/v2\/pages"}],"about":[{"href":"https:\/\/laspalmas.md\/ru\/wp-json\/wp\/v2\/types\/page"}],"author":[{"embeddable":true,"href":"https:\/\/laspalmas.md\/ru\/wp-json\/wp\/v2\/users\/1"}],"replies":[{"embeddable":true,"href":"https:\/\/laspalmas.md\/ru\/wp-json\/wp\/v2\/comments?post=4635"}],"version-history":[{"count":5,"href":"https:\/\/laspalmas.md\/ru\/wp-json\/wp\/v2\/pages\/4635\/revisions"}],"predecessor-version":[{"id":4642,"href":"https:\/\/laspalmas.md\/ru\/wp-json\/wp\/v2\/pages\/4635\/revisions\/4642"}],"wp:featuredmedia":[{"embeddable":true,"href":"https:\/\/laspalmas.md\/ru\/wp-json\/wp\/v2\/media\/4636"}],"wp:attachment":[{"href":"https:\/\/laspalmas.md\/ru\/wp-json\/wp\/v2\/media?parent=4635"}],"curies":[{"name":"wp","href":"https:\/\/api.w.org\/{rel}","templated":true}]}}