{"id":4605,"date":"2021-03-15T12:25:56","date_gmt":"2021-03-15T09:25:56","guid":{"rendered":"https:\/\/laspalmas.md\/?page_id=4605"},"modified":"2021-03-15T13:27:35","modified_gmt":"2021-03-15T10:27:35","slug":"reguli-de-zbor-spre-olanda","status":"publish","type":"page","link":"https:\/\/laspalmas.md\/ru\/reguli-de-zbor-spre-olanda\/","title":{"rendered":"REGULI DE ZBOR SPRE OLANDA"},"content":{"rendered":"\n<p><br><strong>Condi\u021bii de c\u0103l\u0103torie \u00een Olanda: obligatoriu test negativ de COVID-19 \u0219i recomandare pentru autoizolare 10 zile<\/strong><\/p>\n\n\n\n<p><strong>\u00cencep\u00e2nd din 29 decembrie, ora 00:01, Olanda solicit\u0103 prezentarea obligatorie a unui test negativ de COVID-19 tuturor celor ce vor c\u0103l\u0103tori cu avionul spre Regatul \u0162\u0103rilor de Jos.<\/strong><\/p>\n\n\n\n<p><strong>To\u021bi cei care c\u0103l\u0103toresc \u00een Olanda sunt sf\u0103tui\u021bi s\u0103 se auto-carantineze pentru o perioad\u0103 de 10 zile. Testul negativ necesar pentru \u00eembarcare nu substituie auto-carantinarea la intrare \u00een Olanda. Guvernul olandez a luat aceast\u0103 decizie ast\u0103zi, 24 decembrie 2020.<\/strong><\/p>\n\n\n\n<p><strong>Companiile aeriene, care zboar\u0103 spre Olanda din zone cu risc ridicat, au fost instruite de autorit\u0103\u021bile olandeze s\u0103 verifice dac\u0103 to\u021bi pasagerii de\u021bin un rezultat negativ al testului PCR \u00eenainte de \u00eembarcare.<\/strong><\/p>\n\n\n\n<p><strong>Testul trebuie s\u0103 fie efectuat cu cel mult 72 de ore \u00eenainte de sosirea programat\u0103 \u00een Olanda. Cei ce nu vor avea testul negativ\u0103 de COVID-19 vor fi refuza\u021bi la \u00eembarcare.\u00a0<\/strong><\/p>\n\n\n\n<p><strong>Accesati site-ul Ministerului de Externe al Republicii Moldova pentru mai multe detalii!<\/strong><br><br><strong>ACESTE REGULI SE POT MODIFICA ORIC\u00c2ND! RESTRIC\u021aIILE TREBUIE S\u0102 LE VERIFICA\u021aI CU AUTORIT\u0102\u021aILE RESPONSABILE!<\/strong><\/p>\n","protected":false},"excerpt":{"rendered":"<p>Condi\u021bii de c\u0103l\u0103torie \u00een Olanda: obligatoriu test negativ de COVID-19 \u0219i recomandare pentru autoizolare 10 zile \u00cencep\u00e2nd din 29 decembrie, ora 00:01, Olanda solicit\u0103 prezentarea obligatorie a unui test negativ &#8230;<\/p>\n","protected":false},"author":1,"featured_media":3448,"parent":0,"menu_order":0,"comment_status":"closed","ping_status":"closed","template":"","meta":[],"_links":{"self":[{"href":"https:\/\/laspalmas.md\/ru\/wp-json\/wp\/v2\/pages\/4605"}],"collection":[{"href":"https:\/\/laspalmas.md\/ru\/wp-json\/wp\/v2\/pages"}],"about":[{"href":"https:\/\/laspalmas.md\/ru\/wp-json\/wp\/v2\/types\/page"}],"author":[{"embeddable":true,"href":"https:\/\/laspalmas.md\/ru\/wp-json\/wp\/v2\/users\/1"}],"replies":[{"embeddable":true,"href":"https:\/\/laspalmas.md\/ru\/wp-json\/wp\/v2\/comments?post=4605"}],"version-history":[{"count":2,"href":"https:\/\/laspalmas.md\/ru\/wp-json\/wp\/v2\/pages\/4605\/revisions"}],"predecessor-version":[{"id":4607,"href":"https:\/\/laspalmas.md\/ru\/wp-json\/wp\/v2\/pages\/4605\/revisions\/4607"}],"wp:featuredmedia":[{"embeddable":true,"href":"https:\/\/laspalmas.md\/ru\/wp-json\/wp\/v2\/media\/3448"}],"wp:attachment":[{"href":"https:\/\/laspalmas.md\/ru\/wp-json\/wp\/v2\/media?parent=4605"}],"curies":[{"name":"wp","href":"https:\/\/api.w.org\/{rel}","templated":true}]}}