{"id":4595,"date":"2021-03-15T12:20:58","date_gmt":"2021-03-15T09:20:58","guid":{"rendered":"https:\/\/laspalmas.md\/?page_id=4595"},"modified":"2021-03-15T12:24:54","modified_gmt":"2021-03-15T09:24:54","slug":"reguli-de-zbor-spre-federatia-rusa","status":"publish","type":"page","link":"https:\/\/laspalmas.md\/ru\/reguli-de-zbor-spre-federatia-rusa\/","title":{"rendered":"REGULI DE ZBOR SPRE FEDERATIA RUSA"},"content":{"rendered":"\n<p><strong>Pot c\u0103l\u0103tori urm\u0103toarele categorii de pasageri, inclusiv cet\u0103\u021benii Republicii Moldova conform p.2, p.3 , p.5, p.6 , p.11 si p.13:<\/strong><\/p>\n\n\n\n<ol><li><strong>Cet\u0103\u021beni ai Federa\u021biei Ruse;<\/strong><\/li><li><strong>Angaja\u021bii acredita\u021bi sau numi\u021bi ai misiunilor diplomatice \u0219i ai oficiilor consulare ale statelor str\u0103ine din Federa\u021bia Rus\u0103, precum \u0219i ai membrilor familiilor acestora;<\/strong><\/li><li><strong>Cet\u0103\u021benii statelor cu care Federa\u021bia Rus\u0103 are tratate interna\u021bionale privind c\u0103l\u0103toriile f\u0103r\u0103 viz\u0103 pentru cet\u0103\u021benii care intr\u0103 \u00een Federa\u021bia Rus\u0103 cu pa\u0219apoarte diplomatice \u0219i de serviciu valabile, precum \u0219i curierii comunica\u021biilor diplomatice;<\/strong><\/li><li><strong>Angaja\u021bii organiza\u021biilor interna\u021bionale \u0219i reprezentan\u021bele acestora, alte reprezentan\u021be oficiale ale statelor str\u0103ine situate pe teritoriul Federa\u021biei Ruse \u0219i membrii familiilor acestora;<\/strong><\/li><li><strong>Membrii delega\u021biilor oficiale care intr\u0103 \u00een Federa\u021bia Rus\u0103, sub rezerva prezent\u0103rii unei vize sau f\u0103r\u0103 viz\u0103 \u00een cazurile prev\u0103zute de tratatele interna\u021bionale ale Federa\u021biei Ruse;<\/strong><\/li><li><strong>Persoanele care au re\u0219edin\u021ba permanent\u0103 pe teritoriul Federa\u021biei Ruse, cu permis de \u0219edere pentru un cet\u0103\u021bean str\u0103in\/apatrid;<\/strong><\/li><li><strong>Persoanele care sunt membri ai familiei (so\u021bi, p\u0103rin\u021bi, copii, p\u0103rin\u021bi adoptivi, copii adopta\u021bi), tutori \u0219i administratori ai cet\u0103\u021benilor Federa\u021biei Ruse, sub rezerva prezent\u0103rii unei vize sau a unei proceduri f\u0103r\u0103 viz\u0103 \u00een cazurile prev\u0103zute de tratatele interna\u021bionale ale Federa\u021biei Ruse \u0219i sub rezerva unei copii a documentului care confirm\u0103 gradul de rela\u021bie;<\/strong><\/li><li><strong>Persoanele care c\u0103l\u0103toresc f\u0103r\u0103 viz\u0103 \u00een leg\u0103tur\u0103 cu decesul unei rude apropiate \u00een prezen\u021ba documentelor care confirm\u0103 faptul decesului \u0219i rela\u021bia de rudenie;<\/strong><\/li><li><strong>Persoanele care de\u021bin vize diplomatice, de serviciu sau private ordinare eliberate \u00een leg\u0103tur\u0103 cu decesul unei rude apropiate, precum \u0219i vize private ordinare emise prin decizia Ministerului de Externe rus;<\/strong><\/li><li><strong>Persoanele care urmeaz\u0103 tratamentul cu condi\u021bia prezent\u0103rii unei vize sau f\u0103r\u0103 viz\u0103 \u00een cazurile stipulate \u00een tratatele interna\u021bionale ale Federa\u021biei Ruse \u0219i documente justificative de la o institu\u021bie medical\u0103 care indic\u0103 ora tratamentului;<\/strong><\/li><li><strong>Cet\u0103\u021benii str\u0103ini \u0219i apatrizi implica\u021bi \u00een activit\u0103\u021bi de munc\u0103 pe teritoriul Federa\u021biei Ruse ca speciali\u0219ti cu \u00eenalt\u0103 calificare;<\/strong><\/li><li><strong>Persoanele care particip\u0103 la reinstalarea voluntar\u0103 \u00een Federa\u021bia Rus\u0103, sub rezerva prezent\u0103rii unei vize sau f\u0103r\u0103 viz\u0103 \u00een cazurile prev\u0103zute de tratatele interna\u021bionale ale Federa\u021biei Ruse;<\/strong><\/li><li><strong>Cet\u0103\u021benii str\u0103ini care c\u0103l\u0103toresc tranzit f\u0103r\u0103 viz\u0103 prin Moscova c\u0103tre \u021b\u0103ri ter\u021be, dac\u0103 au un bilet confirmat pentru continuarea zborului \u0219i un document medical (\u00een rus\u0103 sau englez\u0103) care confirm\u0103 rezultatul negativ al testului COVID-19, realizat cu cel mult 72 de ore \u00eenainte de zbor.<\/strong><\/li><\/ol>\n\n\n\n<p><strong>Lista complet\u0103 este disponibil\u0103\u00a0<\/strong><a href=\"https:\/\/flyone.eu\/media\/538f397b-68fb-4b90-a4ce-3e09f722c49e\/jYOJwQ\/pdf\/Rules_for_entering_the_territory_of_the_Russian_Federation.pdf\"><strong>aici<\/strong><\/a><strong>.<\/strong><\/p>\n\n\n\n<p><strong>IMPORTANT!<\/strong><\/p>\n\n\n\n<p><strong>\u00cen termen de trei zile de la sosire, cet\u0103\u021benii Federa\u021biei Ruse trebuie s\u0103 treac\u0103 testul PCR \u0219i s\u0103 \u00eencarce rezultatul pe portalul\u00a0<\/strong><a href=\"https:\/\/www.gosuslugi.ru\/\"><strong>www.gosuslugi.ru<\/strong><\/a><strong>. Cet\u0103\u021benii str\u0103ini care vor zbura \u00een direc\u021bia Chi\u0219in\u0103u &#8211; Moscova trebuie s\u0103 prezinte un test PCR negativ la aeroportul din Chi\u0219in\u0103u, efectuat \u00cen termen de 72 ore p\u00een\u0103 la zbor spre Federa\u021bia Rus\u0103. \u00cen absen\u021ba testului cu rezultat negativ, pasagerii nu vor fi admi\u015fi la zbor.<\/strong><\/p>\n\n\n\n<p><strong>To\u021bi pasagerii sunt obliga\u021bi s\u0103 poarte masc\u0103, m\u0103nu\u0219i \u0219i s\u0103 se echipeze cu dezinfectant (\u00een recipient nu mai mare de 100 ml). Pasagerii care nu vor fi echipa\u021bi corespunz\u0103tor nu vor fi admi\u0219i la bord.<\/strong><\/p>\n\n\n\n<p><strong>V\u0103 asigur\u0103m c\u0103 ve\u021bi c\u0103l\u0103tori \u00eentr-un mediu sigur. Aeronavele sunt dezinfectate zilnic \u0219i cur\u0103\u021bate dup\u0103 fiecare zbor, iar \u00eenso\u021bitorii de bord sunt echipa\u021bi cu m\u0103\u0219ti, m\u0103nu\u0219i \u0219i dezinfectant.<\/strong><br><\/p>\n\n\n\n<p><strong>P\u00e2n\u0103 \u00een prezent, compania aerian\u0103 FLYONE a \u00eentreprins toate m\u0103surile necesare pentru a asigura siguran\u021ba pasagerilor \u0219i a echipajelor \u00een timpul zborurilor. FLYONE \u00eentrune\u0219te toate condi\u021biile \u0219i cerin\u021bele stipulate \u00een \u201eRecomand\u0103rile metodologice privind organizarea activit\u0103\u021bii aeroporturilor \u0219i companiilor aeriene \u00een perioada anul\u0103rii treptate a interdic\u021biilor epidemiologice\u201d emise de Federa\u021bia Rus\u0103.<\/strong><br><br>A<strong>CESTE REGULI SE POT MODIFICA ORIC\u00c2ND! RESTRIC\u021aIILE TREBUIE S\u0102 LE VERIFICA\u021aI CU AUTORIT\u0102\u021aILE RESPONSABILE!<\/strong><\/p>\n","protected":false},"excerpt":{"rendered":"<p>Pot c\u0103l\u0103tori urm\u0103toarele categorii de pasageri, inclusiv cet\u0103\u021benii Republicii Moldova conform p.2, p.3 , p.5, p.6 , p.11 si p.13: Cet\u0103\u021beni ai Federa\u021biei Ruse; Angaja\u021bii acredita\u021bi sau numi\u021bi ai misiunilor &#8230;<\/p>\n","protected":false},"author":1,"featured_media":3448,"parent":0,"menu_order":0,"comment_status":"closed","ping_status":"closed","template":"","meta":[],"_links":{"self":[{"href":"https:\/\/laspalmas.md\/ru\/wp-json\/wp\/v2\/pages\/4595"}],"collection":[{"href":"https:\/\/laspalmas.md\/ru\/wp-json\/wp\/v2\/pages"}],"about":[{"href":"https:\/\/laspalmas.md\/ru\/wp-json\/wp\/v2\/types\/page"}],"author":[{"embeddable":true,"href":"https:\/\/laspalmas.md\/ru\/wp-json\/wp\/v2\/users\/1"}],"replies":[{"embeddable":true,"href":"https:\/\/laspalmas.md\/ru\/wp-json\/wp\/v2\/comments?post=4595"}],"version-history":[{"count":8,"href":"https:\/\/laspalmas.md\/ru\/wp-json\/wp\/v2\/pages\/4595\/revisions"}],"predecessor-version":[{"id":4604,"href":"https:\/\/laspalmas.md\/ru\/wp-json\/wp\/v2\/pages\/4595\/revisions\/4604"}],"wp:featuredmedia":[{"embeddable":true,"href":"https:\/\/laspalmas.md\/ru\/wp-json\/wp\/v2\/media\/3448"}],"wp:attachment":[{"href":"https:\/\/laspalmas.md\/ru\/wp-json\/wp\/v2\/media?parent=4595"}],"curies":[{"name":"wp","href":"https:\/\/api.w.org\/{rel}","templated":true}]}}