{"id":4581,"date":"2021-03-15T12:07:24","date_gmt":"2021-03-15T09:07:24","guid":{"rendered":"https:\/\/laspalmas.md\/?page_id=4581"},"modified":"2021-03-15T12:18:05","modified_gmt":"2021-03-15T09:18:05","slug":"reguli-de-zbor-spre-italia","status":"publish","type":"page","link":"https:\/\/laspalmas.md\/ru\/reguli-de-zbor-spre-italia\/","title":{"rendered":"REGULI DE ZBOR SPRE ITALIA"},"content":{"rendered":"\n<p><strong>Stima\u021bi pasageri,<\/strong><\/p>\n\n\n\n<p><strong>V\u0103 informam despre preciz\u0103rile referitor la regulile pentru c\u0103l\u0103toriile spre Italia:<\/strong><\/p>\n\n\n\n<p><strong>ceta\u021benii RM, care au drept scop realizarea unui tratament, sau efectuarea studiilor pe teritoriul Italiei, vor fi accepta\u021bi \u00een baza permisului de \u0219edere valabil \u00een Italia (Permesso di soggiorno), primit \u00eenainte de 9 iulie, 2020.<\/strong><\/p>\n\n\n\n<p><strong>Potrivit regulilor actuale, la cursele spre Italia vor fi admi\u015fi urm\u0103torii pasageri:<\/strong><\/p>\n\n\n\n<ul><li><strong>\u0441et\u0103\u021beni a statului Italian;<\/strong><\/li><li><strong>cet\u0103\u021benii Republicii Moldova cu permis de \u0219edere valabil \u00een Italia (Permesso di soggiorno), primit \u00eenainte de 9 iulie, 2020;<\/strong><\/li><li><strong>de\u021bin\u0103torii pa\u0219aportului european cu permis de \u0219edere valabil \u00een Italia (Permesso di soggiorno), primit \u00eenainte de 9 iulie, 2020.<\/strong><\/li><\/ul>\n\n\n\n<p><strong>Dreptul de a intra in Italia \u00eel au \u0219i rudele de gradul 1 ai cet\u0103\u021benilor men\u021biona\u021bi mai sus.<\/strong><br><br><strong>IMPORTANT!<br>Din 06.12.2020 au intrat in vigoare noi reguli de calatorie in Italia, prin care prezentarea unui TEST PCR NEGATIV la COVID-19 NU ESTE OBLIGATORIE.<\/strong><br><br><strong>ACESTE REGULI SE POT MODIFICA ORIC\u00c2ND! RESTRIC\u021aIILE TREBUIE S\u0102 LE VERIFICA\u021aI CU AUTORIT\u0102\u021aILE RESPONSABILE!<\/strong><\/p>\n","protected":false},"excerpt":{"rendered":"<p>Stima\u021bi pasageri, V\u0103 informam despre preciz\u0103rile referitor la regulile pentru c\u0103l\u0103toriile spre Italia: ceta\u021benii RM, care au drept scop realizarea unui tratament, sau efectuarea studiilor pe teritoriul Italiei, vor fi &#8230;<\/p>\n","protected":false},"author":1,"featured_media":3448,"parent":0,"menu_order":0,"comment_status":"closed","ping_status":"closed","template":"","meta":[],"_links":{"self":[{"href":"https:\/\/laspalmas.md\/ru\/wp-json\/wp\/v2\/pages\/4581"}],"collection":[{"href":"https:\/\/laspalmas.md\/ru\/wp-json\/wp\/v2\/pages"}],"about":[{"href":"https:\/\/laspalmas.md\/ru\/wp-json\/wp\/v2\/types\/page"}],"author":[{"embeddable":true,"href":"https:\/\/laspalmas.md\/ru\/wp-json\/wp\/v2\/users\/1"}],"replies":[{"embeddable":true,"href":"https:\/\/laspalmas.md\/ru\/wp-json\/wp\/v2\/comments?post=4581"}],"version-history":[{"count":5,"href":"https:\/\/laspalmas.md\/ru\/wp-json\/wp\/v2\/pages\/4581\/revisions"}],"predecessor-version":[{"id":4587,"href":"https:\/\/laspalmas.md\/ru\/wp-json\/wp\/v2\/pages\/4581\/revisions\/4587"}],"wp:featuredmedia":[{"embeddable":true,"href":"https:\/\/laspalmas.md\/ru\/wp-json\/wp\/v2\/media\/3448"}],"wp:attachment":[{"href":"https:\/\/laspalmas.md\/ru\/wp-json\/wp\/v2\/media?parent=4581"}],"curies":[{"name":"wp","href":"https:\/\/api.w.org\/{rel}","templated":true}]}}