{"id":4577,"date":"2021-03-15T12:03:29","date_gmt":"2021-03-15T09:03:29","guid":{"rendered":"https:\/\/laspalmas.md\/?page_id=4577"},"modified":"2021-03-15T12:20:11","modified_gmt":"2021-03-15T09:20:11","slug":"reguli-de-zbor-spre-turcia","status":"publish","type":"page","link":"https:\/\/laspalmas.md\/ru\/reguli-de-zbor-spre-turcia\/","title":{"rendered":"REGULI DE ZBOR SPRE TURCIA"},"content":{"rendered":"\n<p><strong>Stima\u021bi pasageri,<\/strong><\/p>\n\n\n\n<p><strong>V\u0103 inform\u0103m c\u0103 \u00eencep\u00e2nd cu 15 martie 2021, to\u021bi pasagerii care zboar\u0103 c\u0103tre Turcia trebuie s\u0103 completeze TRAVELLER ENTRY FORM urm\u00e2nd\u00a0<\/strong><a rel=\"noreferrer noopener\" target=\"_blank\" href=\"https:\/\/register.health.gov.tr\/\"><strong>link-ul<\/strong><\/a><strong>. Declara\u021bia trebuie completat\u0103 \u00een termen de maxim 72 de ore \u00eenainte de plecarea \u00een Turcia. Pasagerii trebuie s\u0103 prezinte declara\u021bia \u00eenainte de check-in \u00eentr-un formular tip\u0103rit pe h\u00e2rtie sau s\u0103 o descarce pe telefon.<\/strong><br><br><strong>ACESTE REGULI SE POT MODIFICA ORIC\u00c2ND! RESTRIC\u021aIILE TREBUIE S\u0102 LE VERIFICA\u021aI CU AUTORIT\u0102\u021aILE RESPONSABILE!<\/strong><\/p>\n","protected":false},"excerpt":{"rendered":"<p>Stima\u021bi pasageri, V\u0103 inform\u0103m c\u0103 \u00eencep\u00e2nd cu 15 martie 2021, to\u021bi pasagerii care zboar\u0103 c\u0103tre Turcia trebuie s\u0103 completeze TRAVELLER ENTRY FORM urm\u00e2nd\u00a0link-ul. Declara\u021bia trebuie completat\u0103 \u00een termen de maxim &#8230;<\/p>\n","protected":false},"author":1,"featured_media":3448,"parent":0,"menu_order":0,"comment_status":"closed","ping_status":"closed","template":"","meta":[],"_links":{"self":[{"href":"https:\/\/laspalmas.md\/ru\/wp-json\/wp\/v2\/pages\/4577"}],"collection":[{"href":"https:\/\/laspalmas.md\/ru\/wp-json\/wp\/v2\/pages"}],"about":[{"href":"https:\/\/laspalmas.md\/ru\/wp-json\/wp\/v2\/types\/page"}],"author":[{"embeddable":true,"href":"https:\/\/laspalmas.md\/ru\/wp-json\/wp\/v2\/users\/1"}],"replies":[{"embeddable":true,"href":"https:\/\/laspalmas.md\/ru\/wp-json\/wp\/v2\/comments?post=4577"}],"version-history":[{"count":3,"href":"https:\/\/laspalmas.md\/ru\/wp-json\/wp\/v2\/pages\/4577\/revisions"}],"predecessor-version":[{"id":4594,"href":"https:\/\/laspalmas.md\/ru\/wp-json\/wp\/v2\/pages\/4577\/revisions\/4594"}],"wp:featuredmedia":[{"embeddable":true,"href":"https:\/\/laspalmas.md\/ru\/wp-json\/wp\/v2\/media\/3448"}],"wp:attachment":[{"href":"https:\/\/laspalmas.md\/ru\/wp-json\/wp\/v2\/media?parent=4577"}],"curies":[{"name":"wp","href":"https:\/\/api.w.org\/{rel}","templated":true}]}}