{"id":4572,"date":"2021-03-15T11:57:43","date_gmt":"2021-03-15T08:57:43","guid":{"rendered":"https:\/\/laspalmas.md\/?page_id=4572"},"modified":"2021-03-15T12:19:23","modified_gmt":"2021-03-15T09:19:23","slug":"reguli-de-zzbor-spre-irlanda","status":"publish","type":"page","link":"https:\/\/laspalmas.md\/ru\/reguli-de-zzbor-spre-irlanda\/","title":{"rendered":"REGULI DE ZBOR SPRE IRLANDA"},"content":{"rendered":"\n<p><strong>Stima\u021bi pasageri,<\/strong><\/p>\n\n\n\n<p><strong>V\u0103 inform\u0103m despre noile reguli de intrare pe teritoriul Irlandei, care vor intra \u00een vigoare la data de 16 ianuarie 2021 \u0219i vor dura p\u00e2n\u0103 la 12 martie 2021.<\/strong><\/p>\n\n\n\n<p><strong>Datorit\u0103 r\u0103sp\u00e2ndirii noii tulpini COVID-19, to\u021bi pasagerii care intr\u0103 pe terotoriul Irlandei sunt obliga\u021bi s\u0103 prezinte un test PCR negativ pentru COVID-19 pe format electronic sau pe h\u00e2rtie, iar testul trebuie efectuat nu mai devreme de 72 de ore \u00eenainte de intrare.<\/strong><\/p>\n\n\n\n<p><strong>La sosire, pasagerii trebuie s\u0103 se autoizoleze pentru o perioad\u0103 de 14 zile.<\/strong><\/p>\n\n\n\n<p><strong>Important!<\/strong><\/p>\n\n\n\n<p><strong>Pasagerii care pleac\u0103 cu cursele Chi\u0219in\u0103u &#8211; Dublin, trebuie s\u0103 completeze on-line declara\u021bia Passenger Locator Form. Accesa\u021bi lincul de mai jos pentru informa\u021bia detaliat\u0103 \u0219i pentru completarea&nbsp;<\/strong><a rel=\"noreferrer noopener\" href=\"https:\/\/www.gov.ie\/en\/publication\/ab900-covid-19-passenger-locator-form\/\" target=\"_blank\"><strong>declara\u021biei online<\/strong><\/a><strong>.<\/strong><\/p>\n\n\n\n<p><strong>La completarea declara\u021biei, pasagerii vor primi o confirmare pe care va fi necesar s\u0103 o prezinte la check-in, dar \u0219i la poli\u021bia de frontier\u0103, la intrare \u00een Irlanda. Declara\u021bia poate fi completat\u0103 cu 24 ore p\u00e2n\u0103 la zbor, sau chiar \u00een ziua zborului.<\/strong><\/p>\n\n\n\n<p><strong>ACESTE REGULI SE POT MODIFICA ORIC\u00c2ND! RESTRIC\u021aIILE TREBUIE S\u0102 LE VERIFICA\u021aI CU AUTORIT\u0102\u021aILE RESPONSABILE!<\/strong><\/p>\n","protected":false},"excerpt":{"rendered":"<p>Stima\u021bi pasageri, V\u0103 inform\u0103m despre noile reguli de intrare pe teritoriul Irlandei, care vor intra \u00een vigoare la data de 16 ianuarie 2021 \u0219i vor dura p\u00e2n\u0103 la 12 martie &#8230;<\/p>\n","protected":false},"author":1,"featured_media":3448,"parent":0,"menu_order":0,"comment_status":"closed","ping_status":"closed","template":"","meta":[],"_links":{"self":[{"href":"https:\/\/laspalmas.md\/ru\/wp-json\/wp\/v2\/pages\/4572"}],"collection":[{"href":"https:\/\/laspalmas.md\/ru\/wp-json\/wp\/v2\/pages"}],"about":[{"href":"https:\/\/laspalmas.md\/ru\/wp-json\/wp\/v2\/types\/page"}],"author":[{"embeddable":true,"href":"https:\/\/laspalmas.md\/ru\/wp-json\/wp\/v2\/users\/1"}],"replies":[{"embeddable":true,"href":"https:\/\/laspalmas.md\/ru\/wp-json\/wp\/v2\/comments?post=4572"}],"version-history":[{"count":4,"href":"https:\/\/laspalmas.md\/ru\/wp-json\/wp\/v2\/pages\/4572\/revisions"}],"predecessor-version":[{"id":4591,"href":"https:\/\/laspalmas.md\/ru\/wp-json\/wp\/v2\/pages\/4572\/revisions\/4591"}],"wp:featuredmedia":[{"embeddable":true,"href":"https:\/\/laspalmas.md\/ru\/wp-json\/wp\/v2\/media\/3448"}],"wp:attachment":[{"href":"https:\/\/laspalmas.md\/ru\/wp-json\/wp\/v2\/media?parent=4572"}],"curies":[{"name":"wp","href":"https:\/\/api.w.org\/{rel}","templated":true}]}}